{"id":27,"date":"2018-10-02T08:15:30","date_gmt":"2018-10-02T01:15:30","guid":{"rendered":"https:\/\/demo.bmconnect.vn\/dongphuc\/?page_id=27"},"modified":"2018-10-11T23:38:29","modified_gmt":"2018-10-11T16:38:29","slug":"hinh-thuc-thanh-toan","status":"publish","type":"page","link":"https:\/\/demo.bmconnect.vn\/dongphuc\/hinh-thuc-thanh-toan\/","title":{"rendered":"H\u00ecnh th\u1ee9c thanh to\u00e1n"},"content":{"rendered":"<p>\u0110\u1ec3 cho vi\u1ec7c \u0111\u1eb7t h\u00e0ng gi\u1eefa kh\u00e1ch h\u00e0ng v\u00e0 x\u01b0\u1edfng may Anh Th\u01b0 \u0111\u01b0\u1ee3c di\u1ec5n ra thu\u1eadn l\u1ee3i, ch\u00fang t\u00f4i xin g\u1eedi t\u1edbi qu\u00fd kh\u00e1ch h\u00e0ng c\u00e1c h\u00ecnh th\u1ee9c thanh to\u00e1n v\u00e0 \u0111\u1eb7t h\u00e0ng nh\u01b0 sau:<\/p>\n<h3>Thanh to\u00e1n chuy\u1ec3n kho\u1ea3n<\/h3>\n<p>Qu\u00fd kh\u00e1ch vui l\u00f2ng chuy\u1ec3n kho\u1ea3n t\u1ed1i thi\u1ec3u 50% gi\u00e1 tr\u1ecb \u0111\u01a1n h\u00e0ng \u0111\u1ec3 \u0111\u1eb7t c\u1ecdc v\u00e0o m\u1ed9t trong c\u00e1c t\u00e0i kho\u1ea3n sau:&#8230;<\/p>\n<p><strong>1. Agribank<\/strong><\/p>\n<ul>\n<li>Ch\u1ee7 t\u00e0i kho\u1ea3n: T\u00e0o Vi\u1ec7t C\u01b0\u1eddng<\/li>\n<li>S\u1ed1 t\u00e0i kho\u1ea3n:<\/li>\n<li>Chi nh\u00e1nh:<\/li>\n<\/ul>\n<p><strong>2. Vietcombank<\/strong><\/p>\n<ul>\n<li>Ch\u1ee7 t\u00e0i kho\u1ea3n: T\u00e0o Vi\u1ec7t C\u01b0\u1eddng<\/li>\n<li>S\u1ed1 t\u00e0i kho\u1ea3n:<\/li>\n<li>Chi nh\u00e1nh:<\/li>\n<\/ul>\n<p>Sau khi chuy\u1ec3n kho\u1ea3n v\u00e0o m\u1ed9t trong c\u00e1c t\u00e0i kho\u1ea3n tr\u00ean, qu\u00fd kh\u00e1ch vui l\u00f2ng g\u1eedi bi\u00ean lai chuy\u1ec3n ti\u1ec1n v\u00e0o email:\u00a0<a class=\"tooltip tooltipstered\" style=\"font-size: 14.4px;\" href=\"mailto:taovietcuongvcu@gmail.com\">taovietcuongvcu@gmail.com<\/a>\u00a0ho\u1eb7c g\u1ecdi tr\u1ef1c ti\u1ebfp t\u1edbi hotline:<strong><span style=\"color: #ff0000;\"> 0971.384.636 <\/span><\/strong><span style=\"color: #000000;\">\u0111\u1ec3 x\u00e1c nh\u1eadn v\u00e0 \u0111\u1ec3 ch\u00fang t\u00f4i ti\u1ebfn h\u00e0nh s\u1ea3n xu\u1ea5t d\u1ef1a tr\u00ean th\u1ecfa thu\u1eadn \u0111\u01a1n h\u00e0ng.<\/span><\/p>\n<h3>Thanh to\u00e1n ti\u1ec1n m\u1eb7t<\/h3>\n<p>Nh\u1eefng \u0111\u01a1n h\u00e0ng c\u1ee7a C\u1ed9ng t\u00e1c vi\u00ean ho\u1eb7c c\u00e1c \u0111\u1ea1i l\u00fd, ho\u1eb7c c\u00e1c \u0111\u1ed1i t\u00e1c th\u00e2n quen, ch\u00fang t\u00f4i ch\u1ea5p nh\u1eadn h\u00ecnh th\u1ee9c thanh to\u00e1n ti\u1ec1n m\u1eb7t khi nh\u1eadn h\u00e0ng.<\/p>\n<p>C\u1ee5 th\u1ec3 l\u00e0, sau khi th\u1ed1ng nh\u1ea5t \u0111\u01a1n h\u00e0ng qua email ho\u1eb7c \u0111i\u1ec7n tho\u1ea1i, ch\u00fang t\u00f4i s\u1ebd ti\u1ebfn h\u00e0nh s\u1ea3n xu\u1ea5t v\u00e0 giao h\u00e0ng cho qu\u00fd kh\u00e1ch sau 5-7 ng\u00e0y. Qu\u00fd kh\u00e1ch vui l\u00f2ng chuy\u1ec3n tr\u1ea3 100% gi\u00e1 tr\u1ecb \u0111\u01a1n h\u00e0ng b\u1eb1ng ti\u1ec1n m\u1eb7t khi nh\u1eadn h\u00e0ng.<\/p>\n<p>M\u1ecdi th\u1eafc m\u1eafc ho\u1eb7c nh\u1eefng v\u1ea5n \u0111\u1ec1 c\u1ea7n gi\u1ea3i th\u00edch, qu\u00fd kh\u00e1ch vui l\u00f2ng li\u00ean h\u1ec7 tr\u1ef1c ti\u1ebfp \u0111\u1ec3 nh\u1eadn s\u1ef1 t\u01b0 v\u1ea5n ch\u00ednh x\u00e1c nh\u1ea5t.<\/p>\n<p><span style=\"color: #ff0000;\"><strong>X\u01b0\u1edfng may \u0111\u1ed3ng ph\u1ee5c Anh Th\u01b0<\/strong><\/span><\/p>\n<ul>\n<li><strong>\u0110\u1ecba ch\u1ec9:<\/strong>\u00a0G\u1ea7n c\u1ea7u Mai L\u0129nh, H\u00e0 \u0110\u00f4ng, H\u00e0 N\u1ed9i<\/li>\n<li><strong>\u0110i\u1ec7n tho\u1ea1i:<\/strong>\u00a00971.384.636<\/li>\n<li><strong>Email:<\/strong>\u00a0taovietcuongvcu@gmail.com<\/li>\n<li><strong>Website:<\/strong>\u00a0<a href=\"http:\/\/dongphucanhthu.vn\/\">www.dongphucanhthu.vn<\/a><\/li>\n<\/ul>\n","protected":false},"excerpt":{"rendered":"<p>\u0110\u1ec3 cho vi\u1ec7c \u0111\u1eb7t h\u00e0ng gi\u1eefa kh\u00e1ch h\u00e0ng v\u00e0 x\u01b0\u1edfng may Anh Th\u01b0 \u0111\u01b0\u1ee3c di\u1ec5n ra thu\u1eadn l\u1ee3i, ch\u00fang t\u00f4i xin g\u1eedi t\u1edbi qu\u00fd kh\u00e1ch h\u00e0ng c\u00e1c h\u00ecnh th\u1ee9c thanh to\u00e1n v\u00e0 \u0111\u1eb7t h\u00e0ng nh\u01b0 sau: Thanh to\u00e1n chuy\u1ec3n kho\u1ea3n Qu\u00fd kh\u00e1ch vui l\u00f2ng chuy\u1ec3n kho\u1ea3n t\u1ed1i thi\u1ec3u 50% gi\u00e1 tr\u1ecb \u0111\u01a1n h\u00e0ng \u0111\u1ec3 \u0111\u1eb7t &#8230;<\/p>\n","protected":false},"author":1,"featured_media":0,"parent":0,"menu_order":0,"comment_status":"closed","ping_status":"closed","template":"page-right-sidebar.php","meta":[],"_links":{"self":[{"href":"https:\/\/demo.bmconnect.vn\/dongphuc\/wp-json\/wp\/v2\/pages\/27"}],"collection":[{"href":"https:\/\/demo.bmconnect.vn\/dongphuc\/wp-json\/wp\/v2\/pages"}],"about":[{"href":"https:\/\/demo.bmconnect.vn\/dongphuc\/wp-json\/wp\/v2\/types\/page"}],"author":[{"embeddable":true,"href":"https:\/\/demo.bmconnect.vn\/dongphuc\/wp-json\/wp\/v2\/users\/1"}],"replies":[{"embeddable":true,"href":"https:\/\/demo.bmconnect.vn\/dongphuc\/wp-json\/wp\/v2\/comments?post=27"}],"version-history":[{"count":0,"href":"https:\/\/demo.bmconnect.vn\/dongphuc\/wp-json\/wp\/v2\/pages\/27\/revisions"}],"wp:attachment":[{"href":"https:\/\/demo.bmconnect.vn\/dongphuc\/wp-json\/wp\/v2\/media?parent=27"}],"curies":[{"name":"wp","href":"https:\/\/api.w.org\/{rel}","templated":true}]}}