{"id":25,"date":"2018-10-02T08:15:12","date_gmt":"2018-10-02T01:15:12","guid":{"rendered":"https:\/\/demo.bmconnect.vn\/dongphuc\/?page_id=25"},"modified":"2018-10-11T23:49:36","modified_gmt":"2018-10-11T16:49:36","slug":"huong-dan-dat-ao","status":"publish","type":"page","link":"https:\/\/demo.bmconnect.vn\/dongphuc\/huong-dan-dat-ao\/","title":{"rendered":"H\u01b0\u1edbng d\u1eabn \u0111\u1eb7t \u00e1o"},"content":{"rendered":"<p>X\u01b0\u1edfng may Anh Th\u01b0 xin k\u00ednh ch\u00e0o qu\u00fd kh\u00e1ch,<\/p>\n<p>\u0110\u1ec3 cho vi\u1ec7c \u0111\u1eb7t \u00e1o \u0111\u01b0\u1ee3c di\u1ec5n ra thu\u1eadn l\u1ee3i gi\u1eefa kh\u00e1ch h\u00e0ng v\u00e0 ch\u00fang t\u00f4i, ch\u00fang t\u00f4i xin g\u1eedi t\u1edbi qu\u00fd kh\u00e1ch h\u00e0ng quy tr\u00ecnh \u0111\u1eb7t \u00e1o nh\u01b0 sau:<\/p>\n<h3>B\u01b0\u1edbc 1: Kh\u00e1ch ch\u1ecdn m\u1eabu, tham kh\u1ea3o m\u1eabu<\/h3>\n<p>Kh\u00e1ch c\u00f3 th\u1ec3 tham kh\u1ea3o m\u1eabu t\u1eeb nhi\u1ec1u ngu\u1ed3n kh\u00e1c nhau nh\u01b0 m\u1ea1ng x\u00e3 h\u1ed9i, google,&#8230; \u0111\u1ec3 t\u00ecm m\u1eabu \u01b0ng \u00fd nh\u1ea5t c\u1ea7n \u0111\u1eb7t may. Sau \u0111\u00f3 kh\u00e1ch h\u00e0ng li\u00ean h\u1ec7 ch\u00fang t\u00f4i \u0111\u1ec3 b\u00e0n v\u1ec1 m\u1eabu m\u00e3 c\u0169ng nh\u01b0 ch\u1ea5t v\u1ea3i c\u00f3 th\u1ec3 s\u1eed d\u1ee5ng \u0111\u1ec3 t\u1ea1o m\u1eabu. Kh\u00e1ch h\u00e0ng c\u0169ng g\u1eedi y\u00eau c\u1ea7u v\u1ec1 h\u00ecnh in ho\u1eb7c h\u00ecnh th\u00eau l\u00ean \u0111\u1ed3ng ph\u1ee5c.<\/p>\n<h3>B\u01b0\u1edbc 2: Ch\u1ed1t gi\u00e1 ti\u1ec1n<\/h3>\n<p>Sau khi \u0111\u00e3 th\u1ed1ng nh\u1ea5t \u0111\u01b0\u1ee3c ki\u1ec3u d\u00e1ng v\u00e0 ch\u1ea5t v\u1ea3i c\u00f3 th\u1ec3 s\u1eed d\u1ee5ng \u0111\u1ec3 t\u1ea1o m\u1eabu, ch\u00fang t\u00f4i s\u1ebd b\u00e1o gi\u00e1 tr\u1ef1c ti\u1ebfp v\u00e0 c\u1ee5 th\u1ec3 cho qu\u00fd kh\u00e1ch d\u1ef1a tr\u00ean s\u1ed1 l\u01b0\u1ee3ng \u0111\u1eb7t h\u00e0ng. Gi\u00e1 c\u00f3 th\u1ec3 thay \u0111\u1ed5i sau m\u1ed7i l\u1ea7n \u0111\u1eb7t h\u00e0ng kh\u00e1c nhau (do th\u1eddi gi\u00e1 v\u00e0 s\u1ed1 l\u01b0\u1ee3ng).<\/p>\n<h3>B\u01b0\u1edbc 3: \u0110\u1eb7t c\u1ecdc<\/h3>\n<p>Sau khi \u0111\u00e3 th\u1ed1ng nh\u1ea5t \u0111\u01b0\u1ee3c gi\u00e1 ti\u1ec1n v\u00e0 th\u1eddi gian ho\u00e0n th\u00e0nh \u0111\u01a1n h\u00e0ng, kh\u00e1ch h\u00e0ng vui l\u00f2ng thanh to\u00e1n cho ch\u00fang t\u00f4i \u00edt nh\u1ea5t 50% gi\u00e1 tr\u1ecb \u0111\u01a1n h\u00e0ng \u0111\u1ec3 \u0111\u1eb7t c\u1ecdc s\u1ea3n xu\u1ea5t. Trong th\u1eddi gian s\u1ea3n xu\u1ea5t, ch\u00fang t\u00f4i s\u1ebd b\u00e1o c\u00e1o t\u00ecnh h\u00ecnh \u0111\u01a1n h\u00e0ng th\u01b0\u1eddng xuy\u00ean \u0111\u1ec3 q\u00fay kh\u00e1ch c\u00f3 th\u1ec3 an t\u00e2m.<\/p>\n<h3>B\u01b0\u1edbc 4: Giao h\u00e0ng &#8211; nh\u1eadn ti\u1ec1n<\/h3>\n<p>Sau khi \u0111\u01a1n h\u00e0ng th\u00e0nh c\u00f4ng, ch\u00fang t\u00f4i s\u1ebd ti\u1ebfn h\u00e0nh giao h\u00e0ng cho qu\u00fd kh\u00e1ch (ph\u00ed ship qu\u00fd kh\u00e1ch ch\u1ecbu n\u1ebfu ph\u1ea1m vi qu\u00e1 10km). Qu\u00fd kh\u00e1ch xem h\u00e0ng, ki\u1ec3m tra \u0111\u00fang m\u1eabu m\u00e3, h\u00ecnh in, s\u1ed1 l\u01b0\u1ee3ng \u0111\u1ea3m b\u1ea3o ch\u1ea5t l\u01b0\u1ee3ng \u0111\u00fang y\u00eau c\u1ea7u, qu\u00fd kh\u00e1ch vui l\u00f2ng thanh to\u00e1n h\u1ebft s\u1ed1 ti\u1ec1n c\u00f2n l\u1ea1i cho ch\u00fang t\u00f4i.<\/p>\n<h3>B\u01b0\u1edbc 5: Ph\u1ea3n h\u1ed3i v\u00e0 b\u1ea3o h\u00e0nh (n\u1ebfu c\u00f3)<\/h3>\n<p>Sau kho\u1ea3ng 3 th\u00e1ng s\u1eed d\u1ee5ng s\u1ea3n ph\u1ea9m, n\u1ebfu c\u00f3 b\u1ea5t c\u1ee9 l\u1ed7i n\u00e0o tr\u00ean s\u1ea3n ph\u1ea9m do qu\u00e1 tr\u00ecnh s\u1ea3n xu\u1ea5t g\u00e2y n\u00ean nh\u01b0 bung \u0111\u01b0\u1eddng v\u1ea3i ho\u1eb7c h\u00ecnh in b\u1ecb phai m\u1edd, ch\u00fang t\u00f4i s\u1ebd b\u1ea3o h\u00e0nh s\u1ea3n ph\u1ea9m cho qu\u00fd kh\u00e1ch b\u1eb1ng c\u00e1ch l\u00e0m l\u1ea1i s\u1ea3n ph\u1ea9m l\u1ed7i \u0111\u00f3. M\u1ecdi h\u00ecnh th\u1ee9c l\u1ed7i c\u1ee7a s\u1ea3n ph\u1ea9m do ng\u01b0\u1eddi d\u00f9ng s\u1ebd kh\u00f4ng \u0111\u01b0\u1ee3c b\u1ea3o h\u00e0nh.<\/p>\n<p>X\u01b0\u1edfng may Anh Th\u01b0 tr\u00e2n tr\u1ecdng \u0111\u01b0\u1ee3c ph\u1ee5c v\u1ee5 qu\u00fd kh\u00e1ch, m\u1ecdi th\u1eafc m\u1eafc v\u00e0 gi\u1ea3i \u0111\u00e1p, vui l\u00f2ng li\u00ean h\u1ec7 \u0111\u1ec3 \u0111\u01b0\u1ee3c t\u01b0 v\u1ea5n ch\u00ednh x\u00e1c nh\u1ea5t:<\/p>\n<p><span style=\"color: #ed1c24;\"><strong>X\u01b0\u1edfng may \u0111\u1ed3ng ph\u1ee5c Anh Th\u01b0<\/strong><\/span><\/p>\n<ul>\n<li><strong>\u0110\u1ecba ch\u1ec9:<\/strong>\u00a0G\u1ea7n c\u1ea7u Mai L\u0129nh, H\u00e0 \u0110\u00f4ng, H\u00e0 N\u1ed9i<\/li>\n<li><strong>\u0110i\u1ec7n tho\u1ea1i:<\/strong>\u00a00971.384.636<\/li>\n<li><strong>Email:<\/strong>\u00a0taovietcuongvcu@gmail.com<\/li>\n<li><strong>Website:<\/strong>\u00a0<a href=\"http:\/\/dongphucanhthu.vn\/\">www.dongphucanhthu.vn<\/a><\/li>\n<\/ul>\n<p>&nbsp;<\/p>\n","protected":false},"excerpt":{"rendered":"<p>X\u01b0\u1edfng may Anh Th\u01b0 xin k\u00ednh ch\u00e0o qu\u00fd kh\u00e1ch, \u0110\u1ec3 cho vi\u1ec7c \u0111\u1eb7t \u00e1o \u0111\u01b0\u1ee3c di\u1ec5n ra thu\u1eadn l\u1ee3i gi\u1eefa kh\u00e1ch h\u00e0ng v\u00e0 ch\u00fang t\u00f4i, ch\u00fang t\u00f4i xin g\u1eedi t\u1edbi qu\u00fd kh\u00e1ch h\u00e0ng quy tr\u00ecnh \u0111\u1eb7t \u00e1o nh\u01b0 sau: B\u01b0\u1edbc 1: Kh\u00e1ch ch\u1ecdn m\u1eabu, tham kh\u1ea3o m\u1eabu Kh\u00e1ch c\u00f3 th\u1ec3 tham kh\u1ea3o m\u1eabu t\u1eeb nhi\u1ec1u &#8230;<\/p>\n","protected":false},"author":1,"featured_media":0,"parent":0,"menu_order":0,"comment_status":"closed","ping_status":"closed","template":"page-right-sidebar.php","meta":[],"_links":{"self":[{"href":"https:\/\/demo.bmconnect.vn\/dongphuc\/wp-json\/wp\/v2\/pages\/25"}],"collection":[{"href":"https:\/\/demo.bmconnect.vn\/dongphuc\/wp-json\/wp\/v2\/pages"}],"about":[{"href":"https:\/\/demo.bmconnect.vn\/dongphuc\/wp-json\/wp\/v2\/types\/page"}],"author":[{"embeddable":true,"href":"https:\/\/demo.bmconnect.vn\/dongphuc\/wp-json\/wp\/v2\/users\/1"}],"replies":[{"embeddable":true,"href":"https:\/\/demo.bmconnect.vn\/dongphuc\/wp-json\/wp\/v2\/comments?post=25"}],"version-history":[{"count":0,"href":"https:\/\/demo.bmconnect.vn\/dongphuc\/wp-json\/wp\/v2\/pages\/25\/revisions"}],"wp:attachment":[{"href":"https:\/\/demo.bmconnect.vn\/dongphuc\/wp-json\/wp\/v2\/media?parent=25"}],"curies":[{"name":"wp","href":"https:\/\/api.w.org\/{rel}","templated":true}]}}