{"id":706,"date":"2018-03-06T15:34:01","date_gmt":"2018-03-06T08:34:01","guid":{"rendered":"https:\/\/demo.bmconnect.vn\/docu\/?post_type=product&#038;p=706"},"modified":"2018-03-06T15:41:59","modified_gmt":"2018-03-06T08:41:59","slug":"thanh-ly-300-ghe-quy-luoi-lung-cao-q12","status":"publish","type":"product","link":"https:\/\/demo.bmconnect.vn\/docu\/san-pham\/thanh-ly-300-ghe-quy-luoi-lung-cao-q12\/","title":{"rendered":"Thanh l\u00fd 300 gh\u1ebf qu\u1ef3 l\u01b0\u1edbi l\u01b0ng cao Q12"},"content":{"rendered":"<p><strong>\u201cDo s\u1ed1 l\u01b0\u1ee3ng v\u00e0 ch\u1ee7ng lo\u1ea1i c\u00e1c m\u1eb7t h\u00e0ng thanh l\u00fd c\u1ee7a Ba Huy qu\u00e1 nhi\u1ec1u, h\u00ecnh \u1ea3nh tr\u00ean website kh\u00f4ng th\u1ec3 update h\u1ebft. Qu\u00fd kh\u00e1ch c\u00f3 th\u1ec3 tr\u1ef1c ti\u1ebfp qua kho \u0111\u1ec3 xem h\u00e0ng, ho\u1eb7c li\u00ean h\u1ec7\u00a00963 651 800\u00a0ho\u1eb7c\u00a0fanpage Bahuy\u201c<\/strong><\/p>\n<p>Gh\u1ebf thi\u1ebft k\u1ebf v\u1edbi l\u01b0ng u\u1ed1n cong \u0111\u1ec3 ph\u00f9 h\u1ee3p v\u1edbi c\u1ed9t s\u1ed1ng, gi\u1ed1ng ch\u1ed1ng \u0111au l\u01b0ng.<\/p>\n<p>Thi\u1ebft k\u1ebf v\u1edbi l\u01b0ng cao gi\u00fap tho\u1ea3i m\u00e1i h\u01a1n trong khi l\u00e0m vi\u1ec7c.<\/p>\n<p>Ch\u00e2n \u0111\u01b0\u1ee3c l\u00e0m t\u1eeb inox s\u00e1ng \u0111\u1eb9p, tay \u0111\u01b0\u1ee3c \u1ed1p nh\u1ef1a PVC \u0111en.<\/p>\n<p>Gh\u1ebf ph\u00f9 h\u1ee3p v\u1edbi nh\u1eefng ng\u01b0\u1eddi th\u00edch s\u1ef1 ch\u1eafc ch\u1eafn, v\u1eefng ch\u00e3i khi l\u00e0m vi\u1ec7c, ho\u1eb7c ph\u00f9 h\u1ee3p cho ph\u00f2ng h\u1ecdp.<\/p>\n<p><img loading=\"lazy\" class=\"aligncenter wp-image-3599\" src=\"https:\/\/bahuy.com\/wp-content\/uploads\/2016\/11\/q12.jpg\" sizes=\"(max-width: 400px) 100vw, 400px\" srcset=\"https:\/\/bahuy.com\/wp-content\/uploads\/2016\/11\/q12.jpg 600w, https:\/\/bahuy.com\/wp-content\/uploads\/2016\/11\/q12-300x293.jpg 300w\" alt=\"\" width=\"400\" height=\"390\" \/><\/p>\n<p><img loading=\"lazy\" class=\"aligncenter wp-image-5608\" src=\"https:\/\/bahuy.com\/wp-content\/uploads\/2016\/11\/ghe-chan-quy-q12-1.jpg\" sizes=\"(max-width: 400px) 100vw, 400px\" srcset=\"https:\/\/bahuy.com\/wp-content\/uploads\/2016\/11\/ghe-chan-quy-q12-1.jpg 600w, https:\/\/bahuy.com\/wp-content\/uploads\/2016\/11\/ghe-chan-quy-q12-1-300x293.jpg 300w\" alt=\"\" width=\"400\" height=\"390\" \/><\/p>\n<p><img loading=\"lazy\" class=\"alignnone wp-image-5941\" src=\"https:\/\/bahuy.com\/wp-content\/uploads\/2016\/11\/thanh-ly-ban-hop-cao-su.jpg\" sizes=\"(max-width: 400px) 100vw, 400px\" srcset=\"https:\/\/bahuy.com\/wp-content\/uploads\/2016\/11\/thanh-ly-ban-hop-cao-su.jpg 600w, https:\/\/bahuy.com\/wp-content\/uploads\/2016\/11\/thanh-ly-ban-hop-cao-su-300x293.jpg 300w\" alt=\"\" width=\"400\" height=\"390\" \/><\/p>\n<p><strong>L\u00dd DO B\u1ea0N N\u00caN CH\u1eccN N\u1ed8I TH\u1ea4T BA HUY:<\/strong><\/p>\n<ul>\n<li>Gi\u00e1 c\u1ea1nh tranh<\/li>\n<li>Kho n\u1ed9i th\u1ea5t r\u1ed9ng 1500m2<\/li>\n<li>Cung c\u1ea5p tr\u1ecdn g\u00f3i n\u1ed9i th\u1ea5t 1 v\u0103n ph\u00f2ng<\/li>\n<li>Kinh nghi\u1ec7m 5 n\u0103m<\/li>\n<li>H\u00e0ng c\u00f3 s\u1eb5n c\u1ef1c l\u1edbn, giao ngay trong ng\u00e0y.<\/li>\n<\/ul>\n<p><strong>BA HUY \u2013 CH\u1ee2 N\u1ed8I TH\u1ea4T GI\u00c1 R\u1eba V\u00c0 THANH L\u00dd L\u1edaN NH\u1ea4T MI\u1ec0N B\u1eaeC<\/strong><\/p>\n<p>Kho h\u00e0ng S=1500m2\u00a0: S\u1ed1 8 L\u00ea Quang \u0110\u1ea1o, M\u1ef9 \u0110\u00ecnh, T\u1eeb Li\u00eam, H\u00e0 N\u1ed9i<\/p>\n<p>(\u00d4 t\u00f4 con, Xe t\u1ea3i, Container 1,25 t\u1ea5n \u2013 3,5 t\u1ea5n v\u00e0o 24\/24h, \u0110\u01b0\u1eddng L\u00ea Quang \u0110\u1ea1o xe Container 40 feet\u00a0ra v\u00e0o tho\u1ea3i m\u00e1i kh\u00f4ng b\u1ecb c\u1ea5m)<\/p>\n<p>&nbsp;<\/p>\n","protected":false},"excerpt":{"rendered":"<p>\u201cDo s\u1ed1 l\u01b0\u1ee3ng v\u00e0 ch\u1ee7ng lo\u1ea1i c\u00e1c m\u1eb7t h\u00e0ng thanh l\u00fd c\u1ee7a Ba Huy qu\u00e1 nhi\u1ec1u, h\u00ecnh \u1ea3nh tr\u00ean website kh\u00f4ng th\u1ec3 update h\u1ebft. Qu\u00fd kh\u00e1ch c\u00f3 th\u1ec3 tr\u1ef1c ti\u1ebfp qua kho \u0111\u1ec3 xem h\u00e0ng, ho\u1eb7c li\u00ean h\u1ec7\u00a00963 651 800\u00a0ho\u1eb7c\u00a0fanpage Bahuy\u201c Gh\u1ebf thi\u1ebft k\u1ebf v\u1edbi l\u01b0ng u\u1ed1n cong \u0111\u1ec3 ph\u00f9 h\u1ee3p v\u1edbi c\u1ed9t s\u1ed1ng, gi\u1ed1ng [&#8230;]\n","protected":false},"featured_media":707,"comment_status":"open","ping_status":"closed","template":"","meta":[],"product_cat":[29,22],"product_tag":[],"_links":{"self":[{"href":"https:\/\/demo.bmconnect.vn\/docu\/wp-json\/wp\/v2\/product\/706"}],"collection":[{"href":"https:\/\/demo.bmconnect.vn\/docu\/wp-json\/wp\/v2\/product"}],"about":[{"href":"https:\/\/demo.bmconnect.vn\/docu\/wp-json\/wp\/v2\/types\/product"}],"replies":[{"embeddable":true,"href":"https:\/\/demo.bmconnect.vn\/docu\/wp-json\/wp\/v2\/comments?post=706"}],"wp:featuredmedia":[{"embeddable":true,"href":"https:\/\/demo.bmconnect.vn\/docu\/wp-json\/wp\/v2\/media\/707"}],"wp:attachment":[{"href":"https:\/\/demo.bmconnect.vn\/docu\/wp-json\/wp\/v2\/media?parent=706"}],"wp:term":[{"taxonomy":"product_cat","embeddable":true,"href":"https:\/\/demo.bmconnect.vn\/docu\/wp-json\/wp\/v2\/product_cat?post=706"},{"taxonomy":"product_tag","embeddable":true,"href":"https:\/\/demo.bmconnect.vn\/docu\/wp-json\/wp\/v2\/product_tag?post=706"}],"curies":[{"name":"wp","href":"https:\/\/api.w.org\/{rel}","templated":true}]}}