{"id":703,"date":"2018-03-06T15:25:40","date_gmt":"2018-03-06T08:25:40","guid":{"rendered":"https:\/\/demo.bmconnect.vn\/docu\/?post_type=product&#038;p=703"},"modified":"2018-03-07T08:43:07","modified_gmt":"2018-03-07T01:43:07","slug":"thanh-ly-ban-cafe-chu-nhat-1m2","status":"publish","type":"product","link":"https:\/\/demo.bmconnect.vn\/docu\/san-pham\/thanh-ly-ban-cafe-chu-nhat-1m2\/","title":{"rendered":"Thanh l\u00fd b\u00e0n cafe ch\u1eef nh\u1eadt 1m2"},"content":{"rendered":"<p><strong>\u201cDo s\u1ed1 l\u01b0\u1ee3ng v\u00e0 ch\u1ee7ng lo\u1ea1i c\u00e1c m\u1eb7t h\u00e0ng thanh l\u00fd c\u1ee7a Ba Huy qu\u00e1 nhi\u1ec1u, h\u00ecnh \u1ea3nh tr\u00ean website kh\u00f4ng th\u1ec3 update h\u1ebft. Qu\u00fd kh\u00e1ch c\u00f3 th\u1ec3 tr\u1ef1c ti\u1ebfp qua kho \u0111\u1ec3 xem h\u00e0ng, ho\u1eb7c li\u00ean h\u1ec7\u00a00963 651 800\u00a0ho\u1eb7c\u00a0fanpage Bahuy\u201c<\/strong><\/p>\n<p>\u2013 H\u00e0ng m\u1edbi 98%<\/p>\n<p>\u2013 B\u00e0n \u0111\u01b0\u1ee3c l\u00e0m t\u1eeb g\u1ed7 MDF<\/p>\n<p>\u2013 B\u00e0n thi\u1ebft k\u1ebf theo phong c\u00e1ch hi\u1ec7n \u0111\u1ea1i, mang l\u1ea1i kh\u00f4ng gian ho\u00e0n h\u1ea3o cho ph\u00f2ng \u0103n c\u1ee7a gia \u0111\u00ecnh b\u1ea1n.<\/p>\n<p>\u2013 L\u01b0u \u00fd: B\u00e0n ch\u01b0a c\u00f3 gh\u1ebf \u0111i k\u00e8m. Gi\u00e1 gh\u1ebf \u0111i k\u00e8m l\u00e0 340.000\u0111\/ 1 chi\u1ebfc.<\/p>\n<p><img loading=\"lazy\" class=\"aligncenter wp-image-3503\" src=\"https:\/\/bahuy.com\/wp-content\/uploads\/2017\/03\/b%C3%A0n-cf-ch%E1%BB%AF-nh%E1%BA%ADt.jpg\" sizes=\"(max-width: 400px) 100vw, 400px\" srcset=\"https:\/\/bahuy.com\/wp-content\/uploads\/2017\/03\/b\u00e0n-cf-ch\u1eef-nh\u1eadt.jpg 600w, https:\/\/bahuy.com\/wp-content\/uploads\/2017\/03\/b\u00e0n-cf-ch\u1eef-nh\u1eadt-300x293.jpg 300w\" alt=\"\" width=\"400\" height=\"390\" \/><\/p>\n<p><img loading=\"lazy\" class=\"aligncenter size-full wp-image-3504\" src=\"https:\/\/bahuy.com\/wp-content\/uploads\/2017\/03\/b%C3%A0n-ch%E1%BB%AF-nh%E1%BA%ADt.jpg\" sizes=\"(max-width: 400px) 100vw, 400px\" srcset=\"https:\/\/bahuy.com\/wp-content\/uploads\/2017\/03\/b\u00e0n-ch\u1eef-nh\u1eadt.jpg 400w, https:\/\/bahuy.com\/wp-content\/uploads\/2017\/03\/b\u00e0n-ch\u1eef-nh\u1eadt-300x194.jpg 300w\" alt=\"\" width=\"400\" height=\"258\" \/><\/p>\n<p><img loading=\"lazy\" class=\"aligncenter size-full wp-image-3506\" src=\"https:\/\/bahuy.com\/wp-content\/uploads\/2017\/03\/b%C3%A0n-ch%E1%BB%AF-nh%E1%BA%ADt2.jpg\" sizes=\"(max-width: 400px) 100vw, 400px\" srcset=\"https:\/\/bahuy.com\/wp-content\/uploads\/2017\/03\/b\u00e0n-ch\u1eef-nh\u1eadt2.jpg 400w, https:\/\/bahuy.com\/wp-content\/uploads\/2017\/03\/b\u00e0n-ch\u1eef-nh\u1eadt2-300x174.jpg 300w\" alt=\"\" width=\"400\" height=\"232\" \/><\/p>\n<p><img loading=\"lazy\" class=\"aligncenter size-full wp-image-3505\" src=\"https:\/\/bahuy.com\/wp-content\/uploads\/2017\/03\/b%C3%A0n-ch%E1%BB%AF-nh%E1%BA%ADt1.jpg\" sizes=\"(max-width: 400px) 100vw, 400px\" srcset=\"https:\/\/bahuy.com\/wp-content\/uploads\/2017\/03\/b\u00e0n-ch\u1eef-nh\u1eadt1.jpg 400w, https:\/\/bahuy.com\/wp-content\/uploads\/2017\/03\/b\u00e0n-ch\u1eef-nh\u1eadt1-300x198.jpg 300w\" alt=\"\" width=\"400\" height=\"264\" \/><\/p>\n<p><strong>L\u00dd DO B\u1ea0N N\u00caN CH\u1eccN N\u1ed8I TH\u1ea4T BA HUY:<\/strong><\/p>\n<ul>\n<li>Gi\u00e1 c\u1ea1nh tranh<\/li>\n<li>Kho n\u1ed9i th\u1ea5t r\u1ed9ng 1500m2<\/li>\n<li>Cung c\u1ea5p tr\u1ecdn g\u00f3i n\u1ed9i th\u1ea5t 1 v\u0103n ph\u00f2ng<\/li>\n<li>Kinh nghi\u1ec7m 5 n\u0103m<\/li>\n<li>H\u00e0ng c\u00f3 s\u1eb5n c\u1ef1c l\u1edbn, giao ngay trong ng\u00e0y.<\/li>\n<\/ul>\n<p><strong>BA HUY \u2013 CH\u1ee2 N\u1ed8I TH\u1ea4T GI\u00c1 R\u1eba V\u00c0 THANH L\u00dd L\u1edaN NH\u1ea4T MI\u1ec0N B\u1eaeC<\/strong><\/p>\n<p>Kho h\u00e0ng S=1500m2\u00a0: S\u1ed1 8 L\u00ea Quang \u0110\u1ea1o, M\u1ef9 \u0110\u00ecnh, T\u1eeb Li\u00eam, H\u00e0 N\u1ed9i<\/p>\n<p>(\u00d4 t\u00f4 con, Xe t\u1ea3i, Container 1,25 t\u1ea5n \u2013 3,5 t\u1ea5n v\u00e0o 24\/24h, \u0110\u01b0\u1eddng L\u00ea Quang \u0110\u1ea1o xe Container 40 feet\u00a0ra v\u00e0o tho\u1ea3i m\u00e1i kh\u00f4ng b\u1ecb<\/p>\n","protected":false},"excerpt":{"rendered":"<p>\u201cDo s\u1ed1 l\u01b0\u1ee3ng v\u00e0 ch\u1ee7ng lo\u1ea1i c\u00e1c m\u1eb7t h\u00e0ng thanh l\u00fd c\u1ee7a Ba Huy qu\u00e1 nhi\u1ec1u, h\u00ecnh \u1ea3nh tr\u00ean website kh\u00f4ng th\u1ec3 update h\u1ebft. Qu\u00fd kh\u00e1ch c\u00f3 th\u1ec3 tr\u1ef1c ti\u1ebfp qua kho \u0111\u1ec3 xem h\u00e0ng, ho\u1eb7c li\u00ean h\u1ec7\u00a00963 651 800\u00a0ho\u1eb7c\u00a0fanpage Bahuy\u201c \u2013 H\u00e0ng m\u1edbi 98% \u2013 B\u00e0n \u0111\u01b0\u1ee3c l\u00e0m t\u1eeb g\u1ed7 MDF \u2013 B\u00e0n thi\u1ebft [&#8230;]\n","protected":false},"featured_media":704,"comment_status":"open","ping_status":"closed","template":"","meta":[],"product_cat":[21,29,22],"product_tag":[],"_links":{"self":[{"href":"https:\/\/demo.bmconnect.vn\/docu\/wp-json\/wp\/v2\/product\/703"}],"collection":[{"href":"https:\/\/demo.bmconnect.vn\/docu\/wp-json\/wp\/v2\/product"}],"about":[{"href":"https:\/\/demo.bmconnect.vn\/docu\/wp-json\/wp\/v2\/types\/product"}],"replies":[{"embeddable":true,"href":"https:\/\/demo.bmconnect.vn\/docu\/wp-json\/wp\/v2\/comments?post=703"}],"wp:featuredmedia":[{"embeddable":true,"href":"https:\/\/demo.bmconnect.vn\/docu\/wp-json\/wp\/v2\/media\/704"}],"wp:attachment":[{"href":"https:\/\/demo.bmconnect.vn\/docu\/wp-json\/wp\/v2\/media?parent=703"}],"wp:term":[{"taxonomy":"product_cat","embeddable":true,"href":"https:\/\/demo.bmconnect.vn\/docu\/wp-json\/wp\/v2\/product_cat?post=703"},{"taxonomy":"product_tag","embeddable":true,"href":"https:\/\/demo.bmconnect.vn\/docu\/wp-json\/wp\/v2\/product_tag?post=703"}],"curies":[{"name":"wp","href":"https:\/\/api.w.org\/{rel}","templated":true}]}}