{"id":695,"date":"2018-03-06T15:17:28","date_gmt":"2018-03-06T08:17:28","guid":{"rendered":"https:\/\/demo.bmconnect.vn\/docu\/?post_type=product&#038;p=695"},"modified":"2018-03-06T15:21:29","modified_gmt":"2018-03-06T08:21:29","slug":"thanh-ly-ban-cafe-vuong-go-thong-ghep-thanh","status":"publish","type":"product","link":"https:\/\/demo.bmconnect.vn\/docu\/san-pham\/thanh-ly-ban-cafe-vuong-go-thong-ghep-thanh\/","title":{"rendered":"Thanh l\u00fd b\u00e0n cafe vu\u00f4ng g\u1ed7 th\u00f4ng gh\u00e9p thanh"},"content":{"rendered":"<p><strong>\u201cDo s\u1ed1 l\u01b0\u1ee3ng v\u00e0 ch\u1ee7ng lo\u1ea1i c\u00e1c m\u1eb7t h\u00e0ng thanh l\u00fd c\u1ee7a Ba Huy qu\u00e1 nhi\u1ec1u, h\u00ecnh \u1ea3nh tr\u00ean website kh\u00f4ng th\u1ec3 update h\u1ebft. Qu\u00fd kh\u00e1ch c\u00f3 th\u1ec3 tr\u1ef1c ti\u1ebfp qua kho \u0111\u1ec3 xem h\u00e0ng, ho\u1eb7c li\u00ean h\u1ec7\u00a00963 651 800\u00a0ho\u1eb7c\u00a0fanpage Bahuy\u201c<\/strong><\/p>\n<p>B\u00e0n thi\u1ebft k\u1ebf theo phong c\u00e1ch hi\u1ec7n \u0111\u1ea1i, ph\u00f9 h\u1ee3p v\u1edbi nhi\u1ec1u ki\u1ec3u nh\u00e0 h\u00e0ng, qu\u00e1n cafe t\u1eeb b\u00ecnh d\u00e2n \u0111\u1ebfn sang tr\u1ecdng<\/p>\n<p>\u2013 M\u1eb7t b\u00e0n \u0111\u01b0\u1ee3c l\u00e0m t\u1eeb g\u1ed7 th\u00f4ng, ch\u1ed1ng tr\u1ea7y x\u01b0\u1edbc, \u1ea9m m\u1ed1c, gi\u00fap v\u1ec7 sinh d\u1ec5 d\u00e0ng.<\/p>\n<p>\u2013 Khung b\u00e0n l\u00e0m t\u1eeb s\u1eaft ph\u1ee7 s\u01a1n t\u0129nh \u0111i\u1ec7n m\u00e0u \u0111en b\u00f3ng, ch\u1ed1ng s\u00e9t g\u1ec9, ch\u1ecbu \u0111\u01b0\u1ee3c l\u1ef1c cao, lu\u00f4n b\u1ec1n \u0111\u1eb9p sau th\u1eddi gian d\u00e0i s\u1eed d\u1ee5ng.<\/p>\n<p>K\u00edch th\u01b0\u1edbc: 60x60cm<\/p>\n<p><img loading=\"lazy\" class=\"alignnone wp-image-5912\" src=\"https:\/\/bahuy.com\/wp-content\/uploads\/2018\/01\/thanh-ly-ban-cafe-go-thong.jpg\" sizes=\"(max-width: 400px) 100vw, 400px\" srcset=\"https:\/\/bahuy.com\/wp-content\/uploads\/2018\/01\/thanh-ly-ban-cafe-go-thong.jpg 600w, https:\/\/bahuy.com\/wp-content\/uploads\/2018\/01\/thanh-ly-ban-cafe-go-thong-300x293.jpg 300w\" alt=\"\" width=\"400\" height=\"390\" \/><\/p>\n<p>K\u1ebft h\u1ee3p b\u00e0n v\u1edbi gh\u1ebf tone sur tone l\u00e0 s\u1ef1 l\u1ef1a ch\u1ecdn tuy\u1ec7t v\u1eddi cho b\u1ea1n<\/p>\n<p><strong>L\u00dd DO B\u1ea0N N\u00caN CH\u1eccN N\u1ed8I TH\u1ea4T BA HUY:<\/strong><\/p>\n<ul>\n<li>Gi\u00e1 c\u1ea1nh tranh<\/li>\n<li>Kho n\u1ed9i th\u1ea5t r\u1ed9ng 1500m2<\/li>\n<li>Cung c\u1ea5p tr\u1ecdn g\u00f3i n\u1ed9i th\u1ea5t 1 v\u0103n ph\u00f2ng<\/li>\n<li>Kinh nghi\u1ec7m 5 n\u0103m<\/li>\n<li>H\u00e0ng c\u00f3 s\u1eb5n c\u1ef1c l\u1edbn, giao ngay trong ng\u00e0y.<\/li>\n<\/ul>\n<p><strong>BA HUY \u2013 CH\u1ee2 N\u1ed8I TH\u1ea4T GI\u00c1 R\u1eba V\u00c0 THANH L\u00dd L\u1edaN NH\u1ea4T MI\u1ec0N B\u1eaeC<\/strong><\/p>\n<p>Kho h\u00e0ng S=1500m2\u00a0: S\u1ed1 8 L\u00ea Quang \u0110\u1ea1o, M\u1ef9 \u0110\u00ecnh, T\u1eeb Li\u00eam, H\u00e0 N\u1ed9i<\/p>\n<p>(\u00d4 t\u00f4 con, Xe t\u1ea3i, Container 1,25 t\u1ea5n \u2013 3,5 t\u1ea5n v\u00e0o 24\/24h, \u0110\u01b0\u1eddng L\u00ea Quang \u0110\u1ea1o xe Container 40 feet\u00a0ra v\u00e0o tho\u1ea3i m\u00e1i kh\u00f4ng b\u1ecb c\u1ea5m)<\/p>\n<p>&nbsp;<\/p>\n","protected":false},"excerpt":{"rendered":"<p>\u201cDo s\u1ed1 l\u01b0\u1ee3ng v\u00e0 ch\u1ee7ng lo\u1ea1i c\u00e1c m\u1eb7t h\u00e0ng thanh l\u00fd c\u1ee7a Ba Huy qu\u00e1 nhi\u1ec1u, h\u00ecnh \u1ea3nh tr\u00ean website kh\u00f4ng th\u1ec3 update h\u1ebft. Qu\u00fd kh\u00e1ch c\u00f3 th\u1ec3 tr\u1ef1c ti\u1ebfp qua kho \u0111\u1ec3 xem h\u00e0ng, ho\u1eb7c li\u00ean h\u1ec7\u00a00963 651 800\u00a0ho\u1eb7c\u00a0fanpage Bahuy\u201c B\u00e0n thi\u1ebft k\u1ebf theo phong c\u00e1ch hi\u1ec7n \u0111\u1ea1i, ph\u00f9 h\u1ee3p v\u1edbi nhi\u1ec1u ki\u1ec3u nh\u00e0 [&#8230;]\n","protected":false},"featured_media":696,"comment_status":"open","ping_status":"closed","template":"","meta":[],"product_cat":[21],"product_tag":[],"_links":{"self":[{"href":"https:\/\/demo.bmconnect.vn\/docu\/wp-json\/wp\/v2\/product\/695"}],"collection":[{"href":"https:\/\/demo.bmconnect.vn\/docu\/wp-json\/wp\/v2\/product"}],"about":[{"href":"https:\/\/demo.bmconnect.vn\/docu\/wp-json\/wp\/v2\/types\/product"}],"replies":[{"embeddable":true,"href":"https:\/\/demo.bmconnect.vn\/docu\/wp-json\/wp\/v2\/comments?post=695"}],"wp:featuredmedia":[{"embeddable":true,"href":"https:\/\/demo.bmconnect.vn\/docu\/wp-json\/wp\/v2\/media\/696"}],"wp:attachment":[{"href":"https:\/\/demo.bmconnect.vn\/docu\/wp-json\/wp\/v2\/media?parent=695"}],"wp:term":[{"taxonomy":"product_cat","embeddable":true,"href":"https:\/\/demo.bmconnect.vn\/docu\/wp-json\/wp\/v2\/product_cat?post=695"},{"taxonomy":"product_tag","embeddable":true,"href":"https:\/\/demo.bmconnect.vn\/docu\/wp-json\/wp\/v2\/product_tag?post=695"}],"curies":[{"name":"wp","href":"https:\/\/api.w.org\/{rel}","templated":true}]}}