{"id":693,"date":"2018-03-06T15:16:41","date_gmt":"2018-03-06T08:16:41","guid":{"rendered":"https:\/\/demo.bmconnect.vn\/docu\/?post_type=product&#038;p=693"},"modified":"2018-03-06T15:16:41","modified_gmt":"2018-03-06T08:16:41","slug":"ghe-cafe-nhua-hien-dai-cf1-thanh-ly-gia-tot","status":"publish","type":"product","link":"https:\/\/demo.bmconnect.vn\/docu\/san-pham\/ghe-cafe-nhua-hien-dai-cf1-thanh-ly-gia-tot\/","title":{"rendered":"Gh\u1ebf cafe nh\u1ef1a hi\u1ec7n \u0111\u1ea1i CF1 thanh l\u00fd gi\u00e1 t\u1ed1t"},"content":{"rendered":"<p><strong>\u201cDo s\u1ed1 l\u01b0\u1ee3ng v\u00e0 ch\u1ee7ng lo\u1ea1i c\u00e1c m\u1eb7t h\u00e0ng thanh l\u00fd c\u1ee7a Ba Huy qu\u00e1 nhi\u1ec1u, h\u00ecnh \u1ea3nh tr\u00ean website kh\u00f4ng th\u1ec3 update h\u1ebft. Qu\u00fd kh\u00e1ch c\u00f3 th\u1ec3 tr\u1ef1c ti\u1ebfp qua kho \u0111\u1ec3 xem h\u00e0ng, ho\u1eb7c li\u00ean h\u1ec7\u00a00963 651 800\u00a0ho\u1eb7c\u00a0fanpae Bahuy\u201c<\/strong><\/p>\n<p>Gh\u1ebf \u0111\u01b0\u1ee3c thi\u1ebft k\u1ebf ph\u00f9 h\u1ee3p cho qu\u00e1n cafe, ngo\u00e0i tr\u1eddi\u2026<\/p>\n<p><strong>M\u00f4 t\u1ea3:<\/strong><\/p>\n<p>\u2013 Gh\u1ebf c\u00f3 ph\u1ea7n ng\u1ed3i \u0111\u01b0\u1ee3c l\u00e0m t\u1eeb nh\u1ef1a, l\u01b0ng \u0111\u01b0\u1ee3c thi\u1ebft k\u1ebf ph\u00f9 h\u1ee3p lu\u00f4n gi\u1eef t\u01b0 th\u1ebf ph\u00f9 h\u1ee3p cho ng\u01b0\u1eddi ng\u1ed3i. Ch\u00e2n \u0111\u01b0\u1ee3c l\u00e0m t\u1eeb g\u1ed7 s\u1ed3i.<\/p>\n<p>\u2013 K\u00edch th\u01b0\u1edbc:\u00a0Cao: 81cm x R\u1ed9ng: 46cm x S\u00e2u: 53cm<\/p>\n<p><img loading=\"lazy\" class=\"aligncenter wp-image-4349\" src=\"https:\/\/bahuy.com\/wp-content\/uploads\/2017\/07\/gh%E1%BA%BF-cafe-%C4%91%E1%BB%8F.jpg\" sizes=\"(max-width: 400px) 100vw, 400px\" srcset=\"https:\/\/bahuy.com\/wp-content\/uploads\/2017\/07\/gh\u1ebf-cafe-\u0111\u1ecf.jpg 600w, https:\/\/bahuy.com\/wp-content\/uploads\/2017\/07\/gh\u1ebf-cafe-\u0111\u1ecf-300x293.jpg 300w\" alt=\"\" width=\"400\" height=\"390\" \/><\/p>\n","protected":false},"excerpt":{"rendered":"<p>\u201cDo s\u1ed1 l\u01b0\u1ee3ng v\u00e0 ch\u1ee7ng lo\u1ea1i c\u00e1c m\u1eb7t h\u00e0ng thanh l\u00fd c\u1ee7a Ba Huy qu\u00e1 nhi\u1ec1u, h\u00ecnh \u1ea3nh tr\u00ean website kh\u00f4ng th\u1ec3 update h\u1ebft. Qu\u00fd kh\u00e1ch c\u00f3 th\u1ec3 tr\u1ef1c ti\u1ebfp qua kho \u0111\u1ec3 xem h\u00e0ng, ho\u1eb7c li\u00ean h\u1ec7\u00a00963 651 800\u00a0ho\u1eb7c\u00a0fanpae Bahuy\u201c Gh\u1ebf \u0111\u01b0\u1ee3c thi\u1ebft k\u1ebf ph\u00f9 h\u1ee3p cho qu\u00e1n cafe, ngo\u00e0i tr\u1eddi\u2026 M\u00f4 t\u1ea3: \u2013 [&#8230;]\n","protected":false},"featured_media":694,"comment_status":"open","ping_status":"closed","template":"","meta":[],"product_cat":[21],"product_tag":[],"_links":{"self":[{"href":"https:\/\/demo.bmconnect.vn\/docu\/wp-json\/wp\/v2\/product\/693"}],"collection":[{"href":"https:\/\/demo.bmconnect.vn\/docu\/wp-json\/wp\/v2\/product"}],"about":[{"href":"https:\/\/demo.bmconnect.vn\/docu\/wp-json\/wp\/v2\/types\/product"}],"replies":[{"embeddable":true,"href":"https:\/\/demo.bmconnect.vn\/docu\/wp-json\/wp\/v2\/comments?post=693"}],"wp:featuredmedia":[{"embeddable":true,"href":"https:\/\/demo.bmconnect.vn\/docu\/wp-json\/wp\/v2\/media\/694"}],"wp:attachment":[{"href":"https:\/\/demo.bmconnect.vn\/docu\/wp-json\/wp\/v2\/media?parent=693"}],"wp:term":[{"taxonomy":"product_cat","embeddable":true,"href":"https:\/\/demo.bmconnect.vn\/docu\/wp-json\/wp\/v2\/product_cat?post=693"},{"taxonomy":"product_tag","embeddable":true,"href":"https:\/\/demo.bmconnect.vn\/docu\/wp-json\/wp\/v2\/product_tag?post=693"}],"curies":[{"name":"wp","href":"https:\/\/api.w.org\/{rel}","templated":true}]}}