{"id":691,"date":"2018-03-06T15:15:45","date_gmt":"2018-03-06T08:15:45","guid":{"rendered":"https:\/\/demo.bmconnect.vn\/docu\/?post_type=product&#038;p=691"},"modified":"2018-03-06T15:15:45","modified_gmt":"2018-03-06T08:15:45","slug":"thanh-ly-50-bo-ban-tron-cafe-gia-re","status":"publish","type":"product","link":"https:\/\/demo.bmconnect.vn\/docu\/san-pham\/thanh-ly-50-bo-ban-tron-cafe-gia-re\/","title":{"rendered":"Thanh l\u00fd 50 b\u1ed9 b\u00e0n tr\u00f2n cafe gi\u00e1 r\u1ebb"},"content":{"rendered":"<p><strong>\u201cDo s\u1ed1 l\u01b0\u1ee3ng v\u00e0 ch\u1ee7ng lo\u1ea1i c\u00e1c m\u1eb7t h\u00e0ng thanh l\u00fd c\u1ee7a Ba Huy qu\u00e1 nhi\u1ec1u, h\u00ecnh \u1ea3nh tr\u00ean website kh\u00f4ng th\u1ec3 update h\u1ebft. Qu\u00fd kh\u00e1ch c\u00f3 th\u1ec3 tr\u1ef1c ti\u1ebfp qua kho \u0111\u1ec3 xem h\u00e0ng, ho\u1eb7c li\u00ean h\u1ec7\u00a00963 651 800\u00a0ho\u1eb7c\u00a0fanpage Bahuy\u201c<\/strong><\/p>\n<p>K\u00edch th\u01b0\u1edbc: \u0110\u01b0\u1eddng k\u00ednh 70cm x Cao: 73cm<\/p>\n<p><img loading=\"lazy\" class=\"aligncenter wp-image-4971\" src=\"https:\/\/bahuy.com\/wp-content\/uploads\/2017\/10\/ban-cafe-gap-3.jpg\" sizes=\"(max-width: 400px) 100vw, 400px\" srcset=\"https:\/\/bahuy.com\/wp-content\/uploads\/2017\/10\/ban-cafe-gap-3.jpg 600w, https:\/\/bahuy.com\/wp-content\/uploads\/2017\/10\/ban-cafe-gap-3-300x300.jpg 300w\" alt=\"\" width=\"400\" height=\"400\" \/><\/p>\n<p><img loading=\"lazy\" class=\"aligncenter size-full wp-image-4972\" src=\"https:\/\/bahuy.com\/wp-content\/uploads\/2017\/10\/ban-cafe-gap-3-1.jpg\" sizes=\"(max-width: 600px) 100vw, 600px\" srcset=\"https:\/\/bahuy.com\/wp-content\/uploads\/2017\/10\/ban-cafe-gap-3-1.jpg 600w, https:\/\/bahuy.com\/wp-content\/uploads\/2017\/10\/ban-cafe-gap-3-1-300x164.jpg 300w\" alt=\"\" width=\"600\" height=\"328\" \/><\/p>\n<p>C\u00f3 th\u1ec3 d\u00f9ng k\u00e8m v\u1edbi gh\u1ebf cafe \u0111\u1ec3 \u0111\u1ed3ng b\u1ed9 v\u00e0 th\u00eam ph\u1ea7n sang tr\u1ecdng (gi\u00e1 gh\u1ebf tr\u00ean 450.000\u0111\/chi\u1ebfc).<\/p>\n<p>B\u00e0n thi\u1ebft k\u1ebf\u00a0sang tr\u1ecdng v\u1edbi c\u00e1c \u0111\u01b0\u1eddng cong u\u1ed1ng l\u01b0\u1ee3ng ho\u00e0n m\u1ef9. B\u1ec1 m\u1eb7t g\u1ed5 \u0111\u01b0\u1ee3c ph\u1ee7 1 l\u1edbp ch\u1ed1ng th\u1ea5m n\u01b0\u1edbc , m\u1eb7t g\u1ed5 m\u00e0u n\u00e2u sang tr\u1ecdng , khung s\u1eaft d\u1ea7y , ch\u1eafc ch\u1eafn .<\/p>\n<p>B\u00e0n c\u00f3 v\u00e0nh bo tr\u00f2n c\u1ea1nh b\u00e0n gi\u00fap cho m\u1eb7t b\u00e0n c\u1ee9ng c\u00e1p kh\u00f4ng b\u1ecb cong v\u00eanh trong qu\u00e1 tr\u00ecnh s\u1eed d\u1ee5ng .<\/p>\n<p><strong>L\u00dd DO B\u1ea0N N\u00caN CH\u1eccN N\u1ed8I TH\u1ea4T BA HUY:<\/strong><\/p>\n<ul>\n<li>Gi\u00e1 c\u1ea1nh tranh<\/li>\n<li>Kho n\u1ed9i th\u1ea5t r\u1ed9ng 1500m2<\/li>\n<li>Cung c\u1ea5p tr\u1ecdn g\u00f3i n\u1ed9i th\u1ea5t 1 v\u0103n ph\u00f2ng<\/li>\n<li>Kinh nghi\u1ec7m 5 n\u0103m<\/li>\n<li>H\u00e0ng c\u00f3 s\u1eb5n c\u1ef1c l\u1edbn, giao ngay trong ng\u00e0y.<\/li>\n<\/ul>\n<p><strong>BA HUY \u2013 CH\u1ee2 N\u1ed8I TH\u1ea4T GI\u00c1 R\u1eba V\u00c0 THANH L\u00dd L\u1edaN NH\u1ea4T MI\u1ec0N B\u1eaeC<\/strong><\/p>\n<p>Kho h\u00e0ng S=1500m2\u00a0: S\u1ed1 8 L\u00ea Quang \u0110\u1ea1o, M\u1ef9 \u0110\u00ecnh, T\u1eeb Li\u00eam, H\u00e0 N\u1ed9i<\/p>\n<p>(\u00d4 t\u00f4 con, Xe t\u1ea3i, Container 1,25 t\u1ea5n \u2013 3,5 t\u1ea5n v\u00e0o 24\/24h, \u0110\u01b0\u1eddng L\u00ea Quang \u0110\u1ea1o xe Container 40 feet\u00a0ra v\u00e0o tho\u1ea3i m\u00e1i kh\u00f4ng b\u1ecb c\u1ea5m)<\/p>\n<p>&nbsp;<\/p>\n","protected":false},"excerpt":{"rendered":"<p>\u201cDo s\u1ed1 l\u01b0\u1ee3ng v\u00e0 ch\u1ee7ng lo\u1ea1i c\u00e1c m\u1eb7t h\u00e0ng thanh l\u00fd c\u1ee7a Ba Huy qu\u00e1 nhi\u1ec1u, h\u00ecnh \u1ea3nh tr\u00ean website kh\u00f4ng th\u1ec3 update h\u1ebft. Qu\u00fd kh\u00e1ch c\u00f3 th\u1ec3 tr\u1ef1c ti\u1ebfp qua kho \u0111\u1ec3 xem h\u00e0ng, ho\u1eb7c li\u00ean h\u1ec7\u00a00963 651 800\u00a0ho\u1eb7c\u00a0fanpage Bahuy\u201c K\u00edch th\u01b0\u1edbc: \u0110\u01b0\u1eddng k\u00ednh 70cm x Cao: 73cm C\u00f3 th\u1ec3 d\u00f9ng k\u00e8m v\u1edbi gh\u1ebf [&#8230;]\n","protected":false},"featured_media":692,"comment_status":"open","ping_status":"closed","template":"","meta":[],"product_cat":[21],"product_tag":[],"_links":{"self":[{"href":"https:\/\/demo.bmconnect.vn\/docu\/wp-json\/wp\/v2\/product\/691"}],"collection":[{"href":"https:\/\/demo.bmconnect.vn\/docu\/wp-json\/wp\/v2\/product"}],"about":[{"href":"https:\/\/demo.bmconnect.vn\/docu\/wp-json\/wp\/v2\/types\/product"}],"replies":[{"embeddable":true,"href":"https:\/\/demo.bmconnect.vn\/docu\/wp-json\/wp\/v2\/comments?post=691"}],"wp:featuredmedia":[{"embeddable":true,"href":"https:\/\/demo.bmconnect.vn\/docu\/wp-json\/wp\/v2\/media\/692"}],"wp:attachment":[{"href":"https:\/\/demo.bmconnect.vn\/docu\/wp-json\/wp\/v2\/media?parent=691"}],"wp:term":[{"taxonomy":"product_cat","embeddable":true,"href":"https:\/\/demo.bmconnect.vn\/docu\/wp-json\/wp\/v2\/product_cat?post=691"},{"taxonomy":"product_tag","embeddable":true,"href":"https:\/\/demo.bmconnect.vn\/docu\/wp-json\/wp\/v2\/product_tag?post=691"}],"curies":[{"name":"wp","href":"https:\/\/api.w.org\/{rel}","templated":true}]}}