{"id":689,"date":"2018-03-06T15:14:49","date_gmt":"2018-03-06T08:14:49","guid":{"rendered":"https:\/\/demo.bmconnect.vn\/docu\/?post_type=product&#038;p=689"},"modified":"2018-03-06T15:26:47","modified_gmt":"2018-03-06T08:26:47","slug":"thanh-ly-ban-cafe-80cm-bcf1","status":"publish","type":"product","link":"https:\/\/demo.bmconnect.vn\/docu\/san-pham\/thanh-ly-ban-cafe-80cm-bcf1\/","title":{"rendered":"Thanh l\u00fd b\u00e0n cafe 80cm BCF1"},"content":{"rendered":"<p><strong>\u201cDo s\u1ed1 l\u01b0\u1ee3ng v\u00e0 ch\u1ee7ng lo\u1ea1i c\u00e1c m\u1eb7t h\u00e0ng thanh l\u00fd c\u1ee7a Ba Huy qu\u00e1 nhi\u1ec1u, h\u00ecnh \u1ea3nh tr\u00ean website kh\u00f4ng th\u1ec3 update h\u1ebft. Qu\u00fd kh\u00e1ch c\u00f3 th\u1ec3 tr\u1ef1c ti\u1ebfp qua kho \u0111\u1ec3 xem h\u00e0ng, ho\u1eb7c li\u00ean h\u1ec7\u00a00963 651 800\u00a0ho\u1eb7c\u00a0fanpage Bahuy\u201c<\/strong><\/p>\n<p>B\u00e0n cafe m\u00e0u tr\u1eafng v\u1edbi thi\u1ebft k\u1ebf hi\u1ec7n \u0111\u1ea1i, r\u1ea5t th\u00edch h\u1ee3p cho c\u00e1c v\u0103n ph\u00f2ng, gia \u0111\u00ecnh c\u00f3 di\u1ec7n t\u00edch khi\u00eam t\u1ed1n. S\u1ef1 k\u1ebft h\u1ee3p c\u1ee7a b\u00e0n v\u00e0 gh\u1ebf cafe mang l\u1ea1i c\u1ea3m gi\u00e1c sang tr\u1ecdng, tinh t\u1ebf cho kh\u00f4ng gian nh\u00e0 b\u1ea1n.<\/p>\n<p>\u2013 H\u00e0ng m\u1edbi 98%<\/p>\n<p>\u2013 B\u00e0n \u0111\u01b0\u1ee3c l\u00e0m t\u1eeb g\u1ed7 MDF m\u00e0u tr\u1eafng.<\/p>\n<p>\u2013 B\u00e0n thi\u1ebft k\u1ebf theo phong c\u00e1ch hi\u1ec7n \u0111\u1ea1i, mang l\u1ea1i kh\u00f4ng gian ho\u00e0n h\u1ea3o cho ph\u00f2ng \u0103n c\u1ee7a gia \u0111\u00ecnh b\u1ea1n.<\/p>\n<p>\u2013 K\u00edch th\u01b0\u1edbc: Chi\u1ec1u cao 75cm x \u0110\u01b0\u1eddng k\u00ednh: 80cm<\/p>\n<p>\u2013 L\u01b0u \u00fd: B\u00e0n ch\u01b0a c\u00f3 gh\u1ebf \u0111i k\u00e8m. Gi\u00e1 gh\u1ebf \u0111i k\u00e8m l\u00e0 340.000\u0111\/ 1 chi\u1ebfc.<\/p>\n<p><img loading=\"lazy\" class=\"aligncenter wp-image-2994\" src=\"https:\/\/bahuy.com\/wp-content\/uploads\/2016\/12\/ban-cafe.jpg\" sizes=\"(max-width: 600px) 100vw, 600px\" srcset=\"https:\/\/bahuy.com\/wp-content\/uploads\/2016\/12\/ban-cafe.jpg 700w, https:\/\/bahuy.com\/wp-content\/uploads\/2016\/12\/ban-cafe-300x293.jpg 300w\" width=\"600\" height=\"585\" \/><\/p>\n<p><strong>L\u00dd DO B\u1ea0N N\u00caN CH\u1eccN N\u1ed8I TH\u1ea4T BA HUY:<\/strong><\/p>\n<ul>\n<li>Gi\u00e1 c\u1ea1nh tranh<\/li>\n<li>Kho n\u1ed9i th\u1ea5t r\u1ed9ng 1500m2<\/li>\n<li>Cung c\u1ea5p tr\u1ecdn g\u00f3i n\u1ed9i th\u1ea5t 1 v\u0103n ph\u00f2ng<\/li>\n<li>Kinh nghi\u1ec7m 5 n\u0103m<\/li>\n<li>H\u00e0ng c\u00f3 s\u1eb5n c\u1ef1c l\u1edbn, giao ngay trong ng\u00e0y.<\/li>\n<\/ul>\n<p><strong>BA HUY \u2013 CH\u1ee2 N\u1ed8I TH\u1ea4T GI\u00c1 R\u1eba V\u00c0 THANH L\u00dd L\u1edaN NH\u1ea4T MI\u1ec0N B\u1eaeC<\/strong><\/p>\n<p>Kho h\u00e0ng S=1500m2\u00a0: S\u1ed1 8 L\u00ea Quang \u0110\u1ea1o, M\u1ef9 \u0110\u00ecnh, T\u1eeb Li\u00eam, H\u00e0 N\u1ed9i<\/p>\n<p>(\u00d4 t\u00f4 con, Xe t\u1ea3i, Container 1,25 t\u1ea5n \u2013 3,5 t\u1ea5n v\u00e0o 24\/24h, \u0110\u01b0\u1eddng L\u00ea Quang \u0110\u1ea1o xe Container 40 feet\u00a0ra v\u00e0o tho\u1ea3i m\u00e1i kh\u00f4ng b\u1ecb c\u1ea5m)<\/p>\n","protected":false},"excerpt":{"rendered":"<p>\u201cDo s\u1ed1 l\u01b0\u1ee3ng v\u00e0 ch\u1ee7ng lo\u1ea1i c\u00e1c m\u1eb7t h\u00e0ng thanh l\u00fd c\u1ee7a Ba Huy qu\u00e1 nhi\u1ec1u, h\u00ecnh \u1ea3nh tr\u00ean website kh\u00f4ng th\u1ec3 update h\u1ebft. Qu\u00fd kh\u00e1ch c\u00f3 th\u1ec3 tr\u1ef1c ti\u1ebfp qua kho \u0111\u1ec3 xem h\u00e0ng, ho\u1eb7c li\u00ean h\u1ec7\u00a00963 651 800\u00a0ho\u1eb7c\u00a0fanpage Bahuy\u201c B\u00e0n cafe m\u00e0u tr\u1eafng v\u1edbi thi\u1ebft k\u1ebf hi\u1ec7n \u0111\u1ea1i, r\u1ea5t th\u00edch h\u1ee3p cho c\u00e1c [&#8230;]\n","protected":false},"featured_media":690,"comment_status":"open","ping_status":"closed","template":"","meta":[],"product_cat":[21,29,22],"product_tag":[],"_links":{"self":[{"href":"https:\/\/demo.bmconnect.vn\/docu\/wp-json\/wp\/v2\/product\/689"}],"collection":[{"href":"https:\/\/demo.bmconnect.vn\/docu\/wp-json\/wp\/v2\/product"}],"about":[{"href":"https:\/\/demo.bmconnect.vn\/docu\/wp-json\/wp\/v2\/types\/product"}],"replies":[{"embeddable":true,"href":"https:\/\/demo.bmconnect.vn\/docu\/wp-json\/wp\/v2\/comments?post=689"}],"wp:featuredmedia":[{"embeddable":true,"href":"https:\/\/demo.bmconnect.vn\/docu\/wp-json\/wp\/v2\/media\/690"}],"wp:attachment":[{"href":"https:\/\/demo.bmconnect.vn\/docu\/wp-json\/wp\/v2\/media?parent=689"}],"wp:term":[{"taxonomy":"product_cat","embeddable":true,"href":"https:\/\/demo.bmconnect.vn\/docu\/wp-json\/wp\/v2\/product_cat?post=689"},{"taxonomy":"product_tag","embeddable":true,"href":"https:\/\/demo.bmconnect.vn\/docu\/wp-json\/wp\/v2\/product_tag?post=689"}],"curies":[{"name":"wp","href":"https:\/\/api.w.org\/{rel}","templated":true}]}}