{"id":683,"date":"2018-03-06T15:09:15","date_gmt":"2018-03-06T08:09:15","guid":{"rendered":"https:\/\/demo.bmconnect.vn\/docu\/?post_type=product&#038;p=683"},"modified":"2018-03-06T15:10:43","modified_gmt":"2018-03-06T08:10:43","slug":"thanh-ly-ban-lam-viec-chan-sat-bnv3cs","status":"publish","type":"product","link":"https:\/\/demo.bmconnect.vn\/docu\/san-pham\/thanh-ly-ban-lam-viec-chan-sat-bnv3cs\/","title":{"rendered":"Thanh l\u00fd b\u00e0n l\u00e0m vi\u1ec7c ch\u00e2n s\u1eaft BNV3CS"},"content":{"rendered":"<p><strong>\u201cDo s\u1ed1 l\u01b0\u1ee3ng v\u00e0 ch\u1ee7ng lo\u1ea1i c\u00e1c m\u1eb7t h\u00e0ng thanh l\u00fd c\u1ee7a Ba Huy qu\u00e1 nhi\u1ec1u, h\u00ecnh \u1ea3nh tr\u00ean website kh\u00f4ng th\u1ec3 update h\u1ebft. Qu\u00fd kh\u00e1ch c\u00f3 th\u1ec3 tr\u1ef1c ti\u1ebfp qua kho \u0111\u1ec3 xem h\u00e0ng, ho\u1eb7c li\u00ean h\u1ec7\u00a00963 651 800\u00a0ho\u1eb7c\u00a0fanpage Bahuy\u201c<\/strong><\/p>\n<p>B\u00e0n th\u00edch h\u1ee3p cho ng\u01b0\u1eddi s\u1eed d\u1ee5ng m\u00e1y vi t\u00ednh. S\u1ea3n ph\u1ea9m th\u01b0\u1eddng \u0111\u01b0\u1ee3c d\u00f9ng nhi\u1ec1u cho trong v\u0103n ph\u00f2ng, gia \u0111\u00ecnh\u2026 ti\u1ebft ki\u1ec7m di\u1ec7n t\u00edch t\u1ed1i \u0111a.<\/p>\n<p>H\u00e0ng c\u00f3 s\u1eb5n t\u1ea1i kho.<\/p>\n<p><strong>M\u00d4 T\u1ea2:\u00a0<\/strong><\/p>\n<ul>\n<li>T\u00ean s\u1ea3n ph\u1ea9m: b\u00e0n nh\u00e2n vi\u00ean ch\u00e2n s\u1eaft m\u1eb7t g\u1ed7 t\u1ef1 nhi\u00ean<\/li>\n<li>Ch\u1ea5t li\u1ec7u: G\u1ed7 t\u1ef1 nhi\u00ean<\/li>\n<li>M\u00e0u s\u1eafc: V\u00e0ng s\u00e1ng c\u00f3 v\u00e2n<\/li>\n<li>K\u00edch th\u01b0\u1edbc: W120cm x R:60cm x H:75cm<\/li>\n<li>\u0110\u1eb7c \u0111i\u1ec3m:<\/li>\n<\/ul>\n<p>\u2013 M\u1eb7t b\u00e0n l\u00e0m b\u1eb1ng g\u1ed7 cao su t\u1ef1 nhi\u00ean b\u1ec1n \u0111\u1eb9p, ch\u1eafc ch\u1eafn<\/p>\n<p>\u2013 Thi\u1ebft k\u1ebf v\u1edbi ch\u00e2n s\u1eaft ph\u1ee7 s\u01a1n t\u0129nh \u0111i\u1ec7n ch\u1ed1ng g\u1ec9, \u1ed1ng ch\u00e2n s\u1eaft 40x40mm, gi\u1eb1ng s\u1eaft 25x50mm.<\/p>\n<ul>\n<li>Xu\u1ea5t x\u1ee9: Vi\u1ec7t Nam<\/li>\n<li>T\u00ecnh tr\u1ea1ng: C\u00f2n h\u00e0ng<\/li>\n<\/ul>\n","protected":false},"excerpt":{"rendered":"<p>\u201cDo s\u1ed1 l\u01b0\u1ee3ng v\u00e0 ch\u1ee7ng lo\u1ea1i c\u00e1c m\u1eb7t h\u00e0ng thanh l\u00fd c\u1ee7a Ba Huy qu\u00e1 nhi\u1ec1u, h\u00ecnh \u1ea3nh tr\u00ean website kh\u00f4ng th\u1ec3 update h\u1ebft. Qu\u00fd kh\u00e1ch c\u00f3 th\u1ec3 tr\u1ef1c ti\u1ebfp qua kho \u0111\u1ec3 xem h\u00e0ng, ho\u1eb7c li\u00ean h\u1ec7\u00a00963 651 800\u00a0ho\u1eb7c\u00a0fanpage Bahuy\u201c B\u00e0n th\u00edch h\u1ee3p cho ng\u01b0\u1eddi s\u1eed d\u1ee5ng m\u00e1y vi t\u00ednh. S\u1ea3n ph\u1ea9m th\u01b0\u1eddng \u0111\u01b0\u1ee3c [&#8230;]\n","protected":false},"featured_media":684,"comment_status":"open","ping_status":"closed","template":"","meta":[],"product_cat":[15,43],"product_tag":[],"_links":{"self":[{"href":"https:\/\/demo.bmconnect.vn\/docu\/wp-json\/wp\/v2\/product\/683"}],"collection":[{"href":"https:\/\/demo.bmconnect.vn\/docu\/wp-json\/wp\/v2\/product"}],"about":[{"href":"https:\/\/demo.bmconnect.vn\/docu\/wp-json\/wp\/v2\/types\/product"}],"replies":[{"embeddable":true,"href":"https:\/\/demo.bmconnect.vn\/docu\/wp-json\/wp\/v2\/comments?post=683"}],"wp:featuredmedia":[{"embeddable":true,"href":"https:\/\/demo.bmconnect.vn\/docu\/wp-json\/wp\/v2\/media\/684"}],"wp:attachment":[{"href":"https:\/\/demo.bmconnect.vn\/docu\/wp-json\/wp\/v2\/media?parent=683"}],"wp:term":[{"taxonomy":"product_cat","embeddable":true,"href":"https:\/\/demo.bmconnect.vn\/docu\/wp-json\/wp\/v2\/product_cat?post=683"},{"taxonomy":"product_tag","embeddable":true,"href":"https:\/\/demo.bmconnect.vn\/docu\/wp-json\/wp\/v2\/product_tag?post=683"}],"curies":[{"name":"wp","href":"https:\/\/api.w.org\/{rel}","templated":true}]}}