{"id":676,"date":"2018-03-06T15:05:33","date_gmt":"2018-03-06T08:05:33","guid":{"rendered":"https:\/\/demo.bmconnect.vn\/docu\/?post_type=product&#038;p=676"},"modified":"2018-03-06T15:05:54","modified_gmt":"2018-03-06T08:05:54","slug":"thanh-ly-ban-nhan-vien-1m2-bnv4-gia-re","status":"publish","type":"product","link":"https:\/\/demo.bmconnect.vn\/docu\/san-pham\/thanh-ly-ban-nhan-vien-1m2-bnv4-gia-re\/","title":{"rendered":"Thanh l\u00fd b\u00e0n nh\u00e2n vi\u00ean 1m2 BNV4 gi\u00e1 r\u1ebb"},"content":{"rendered":"<p><strong>\u201cDo s\u1ed1 l\u01b0\u1ee3ng v\u00e0 ch\u1ee7ng lo\u1ea1i c\u00e1c m\u1eb7t h\u00e0ng thanh l\u00fd c\u1ee7a Ba Huy qu\u00e1 nhi\u1ec1u, h\u00ecnh \u1ea3nh tr\u00ean website kh\u00f4ng th\u1ec3 update h\u1ebft. Qu\u00fd kh\u00e1ch c\u00f3 th\u1ec3 tr\u1ef1c ti\u1ebfp qua kho \u0111\u1ec3 xem h\u00e0ng, ho\u1eb7c li\u00ean h\u1ec7\u00a00963 651 00\u00a0ho\u1eb7c\u00a0fanpage Bahuy\u201c<\/strong><\/p>\n<p>B\u00e0n \u0111\u01b0\u1ee3c l\u00e0m t\u1eeb g\u1ed7 Melamine<\/p>\n<p>K\u00edch th\u01b0\u1edbc: R\u1ed9ng 1m2 x S\u00e2u 60cm x Cao 75cm<\/p>\n<p>B\u00e0n thi\u1ebft k\u1ebf \u0111\u01a1n gi\u1ea3n, ph\u00f9 h\u1ee3p v\u1edbi v\u0103n ph\u00f2ng hi\u1ec7n \u0111\u1ea1i ng\u00e0y nay.<\/p>\n<p><strong>\u201cDo s\u1ed1 l\u01b0\u1ee3ng v\u00e0 ch\u1ee7ng lo\u1ea1i c\u00e1c m\u1eb7t h\u00e0ng thanh l\u00fd c\u1ee7a Ba Huy qu\u00e1 nhi\u1ec1u, h\u00ecnh \u1ea3nh tr\u00ean website kh\u00f4ng th\u1ec3 update h\u1ebft. Qu\u00fd kh\u00e1ch c\u00f3 th\u1ec3 tr\u1ef1c ti\u1ebfp qua kho \u0111\u1ec3 xem h\u00e0ng, ho\u1eb7c li\u00ean h\u1ec7\u00a00963 651 00\u00a0ho\u1eb7c\u00a0fanpage Bahuy\u201c<\/strong><\/p>\n<p>B\u00e0n \u0111\u01b0\u1ee3c l\u00e0m t\u1eeb g\u1ed7 Melamine<\/p>\n<p>K\u00edch th\u01b0\u1edbc: R\u1ed9ng 1m2 x S\u00e2u 60cm x Cao 75cm<\/p>\n<p>B\u00e0n thi\u1ebft k\u1ebf \u0111\u01a1n gi\u1ea3n, ph\u00f9 h\u1ee3p v\u1edbi v\u0103n ph\u00f2ng hi\u1ec7n \u0111\u1ea1i ng\u00e0y nay.<\/p>\n","protected":false},"excerpt":{"rendered":"<p>\u201cDo s\u1ed1 l\u01b0\u1ee3ng v\u00e0 ch\u1ee7ng lo\u1ea1i c\u00e1c m\u1eb7t h\u00e0ng thanh l\u00fd c\u1ee7a Ba Huy qu\u00e1 nhi\u1ec1u, h\u00ecnh \u1ea3nh tr\u00ean website kh\u00f4ng th\u1ec3 update h\u1ebft. Qu\u00fd kh\u00e1ch c\u00f3 th\u1ec3 tr\u1ef1c ti\u1ebfp qua kho \u0111\u1ec3 xem h\u00e0ng, ho\u1eb7c li\u00ean h\u1ec7\u00a00963 651 00\u00a0ho\u1eb7c\u00a0fanpage Bahuy\u201c B\u00e0n \u0111\u01b0\u1ee3c l\u00e0m t\u1eeb g\u1ed7 Melamine K\u00edch th\u01b0\u1edbc: R\u1ed9ng 1m2 x S\u00e2u 60cm x [&#8230;]\n","protected":false},"featured_media":677,"comment_status":"open","ping_status":"closed","template":"","meta":[],"product_cat":[15,43],"product_tag":[],"_links":{"self":[{"href":"https:\/\/demo.bmconnect.vn\/docu\/wp-json\/wp\/v2\/product\/676"}],"collection":[{"href":"https:\/\/demo.bmconnect.vn\/docu\/wp-json\/wp\/v2\/product"}],"about":[{"href":"https:\/\/demo.bmconnect.vn\/docu\/wp-json\/wp\/v2\/types\/product"}],"replies":[{"embeddable":true,"href":"https:\/\/demo.bmconnect.vn\/docu\/wp-json\/wp\/v2\/comments?post=676"}],"wp:featuredmedia":[{"embeddable":true,"href":"https:\/\/demo.bmconnect.vn\/docu\/wp-json\/wp\/v2\/media\/677"}],"wp:attachment":[{"href":"https:\/\/demo.bmconnect.vn\/docu\/wp-json\/wp\/v2\/media?parent=676"}],"wp:term":[{"taxonomy":"product_cat","embeddable":true,"href":"https:\/\/demo.bmconnect.vn\/docu\/wp-json\/wp\/v2\/product_cat?post=676"},{"taxonomy":"product_tag","embeddable":true,"href":"https:\/\/demo.bmconnect.vn\/docu\/wp-json\/wp\/v2\/product_tag?post=676"}],"curies":[{"name":"wp","href":"https:\/\/api.w.org\/{rel}","templated":true}]}}