{"id":674,"date":"2018-03-06T15:04:20","date_gmt":"2018-03-06T08:04:20","guid":{"rendered":"https:\/\/demo.bmconnect.vn\/docu\/?post_type=product&#038;p=674"},"modified":"2018-03-06T15:27:01","modified_gmt":"2018-03-06T08:27:01","slug":"thanh-ly-150-ghe-xoay-luoi-van-phong-btp6","status":"publish","type":"product","link":"https:\/\/demo.bmconnect.vn\/docu\/san-pham\/thanh-ly-150-ghe-xoay-luoi-van-phong-btp6\/","title":{"rendered":"Thanh l\u00fd 150 gh\u1ebf xoay l\u01b0\u1edbi v\u0103n ph\u00f2ng BTP6"},"content":{"rendered":"<p><strong>\u201cDo s\u1ed1 l\u01b0\u1ee3ng v\u00e0 ch\u1ee7ng lo\u1ea1i c\u00e1c m\u1eb7t h\u00e0ng thanh l\u00fd c\u1ee7a Ba Huy qu\u00e1 nhi\u1ec1u, h\u00ecnh \u1ea3nh tr\u00ean website kh\u00f4ng th\u1ec3 update h\u1ebft. Qu\u00fd kh\u00e1ch c\u00f3 th\u1ec3 tr\u1ef1c ti\u1ebfp qua kho \u0111\u1ec3 xem h\u00e0ng, ho\u1eb7c li\u00ean h\u1ec7\u00a00963 651 800\u00a0ho\u1eb7c\u00a0fanpage Bahuy\u201c<\/strong><\/p>\n<p>Gh\u1ebf xoay l\u01b0\u1edbi thi\u1ebft k\u1ebf v\u1edbi\u00a0l\u01b0ng l\u01b0\u1edbi\u00a0\u00a0t\u1ea1o s\u1ef1 tho\u00e1ng m\u00e1t cho ng\u01b0\u1eddi s\u1eed d\u1ee5ng.<\/p>\n<p>H\u00e0ng c\u00f3 s\u1eb5n t\u1ea1i kho.<\/p>\n<p><strong>M\u00d4 T\u1ea2:\u00a0<\/strong><\/p>\n<ul>\n<li>T\u00ean s\u1ea3n ph\u1ea9m: Gh\u1ebf xoay v\u0103n ph\u00f2ng<\/li>\n<li>Ch\u1ea5t li\u1ec7u: N\u1ec9<\/li>\n<li>M\u00e0u s\u1eafc: \u0110en<\/li>\n<li>\u0110\u1eb7c \u0111i\u1ec3m:<\/li>\n<\/ul>\n<p>\u2013 \u0110\u01b0\u1ee3c s\u1eed d\u1ee5ng ph\u1ed5 bi\u1ebfn cho nh\u00e2n vi\u00ean trong c\u00e1c v\u0103n ph\u00f2ng, c\u00f4ng ty, gh\u1ebf c\u00f3 b\u00e1nh xe di chuy\u1ec3n. N\u00e2ng h\u1ea1 \u0111\u1ed9 cao b\u1eb1ng c\u1ea7n h\u01a1i<\/p>\n<p>-Tay gh\u1ebf l\u00e0m\u00a0t\u1eeb ch\u1ea5t li\u1ec7u nh\u1ef1a pp \u0111en.<\/p>\n<p>-N\u1ec7m b\u1ecdc \u00eam \u00e1i, b\u1ecdc v\u1ea3i l\u01b0\u1edbi, thi\u1ebft k\u1ebf ph\u00f9 h\u1ee3p v\u1edbi t\u01b0 th\u1ebf ng\u1ed3i c\u1ee7a ng\u01b0\u1eddi\u00a0s\u1eed d\u1ee5ng.<\/p>\n<p><img loading=\"lazy\" class=\"aligncenter wp-image-3421\" src=\"https:\/\/bahuy.com\/wp-content\/uploads\/2017\/02\/TP5.jpg\" sizes=\"(max-width: 400px) 100vw, 400px\" srcset=\"https:\/\/bahuy.com\/wp-content\/uploads\/2017\/02\/TP5.jpg 600w, https:\/\/bahuy.com\/wp-content\/uploads\/2017\/02\/TP5-300x293.jpg 300w\" alt=\"\" width=\"400\" height=\"390\" \/><\/p>\n<p><img loading=\"lazy\" class=\"aligncenter size-full wp-image-3811\" src=\"https:\/\/bahuy.com\/wp-content\/uploads\/2016\/11\/c%E1%BB%A5m-b%C3%A0n1.jpg\" sizes=\"(max-width: 428px) 100vw, 428px\" srcset=\"https:\/\/bahuy.com\/wp-content\/uploads\/2016\/11\/c\u1ee5m-b\u00e0n1.jpg 428w, https:\/\/bahuy.com\/wp-content\/uploads\/2016\/11\/c\u1ee5m-b\u00e0n1-300x197.jpg 300w\" alt=\"\" width=\"428\" height=\"281\" \/><\/p>\n<p><img loading=\"lazy\" class=\"aligncenter wp-image-4048\" src=\"https:\/\/bahuy.com\/wp-content\/uploads\/2017\/02\/tp6.jpg\" sizes=\"(max-width: 400px) 100vw, 400px\" srcset=\"https:\/\/bahuy.com\/wp-content\/uploads\/2017\/02\/tp6.jpg 500w, https:\/\/bahuy.com\/wp-content\/uploads\/2017\/02\/tp6-300x225.jpg 300w\" alt=\"\" width=\"400\" height=\"300\" \/><\/p>\n<p><img loading=\"lazy\" class=\"aligncenter wp-image-4910\" src=\"https:\/\/bahuy.com\/wp-content\/uploads\/2017\/10\/b%C3%A0n-h%E1%BB%8Dp-cao-su.jpg\" alt=\"\" width=\"400\" height=\"390\" \/><\/p>\n<p>\u2013\u00a0Gh\u1ebf \u0111\u01b0\u1ee3c thi\u1ebft k\u1ebf v\u1edbi ki\u1ec3u d\u00e1ng \u0111\u01a1n gi\u1ea3n nh\u01b0ng v\u1eabn mang n\u00e9t hi\u1ec7n \u0111\u1ea1i, ph\u00f9 h\u1ee3p v\u1edbi m\u1ecdi l\u1ee9a tu\u1ed5i.<\/p>\n<ul>\n<li>Xu\u1ea5t x\u1ee9: Vi\u1ec7t Nam.<\/li>\n<li>T\u00ecnh tr\u1ea1ng: C\u00f2n h\u00e0ng<\/li>\n<\/ul>\n<p>H\u00e3y s\u1edf h\u1eefu n\u00f3 v\u00e0 k\u1ebft h\u1ee3p v\u1edbi nh\u1eefng m\u1eabu b\u00e0n l\u00e0m vi\u1ec7c \u1edf N\u1ed9i th\u1ea5t Ba Huy<\/p>\n<p><strong>L\u00dd DO B\u1ea0N N\u00caN CH\u1eccN N\u1ed8I TH\u1ea4T BA HUY:<\/strong><\/p>\n<ul>\n<li>Gi\u00e1 c\u1ea1nh tranh<\/li>\n<li>Kho n\u1ed9i th\u1ea5t r\u1ed9ng 1500m2<\/li>\n<li>Cung c\u1ea5p tr\u1ecdn g\u00f3i n\u1ed9i th\u1ea5t 1 v\u0103n ph\u00f2ng<\/li>\n<li>Kinh nghi\u1ec7m 5 n\u0103m<\/li>\n<li>H\u00e0ng c\u00f3 s\u1eb5n c\u1ef1c l\u1edbn, giao ngay trong ng\u00e0y.<\/li>\n<\/ul>\n<p><strong>BA HUY \u2013 CH\u1ee2 N\u1ed8I TH\u1ea4T GI\u00c1 R\u1eba V\u00c0 THANH L\u00dd L\u1edaN NH\u1ea4T MI\u1ec0N B\u1eaeC<\/strong><\/p>\n<p>Kho h\u00e0ng S=1500m2\u00a0: S\u1ed1 8 L\u00ea Quang \u0110\u1ea1o, M\u1ef9 \u0110\u00ecnh, T\u1eeb Li\u00eam, H\u00e0 N\u1ed9i<\/p>\n<p>(\u00d4 t\u00f4 con, Xe t\u1ea3i, Container 1,25 t\u1ea5n \u2013 3,5 t\u1ea5n v\u00e0o 24\/24h, \u0110\u01b0\u1eddng L\u00ea Quang \u0110\u1ea1o xe Container 40 feet\u00a0ra v\u00e0o tho\u1ea3i m\u00e1i kh\u00f4ng b\u1ecb c\u1ea5m)<\/p>\n<p>&nbsp;<\/p>\n","protected":false},"excerpt":{"rendered":"<p>\u201cDo s\u1ed1 l\u01b0\u1ee3ng v\u00e0 ch\u1ee7ng lo\u1ea1i c\u00e1c m\u1eb7t h\u00e0ng thanh l\u00fd c\u1ee7a Ba Huy qu\u00e1 nhi\u1ec1u, h\u00ecnh \u1ea3nh tr\u00ean website kh\u00f4ng th\u1ec3 update h\u1ebft. Qu\u00fd kh\u00e1ch c\u00f3 th\u1ec3 tr\u1ef1c ti\u1ebfp qua kho \u0111\u1ec3 xem h\u00e0ng, ho\u1eb7c li\u00ean h\u1ec7\u00a00963 651 800\u00a0ho\u1eb7c\u00a0fanpage Bahuy\u201c Gh\u1ebf xoay l\u01b0\u1edbi thi\u1ebft k\u1ebf v\u1edbi\u00a0l\u01b0ng l\u01b0\u1edbi\u00a0\u00a0t\u1ea1o s\u1ef1 tho\u00e1ng m\u00e1t cho ng\u01b0\u1eddi s\u1eed d\u1ee5ng. [&#8230;]\n","protected":false},"featured_media":675,"comment_status":"open","ping_status":"closed","template":"","meta":[],"product_cat":[15,29,22,44],"product_tag":[],"_links":{"self":[{"href":"https:\/\/demo.bmconnect.vn\/docu\/wp-json\/wp\/v2\/product\/674"}],"collection":[{"href":"https:\/\/demo.bmconnect.vn\/docu\/wp-json\/wp\/v2\/product"}],"about":[{"href":"https:\/\/demo.bmconnect.vn\/docu\/wp-json\/wp\/v2\/types\/product"}],"replies":[{"embeddable":true,"href":"https:\/\/demo.bmconnect.vn\/docu\/wp-json\/wp\/v2\/comments?post=674"}],"wp:featuredmedia":[{"embeddable":true,"href":"https:\/\/demo.bmconnect.vn\/docu\/wp-json\/wp\/v2\/media\/675"}],"wp:attachment":[{"href":"https:\/\/demo.bmconnect.vn\/docu\/wp-json\/wp\/v2\/media?parent=674"}],"wp:term":[{"taxonomy":"product_cat","embeddable":true,"href":"https:\/\/demo.bmconnect.vn\/docu\/wp-json\/wp\/v2\/product_cat?post=674"},{"taxonomy":"product_tag","embeddable":true,"href":"https:\/\/demo.bmconnect.vn\/docu\/wp-json\/wp\/v2\/product_tag?post=674"}],"curies":[{"name":"wp","href":"https:\/\/api.w.org\/{rel}","templated":true}]}}