{"id":658,"date":"2018-03-06T00:44:07","date_gmt":"2018-03-05T17:44:07","guid":{"rendered":"https:\/\/demo.bmconnect.vn\/docu\/?post_type=product&#038;p=658"},"modified":"2018-03-06T15:26:54","modified_gmt":"2018-03-06T08:26:54","slug":"bo-ban-an-go-xoan-tu-nhien-ba1","status":"publish","type":"product","link":"https:\/\/demo.bmconnect.vn\/docu\/san-pham\/bo-ban-an-go-xoan-tu-nhien-ba1\/","title":{"rendered":"B\u1ed9 b\u00e0n \u0103n g\u1ed7 xoan t\u1ef1 nhi\u00ean BA1"},"content":{"rendered":"<p><strong>\u201cDo s\u1ed1 l\u01b0\u1ee3ng v\u00e0 ch\u1ee7ng lo\u1ea1i c\u00e1c m\u1eb7t h\u00e0ng thanh l\u00fd c\u1ee7a Ba Huy qu\u00e1 nhi\u1ec1u, h\u00ecnh \u1ea3nh tr\u00ean website kh\u00f4ng th\u1ec3 update h\u1ebft. Qu\u00fd kh\u00e1ch c\u00f3 th\u1ec3 tr\u1ef1c ti\u1ebfp qua kho \u0111\u1ec3 xem h\u00e0ng, ho\u1eb7c li\u00ean h\u1ec7\u00a00963 651 800\u00a0ho\u1eb7c\u00a0fanpage Bahuy\u201c<\/strong><\/p>\n<p>Trong m\u1ed7i ng\u00f4i nh\u00e0 th\u00e2n y\u00eau, kh\u00f4ng gian ph\u00f2ng b\u1ebfp c\u00f3 \u1ea5m c\u00fang th\u00ec gia \u0111\u00ecnh m\u1edbi h\u1ea1nh ph\u00fac. B\u00e0n \u0103n l\u00e0 n\u01a1i sum h\u1ecdp gia \u0111\u00ecnh sau m\u1ed9t ng\u00e0y l\u00e0m vi\u1ec7c c\u1ef1c nh\u1ecdc, v\u1ea5t v\u1ea3.<\/p>\n<p>H\u00e0ng c\u00f3 s\u1eb5n t\u1ea1i kho N\u1ed9i th\u1ea5t Ba Huy.<\/p>\n<p><strong>M\u00d4 T\u1ea2:\u00a0<\/strong><\/p>\n<ul>\n<li>T\u00ean s\u1ea3n ph\u1ea9m: B\u00e0n \u0103n g\u1ed7 xoan<\/li>\n<li>Ch\u1ea5t li\u1ec7u: G\u1ed7 xoan t\u1ef1 nhi\u00ean<\/li>\n<li>M\u00e0u s\u1eafc: N\u00e2u s\u00e1ng<\/li>\n<li>K\u00edch th\u01b0\u1edbc: 1,6mx0,8m<\/li>\n<li>\u0110\u1eb7c \u0111i\u1ec3m:<\/li>\n<\/ul>\n<p>\u2013 \u00a0B\u1ed9 b\u00e0n \u0103n 2 t\u1ea7ng, bao g\u1ed3m 1 b\u00e0n v\u00e0 6 \u00a0gh\u1ebf, m\u1eb7t k\u00ednh 8ly<\/p>\n<p><img loading=\"lazy\" class=\"aligncenter wp-image-4206\" src=\"https:\/\/bahuy.com\/wp-content\/uploads\/2017\/06\/b%C3%A0n-%C4%83n-xoan-ta.jpg\" sizes=\"(max-width: 400px) 100vw, 400px\" srcset=\"https:\/\/bahuy.com\/wp-content\/uploads\/2017\/06\/b\u00e0n-\u0103n-xoan-ta.jpg 600w, https:\/\/bahuy.com\/wp-content\/uploads\/2017\/06\/b\u00e0n-\u0103n-xoan-ta-300x293.jpg 300w\" alt=\"\" width=\"400\" height=\"390\" \/><\/p>\n<p><img loading=\"lazy\" class=\"aligncenter wp-image-4208\" src=\"https:\/\/bahuy.com\/wp-content\/uploads\/2017\/06\/b%C3%A0n-%C4%83n-g%E1%BB%97-xoan.jpg\" sizes=\"(max-width: 400px) 100vw, 400px\" srcset=\"https:\/\/bahuy.com\/wp-content\/uploads\/2017\/06\/b\u00e0n-\u0103n-g\u1ed7-xoan.jpg 600w, https:\/\/bahuy.com\/wp-content\/uploads\/2017\/06\/b\u00e0n-\u0103n-g\u1ed7-xoan-300x200.jpg 300w\" alt=\"\" width=\"400\" height=\"267\" \/><\/p>\n<p><img loading=\"lazy\" class=\"aligncenter wp-image-4297\" src=\"https:\/\/bahuy.com\/wp-content\/uploads\/2017\/06\/b%C3%A0n-%C4%83n-xoan.jpg\" sizes=\"(max-width: 400px) 100vw, 400px\" srcset=\"https:\/\/bahuy.com\/wp-content\/uploads\/2017\/06\/b\u00e0n-\u0103n-xoan.jpg 600w, https:\/\/bahuy.com\/wp-content\/uploads\/2017\/06\/b\u00e0n-\u0103n-xoan-225x300.jpg 225w\" alt=\"\" width=\"400\" height=\"533\" \/><\/p>\n<p>\u2013 M\u00e0u s\u1eafc trang nh\u00e3, l\u00e0m n\u1ed5i b\u1eadt ph\u00f2ng b\u1ebfp c\u1ee7a\u00a0b\u1ea1n. D\u1ec5 d\u00e0ng k\u1ebft h\u1ee3p v\u1edbi n\u1ed9i th\u1ea5t trong ph\u00f2ng b\u1ebfp c\u1ee7a b\u1ea1n. T\u1ea1o n\u00ean kh\u00f4ng gian \u1ea5m c\u00fang nh\u1ea5t<\/p>\n<ul>\n<li>Xu\u1ea5t x\u1ee9: Vi\u1ec7t Nam<\/li>\n<li>T\u00ecnh tr\u1ea1ng: C\u00f2n h\u00e0ng<\/li>\n<\/ul>\n<p><strong>L\u00dd DO B\u1ea0N N\u00caN CH\u1eccN N\u1ed8I TH\u1ea4T BA HUY:<\/strong><\/p>\n<ul>\n<li>Gi\u00e1 c\u1ea1nh tranh<\/li>\n<li>Kho n\u1ed9i th\u1ea5t r\u1ed9ng 1500m2<\/li>\n<li>Cung c\u1ea5p tr\u1ecdn g\u00f3i n\u1ed9i th\u1ea5t 1 v\u0103n ph\u00f2ng<\/li>\n<li>Kinh nghi\u1ec7m 5 n\u0103m<\/li>\n<li>H\u00e0ng c\u00f3 s\u1eb5n c\u1ef1c l\u1edbn, giao ngay trong ng\u00e0y.<\/li>\n<\/ul>\n<p><strong>BA HUY \u2013 CH\u1ee2 N\u1ed8I TH\u1ea4T GI\u00c1 R\u1eba V\u00c0 THANH L\u00dd L\u1edaN NH\u1ea4T MI\u1ec0N B\u1eaeC<\/strong><\/p>\n<p>Kho h\u00e0ng S=1500m2\u00a0: S\u1ed1 8 L\u00ea Quang \u0110\u1ea1o, M\u1ef9 \u0110\u00ecnh, T\u1eeb Li\u00eam, H\u00e0 N\u1ed9i<\/p>\n<p>(\u00d4 t\u00f4 con, Xe t\u1ea3i, Container 1,25 t\u1ea5n \u2013 3,5 t\u1ea5n v\u00e0o 24\/24h, \u0110\u01b0\u1eddng L\u00ea Quang \u0110\u1ea1o xe Container 40 feet\u00a0ra v\u00e0o tho\u1ea3i m\u00e1i kh\u00f4ng b\u1ecb c\u1ea5m)<\/p>\n<p>&nbsp;<\/p>\n","protected":false},"excerpt":{"rendered":"<p>Trong m\u1ed7i ng\u00f4i nh\u00e0 th\u00e2n y\u00eau, kh\u00f4ng gian ph\u00f2ng b\u1ebfp c\u00f3 \u1ea5m c\u00fang th\u00ec gia \u0111\u00ecnh m\u1edbi h\u1ea1nh ph\u00fac. B\u00e0n \u0103n l\u00e0 n\u01a1i sum h\u1ecdp gia \u0111\u00ecnh sau m\u1ed9t ng\u00e0y l\u00e0m vi\u1ec7c c\u1ef1c nh\u1ecdc, v\u1ea5t v\u1ea3.<\/p>\n","protected":false},"featured_media":659,"comment_status":"open","ping_status":"closed","template":"","meta":[],"product_cat":[15,17,29,22],"product_tag":[],"_links":{"self":[{"href":"https:\/\/demo.bmconnect.vn\/docu\/wp-json\/wp\/v2\/product\/658"}],"collection":[{"href":"https:\/\/demo.bmconnect.vn\/docu\/wp-json\/wp\/v2\/product"}],"about":[{"href":"https:\/\/demo.bmconnect.vn\/docu\/wp-json\/wp\/v2\/types\/product"}],"replies":[{"embeddable":true,"href":"https:\/\/demo.bmconnect.vn\/docu\/wp-json\/wp\/v2\/comments?post=658"}],"wp:featuredmedia":[{"embeddable":true,"href":"https:\/\/demo.bmconnect.vn\/docu\/wp-json\/wp\/v2\/media\/659"}],"wp:attachment":[{"href":"https:\/\/demo.bmconnect.vn\/docu\/wp-json\/wp\/v2\/media?parent=658"}],"wp:term":[{"taxonomy":"product_cat","embeddable":true,"href":"https:\/\/demo.bmconnect.vn\/docu\/wp-json\/wp\/v2\/product_cat?post=658"},{"taxonomy":"product_tag","embeddable":true,"href":"https:\/\/demo.bmconnect.vn\/docu\/wp-json\/wp\/v2\/product_tag?post=658"}],"curies":[{"name":"wp","href":"https:\/\/api.w.org\/{rel}","templated":true}]}}