{"id":388,"date":"2017-05-06T22:55:23","date_gmt":"2017-05-06T15:55:23","guid":{"rendered":"http:\/\/noithatgiadung.vn\/?page_id=388"},"modified":"2017-05-06T22:55:23","modified_gmt":"2017-05-06T15:55:23","slug":"chinh-sach-ban-hang","status":"publish","type":"page","link":"https:\/\/demo.bmconnect.vn\/dochoi\/chinh-sach-ban-hang\/","title":{"rendered":"Ch\u00ednh s\u00e1ch b\u00e1n h\u00e0ng"},"content":{"rendered":"","protected":false},"excerpt":{"rendered":"","protected":false},"author":1,"featured_media":0,"parent":0,"menu_order":0,"comment_status":"closed","ping_status":"closed","template":"","meta":[],"_links":{"self":[{"href":"https:\/\/demo.bmconnect.vn\/dochoi\/wp-json\/wp\/v2\/pages\/388"}],"collection":[{"href":"https:\/\/demo.bmconnect.vn\/dochoi\/wp-json\/wp\/v2\/pages"}],"about":[{"href":"https:\/\/demo.bmconnect.vn\/dochoi\/wp-json\/wp\/v2\/types\/page"}],"author":[{"embeddable":true,"href":"https:\/\/demo.bmconnect.vn\/dochoi\/wp-json\/wp\/v2\/users\/1"}],"replies":[{"embeddable":true,"href":"https:\/\/demo.bmconnect.vn\/dochoi\/wp-json\/wp\/v2\/comments?post=388"}],"version-history":[{"count":1,"href":"https:\/\/demo.bmconnect.vn\/dochoi\/wp-json\/wp\/v2\/pages\/388\/revisions"}],"predecessor-version":[{"id":389,"href":"https:\/\/demo.bmconnect.vn\/dochoi\/wp-json\/wp\/v2\/pages\/388\/revisions\/389"}],"wp:attachment":[{"href":"https:\/\/demo.bmconnect.vn\/dochoi\/wp-json\/wp\/v2\/media?parent=388"}],"curies":[{"name":"wp","href":"https:\/\/api.w.org\/{rel}","templated":true}]}}