{"id":990,"date":"2019-04-15T17:31:29","date_gmt":"2019-04-15T10:31:29","guid":{"rendered":"http:\/\/demo.bmconnect.vn\/dienmay3\/?post_type=product&#038;p=990"},"modified":"2019-04-15T17:31:30","modified_gmt":"2019-04-15T10:31:30","slug":"goi-massage-hong-ngoai","status":"publish","type":"product","link":"https:\/\/demo.bmconnect.vn\/dienmay3\/goi-massage-hong-ngoai\/","title":{"rendered":"G\u1ed1i Massage H\u1ed3ng Ngo\u1ea1i"},"content":{"rendered":"<h2><strong>Xua Tan M\u1ec7t M\u1ecfi, \u0110au Nh\u1ee9c V\u1edbi\u00a0G\u1ed1i Massage H\u1ed3ng Ngo\u1ea1i\u00a0<\/strong><\/h2>\n<p>Nh\u1eefng c\u01a1n \u0111au nh\u1ee9c c\u01a1 th\u1ec3 do b\u1ea1n ph\u1ea3i l\u00e0m vi\u1ec7c qu\u00e1 l\u00e2u b\u00ean m\u00e1y t\u00ednh, hay b\u1ea1n ng\u1ed3i l\u00e1i xe qu\u00e1 nhi\u1ec1u khi\u1ebfn b\u1ea1n r\u1ea5t m\u1ec7t m\u1ecfi v\u00e0 kh\u00f3 ch\u1ecbu. Gi\u1ea3i ph\u00e1p \u0111\u1ec3 xua tan nh\u1eefng c\u01a1n \u0111au nh\u1ee9c n\u00e0y l\u00e0 g\u00ec?\u00a0<strong>h\u1ecdc k\u1ebf t\u00e1n t\u1ea1i c\u1ea7u gi\u1ea5y<\/strong><\/p>\n<p>Khi b\u1ea1n l\u00e0 ng\u01b0\u1eddi qu\u00e1 b\u1eadn r\u1ed9n v\u1edbi c\u00f4ng vi\u1ec7c m\u00e0 kh\u00f4ng c\u00f3 th\u1eddi gian \u0111\u1ec3 t\u1eadp luy\u1ec7n v\u00e0 massage c\u01a1 th\u1ec3. B\u1ea1n h\u00e3y y\u00ean t\u00e2m v\u00ec nay \u0111\u00e3 c\u00f3 chi\u1ebfc\u00a0<strong>G\u1ed1i Massage H\u1ed3ng Ngo\u1ea1i\u00a0<\/strong>\u00a0v\u1edbi thi\u1ebft k\u1ebf nh\u1ecf g\u1ecdn, gi\u00fap xua tan c\u01a1n m\u1ec7t m\u1ecfi, gi\u1ea3m \u0111au nhanh v\u00e0 hi\u1ec7u qu\u1ea3.<\/p>\n<p>B\u1ea1n c\u00f3 bi\u1ebft ng\u1ee7 sai t\u01b0 th\u1ebf, hay th\u1eddi ti\u1ebft th\u1ea5t th\u01b0\u1eddng, kh\u00f4ng kh\u00ed \u00f4 nhi\u1ec5m \u0111\u00f3 l\u00e0 m\u1ed9t trong nh\u1eefng nguy\u00ean nh\u00e2n g\u00e2y t\u00ecnh trang t\u1eafc m\u1ea1ch m\u00e1u, kh\u00f4ng l\u01b0u th\u00f4ng d\u1eabn \u0111\u1ebfn b\u1ea1n th\u01b0\u1eddng b\u1ecb m\u1ec7t m\u1ecfi, \u0111au nh\u1ee9c?\u00a0<strong>h\u1ecdc logistics<\/strong><\/p>\n<p>M\u1eb7t kh\u00e1c c\u01b0\u1eddng \u0111\u1ed9 ph\u1ea3i l\u00e0m vi\u1ec7c, ph\u1ea3i ng\u1ed3i nhi\u1ec1u b\u00ean m\u00e1y t\u00ednh hay ph\u1ea3i l\u00e1i xe nhi\u1ec1u,\u2026.l\u00e0m b\u1ea1n \u0111au nh\u1ee9c c\u01a1 th\u1ec3 b\u1ea1n mu\u1ed1n \u0111i massage,\u2026\u0111i\u1ec1u n\u00e0y l\u00e0m r\u1ea5t nhi\u1ec1u ng\u01b0\u1eddi ng\u1ea1i do kh\u00f4ng c\u00f3 nhi\u1ec1u th\u1eddi gian.<\/p>\n<p>H\u00e3y\u00a0y\u00ean t\u00e2m v\u00ec nay \u0111\u00e3 c\u00f3 chi\u1ebfc\u00a0<strong>G\u1ed1i Massage Vai G\u00e1y H\u1ed3ng Ngo\u1ea1i<\/strong>,\u00a0m\u1ed9t gi\u1ea3i ph\u00e1p massage gi\u00fap b\u1ea1n gi\u1ea3i t\u1ecfa m\u1ecdi m\u1ec7t m\u1ecfi,\u2026v\u1edbi m\u1ed9t chi\u1ebfc m\u00e1y thi\u1ebft k\u1ebf nh\u1ecf ng\u1ecdn h\u1ee3p l\u00fd v\u1edbi thi\u1ebft k\u1ebf sang tr\u1ecdng s\u1ebd l\u00e0 ng\u01b0\u1eddi b\u1ea1n \u0111\u1ed3ng h\u00e0nh c\u1ee7a b\u1ea1n.<\/p>\n","protected":false},"excerpt":{"rendered":"<ul class=\"attribute-single number-one\">\n<li><span class=\"left\">M\u00e3 SP:<\/span><span class=\"right\">FJ \u2013 488K<\/span><\/li>\n<li><span class=\"left\">K\u00edch th\u01b0\u1edbc:<\/span><span class=\"right\">30 x 20 x 13 cm<\/span><\/li>\n<li><span class=\"left\">Ngu\u1ed3n \u0111i\u1ec7n:<\/span><span class=\"right\">110 \u2013 220v \/ 60Hz<\/span><\/li>\n<li><span class=\"left\">\u0110i\u1ec7n n\u0103ng:<\/span><span class=\"right\">30W<\/span><\/li>\n<li><span class=\"left\">T\/g ho\u1ea1t \u0111\u1ed9ng:<\/span><span class=\"right\">15 \u2013 30 ph\u00fat<\/span><\/li>\n<\/ul>\n","protected":false},"featured_media":991,"comment_status":"open","ping_status":"closed","template":"","meta":[],"product_cat":[35],"product_tag":[],"_links":{"self":[{"href":"https:\/\/demo.bmconnect.vn\/dienmay3\/wp-json\/wp\/v2\/product\/990"}],"collection":[{"href":"https:\/\/demo.bmconnect.vn\/dienmay3\/wp-json\/wp\/v2\/product"}],"about":[{"href":"https:\/\/demo.bmconnect.vn\/dienmay3\/wp-json\/wp\/v2\/types\/product"}],"replies":[{"embeddable":true,"href":"https:\/\/demo.bmconnect.vn\/dienmay3\/wp-json\/wp\/v2\/comments?post=990"}],"wp:featuredmedia":[{"embeddable":true,"href":"https:\/\/demo.bmconnect.vn\/dienmay3\/wp-json\/wp\/v2\/media\/991"}],"wp:attachment":[{"href":"https:\/\/demo.bmconnect.vn\/dienmay3\/wp-json\/wp\/v2\/media?parent=990"}],"wp:term":[{"taxonomy":"product_cat","embeddable":true,"href":"https:\/\/demo.bmconnect.vn\/dienmay3\/wp-json\/wp\/v2\/product_cat?post=990"},{"taxonomy":"product_tag","embeddable":true,"href":"https:\/\/demo.bmconnect.vn\/dienmay3\/wp-json\/wp\/v2\/product_tag?post=990"}],"curies":[{"name":"wp","href":"https:\/\/api.w.org\/{rel}","templated":true}]}}