{"id":949,"date":"2019-04-15T16:14:34","date_gmt":"2019-04-15T09:14:34","guid":{"rendered":"http:\/\/demo.bmconnect.vn\/dienmay3\/?post_type=product&#038;p=949"},"modified":"2019-04-15T16:20:31","modified_gmt":"2019-04-15T09:20:31","slug":"ghe-ntk-bella-tv-2610","status":"publish","type":"product","link":"https:\/\/demo.bmconnect.vn\/dienmay3\/ghe-ntk-bella-tv-2610\/","title":{"rendered":"Gh\u1ebf Massage nh\u1eadp kh\u1ea9u NTK BELLA-TV 2610"},"content":{"rendered":"<div><strong>Ch\u1ee9c n\u0103ng:<\/strong><br \/>\n\u2013 Thi\u1ebft k\u1ebf s\u00e1ng t\u1ea1o m\u1edbi \u2013 chuy\u1ec3n \u0111\u1ed9ng \u0111\u1ed3ng b\u1ed9 \u2013 cho b\u1ea1n m\u1ed9t kh\u00f4ng gian l\u00fd t\u01b0\u1edfng v\u00e0 c\u1ea3m gi\u00e1c t\u1eadn h\u01b0\u1edfng n\u1ed5i b\u1eadt<br \/>\n\u2013 Thi\u1ebft k\u1ebf t\u1ef1a ch\u00e2n hi\u1ec7n \u0111\u1ea1i nh\u1ea5t<br \/>\n\u2013 \u00c1p d\u1ee5ng c\u00f4ng ngh\u1ec7 kh\u00ed n\u00e9n ti\u00ean ti\u1ebfn mang l\u1ea1i cho b\u1ea1n c\u1ea3m gi\u00e1c m\u00e1t xa kh\u00ed\u00a0 t\u1ec9 m\u1ec9 v\u00e0 chu \u0111\u00e1o<br \/>\n\u2013 C\u00e1c ch\u1ebf \u0111\u1ed9 massage \u0111a d\u1ea1ng, phong ph\u00fa, 6 ch\u1ebf \u0111\u1ed9 v\u00e0 m\u1ea1nh m\u1ebd cho ph\u00e9p r\u1ea3nh tay<\/div>\n<div>\u2013 H\u1ec7 th\u1ed1ng ph\u00e2n ph\u1ed1i kh\u00ed v\u1edbi t\u00fai kh\u00ed m\u00f4 ph\u1ecfng c\u00e1c \u0111\u1ed9ng t\u00e1c m\u00e1t xa c\u1ee7a chuy\u00ean vi\u00ean massage s\u1ebd mang l\u1ea1i c\u1ea3m gi\u00e1c m\u00e1t xa t\u1ec9 m\u1ec9 v\u00e0 chu \u0111\u00e1o.<br \/>\n\u2013 C\u00e1c \u0111\u1ed9ng t\u00e1c m\u00e1t xa m\u00f4 ph\u1ecfng \u0111\u1ed9ng t\u00e1c c\u1ee7a ng\u01b0\u1eddi \u0111\u1ec3 l\u00e0m d\u1ecbu b\u1edbt v\u00e0 lo\u1ea1i b\u1ecf h\u1ebft nh\u1eefng m\u1ec7t m\u1ecfi<br \/>\n\u2013 M\u00e1t xa k\u00e9o d\u00e3n c\u01a1 th\u1ec3 v\u00e0 v\u1eb7n ng\u01b0\u1eddi theo li\u1ec7u ph\u00e1p Chiropractic l\u1ea7n \u0111\u1ea7u ti\u00ean \u0111\u01b0\u1ee3c \u00e1p d\u1ee5ng.<br \/>\n\u2013 Thi\u1ebft k\u1ebf \u0111\u1ed9ng c\u01a1 an to\u00e0n t\u1ed1c \u0111\u1ed9 si\u00eau ch\u1eadm, t\u00e1c d\u1ee5ng s\u00e2u.<br \/>\n\u2013 X\u00e1c \u0111\u1ecbnh v\u1ecb tr\u00ed m\u00e1t xa th\u1ebf h\u1ec7 II b\u1eb1ng h\u1ed3ng ngo\u1ea1i.<br \/>\n\u2013 Ki\u1ec3u d\u00e1ng thu\u00f4n v\u1edbi \u0111\u01b0\u1eddng cong ho\u00e0n h\u1ea3o b\u1ea3o \u0111\u1ea3m h\u1ee3p ti\u00eau ch\u00ed v\u1ec1 th\u1ea9m m\u1ef9 v\u00e0 th\u1eddi trang.<br \/>\n\u2013 Thi\u1ebft k\u1ebf ho\u00e0n h\u1ea3o ph\u00f9 h\u1ee3p v\u1edbi nh\u1eefng \u0111i\u1ec3m hay nh\u1ee9c m\u1ecfi nh\u1ea5t c\u1ee7a c\u01a1 th\u1ec3\u00a0gi\u00fap b\u1ea1n h\u01b0\u1edfng th\u1ee5 ph\u01b0\u01a1ng ph\u00e1p massage hi\u1ec7n \u0111\u1ea1i nh\u1ea5t.<br \/>\n\u2013 M\u00e0u s\u1eafc \u0111a d\u1ea1ng, th\u1eddi trang, ph\u00f9 h\u1ee3p v\u1edbi m\u1ecdi gia \u0111\u00ecnh.\u00a0T\u00f4ng m\u00e0u s\u1ed1ng \u0111\u1ed9ng cho thi\u1ebft k\u1ebf n\u1ed9i th\u1ea5t th\u1eadt ho\u00e0n h\u1ea3o.<br \/>\n\u2013 Ki\u1ec3u d\u00e1ng \u0111\u1eb9p v\u00e0 phong c\u00e1ch, sang tr\u1ecdng, ch\u1ed7 ng\u1ed3i ti\u1ec7n nghi v\u00e0 tr\u1ea3i nghi\u1ec7m c\u1ea3m gi\u00e1c m\u00e1t xa n\u1eb1m.\u00a0\u2013 B\u01b0\u1edbc \u0111\u1ed9t ph\u00e1 trong xu h\u01b0\u1edbng th\u1ea9m m\u1ef9 hi\u1ec7n \u0111\u1ea1i<br \/>\n<strong>Hi\u1ec7u qu\u1ea3:\u00a0<\/strong><\/p>\n<div>\u2014- Gi\u00fap m\u00e1u huy\u1ebft l\u01b0u th\u00f4ng, c\u1ea3i thi\u1ec7n tu\u1ea7n ho\u00e0n m\u00e1u, t\u0103ng c\u01b0\u1eddng \u00f4xy v\u00e0 d\u01b0\u1ee1ng ch\u1ea5t \u0111\u1ebfn n\u01a1i b\u1ecb t\u1ed5n th\u01b0\u01a1ng, h\u1ed7 tr\u1ee3 s\u1ef1 ph\u1ee5c h\u1ed3i.<\/div>\n<div>\u2014- H\u1ed7 tr\u1ee3 ti\u00eau h\u00f3a, th\u00fac \u0111\u1ea9y qu\u00e1 tr\u00ecnh chao \u0111\u1ed5i ch\u1ea5t v\u00e0 kh\u1eed \u0111\u1ed9c hi\u1ec7u qu\u1ea3<\/div>\n<div>\u2014- Gi\u1ea3m b\u1edbt s\u1ef1 c\u0103ng c\u01a1, \u0111au c\u01a1, th\u1ea3 l\u1ecfng c\u01a1 b\u1ecb n\u00e9n.<\/div>\n<div>\u2014- C\u1ea3i thi\u1ec7n gi\u1ea5c ng\u1ee7, c\u1ee7ng c\u1ed1 h\u1ec7 mi\u1ec5n d\u1ecbch c\u1ee7a c\u01a1 th\u1ec3.<\/div>\n<div>\u2014- Gi\u1ea3i t\u1ecfa c\u01a1n \u0111au th\u1ea7n kinh, gi\u1ea3m stress, lo \u00e2u, c\u0103ng th\u1eb3ng.<\/div>\n<div>\u2014- C\u1ea3i thi\u1ec7n v\u00e0 c\u1ee7ng c\u1ed1 c\u00e1c ch\u1ee9c n\u0103ng c\u1ee7a c\u01a1 quan n\u1ed9i t\u1ea1ng trong c\u01a1 th\u1ec3 con ng\u01b0\u1eddi.<\/div>\n<div>\u2014- Gi\u00fap \u0111i\u1ec1u ch\u1ec9nh l\u1ea1i c\u00e1c di l\u1ec7ch c\u1ee7a kh\u1edbp \u0111\u1ed1t s\u1ed1ng<\/div>\n<div>\u2014- L\u00e0m d\u00e3n c\u01a1 th\u1ee5 \u0111\u1ed9ng, \u0111i\u1ec1u ch\u1ec9nh l\u1ea1i t\u01b0 th\u1ebf c\u1ee7a c\u1ed9t s\u1ed1ng.<\/div>\n<div>\u2014- Hi\u1ec7u qu\u1ea3 t\u00edch c\u1ef1c v\u1edbi m\u1ed9t s\u1ed1 ch\u1ee9ng b\u1ec7nh nh\u01b0: th\u1ea5p kh\u1edbp, th\u1ea7n kinh t\u1ecda,huy\u1ebft \u00e1p cao, ti\u1ec3u \u0111\u01b0\u1eddng,c\u1ea3m m\u1ea1o phong h\u00e0n, l\u1ea1nh tay ch\u00e2n, ra m\u1ed3 h\u00f4i ch\u00e2n, m\u1ea5t ng\u1ee7\u2026<\/div>\n<\/div>\n","protected":false},"excerpt":{"rendered":"<p>Tr\u1ecdng l\u01b0\u1ee3ng\u00a0 :\u00a0 \u00a0 \u00a0 \u00a0 \u00a0 132kg<br \/>\nCh\u1ea5t li\u1ec7u da :\u00a0 \u00a0 \u00a0 \u00a0 \u00a0 \u00a0 simily<br \/>\n\u0110i\u1ec7n \u00e1p :\u00a0 \u00a0 \u00a0 \u00a0 \u00a0 \u00a0 \u00a0 \u00a0 \u00a0 \u00a0220 -240v, 50\/60Hz<br \/>\nC\u00f4ng su\u1ed1t :\u00a0 \u00a0 \u00a0 \u00a0 \u00a0 \u00a0 \u00a0 \u00a0200w<br \/>\nM\u1ea7u s\u1eafc\u00a0 \u00a0 :\u00a0 \u00a0 \u00a0 \u00a0 \u00a0 \u00a0 \u00a0 \u00a0\u0110\u1ecf, \u0110en<br \/>\nTime li\u1ec7u tr\u00ecnh:\u00a0 \u00a0 \u00a0 \u00a0 \u00a0 15 -&gt; 30p<br \/>\n\u00c2m thanh :\u00a0 \u00a0 \u00a0 \u00a0 \u00a0 \u00a0 \u00a0 \u00a0 \u00a0loa blutood<br \/>\n\u0110\u01b0\u1ee3c s\u1ea3n xu\u1ea5t tr\u00ean c\u00f4ng ngh\u1ec7 Nh\u1eadt B\u1ea3n<\/p>\n","protected":false},"featured_media":948,"comment_status":"open","ping_status":"closed","template":"","meta":[],"product_cat":[15],"product_tag":[],"_links":{"self":[{"href":"https:\/\/demo.bmconnect.vn\/dienmay3\/wp-json\/wp\/v2\/product\/949"}],"collection":[{"href":"https:\/\/demo.bmconnect.vn\/dienmay3\/wp-json\/wp\/v2\/product"}],"about":[{"href":"https:\/\/demo.bmconnect.vn\/dienmay3\/wp-json\/wp\/v2\/types\/product"}],"replies":[{"embeddable":true,"href":"https:\/\/demo.bmconnect.vn\/dienmay3\/wp-json\/wp\/v2\/comments?post=949"}],"wp:featuredmedia":[{"embeddable":true,"href":"https:\/\/demo.bmconnect.vn\/dienmay3\/wp-json\/wp\/v2\/media\/948"}],"wp:attachment":[{"href":"https:\/\/demo.bmconnect.vn\/dienmay3\/wp-json\/wp\/v2\/media?parent=949"}],"wp:term":[{"taxonomy":"product_cat","embeddable":true,"href":"https:\/\/demo.bmconnect.vn\/dienmay3\/wp-json\/wp\/v2\/product_cat?post=949"},{"taxonomy":"product_tag","embeddable":true,"href":"https:\/\/demo.bmconnect.vn\/dienmay3\/wp-json\/wp\/v2\/product_tag?post=949"}],"curies":[{"name":"wp","href":"https:\/\/api.w.org\/{rel}","templated":true}]}}