{"id":942,"date":"2019-04-15T16:11:35","date_gmt":"2019-04-15T09:11:35","guid":{"rendered":"http:\/\/demo.bmconnect.vn\/dienmay3\/?post_type=product&#038;p=942"},"modified":"2019-04-15T16:20:44","modified_gmt":"2019-04-15T09:20:44","slug":"ghe-fujkima-star-a389","status":"publish","type":"product","link":"https:\/\/demo.bmconnect.vn\/dienmay3\/ghe-fujkima-star-a389\/","title":{"rendered":"Gh\u1ebf Massage FUJKIMA STAR- A389"},"content":{"rendered":"<p><strong>\u0110\u1eb6C \u0110I\u1ec2M N\u1ed4I B\u1eacT GH\u1ebe MASSAGE\u00a0FUJIKIMA\u00a0<\/strong><b><br \/>\n<\/b><\/p>\n<p>+ Gh\u1ebf massage m\u1edbi nh\u1ea5t 2018<\/p>\n<p>+ C\u00f4ng ngh\u1ec7 con l\u0103n LSHAPE d\u00e0i nh\u1ea5t(135cm)<\/p>\n<p>+ Nhi\u1ec7t h\u1ed3ng ngo\u1ea1i s\u01b0\u1edfi \u1ea5m to\u00e0n b\u1ed9 ph\u1ea7n l\u01b0ng v\u00e0 ch\u00e2n<\/p>\n<p>+ Massage \u00e2m nh\u1ea1c qua loa ngo\u00e0i s\u00e0nh \u0111i\u1ec7u<\/p>\n<p>+ K\u1ebft n\u1ed1i Blutooth, \u0111i\u1ec1u khi\u1ec3n b\u1eb1ng Smartphone<\/p>\n<p>+ Th\u01b0 gi\u00e3n kh\u00f4ng tr\u1ecdng l\u1ef1c<\/p>\n<p>+ Con l\u0103n xoa b\u00f3p gan b\u00e0n ch\u00e2n<\/p>\n<p>+ \u0110i\u1ec1u khi\u1ec3n gh\u1ebf th\u00f4ng tin theo m\u1ecdi nhu c\u1ea7u massage mong mu\u1ed1n c\u1ee7a ng\u01b0\u1eddi d\u00f9ng<\/p>\n<table>\n<tbody>\n<tr>\n<td><strong>C\u00f4ng ngh\u1ec7 con l\u0103n 4D \u0111\u01b0\u1ee3c c\u1ea5p b\u1eb1ng s\u00e1ng ch\u1ebf, cho tr\u1ea3i nghi\u1ec7m massage s\u00e2u h\u01a1n.\u00a0<\/strong><\/td>\n<\/tr>\n<\/tbody>\n<\/table>\n<p>Gh\u1ebf massage v\u1edbi con l\u0103n 4D th\u00f4ng minh \u1edf ph\u1ea7n l\u01b0ng \u0111\u01b0\u1ee3c c\u1ea5p b\u1eb1ng s\u00e1ng ch\u1ebf gi\u00fap t\u00e1c \u0111\u1ed9ng s\u00e2u v\u00e0o c\u00e1c v\u00f9ng c\u1ed5, th\u1eaft l\u01b0ng \u2013\u00a0<strong>v\u01b0\u1ee3t qua gi\u1edbi h\u1ea1n th\u00f4ng th\u01b0\u1eddng c\u1ee7a m\u1ed9t chi\u1ebfc gh\u1ebf massage th\u00f4ng th\u01b0\u1eddng<\/strong>. C\u1ea3m bi\u1ebfn h\u1ed3ng ngo\u1ea1i gi\u00fap t\u00ecm v\u00e0 nh\u1eadn di\u1ec7n c\u00e1c h\u01b0\u1edbng massage \u1edf ph\u1ea7n l\u01b0ng, t\u00e1c \u0111\u1ed9ng s\u00e2u \u0111\u1ebfn qua c\u00e1c li\u1ec7u ph\u00e1p: gi\u1eef ch\u1eb7t vai, xoa b\u00f3p vai.<\/p>\n<table>\n<tbody>\n<tr>\n<td><strong>Massage t\u00fai kh\u00ed nh\u1eb9 nh\u00e0ng xoa b\u00f3p gi\u00fap b\u1ea1n th\u01b0 gi\u00e3n v\u00e0 tho\u1ea3i m\u00e1i h\u01a1n.\u00a0<\/strong><\/td>\n<\/tr>\n<\/tbody>\n<\/table>\n<p>V\u1edbi h\u1ec7 th\u1ed1ng t\u00fai kh\u00ed massage xung quanh to\u00e0n b\u1ed9 c\u01a1 th\u1ec3 \u0111\u01b0\u1ee3c s\u1ea3n xu\u1ea5t b\u1edfi c\u00f4ng ngh\u1ec7 \u0111\u1ed9c \u0111\u00e1o, \u00a0cung c\u1ea5p c\u00e1c li\u1ec7u tr\u00ecnh massage tinh t\u1ebf v\u00e0 m\u1ec1m m\u1ea1i tr\u00ean c\u00e1c v\u00f9ng: Vai, m\u00f4ng, b\u1eafp ch\u00e2n, ch\u00e2n gi\u00fap t\u0103ng c\u01b0\u1eddng l\u01b0u th\u00f4ng tu\u1ea7n ho\u00e0n m\u00e1u, th\u01b0 gi\u00e3n c\u01a1 b\u1eafp, x\u01b0\u01a1ng kh\u1edbp, lo\u1ea1i b\u1ecf m\u1ec7t m\u1ecfi.<\/p>\n<table>\n<tbody>\n<tr>\n<td><strong>C\u00f4ng ngh\u1ec7 ti\u00ean ti\u1ebfn, massage chuy\u00ean nghi\u1ec7p\u00a0<\/strong><\/td>\n<\/tr>\n<\/tbody>\n<\/table>\n<p>GH\u1ebe MASSAGE\u00a0FUJIKIMA STAR 4D \u0111\u01b0\u1ee3c s\u1ea3n xu\u1ea5t tr\u00ean c\u01a1 s\u1edf c\u00e1c nghi\u00ean c\u1ee9u khoa h\u1ecdc \u0111\u01b0\u1ee3c c\u1ea5p b\u1eb1ng s\u00e1ng ch\u1ebf v\u1ec1 c\u01a1 th\u1ec3 con ng\u01b0\u1eddi, k\u1ef9 thu\u1eadt massage \u0111\u1ea3o chi\u1ec1u , c\u00e1c ph\u01b0\u01a1ng ph\u00e1p massage truy\u1ec1n th\u1ed1ng: xoa b\u00f3p, v\u1ed7, \u0111\u1ea5m, ray \u1ea5n , xoa b\u00f3p v\u00e0 \u0111\u1ea5m v\u00e0 \u0111\u01b0\u1ee3c th\u00eam c\u00e1c t\u00ednh n\u0103ng \u0111\u0103c bi\u1ec7t c\u1ee7a ph\u01b0\u01a1ng ph\u00e1p xoa b\u00f3p b\u1eb1ng \u0111\u1ea7u ng\u00f3n tay c\u00e1i, xoa b\u00f3p l\u01b0ng t\u1ea1o ra c\u1ea3m gi\u00e1c massage th\u01b0 gi\u00e3n v\u00e0 \u00eam \u00e1i\u00a0nh\u01b0 tr\u1ea3i nghi\u1ec7m massage b\u1eb1ng tay ng\u01b0\u1eddi.<\/p>\n<p>Ngay t\u1ea1i nh\u00e0, b\u1ea1n c\u0169ng c\u00f3 th\u1ec3 c\u1ea3m nh\u1eadn \u0111\u01b0\u1ee3c c\u00e1c ph\u01b0\u01a1ng ph\u00e1p massage c\u1ee7a th\u1ebf gi\u1edbi (Massage Th\u00e1i, Massage M\u1ef9, Massage Nh\u1eadt,\u2026\u2026.) \u0111\u1ea7y \u0111\u1ee7 trong m\u1ed9t\u00a0GH\u1ebe MASSAGE\u00a0FUJIKIMA STAR 4D<\/p>\n<table width=\"549\">\n<tbody>\n<tr>\n<td><strong>Massage s\u01b0\u1edfi \u1ea5m: \u1ea4m \u00e1p v\u00e0 th\u01b0 gi\u00e3n c\u00f4ng ngh\u1ec7 ti\u00ean ti\u1ebfn, massage chuy\u00ean nghi\u1ec7p\u00a0<\/strong><\/td>\n<\/tr>\n<\/tbody>\n<\/table>\n<p>GH\u1ebe MASSAGE\u00a0FUJIKIMA STAR 4D\u00a0 s\u1eed d\u1ee5ng c\u00f4ng ngh\u1ec7 s\u01b0\u1edfi \u1ea5m ti\u00ean phong nhi\u1ec7t s\u01b0\u1edfi \u1ea5m to\u00e0n b\u1ed9 v\u00f9ng ch\u00e2n v\u00e0 b\u00e0n ch\u00e2n, t\u0103ng c\u01b0\u1eddng l\u01b0u th\u00f4ng tu\u1ea7n ho\u00e0n m\u00e1u, gi\u1ea3i ph\u00f2ng m\u1ec7t m\u1ecfi hi\u1ec7u qu\u1ea3,\u00a0<strong>t\u0103ng c\u01b0\u1eddng hi\u1ec7u qu\u1ea3 massage\u00a0<\/strong>qu\u1ea3,\u00a0<strong>t\u0103ng c\u01b0\u1eddng hi\u1ec7u qu\u1ea3 massage<\/strong>.<\/p>\n<table>\n<tbody>\n<tr>\n<td><strong>\u00a0Con l\u0103n 4D LShape si\u00eau d\u00e0i( 135cm), massage h\u1ebft m\u00f4ng<\/strong><\/td>\n<\/tr>\n<\/tbody>\n<\/table>\n<p>GH\u1ebe MASSAGE\u00a0FUJIKIMA STAR 4D v\u1edbi chi\u1ec1u d\u00e0i con l\u0103n LShape si\u00eau d\u00e0i(135cm), con l\u0103n\u00a04D \u0111\u01b0\u1ee3c c\u1ea5p b\u1eb1ng s\u00e1ng ch\u1ebf,\u00a0v\u01b0\u1ee3t qua gi\u1edbi h\u1ea1n c\u1ee7a gh\u1ebf massage kh\u00e1c tr\u00ean th\u1ecb tr\u01b0\u1eddng \u2013 kh\u00f4ng c\u00f3 hi\u1ec7u qu\u1ea3 c\u00e1c v\u00f9ng th\u1eaft l\u01b0ng. N\u00f3 gi\u00fap t\u00e1c \u0111\u1ed9ng s\u00e2u v\u00e0o c\u00e1c ph\u1ea7n c\u1ed5, vai, l\u01b0ng, th\u1eaft l\u01b0ng, ph\u1ea7n m\u00f4ng v\u00e0 ch\u0103m s\u00f3c \u1edf ph\u1ea1m vi to\u00e0n di\u1ec7n h\u01a1n.\u00a0Cho b\u1ea1n c\u1ea3m gi\u00e1c massage th\u01b0 gi\u00e3n v\u00e0 tho\u1ea3i m\u00e1i.<\/p>\n","protected":false},"excerpt":{"rendered":"<div>M\u00e3 SP: A389<\/div>\n<div>T\u00ecnh tr\u1ea1ng: M\u1edbi<\/div>\n","protected":false},"featured_media":943,"comment_status":"open","ping_status":"closed","template":"","meta":[],"product_cat":[15],"product_tag":[],"_links":{"self":[{"href":"https:\/\/demo.bmconnect.vn\/dienmay3\/wp-json\/wp\/v2\/product\/942"}],"collection":[{"href":"https:\/\/demo.bmconnect.vn\/dienmay3\/wp-json\/wp\/v2\/product"}],"about":[{"href":"https:\/\/demo.bmconnect.vn\/dienmay3\/wp-json\/wp\/v2\/types\/product"}],"replies":[{"embeddable":true,"href":"https:\/\/demo.bmconnect.vn\/dienmay3\/wp-json\/wp\/v2\/comments?post=942"}],"wp:featuredmedia":[{"embeddable":true,"href":"https:\/\/demo.bmconnect.vn\/dienmay3\/wp-json\/wp\/v2\/media\/943"}],"wp:attachment":[{"href":"https:\/\/demo.bmconnect.vn\/dienmay3\/wp-json\/wp\/v2\/media?parent=942"}],"wp:term":[{"taxonomy":"product_cat","embeddable":true,"href":"https:\/\/demo.bmconnect.vn\/dienmay3\/wp-json\/wp\/v2\/product_cat?post=942"},{"taxonomy":"product_tag","embeddable":true,"href":"https:\/\/demo.bmconnect.vn\/dienmay3\/wp-json\/wp\/v2\/product_tag?post=942"}],"curies":[{"name":"wp","href":"https:\/\/api.w.org\/{rel}","templated":true}]}}