{"id":938,"date":"2019-04-15T16:10:10","date_gmt":"2019-04-15T09:10:10","guid":{"rendered":"http:\/\/demo.bmconnect.vn\/dienmay3\/?post_type=product&#038;p=938"},"modified":"2019-04-15T16:10:11","modified_gmt":"2019-04-15T09:10:11","slug":"ghe-fujikima-sunlight-fj-a431","status":"publish","type":"product","link":"https:\/\/demo.bmconnect.vn\/dienmay3\/ghe-fujikima-sunlight-fj-a431\/","title":{"rendered":"Gh\u1ebf FUJIKIMA SUNLIGHT FJ-A431"},"content":{"rendered":"<h2>Gh\u1ebf massage to\u00e0n th\u00e2n\u00a0 FJ-A431-5D gi\u00fap b\u1ea1n th\u01b0 gi\u00e3n, tho\u1ea3i m\u00e1i. to\u00e0n th\u00e2n cao c\u1ea5p, v\u1edbi thi\u1ebft k\u1ebf hi\u1ec7n \u0111\u1ea1i b\u1edfi con l\u0103n 5D th\u00f4ng minh th\u1ebf h\u1ec7 m\u1edbi v\u00e0 \u0111\u01b0\u1eddng ray con l\u0103n SL massage \u00f4m s\u00e1t c\u01a1 th\u1ec3 \u0111\u1eb7c bi\u1ec7t l\u00e0 c\u00e1c khu v\u1ef1c cong nh\u01b0 c\u1ed5, th\u1eaft l\u01b0ng\u2026 Gh\u1ebf c\u00f2n c\u00f3 6 ch\u01b0\u01a1ng tr\u00ecnh massage t\u1ef1 \u0111\u1ed9ng, gi\u00fap b\u1ea1n c\u1ea3m th\u1ea5y s\u1ea3ng kho\u00e1i v\u00e0 d\u1ec5 ch\u1ecbu sau nh\u1eefng gi\u1edd l\u00e0m vi\u1ec7c c\u0103ng th\u1eb3ng.<\/h2>\n<p>Gh\u1ebf massage to\u00e0n th\u00e2n FJ A431 v\u1edbi t\u00ednh n\u0103ng ti\u1ebft ki\u1ec7m di\u1ec7n t\u00edch, b\u1ea1n ch\u1ec9 c\u1ea7n \u0111\u1eb7t c\u00e1ch t\u01b0\u1eddng kho\u1ea3ng c\u00e1ch t\u1ed1i thi\u1ec3u l\u00e0 12cm.<\/p>\n<h2>FJ- A431 c\u00f3 nhi\u1ec1u t\u00ednh n\u0103ng v\u01b0\u1ee3t tr\u1ed9i:<\/h2>\n<h3>H\u1ec7 th\u1ed1ng t\u00fai kh\u00ed ph\u1ea7n vai m\u1ec1m m\u1ea1i<\/h3>\n<p>H\u1ec7 th\u1ed1ng t\u00fai kh\u00ed b\u00f3p nh\u1ea3 v\u1edbi \u0111\u1ed9 r\u1ed9ng kh\u00e1c nhau \u0111\u1ea3m b\u1ea3o ph\u00f9 h\u1ee3p v\u1edbi t\u1eebng ng\u01b0\u1eddi d\u00f9ng.<\/p>\n<p class=\"_ilcss0_\">Gh\u1ebf massage c\u00f3 ch\u1ea5t li\u1ec7u cao c\u1ea5p<\/p>\n<h3>H\u1ec7 th\u1ed1ng loa ngo\u00e0i k\u1ebft n\u1ed1i Bluetooth<\/h3>\n<h3>\u00e2m thanh n\u1ed5i ch\u1ea5t l\u01b0\u1ee3ng cao k\u00e9p k\u1ebft h\u1ee3p li\u1ec1n m\u1ea1ch v\u1edbi thi\u1ebft k\u1ebf t\u1ef1a \u0111\u1ea7u c\u1ee7a gh\u1ebf gi\u00fap b\u1ea1n kh\u00e1m ph\u00e1 c\u00e1c hi\u1ec7u \u1ee9ng nh\u1eb9 nh\u00e0ng c\u1ee7a li\u1ec7u ph\u00e1p massage k\u1ebft h\u1ee3p v\u1edbi \u00e2m nh\u1ea1c.<\/h3>\n<p class=\"_ilcss0_\">Gh\u1ebf massage c\u00f3 thi\u1ebft k\u1ebf cao c\u1ea5p<\/p>\n<h3>H\u1ec7 th\u1ed1ng con l\u0103n 5D th\u00f4ng minh, m\u1ec1m m\u1ea1i<\/h3>\n<p>Con l\u0103n th\u00f4ng minh 5D \u0111\u01b0\u1ee3c thi\u1ebft k\u1ebf m\u1ec1m m\u1ea1i nh\u01b0 b\u00e0n tay con ng\u01b0\u1eddi gi\u00fap c\u1ea3m gi\u00e1c massage \u201cth\u1eadt\u201d nh\u01b0 \u0111\u01b0\u1ee3c chuy\u00ean vi\u00ean massage th\u01b0 gi\u00e3n, tr\u1ecb li\u1ec7u.<\/p>\n<p class=\"_ilcss0_\"><img loading=\"lazy\" class=\"lightbox\" title=\"Gh\u1ebf massage c\u00f3 th\u1ec3 ng\u1ea3 ra d\u1ec5 d\u00e0ng \" src=\"https:\/\/s.meta.com.vn\/img\/thumb.ashx\/Data\/image\/2018\/07\/06\/ghe-massage-toan-than-maxcare-max668plus-nga.jpg\" alt=\"Gh\u1ebf massage c\u00f3 th\u1ec3 ng\u1ea3 ra d\u1ec5 d\u00e0ng \" width=\"700\" height=\"480\" \/><\/p>\n<p class=\"_ilcss0_\">Gh\u1ebf massage c\u00f3 th\u1ec3 ng\u1ea3 ra d\u1ec5 d\u00e0ng<\/p>\n<h3>\u0110\u01b0\u1eddng \u0111i con l\u0103n SL d\u00e0i 120cm<\/h3>\n<p>\u0110\u01b0\u1eddng ray con l\u0103n SL, v\u1edbi h\u00e0nh tr\u00ecnh massage d\u00e0i 120cm, cho ph\u00e9p massage t\u1eeb c\u1ed5 t\u1edbi h\u00f4ng, \u0111\u1eb7c bi\u1ec7t massage s\u00e2u ngay t\u1ea1i c\u00e1c v\u00f9ng cong c\u1ee7a c\u01a1 th\u1ec3 m\u00e0 c\u00e1c gh\u1ebf massage kh\u00e1c kh\u00f4ng l\u00e0m \u0111\u01b0\u1ee3c nh\u01b0 c\u1ed5, th\u1eaft l\u01b0ng gi\u00fap b\u1ea1n th\u01b0 gi\u00e3n, gi\u1ea3m c\u0103ng th\u1eb3ng cho to\u00e0n b\u1ed9 ph\u1ea7n h\u00f4ng.<\/p>\n<p class=\"_ilcss0_\">Gh\u1ebf massage v\u1edbi nhi\u1ec1u t\u00ednh n\u0103ng hi\u1ec7n \u0111\u1ea1i<\/p>\n<h3>Massage kh\u00f4ng tr\u1ecdng l\u1ef1c<\/h3>\n<p>T\u01b0 th\u1ebf kh\u00f4ng tr\u1ecdng l\u1ef1c \u0111\u01b0\u1ee3c t\u1ea1o ra ph\u1ecfng theo t\u01b0 th\u1ebf c\u1ee7a c\u00e1c phi h\u00e0nh gia v\u0169 tr\u1ee5 NASA. \u1ede t\u01b0 th\u1ebf n\u00e0y, b\u1ea1n s\u1ebd kh\u00f4ng ch\u1ecbu l\u1ef1c h\u1ea5p d\u1eabn c\u1ee7a tr\u00e1i \u0111\u1ea5t. B\u1ea1n c\u1ea3m gi\u00e1c th\u01b0 th\u00e1i, l\u01a1 l\u1eedng nh\u01b0 \u0111ang \u1edf tr\u00ean kh\u00f4ng trung. Ngo\u00e0i ra, c\u0169ng trong t\u01b0 th\u1ebf n\u00e0y, ph\u1ea7n ch\u00e2n cao, ng\u01b0\u1eddi b\u1ea1n \u1edf v\u1ecb tr\u00ed cao h\u01a1n tim gi\u00fap m\u00e1u l\u01b0u th\u00f4ng t\u1eeb c\u00e1c b\u1ed9 ph\u1eadn v\u1ec1 tim t\u1ed1t h\u01a1n n\u00f3 gi\u00fap b\u1ea1n s\u1ea3ng kho\u00e1i, t\u1ec9nh t\u00e1o v\u00e0 th\u01b0 gi\u00e3n t\u1ed1i \u0111a.<\/p>\n<p class=\"_ilcss0_\">Gh\u1ebf massage t\u1ea1o c\u1ea3m gi\u00e1c tho\u1ea3i m\u00e1i<\/p>\n<h3>B\u1ea5m huy\u1ec7t, massage gan b\u00e0n ch\u00e2n b\u1eb1ng con l\u0103n<\/h3>\n<p>C\u1ea3i ti\u1ebfn thi\u1ebft k\u1ebf con l\u0103n v\u1edbi li\u1ec7u ph\u00e1p b\u1ea5m huy\u1ec7t \u0111\u1ea3m b\u1ea3o l\u01b0u th\u00f4ng m\u00e1u t\u1ed1i \u01b0u \u0111\u1ec3 ph\u1ee5c h\u1ed3i c\u01a1 nhanh ch\u00f3ng nh\u1eafm v\u00e0o \u0111\u1ea7u g\u1ed1i, b\u1eafp ch\u00e2n v\u00e0 l\u00f2ng b\u00e0n ch\u00e2n gi\u00fap tr\u1ebb h\u00f3a c\u01a1 th\u1ec3, t\u0103ng c\u01b0\u1eddng s\u1ee9c \u0111\u1ec1 kh\u00e1ng, l\u01b0u th\u00f4ng kh\u00ed huy\u1ebft, t\u0103ng c\u01b0\u1eddng s\u1ee9c kh\u1ecfe.<\/p>\n<h3>Ph\u1ea7n massage ch\u00e2n c\u00f3 th\u1ec3 m\u1edf r\u1ed9ng 17cm<\/h3>\n<p>Kh\u1ea3 n\u0103ng m\u1edf r\u1ed9ng t\u1ef1 \u0111i\u1ec1u ch\u1ec9nh \u0111\u1ebfn 17cm \u0111\u1ec3 ph\u00f9 h\u1ee3p v\u1edbi chi\u1ec1u d\u00e0i c\u01a1 th\u1ec3 kh\u00e1c nhau gi\u00fap c\u00e1 nh\u00e2n h\u00f3a c\u00e1c tr\u1ea3i nghi\u1ec7m c\u1ee7a ng\u01b0\u1eddi d\u00f9ng.<\/p>\n<h3>S\u01b0\u1edfi \u1ea5m h\u1ed3ng ngo\u1ea1i v\u00f9ng th\u1eaft l\u01b0ng<\/h3>\n<p>S\u01b0\u1edfi \u1ea5m h\u1ed3ng ngo\u1ea1i l\u00e0m \u1ea5m v\u00f9ng th\u1eaft l\u01b0ng gi\u00fap t\u0103ng c\u01b0\u1eddng l\u01b0u th\u00f4ng tu\u1ea7n ho\u00e0n m\u00e1u, gi\u1ea3m \u0111au nh\u1ee9c v\u00f9ng eo, t\u0103ng c\u01b0\u1eddng hi\u1ec7u qu\u1ea3 massage.<\/p>\n<h3>6 ch\u01b0\u01a1ng tr\u00ecnh massage t\u1ef1 \u0111\u1ed9ng<\/h3>\n<p>Gh\u1ebf massage to\u00e0n th\u00e2n FJ -A431 cung c\u1ea5p 6 ch\u01b0\u01a1ng tr\u00ecnh massage t\u1ef1 \u0111\u1ed9ng v\u1edbi 6 tr\u1ea3i nghi\u1ec7m kh\u00e1c nhau cho b\u1ea1n th\u01b0 gi\u00e3n t\u1ed1i \u0111a.<\/p>\n<p>H\u1ec7 th\u1ed1ng 30 t\u00fai kh\u00ed (6 t\u00fai kh\u00ed v\u00f9ng vai, 4 t\u00fai kh\u00ed ph\u1ea7n massage tay, 12 t\u00fai kh\u00ed ph\u1ea7n massage b\u1eafp ch\u00e2n, 8 t\u00fai kh\u00ed ph\u1ea7n b\u00e0n ch\u00e2n) gi\u00fap h\u1ed3i sinh gi\u00e1c quan c\u1ee7a b\u1ea1n. H\u1ec7 th\u1ed1ng t\u00fai kh\u00ed b\u00f3p nh\u1ea3 nh\u1ecbp nh\u00e0ng khi\u1ebfn t\u00e2m tr\u00ed v\u00e0 c\u01a1 th\u1ec3 c\u1ee7a b\u1ea1n \u0111\u01b0\u1ee3c \u201ch\u1ed3i sinh\u201d v\u00e0 th\u01b0 gi\u00e3n.<\/p>\n","protected":false},"excerpt":{"rendered":"<div>M\u00e3 SP: SUNLIGHT FJ A431<\/div>\n<div>T\u00ecnh tr\u1ea1ng: M\u1edbi<\/div>\n","protected":false},"featured_media":940,"comment_status":"open","ping_status":"closed","template":"","meta":[],"product_cat":[15],"product_tag":[],"_links":{"self":[{"href":"https:\/\/demo.bmconnect.vn\/dienmay3\/wp-json\/wp\/v2\/product\/938"}],"collection":[{"href":"https:\/\/demo.bmconnect.vn\/dienmay3\/wp-json\/wp\/v2\/product"}],"about":[{"href":"https:\/\/demo.bmconnect.vn\/dienmay3\/wp-json\/wp\/v2\/types\/product"}],"replies":[{"embeddable":true,"href":"https:\/\/demo.bmconnect.vn\/dienmay3\/wp-json\/wp\/v2\/comments?post=938"}],"wp:featuredmedia":[{"embeddable":true,"href":"https:\/\/demo.bmconnect.vn\/dienmay3\/wp-json\/wp\/v2\/media\/940"}],"wp:attachment":[{"href":"https:\/\/demo.bmconnect.vn\/dienmay3\/wp-json\/wp\/v2\/media?parent=938"}],"wp:term":[{"taxonomy":"product_cat","embeddable":true,"href":"https:\/\/demo.bmconnect.vn\/dienmay3\/wp-json\/wp\/v2\/product_cat?post=938"},{"taxonomy":"product_tag","embeddable":true,"href":"https:\/\/demo.bmconnect.vn\/dienmay3\/wp-json\/wp\/v2\/product_tag?post=938"}],"curies":[{"name":"wp","href":"https:\/\/api.w.org\/{rel}","templated":true}]}}