{"id":932,"date":"2019-04-15T16:06:00","date_gmt":"2019-04-15T09:06:00","guid":{"rendered":"http:\/\/demo.bmconnect.vn\/dienmay3\/?post_type=product&#038;p=932"},"modified":"2019-04-15T16:20:59","modified_gmt":"2019-04-15T09:20:59","slug":"ghe-fujikima-space-fj-296-2","status":"publish","type":"product","link":"https:\/\/demo.bmconnect.vn\/dienmay3\/ghe-fujikima-space-fj-296-2\/","title":{"rendered":"Gh\u1ebf Massage FUJIKIMA SPACE FJ -296"},"content":{"rendered":"<ul>\n<li class=\"sku_wrapper\"><span class=\"left\">M\u00e3:<\/span><span class=\"right\">SPACE-FJ-B296<\/span><\/li>\n<li><span class=\"left\">Tr\u1ecdng l\u01b0\u1ee3ng:<\/span><span class=\"right\">110kg\u00a0<\/span><\/li>\n<li><span class=\"left\">V\u1eadn chuy\u1ec3n:<\/span><span class=\"right\">Giao h\u00e0ng v\u00e0 l\u1eafp \u0111\u1eb7t mi\u1ec5n ph\u00ed tr\u00ean to\u00e0n qu\u1ed1c<\/span><\/li>\n<li><span class=\"left\">Tr\u1ea1ng th\u00e1i:<\/span><span class=\"right\">C\u00f2n h\u00e0ng\u00a0<\/span><\/li>\n<li><span class=\"left\">H\u01b0\u1edbng d\u1eabn s\u1eed d\u1ee5ng:<\/span><span class=\"right\">H\u01b0\u1edbng d\u1eabn t\u1ea1i nh\u00e0, k\u00e8m quy\u1ec3n h\u01b0\u1edbng d\u1eabn s\u1eed d\u1ee5ng<\/span><\/li>\n<li><span class=\"left\">N\u0103m s\u1ea3n xu\u1ea5t:<\/span><span class=\"right\">5\/2018<\/span><\/li>\n<li>C\u00f3 c\u00e2u n\u00f3i r\u1eb1ng:\u201c<em>C\u01a1 th\u1ec3 c\u1ee7a b\u1ea1n l\u00e0 m\u1ed9t th\u00e1nh \u0111\u01b0\u1eddng, ch\u1ec9 khi b\u1ea1n c\u01b0 x\u1eed v\u1edbi n\u00f3 nh\u01b0 m\u1ed9t th\u00e1nh \u0111\u01b0\u1eddng<\/em>\u201d.C\u00f3 ngh\u0129a r\u1eb1ng, ch\u1ec9 khi b\u1ea1n bi\u1ebft tr\u00e2n tr\u1ecdng, bi\u1ebft quan t\u00e2m, ch\u0103m s\u00f3c s\u1ee9c kh\u1ecfe cho b\u1ea1n, b\u1ea1n m\u1edbi th\u1ef1c s\u1ef1 s\u1edf h\u1eefu m\u1ed9t c\u01a1 th\u1ec3 d\u1ebbo dai, ch\u1eafc kh\u1ecfe \u0111\u01b0\u1ee3c v\u00e0 m\u00e1t xa l\u00e0 m\u1ed9t li\u1ec7u ph\u00e1p tuy\u1ec7t v\u1eddi.\u00a0<strong>B\u1edfi v\u00ec ch\u1ec9 c\u00f3 s\u1ee9c kh\u1ecfe, s\u1ef1 vui v\u1ebb tr\u00e0n \u0111\u1ea7y n\u0103ng l\u01b0\u1ee3ng m\u1edbi c\u00f3 th\u1ec3 gi\u00fap b\u1ea1n chinh ph\u1ee5c m\u1ecdi \u0111\u1ec9nh cao v\u1ec1 ti\u1ec1n b\u1ea1c danh v\u1ecdng hay m\u1ed9t cu\u1ed9c s\u1ed1ng m\u00e0 m\u00ecnh mong mu\u1ed1n.<\/strong>Nh\u01b0ng \u0111\u1ec3 \u0111\u01b0\u1ee3c t\u1eadn h\u01b0\u1edfng nh\u1eefng gi\u00e2y ph\u00fat Massage Body tuy\u1ec7t v\u1eddi \u0111\u00f3, b\u1ea1n th\u01b0\u1eddng ph\u1ea3i s\u1eafp x\u1ebfp th\u1eddi gian, c\u00f4ng vi\u1ec7c, \u0111\u01b0\u1eddng s\u00e1 \u0111i l\u1ea1i\u2026. r\u1ea5t kh\u00f3 kh\u0103n \u0111\u1ec3 \u0111\u1ebfn \u0111\u01b0\u1ee3c c\u00e1c trung t\u00e2m Spa hay c\u1eeda h\u00e0ng Massage chi ph\u00ed l\u1ea1i qu\u00e1 cao.\u00a0<strong>H\u00e3y y\u00ean t\u00e2m v\u00ec c\u00f3\u00a0GH\u1ebe MASSAGE FUJIKIMA SPACE 4D \u2013 FJ- B296, s\u1ebd \u0111\u00e1p \u1ee9ng to\u00e0n b\u1ed9 nhu c\u1ea7u mong mu\u1ed1n c\u1ee7a b\u1ea1n.<\/strong><\/li>\n<\/ul>\n","protected":false},"excerpt":{"rendered":"<p><strong>M\u00e3 s\u1ea3n ph\u1ea9m:\u00a0 \u00a0 \u00a0 \u00a0 \u00a0FJ B296<\/strong><br \/>\nTr\u1ecdng l\u01b0\u1ee3ng\u00a0 :\u00a0 \u00a0 \u00a0 \u00a0 \u00a0 110kg<br \/>\nCh\u1ea5t li\u1ec7u da :\u00a0 \u00a0 \u00a0 \u00a0 \u00a0 \u00a0 simily<br \/>\n\u0110i\u1ec7n \u00e1p :\u00a0 \u00a0 \u00a0 \u00a0 \u00a0 \u00a0 \u00a0 \u00a0 \u00a0 \u00a0220 -240v, 50\/60Hz<br \/>\nC\u00f4ng su\u1ed1t :\u00a0 \u00a0 \u00a0 \u00a0 \u00a0 \u00a0 \u00a0 \u00a0150w<br \/>\nM\u1ea7u s\u1eafc\u00a0 \u00a0 :\u00a0 \u00a0 \u00a0 \u00a0 \u00a0 \u00a0 \u00a0 \u00a0\u0110\u1ecf, \u0110en<br \/>\nTime li\u1ec7u tr\u00ecnh:\u00a0 \u00a0 \u00a0 \u00a0 \u00a0 15 -&gt; 30p<br \/>\n\u0110\u01b0\u1ee3c s\u1ea3n xu\u1ea5t tr\u00ean c\u00f4ng ngh\u1ec7 Nh\u1eadt B\u1ea3n<\/p>\n","protected":false},"featured_media":933,"comment_status":"open","ping_status":"closed","template":"","meta":[],"product_cat":[15],"product_tag":[],"_links":{"self":[{"href":"https:\/\/demo.bmconnect.vn\/dienmay3\/wp-json\/wp\/v2\/product\/932"}],"collection":[{"href":"https:\/\/demo.bmconnect.vn\/dienmay3\/wp-json\/wp\/v2\/product"}],"about":[{"href":"https:\/\/demo.bmconnect.vn\/dienmay3\/wp-json\/wp\/v2\/types\/product"}],"replies":[{"embeddable":true,"href":"https:\/\/demo.bmconnect.vn\/dienmay3\/wp-json\/wp\/v2\/comments?post=932"}],"wp:featuredmedia":[{"embeddable":true,"href":"https:\/\/demo.bmconnect.vn\/dienmay3\/wp-json\/wp\/v2\/media\/933"}],"wp:attachment":[{"href":"https:\/\/demo.bmconnect.vn\/dienmay3\/wp-json\/wp\/v2\/media?parent=932"}],"wp:term":[{"taxonomy":"product_cat","embeddable":true,"href":"https:\/\/demo.bmconnect.vn\/dienmay3\/wp-json\/wp\/v2\/product_cat?post=932"},{"taxonomy":"product_tag","embeddable":true,"href":"https:\/\/demo.bmconnect.vn\/dienmay3\/wp-json\/wp\/v2\/product_tag?post=932"}],"curies":[{"name":"wp","href":"https:\/\/api.w.org\/{rel}","templated":true}]}}