{"id":1064,"date":"2019-04-15T18:32:04","date_gmt":"2019-04-15T11:32:04","guid":{"rendered":"http:\/\/demo.bmconnect.vn\/dienmay3\/?post_type=product&#038;p=1064"},"modified":"2019-04-15T18:32:05","modified_gmt":"2019-04-15T11:32:05","slug":"qua%cc%a3t-dieu-hoa-ozuno-air-cooler-dh-889","status":"publish","type":"product","link":"https:\/\/demo.bmconnect.vn\/dienmay3\/qua%cc%a3t-dieu-hoa-ozuno-air-cooler-dh-889\/","title":{"rendered":"Qua\u0323t \u0110i\u00ea\u0300u Ho\u0300a Ozuno AIR COOLER DH-889"},"content":{"rendered":"<div id=\"anchor-intro\" class=\"prd-intro\">\n<div class=\"content detail-content\">\n<p><i>\u2013\u00a0<\/i>M\u00e1y l\u00e0m m\u00e1t kh\u00f4ng kh\u00ed 2 t\u1ea7ng OZUNO DH-889 l\u00e0m m\u00e1t b\u1eb1ng h\u01a1i n\u01b0\u1edbc, kh\u00f4ng g\u00e2y h\u1ea1i s\u1ee9c kh\u1ecfe, gi\u00f3 th\u1ed5i h\u01a1i m\u00e1t t\u1ef1 nhi\u00ean, d\u1ec5 d\u00e0ng v\u1ec7 sinh b\u1ee5i b\u1ea9n, d\u1ec5 di chuy\u1ec3n \u0111\u1ebfn c\u00e1c khu v\u1ef1c kh\u00e1c nhau. M\u00e1y l\u00e0m m\u00e1t OZUNO DH-889 kh\u00f4ng phun s\u01b0\u01a1ng n\u00ean kh\u00f4ng \u1ea3nh h\u01b0\u1edfng \u0111\u1ebfn\u00a0<b>thi\u1ebft b\u1ecb \u0111i\u1ec7n<\/b>\u00a0t\u1eed, ti\u1ebft ki\u1ec7m \u0111i\u1ec7n.<\/p>\n<\/div>\n<\/div>\n<div id=\"anchor-spec\" class=\"prd-spec\">\n<div class=\"content detail-content\">\n<div class=\"w-tabs-section-content\">\n<div class=\"w-tabs-section-content-h\">\n<div class=\"wpb_text_column \">\n<div class=\"wpb_wrapper\">\n<p><b>Th\u00f4ng s\u1ed1 k\u1ef9 thu\u1eadt c\u1ee7a m\u00e1y l\u00e0m m\u00e1t kh\u00f4ng kh\u00ed 2 t\u1ea7ng OZUNO DH-889:<\/b><br \/>\n\u2013 \u0110i\u1ec7n \u00e1p s\u1eed d\u1ee5ng: 220V\/ 50Hz<\/p>\n<p>\u2013 Power \/ C\u00f4ng su\u1ea5t: 180W<\/p>\n<p>\u2013 Single unit cover area \/ Di\u1ec7n t\u00edch l\u00e0m m\u00e1t: 30 t\u1edbi 35m2<\/p>\n<p>\u2013 Airflow \/ L\u01b0u l\u01b0\u1ee3ng gi\u00f3: 6000m3\/h<\/p>\n<p>\u2013 Ph\u00edm \u0111i\u1ec1u khi\u1ec3n b\u1eb1ng c\u1ea3m \u1ee9ng<\/p>\n<p>\u2013 Dimension \/ K\u00edch th\u01b0\u1edbc: 460x460x1225 mm<\/p>\n<p>\u2013 Water tank \/ Th\u00f9ng ch\u1ee9a n\u01b0\u1edbc: 50L<\/p>\n<p>\u2013 Net weight \/ Tr\u1ecdng l\u01b0\u1ee3ng: 17 kg<\/p>\n<p>\u2013 M\u00e0u s\u1eafc: m\u00e0u tr\u1eafng<\/p>\n<p><i>\u2013\u00a0<\/i>M\u00e1y l\u00e0m m\u00e1t kh\u00f4ng kh\u00ed 2 t\u1ea7ng OZUNO DH-889 l\u00e0m m\u00e1t b\u1eb1ng h\u01a1i n\u01b0\u1edbc, kh\u00f4ng g\u00e2y h\u1ea1i s\u1ee9c kh\u1ecfe, gi\u00f3 th\u1ed5i h\u01a1i m\u00e1t t\u1ef1 nhi\u00ean, d\u1ec5 d\u00e0ng v\u1ec7 sinh b\u1ee5i b\u1ea9n, d\u1ec5 di chuy\u1ec3n \u0111\u1ebfn c\u00e1c khu v\u1ef1c kh\u00e1c nhau. M\u00e1y l\u00e0m m\u00e1t OZUNO DH-889 kh\u00f4ng phun s\u01b0\u01a1ng n\u00ean kh\u00f4ng \u1ea3nh h\u01b0\u1edfng \u0111\u1ebfn\u00a0<b>thi\u1ebft b\u1ecb \u0111i\u1ec7n<\/b>\u00a0t\u1eed, ti\u1ebft ki\u1ec7m \u0111i\u1ec7n.<\/p>\n<p><b>Nh\u1eefng \u0111\u1eb7c \u0111i\u1ec3m n\u1ed5i b\u1eadt c\u1ee7a m\u00e1y l\u00e0m m\u00e1t kh\u00f4ng kh\u00ed OZUNO DH-889:<\/b><\/p>\n<p>\u2013 M\u00e1y \u0111\u01b0\u1ee3c thi\u1ebft k\u1ebf 2 t\u1ea7ng, 2 lu\u1ed3ng gi\u00f3 kh\u00e1c nhau v\u00ec v\u1eady di\u1ec7n t\u00edch l\u00e0m m\u00e1t s\u1ebd r\u1ed9ng h\u01a1n c\u1ea3 tr\u00ean cao l\u1eabn d\u01b0\u1edbi th\u1ea5p. V\u1edbi thi\u1ebft k\u1ebf m\u1edbi m\u00e1y c\u00f3\u00a0<b>b\u1ea3ng<\/b>\u0111i\u1ec1u khi\u1ec3n \u0111i\u1ec7n t\u1eed, remote \u0111i\u1ec1u khi\u1ec3n t\u1eeb xa r\u1ea5t ti\u1ec7n l\u1ee3i v\u00e0 d\u1ec5 d\u00e0ng s\u1eed d\u1ee5ng.<br \/>\n\u2013 M\u00e1y l\u00e0m m\u00e1t kh\u00f4ng kh\u00ed OZUNO DH-889 \u1ee9ng d\u1ee5ng h\u1ec7 th\u1ed1ng c\u00f4ng ngh\u1ec7 c\u00f3 hi\u1ec7u qu\u1ea3 cao \u201d tr\u1ef1c ti\u1ebfp bay h\u01a1i \u201c. Nhi\u1ec7t \u0111\u1ed9 s\u1ebd gi\u1ea3m s\u1ef1 bay h\u01a1i n\u01b0\u1edbc h\u1ea5p th\u1ee5 n\u0103ng l\u01b0\u1ee3ng t\u1eeb m\u00f4i tr\u01b0\u1eddng xung quanh. Hi\u1ec7n t\u01b0\u1ee3ng n\u00e0y l\u00e0 ph\u1ed5 bi\u1ebfn \u1edf cu\u1ed9c s\u1ed1ng h\u00e0ng ng\u00e0y c\u1ee7a ch\u00fang ta. V\u00ed d\u1ee5, ch\u00fang ta c\u1ea3m th\u1ea5y m\u00e1t m\u1ebb khi b\u00ean c\u1ea1nh bi\u1ec3n, c\u1ea3m th\u1ea5y m\u00e1t m\u1ebb khi da \u0111\u01b0\u1ee3c bao ph\u1ee7 b\u1edfi n\u01b0\u1edbc.<\/p>\n<p><b>T\u00ednh n\u0103ng t\u1ea5m l\u00e0m m\u00e1t c\u1ee7a OZUNO DH-889:<\/b><\/p>\n<p>\u2013 Khi kh\u00f4ng kh\u00ed t\u1ef1 nhi\u00ean \u0111i qua ph\u1ea7n l\u00f5i c\u1ee7a t\u1ea5m l\u00e0m m\u00e1t, nh\u1eefng gi\u1ecdt n\u01b0\u1edbc tr\u00ean t\u1ea5m l\u00e0m m\u00e1t s\u1ebd l\u00e0m gi\u1ea3m nhi\u1ec7t \u0111\u1ed9 kh\u00f4ng kh\u00ed t\u1ef1 nhi\u00ean xu\u1ed1ng. C\u00e1c t\u00ednh n\u0103ng: kh\u1ea3 n\u0103ng h\u1ea5p th\u1ee5 n\u01b0\u1edbc t\u1ed1t v\u00e0 th\u00f4ng gi\u00f3, ch\u1ee9c n\u0103ng l\u1ecdc, di\u1ec7n t\u00edch l\u00e0m m\u00e1t th\u1ef1c t\u1ebf l\u00e0 h\u01a1n m\u1ed9t tr\u0103m l\u1ea7n so v\u1edbi b\u1ec1 m\u1eb7t, r\u1eafn, d\u1ebbo dai, ch\u1ed1ng \u0103n m\u00f2n, tu\u1ed5i th\u1ecd cao.<br \/>\n\u2013 Trong m\u00f9a h\u00e8, c\u00f3 s\u1ef1 kh\u00e1c bi\u1ec7t l\u1edbn gi\u1eefa nhi\u1ec7t \u0111\u1ed9 kh\u00f4 v\u00e0 \u01b0\u1edbt trong kh\u00f4ng kh\u00ed, v\u00ec v\u1eady hi\u1ec7u qu\u1ea3 l\u00e0m m\u00e1t s\u1ebd r\u1ea5t cao. Kh\u00f4ng kh\u00ed t\u1ef1 nhi\u00ean s\u1ebd \u0111\u01b0\u1ee3c th\u1ed5i ra l\u1ea1nh h\u01a1n th\u00f4ng qua t\u1ea5m l\u00e0m m\u00e1t. Trong khi \u0111\u00f3, m\u00f9i h\u00f4i trong nh\u00e0, \u1ed1ng d\u1eabn, v\u00e0 kh\u00f4ng kh\u00ed \u0111\u01b0\u1ee3c th\u1ea3i ra. Do \u0111\u00f3 l\u00e0m m\u00e1t kh\u00f4ng kh\u00ed l\u00e0m cho m\u00f4i tr\u01b0\u1eddng trong l\u00e0nh v\u00e0 tho\u1ea3i m\u00e1i.<br \/>\n<b>Kh\u00f4ng gian s\u1eed d\u1ee5ng th\u00edch h\u1ee3p:<\/b>\u00a0Qu\u00e1n \u0103n, nh\u00e0 h\u00e0ng, kh\u00e1ch s\u1ea1n, hay c\u00e1c ti\u1ec7m t\u1ea1p h\u00f3a c\u00f3 kh\u00f4ng gian ch\u1eadt h\u1eb9p, m\u00e0 mu\u1ed1n l\u00e0m m\u00e1t kh\u00f4ng gian l\u1edbn. Qu\u1ea1t co thi\u1ebft k\u1ebf h\u1ecdc ra gi\u00f3 nh\u1ecf gi\u00fap gi\u00f3 bay xa v\u00e0 cao h\u01a1n.<\/p>\n<\/div>\n<\/div>\n<\/div>\n<\/div>\n<\/div>\n<\/div>\n","protected":false},"excerpt":{"rendered":"<p>M\u00e1y l\u00e0m m\u00e1t kh\u00f4ng kh\u00ed 2 t\u1ea7ng OZUNO DH-889 l\u00e0m m\u00e1t b\u1eb1ng h\u01a1i n\u01b0\u1edbc, kh\u00f4ng g\u00e2y h\u1ea1i s\u1ee9c kh\u1ecfe, gi\u00f3 th\u1ed5i h\u01a1i m\u00e1t t\u1ef1 nhi\u00ean, d\u1ec5 d\u00e0ng v\u1ec7 sinh b\u1ee5i b\u1ea9n, d\u1ec5 di chuy\u1ec3n \u0111\u1ebfn c\u00e1c khu v\u1ef1c kh\u00e1c nhau. M\u00e1y l\u00e0m m\u00e1t OZUNO DH-889 kh\u00f4ng phun s\u01b0\u01a1ng n\u00ean kh\u00f4ng \u1ea3nh h\u01b0\u1edfng \u0111\u1ebfn\u00a0<b>thi\u1ebft b\u1ecb \u0111i\u1ec7n<\/b>\u00a0t\u1eed, ti\u1ebft ki\u1ec7m \u0111i\u1ec7n.<\/p>\n","protected":false},"featured_media":1065,"comment_status":"open","ping_status":"closed","template":"","meta":[],"product_cat":[41],"product_tag":[],"_links":{"self":[{"href":"https:\/\/demo.bmconnect.vn\/dienmay3\/wp-json\/wp\/v2\/product\/1064"}],"collection":[{"href":"https:\/\/demo.bmconnect.vn\/dienmay3\/wp-json\/wp\/v2\/product"}],"about":[{"href":"https:\/\/demo.bmconnect.vn\/dienmay3\/wp-json\/wp\/v2\/types\/product"}],"replies":[{"embeddable":true,"href":"https:\/\/demo.bmconnect.vn\/dienmay3\/wp-json\/wp\/v2\/comments?post=1064"}],"wp:featuredmedia":[{"embeddable":true,"href":"https:\/\/demo.bmconnect.vn\/dienmay3\/wp-json\/wp\/v2\/media\/1065"}],"wp:attachment":[{"href":"https:\/\/demo.bmconnect.vn\/dienmay3\/wp-json\/wp\/v2\/media?parent=1064"}],"wp:term":[{"taxonomy":"product_cat","embeddable":true,"href":"https:\/\/demo.bmconnect.vn\/dienmay3\/wp-json\/wp\/v2\/product_cat?post=1064"},{"taxonomy":"product_tag","embeddable":true,"href":"https:\/\/demo.bmconnect.vn\/dienmay3\/wp-json\/wp\/v2\/product_tag?post=1064"}],"curies":[{"name":"wp","href":"https:\/\/api.w.org\/{rel}","templated":true}]}}