{"id":1060,"date":"2019-04-15T18:29:58","date_gmt":"2019-04-15T11:29:58","guid":{"rendered":"http:\/\/demo.bmconnect.vn\/dienmay3\/?post_type=product&#038;p=1060"},"modified":"2019-04-15T18:29:58","modified_gmt":"2019-04-15T11:29:58","slug":"qua%cc%a3t-dieu-hoa-kimura-onaga-2015","status":"publish","type":"product","link":"https:\/\/demo.bmconnect.vn\/dienmay3\/qua%cc%a3t-dieu-hoa-kimura-onaga-2015\/","title":{"rendered":"Qua\u0323t \u0110i\u00ea\u0300u Ho\u0300a Kimura Onaga 2015"},"content":{"rendered":"<p>Qu\u1ea1t l\u00e0m m\u00e1t kh\u00f4ng kh\u00ed Sumika<br \/>\nModel: D45<br \/>\nM\u00e1y l\u00e0m m\u00e1t kh\u00f4ng kh\u00ed Sumika, l\u00e0m m\u00e1t b\u1eb1ng h\u01a1i n\u01b0\u1edbc, kh\u00f4ng phun s\u01b0\u01a1ng n\u00ean kh\u00f4ng \u1ea3nh h\u01b0\u1edfng \u0111\u1ebfn\u00a0<b>thi\u1ebft b\u1ecb \u0111i\u1ec7n<\/b>\u00a0t\u1eed, ti\u1ebft ki\u1ec7m \u0111i\u1ec7n, kh\u00f4ng g\u00e2y h\u1ea1i s\u1ee9c kh\u1ecfe, gi\u00f3 th\u1ed5i h\u01a1i m\u00e1t t\u1ef1 nhi\u00ean, d\u1ec5 d\u00e0ng v\u1ec7 sinh b\u1ee5i b\u1ea9n, d\u1ec5 di chuy\u1ec3n \u0111\u1ebfn c\u00e1c khu v\u1ef1c kh\u00e1c nhau.<br \/>\n\u0110i\u1ec7n \u00e1p: 220 V<br \/>\nC\u00f4ng su\u1ea5t: 150W<br \/>\nL\u01b0u l\u01b0\u1ee3ng gi\u00f3: 4500 m3\/h<br \/>\nDi\u1ec7n t\u00edch l\u00e0m m\u00e1t: 30-50 m2<br \/>\nC\u00e2n n\u1eb7ng: 22Kg<br \/>\nTh\u00f9ng ch\u1ee9a n\u01b0\u1edbc: 30l<br \/>\nL\u01b0\u1ee3ng n\u01b0\u1edbc ti\u00eau th\u1ee5: 4 \u2013 6 l\/h<br \/>\nT\u1ed1c \u0111\u1ed9 gi\u00f3: 3 t\u1ed1c \u0111\u1ed9 ( th\u1ea5p, trung b\u00ecnh, cao)<br \/>\nH\u01b0\u1edbng gi\u00f3 th\u1ed5i: 4 chi\u1ec1u ( t\u1ef1 \u0111\u1ed9ng qua tr\u00e1i, ph\u1ea3i, l\u00ean, xu\u1ed1ng)<br \/>\n\u0110\u1ed9 \u1ed3n: &lt; 53db<br \/>\nPh\u00f9 h\u1ee3p cho gia \u0111\u00ecnh, v\u0103n ph\u00f2ng, qu\u00e1n \u0103n,\u00a0<b>coffee<\/b>\u00a0\u2026<br \/>\nL\u1eafp r\u1eafp t\u1ea1i: Malaysia<\/p>\n","protected":false},"excerpt":{"rendered":"<p>M\u00e1y l\u00e0m m\u00e1t kh\u00f4ng kh\u00ed Sumika, l\u00e0m m\u00e1t b\u1eb1ng h\u01a1i n\u01b0\u1edbc, kh\u00f4ng phun s\u01b0\u01a1ng n\u00ean kh\u00f4ng \u1ea3nh h\u01b0\u1edfng \u0111\u1ebfn\u00a0<b>thi\u1ebft b\u1ecb \u0111i\u1ec7n<\/b>\u00a0t\u1eed, ti\u1ebft ki\u1ec7m \u0111i\u1ec7n, kh\u00f4ng g\u00e2y h\u1ea1i s\u1ee9c kh\u1ecfe, gi\u00f3 th\u1ed5i h\u01a1i m\u00e1t t\u1ef1 nhi\u00ean, d\u1ec5 d\u00e0ng v\u1ec7 sinh b\u1ee5i b\u1ea9n, d\u1ec5 di chuy\u1ec3n \u0111\u1ebfn c\u00e1c khu v\u1ef1c kh\u00e1c nhau.<\/p>\n","protected":false},"featured_media":1061,"comment_status":"open","ping_status":"closed","template":"","meta":[],"product_cat":[41],"product_tag":[],"_links":{"self":[{"href":"https:\/\/demo.bmconnect.vn\/dienmay3\/wp-json\/wp\/v2\/product\/1060"}],"collection":[{"href":"https:\/\/demo.bmconnect.vn\/dienmay3\/wp-json\/wp\/v2\/product"}],"about":[{"href":"https:\/\/demo.bmconnect.vn\/dienmay3\/wp-json\/wp\/v2\/types\/product"}],"replies":[{"embeddable":true,"href":"https:\/\/demo.bmconnect.vn\/dienmay3\/wp-json\/wp\/v2\/comments?post=1060"}],"wp:featuredmedia":[{"embeddable":true,"href":"https:\/\/demo.bmconnect.vn\/dienmay3\/wp-json\/wp\/v2\/media\/1061"}],"wp:attachment":[{"href":"https:\/\/demo.bmconnect.vn\/dienmay3\/wp-json\/wp\/v2\/media?parent=1060"}],"wp:term":[{"taxonomy":"product_cat","embeddable":true,"href":"https:\/\/demo.bmconnect.vn\/dienmay3\/wp-json\/wp\/v2\/product_cat?post=1060"},{"taxonomy":"product_tag","embeddable":true,"href":"https:\/\/demo.bmconnect.vn\/dienmay3\/wp-json\/wp\/v2\/product_tag?post=1060"}],"curies":[{"name":"wp","href":"https:\/\/api.w.org\/{rel}","templated":true}]}}