{"id":1058,"date":"2019-04-15T18:28:34","date_gmt":"2019-04-15T11:28:34","guid":{"rendered":"http:\/\/demo.bmconnect.vn\/dienmay3\/?post_type=product&#038;p=1058"},"modified":"2019-04-15T20:15:10","modified_gmt":"2019-04-15T13:15:10","slug":"quat-dieu-hoa-khong-khi-kimura-lb172-nhat-ban","status":"publish","type":"product","link":"https:\/\/demo.bmconnect.vn\/dienmay3\/quat-dieu-hoa-khong-khi-kimura-lb172-nhat-ban\/","title":{"rendered":"Qu\u1ea1t \u0111i\u1ec1u h\u00f2a kh\u00f4ng kh\u00ed Kimura LB172 Nh\u1eadt B\u1ea3n"},"content":{"rendered":"<div id=\"anchor-intro\" class=\"prd-intro\">\n<div class=\"content detail-content\">\n<p>C\u00f4ng su\u1ea5t: 100W<br \/>\n&#8211; Dung t\u00edch b\u00ecnh n\u01b0\u1edbc: 30L<br \/>\n&#8211; C\u00f4ng ngh\u1ec7 l\u00e0m l\u1ea1nh b\u1eb1ng h\u01a1i n\u01b0\u1edbc<br \/>\n&#8211; Ch\u1ebf \u0111\u1ed9 c\u00e0i \u0111\u1eb7t (m\u1ea1nh,trung b\u00ecnh,y\u1ebfu)<br \/>\n&#8211; T\u00ednh n\u0103ng l\u1ecdc kh\u00ed v\u00e0 di\u1ec7t khu\u1ea9n b\u1eb1ng ion<br \/>\n&#8211; K\u00edch th\u01b0\u1edbc: 510 x 340 x 880 mm<\/p>\n<\/div>\n<\/div>\n<div id=\"anchor-spec\" class=\"prd-spec\">\n<div class=\"content detail-content\">\n<div data-block=\"true\" data-editor=\"fvf9g\" data-offset-key=\"a80fj-0-0\">\n<h3 class=\"_1mf _1mj\" data-offset-key=\"a80fj-0-0\"><\/h3>\n<div>\n<p><img loading=\"lazy\" src=\"http:\/\/bangiatot.vn\/upload\/32116981_889485937897419_727698473624797184_n.jpg\" alt=\"\" width=\"650\" height=\"399\" \/><img loading=\"lazy\" src=\"http:\/\/bangiatot.vn\/upload\/32116981_889485937897419_727698473624797184_n.jpg\" alt=\"\" width=\"620\" height=\"381\" \/><\/p>\n<div class=\"prd-intro\">\n<div class=\"content detail-content\">\n<p>V\u00e0o m\u00f9a h\u00e8, d\u01b0\u1edbi c\u00e1i th\u1eddi ti\u1ebft nh\u01b0 thi\u00eau nh\u01b0 \u0111\u1ed1t. Vi\u1ec7c s\u1eed d\u1ee5ng c\u00e1c thi\u1ebft b\u1ecb l\u00e0m m\u00e1t nh\u01b0 qu\u1ea1t m\u00e1y, \u0111i\u1ec1u h\u00f2a (m\u00e1y l\u1ea1nh) l\u00e0 \u0111i\u1ec1u ch\u1eafc ch\u1eafn \u0111\u1ed1i v\u1edbi nhu c\u1ea7u c\u1ee7a m\u1ed7i ng\u01b0\u1eddi. Nh\u01b0ng c\u00e1c thi\u1ebft b\u1ecb n\u00e0y lu\u00f4n c\u00f3 nh\u1eefng h\u1ea1n ch\u1ebf nh\u1ea5t \u0111\u1ecbnh<\/p>\n<p>\u0110\u1ed1i v\u1edbi qu\u1ea1t m\u00e1y c\u00f3 ch\u1ee9c n\u0103ng thay \u0111\u1ed5i gi\u00fap l\u01b0u th\u00f4ng kh\u00f4ng kh\u00ed, ch\u00ednh v\u00ec v\u1eady qu\u1ea1t m\u00e1y c\u00f3 \u0111\u1eb7c \u0111i\u1ec3m c\u00e0ng qu\u1ea1t c\u00e0ng n\u00f3ng. Khi qu\u1ea1t m\u00e1y ho\u1ea1t \u0111\u1ed9ng, nhi\u1ec7t \u0111\u1ed9 c\u1ee7a \u0111\u1ed9ng c\u01a1 t\u0103ng l\u00ean theo th\u1eddi gian, sau khi kh\u00f4ng kh\u00ed \u0111i qua qu\u1ea1t \u0111\u01b0\u1ee3c t\u0103ng t\u1ed1c, t\u1ea1o ra gi\u00f3.Nh\u01b0ng m\u1ed7i l\u1ea7n nh\u01b0 v\u1eady, nhi\u1ec7t \u0111\u1ed9 l\u1ea1i \u0111\u01b0\u1ee3c \u0111\u1ea9y cao l\u00ean m\u1ed9t ch\u00fat .H\u01a1n n\u1eefa v\u00e0o m\u00f9a h\u00e8 ph\u1ea7n l\u1edbn kh\u00f4ng kh\u00ed trong ph\u00f2ng l\u00e0 kh\u00f4ng kh\u00ed kh\u00f4 n\u00f3ng,n\u00ean qu\u1ea1t m\u00e1y s\u1ebd kh\u00f4ng gi\u00fap b\u1ea1n gi\u1ea3i t\u1ecfa \u0111\u01b0\u1ee3c c\u00e1i n\u00f3ng c\u1ee7a m\u00ecnh.<\/p>\n<p>M\u00e1y l\u1ea1nh( \u0111i\u1ec1u h\u00f2a) \u0111\u01b0\u1ee3c \u0111\u00e1nh gi\u00e1 l\u00e0 m\u1ed9t trong nh\u1eefng b\u01b0\u1edbc ti\u1ebfn v\u1ec1 l\u00e0m m\u00e1t,theo nguy\u00ean l\u00fd\u00a0<em>h\u00fat h\u1ebft kh\u00f4ng kh\u00ed n\u00f3ng trong ph\u00f2ng, cho kh\u00f4ng kh\u00ed l\u01b0u th\u00f4ng qua gi\u00e0n l\u1ea1nh, r\u00fat h\u1ebft h\u01a1i n\u01b0\u1edbc trong kh\u00f4ng kh\u00ed v\u00e0 th\u1ed5i kh\u00f4ng kh\u00ed l\u1ea1nh v\u00e0o b\u00ean trong<\/em>.Nh\u01b0ng vi\u1ec7c s\u1eed d\u1ee5ng c\u00e1c ch\u1ea5t l\u00e0m l\u1ea1nh nhanh \u0111\u01b0\u1ee3c \u0111\u00e1nh gi\u00e1 l\u00e0 t\u00e1c \u0111\u1ed9ng r\u1ea5t l\u1edbn \u0111\u1ebfn m\u00f4i tr\u01b0\u1eddng. Vi\u1ec7c kh\u00f4ng kh\u00ed kh\u00f4, l\u1ea1nh \u0111\u01b0\u1ee3c th\u1ed5i tr\u1ef1c ti\u1ebfp r\u1ea5t d\u1ec5 d\u1eabn t\u1edbi c\u00e1c b\u1ec7nh v\u1ec1 h\u00f4 h\u1ea5p \u0111\u1ed1i v\u1edbi ng\u01b0\u1eddi gi\u00e0 v\u00e0 tr\u1ebb em.Vi\u1ec7c l\u1eafp \u0111\u1eb7t \u0111i\u1ec1u h\u00f2a kh\u00e1 b\u1ea5t ti\u1ec7n, \u0111\u1ed1i v\u1edbi nh\u1eefng ph\u00f2ng ho\u1eb7c kh\u00f4ng gian l\u1edbn, kh\u00f4ng k\u00edn th\u00ec s\u1eed d\u1ee5ng \u0111i\u1ec1u h\u00f2a kh\u00f4ng kh\u00e1c g\u00ec m\u1ed9t chi\u1ebfc m\u00e1y \u0111\u1ed1t \u0111i\u1ec7n.<\/p>\n<\/div>\n<\/div>\n<div class=\"prd-spec\">\n<div class=\"content detail-content\">\n<div>\n<h3 class=\"_1mf _1mj\">Nh\u1eefng \u01afu \u0110i\u1ec3m C\u1ee7a Qu\u1ea1t \u0110i\u1ec1u H\u00f2a Kh\u00f4ng Kh\u00ed KIMURA\u00a0Nh\u1eadt B\u1ea3n:<\/h3>\n<\/div>\n<div>\n<div class=\"_1mf _1mj\">\u2013\u00a0Qu\u1ea1t \u0111i\u1ec1u h\u00f2a KIMURA\u00a0ti\u1ebft ki\u1ec7m 60% \u0111i\u1ec7n n\u0103ng so v\u1edbi m\u00e1y l\u1ea1nh.<\/div>\n<\/div>\n<div>\n<div class=\"_1mf _1mj\">\u2013 L\u00e0m m\u00e1t nhanh ch\u00f3ng, hi\u1ec7u qu\u1ea3 \u0111em l\u1ea1i c\u1ea3m gi\u00e1c se l\u1ea1nh ngay cho ng\u00f4i nh\u00e0 c\u1ee7a b\u1ea1n ch\u1ec9 m\u1ea5t 10 ph\u00fat.<\/div>\n<\/div>\n<div>\n<div class=\"_1mf _1mj\">\u2013 L\u1ecdc s\u1ea1ch kh\u00f4ng kh\u00ed,\u00a0ch\u1ee9c n\u0103ng t\u1ea1o ion \u00e2m\u00a0gi\u00fap l\u00e0m s\u1ea1ch kh\u00f4ng kh\u00ed (c\u00e1c h\u1ea1t b\u1ee5i mang \u0111i\u1ec7n t\u00edch d\u01b0\u01a1ng g\u1eb7p ion \u00e2m s\u1ebd b\u1ecb h\u00fat v\u00e0 r\u01a1i xu\u1ed1ng). Ng\u0103n ch\u1eb7n b\u1ee5i b\u1ea9n, m\u00f9i h\u00f4i c\u01a1 th\u1ec3, m\u00f9i thu\u1ed1c l\u00e1, m\u00f9i \u1ea9m m\u1ed1c qua l\u01b0\u1edbi ch\u1eafn b\u1ee5i v\u00e0 gi\u00e0n l\u00e0m m\u00e1t cellulose pad c\u1ef1c s\u1ea1ch.<\/div>\n<\/div>\n<div>\n<div class=\"_1mf _1mj\">\u2013 C\u00e2n b\u1eb1ng \u0111\u1ed9 \u1ea9m \u1edf m\u1ee9c l\u00fd t\u01b0\u1edfng t\u1eeb 60-65%, kh\u00f4ng phun s\u01b0\u01a1ng, kh\u00f4ng g\u00e2y h\u1ea1i thi\u1ebft b\u1ecb \u0111i\u1ec7n t\u1eed.<\/div>\n<\/div>\n<div>\n<div class=\"_1mf _1mj\">\u2013 C\u00f3 \u0111i\u1ec1u khi\u1ec3n t\u1eeb xa b\u1eb1ng Remote v\u00e0 m\u00e0n h\u00ecnh c\u1ea3m \u1ee9ng tr\u00ean m\u00e1y hi\u1ec7n \u0111\u1ea1i.<\/div>\n<\/div>\n<div>\n<div class=\"_1mf _1mj\">\u2013 Di chuy\u1ec3n d\u1ec5 d\u00e0ng, c\u00f3 ch\u1ebf \u0111\u1ed9 h\u1eb9n gi\u1edd r\u1ea5t ti\u1ec7n l\u1ee3i.<\/div>\n<\/div>\n<div>\n<div class=\"_1mf _1mj\">\u2013 \u0110a d\u1ea1ng m\u1eabu m\u00e3, motor 100% l\u00f5i \u0111\u1ed3ng cho tu\u1ed5i th\u1ecd cao h\u01a1n so v\u1edbi l\u1ed7i nh\u00f4m, ch\u1ec9 s\u1ed1 IP cao t\u0103ng kh\u1ea3 n\u0103ng ch\u1ed1ng b\u1ee5i v\u00e0 n\u01b0\u1edbc, ch\u1ed1ng r\u00f2 r\u1ec9 \u0111i\u1ec7n.<\/div>\n<\/div>\n<div>\n<div class=\"_1mf _1mj\">\u2013 V\u1ecf m\u00e1y s\u1eed d\u1ee5ng nh\u1ef1a nguy\u00ean ch\u1ea5t ABS s\u00e1ng b\u00f3ng, c\u1ee9ng r\u1eafn, kh\u00f4ng gi\u00f2n, ch\u1ecbu va \u0111\u1eadp m\u1ea1nh, d\u1ec5 lau ch\u00f9i. \u0110\u1ed9 b\u1ec1n \u0111\u1ea1t chu\u1ea9n 8-10 n\u0103m.<\/div>\n<\/div>\n<p><em>L\u00e0 m\u1ed9t s\u1ea3n ph\u1ea9m \u0111\u01b0\u1ee3c t\u1ed1i \u01b0u c\u00e1c t\u00ednh n\u0103ng c\u1ee7a \u0111i\u1ec1u h\u00f2a v\u00e0 qu\u1ea1t \u0111i\u1ec7n:<\/em><\/p>\n<p>C\u01a1 ch\u1ebf ho\u1ea1t \u0111\u1ed9ng c\u1ee7a m\u00e1y l\u00e0m m\u00e1t KIMURA\u00a0\u00a0kh\u00e1 \u0111\u01a1n gi\u1ea3n: kh\u00f4ng kh\u00ed n\u00f3ng b\u00ean ngo\u00e0i \u0111\u01b0\u1ee3c h\u00fat qua m\u00e0ng l\u01b0\u1edbi th\u1ea5m n\u01b0\u1edbc l\u00e0m b\u1eb1ng cellulose pad, gi\u00fap nhi\u1ec7t \u0111\u1ed9 gi\u1ea3m xu\u1ed1ng nhanh ch\u00f3ng. Nhi\u1ec7t \u0111\u1ed9 c\u00f3 th\u1ec3 h\u1ea1 xu\u1ed1ng 15 \u0111\u1ed9 trong khi s\u1eed d\u1ee5ng.H\u01a1i n\u01b0\u1edbc c\u00f9ng kh\u00f4ng kh\u00ed m\u00e1t \u0111\u01b0\u1ee3c th\u1ed5i ra ngo\u00e0i<\/p>\n<p>\u0110i\u1ec1u n\u00e0y gi\u00fap ng\u01b0\u1eddi d\u00f9ng kh\u00f4ng b\u1ecb kh\u00f4 da khi s\u1eed d\u1ee5ng. L\u00e0m m\u00e1t kh\u00f4ng kh\u00ed b\u1eb1ng h\u01a1i n\u01b0\u1edbc th\u00f4ng qua qu\u00e1 tr\u00ecnh ph\u00e1t anion (anion h\u1ea5p th\u1ee5 kh\u00ed oxy b\u00ean ngo\u00e0i, t\u1ea1o ra h\u1ee3p kh\u00ed oxy anion c\u00f2n g\u1ecdi l\u00e0 kh\u00ed oxy ho\u1ea1t \u0111\u1ed9ng) gi\u00fap t\u1ea1o kh\u00f4ng kh\u00ed \u0111\u1ed1i l\u01b0u t\u1ef1 nhi\u00ean, kh\u1eed m\u00f9i hi\u1ec7u qu\u1ea3.<\/p>\n<p>&nbsp;<\/p>\n<\/div>\n<\/div>\n<p><img src=\"http:\/\/cdn.nhanh.vn\/cdn\/store\/10020\/psCT\/20180509\/7268948\/1.jpg\" alt=\"\/\/cdn.nhanh.vn\/cdn\/store\/10020\/psCT\/20180509\/7268948\/1.jpg\" \/><br \/>\n<img src=\"http:\/\/cdn.nhanh.vn\/cdn\/store\/10020\/psCT\/20180509\/7268948\/10.jpg\" alt=\"\/\/cdn.nhanh.vn\/cdn\/store\/10020\/psCT\/20180509\/7268948\/10.jpg\" \/><br \/>\n<img src=\"http:\/\/cdn.nhanh.vn\/cdn\/store\/10020\/psCT\/20180509\/7268948\/11.jpg\" alt=\"\/\/cdn.nhanh.vn\/cdn\/store\/10020\/psCT\/20180509\/7268948\/11.jpg\" \/><br \/>\n<img src=\"http:\/\/cdn.nhanh.vn\/cdn\/store\/10020\/psCT\/20180509\/7268948\/12.jpg\" alt=\"\/\/cdn.nhanh.vn\/cdn\/store\/10020\/psCT\/20180509\/7268948\/12.jpg\" \/><br \/>\n<img src=\"http:\/\/cdn.nhanh.vn\/cdn\/store\/10020\/psCT\/20180509\/7268948\/2.jpg\" alt=\"\/\/cdn.nhanh.vn\/cdn\/store\/10020\/psCT\/20180509\/7268948\/2.jpg\" \/><br \/>\n<img src=\"http:\/\/cdn.nhanh.vn\/cdn\/store\/10020\/psCT\/20180509\/7268948\/3.jpg\" alt=\"\/\/cdn.nhanh.vn\/cdn\/store\/10020\/psCT\/20180509\/7268948\/3.jpg\" \/><br \/>\n<img src=\"http:\/\/cdn.nhanh.vn\/cdn\/store\/10020\/psCT\/20180509\/7268948\/4.jpg\" alt=\"\/\/cdn.nhanh.vn\/cdn\/store\/10020\/psCT\/20180509\/7268948\/4.jpg\" \/><br \/>\n<img src=\"http:\/\/cdn.nhanh.vn\/cdn\/store\/10020\/psCT\/20180509\/7268948\/5.jpg\" alt=\"\/\/cdn.nhanh.vn\/cdn\/store\/10020\/psCT\/20180509\/7268948\/5.jpg\" \/><br \/>\n<img src=\"http:\/\/cdn.nhanh.vn\/cdn\/store\/10020\/psCT\/20180509\/7268948\/6.jpg\" alt=\"\/\/cdn.nhanh.vn\/cdn\/store\/10020\/psCT\/20180509\/7268948\/6.jpg\" \/><br \/>\n<img src=\"http:\/\/cdn.nhanh.vn\/cdn\/store\/10020\/psCT\/20180509\/7268948\/7.jpg\" alt=\"\/\/cdn.nhanh.vn\/cdn\/store\/10020\/psCT\/20180509\/7268948\/7.jpg\" \/><br \/>\n<img src=\"http:\/\/cdn.nhanh.vn\/cdn\/store\/10020\/psCT\/20180509\/7268948\/8.jpg\" alt=\"\/\/cdn.nhanh.vn\/cdn\/store\/10020\/psCT\/20180509\/7268948\/8.jpg\" \/><\/p>\n<p><img src=\"http:\/\/cdn.nhanh.vn\/cdn\/store\/10020\/psCT\/20180509\/7268948\/9.jpg\" alt=\"\/\/cdn.nhanh.vn\/cdn\/store\/10020\/psCT\/20180509\/7268948\/9.jpg\" \/><\/p>\n<p>\u0110i\u1ec3m c\u1ed9ng l\u1edbn nh\u1ea5t c\u1ee7a chi\u1ebfc m\u00e1y l\u00e0m m\u00e1t, \u0111\u00fang v\u1edbi ti\u00eau ch\u00ed \u201cv\u00ec m\u1ed9t m\u00f9a h\u00e8 th\u00e2n thi\u1ec7n\u201d l\u00e0 kh\u1ea3 n\u0103ng ti\u1ebft ki\u1ec7m n\u0103ng l\u01b0\u1ee3ng t\u1ed1i \u01b0u. Chi\u1ebfc m\u00e1y l\u00e0m m\u00e1t Kimura c\u00f3 c\u00f4ng su\u1ea5t 100W v\u1edbi kh\u1ed1i l\u01b0\u1ee3ng gi\u00f3 2.000m3\/hr c\u00f3 th\u1ec3 l\u00e0m m\u00e1t cho c\u0103n ph\u00f2ng c\u00f3 di\u1ec7n t\u00edch t\u1eeb10-15m2. KIMURA\u00a0gi\u00fap b\u1ea1n ti\u1ebft ki\u1ec7m t\u1edbi 80% \u0111i\u1ec7n n\u0103ng so v\u1edbi vi\u1ec7c b\u1ea1n s\u1eed d\u1ee5ng \u0111i\u1ec1u h\u00f2a.<\/p>\n<p>H\u01a1n n\u1eefa vi\u1ec7c b\u1ea1n c\u00f3 th\u1ec3 d\u1ec5 d\u00e0ng di chuy\u1ec3n Qu\u1ea1t \u0110i\u1ec1u H\u00f2a Kh\u00f4ng Kh\u00ed s\u1ebd gi\u00fap b\u1ea1n ti\u1ebft ki\u1ec7m h\u01a1n nhi\u1ec1u so v\u1edbi \u0111i\u1ec1u h\u00f2a.Khi b\u1ea1n c\u1ea7n l\u00e0m m\u00e1t \u1edf khu v\u1ef1c n\u00e0o c\u00f3 th\u1ec3 di chuy\u1ec3n qu\u1ea1t t\u1edbi \u0111\u00f3. Qu\u1ea1t \u0111\u01b0\u1ee3c thi\u1ebft k\u1ebf v\u1edbi b\u00e1nh xe ph\u00eda d\u01b0\u1edbi d\u1ec5 d\u00e0ng trong vi\u1ec7c di chuy\u1ec3n.<\/p>\n<p>Khi k\u1ebft h\u1ee3p c\u00f9ng v\u1edbi \u0111i\u1ec1u h\u00f2a \u0111\u00e2y s\u1ebd l\u00e0 c\u1eb7p \u0111\u00f4i th\u1ef1c s\u1ef1 \u0111\u1eafc l\u1ef1c cho gia \u0111\u00ecnh b\u1ea1n v\u00e0o m\u00f9a h\u00e8, Qu\u1ea1t \u0111i\u1ec1u h\u00f2a s\u1ebd l\u00e0m kh\u00f4ng kh\u00ed \u1ea9m, m\u00e1t gi\u00e0u oxi h\u1ea1n ch\u1ebf \u0111\u01b0\u1ee3c kh\u00f4ng kh\u00ed kh\u00f4 c\u1ee7a m\u00e1y l\u1ea1nh. M\u00e1y l\u1ea1nh c\u00f3 c\u00f4ng su\u1ea5t l\u1edbn, l\u00e0m l\u1ea1nh nhanh s\u1ebd gi\u00fap qu\u1ea1t \u0111i\u1ec1u h\u00f2a \u0111\u1ea7y nhanh \u0111\u01b0\u1ee3c qu\u00e1 tr\u00ecnh l\u00e0m l\u1ea1nh \u1edf c\u00e1c khu v\u1ef1c c\u00f3 di\u1ec7n t\u00edch l\u1edbn.<\/p>\n<p>V\u00e0 h\u01a1n h\u1ebft, qu\u1ea1t \u0111i\u1ec1u h\u00f2a c\u00f3 m\u1ed9t \u01b0u \u0111i\u1ec3m h\u01a1n h\u1eb3n c\u00e1c m\u00e1y l\u1ea1nh th\u00f4ng th\u01b0\u1eddng. \u0110\u00f3 ch\u00ednh l\u00e0 vi\u1ec7c c\u00f4ng xu\u1ea5t ch\u1ec9 100W c\u1ee7a qu\u1ea1t gi\u00fap qu\u1ea1t ho\u1ea1t \u0111\u1ed9ng \u0111\u01b0\u1ee3c c\u1ea3 trong tr\u01b0\u1eddng h\u1ee3p b\u1ea1n s\u1eed d\u1ee5ng c\u00e1c \u00e1c quy \u0111i\u1ec7n ho\u1eb7c m\u00e1y n\u1ed5 c\u00f4ng su\u1ea5t nh\u1ecf.L\u1ee3i th\u1ebf n\u00e0y c\u00f3 th\u1ec3 nhi\u1ec1u ng\u01b0\u1eddi kh\u00f4ng \u0111\u1ec3 \u00fd , nh\u01b0ng c\u00e1c b\u1ea1n \u0111\u1eebng qu\u00ean, m\u00f9a h\u00e8 c\u0169ng l\u00e0 m\u00f9a m\u01b0a b\u00e3o v\u00e0 m\u00f9a c\u1eaft \u0111i\u1ec7n, c\u1eaft do qu\u00e1 t\u1ea3i.<\/p>\n<\/div>\n<\/div>\n<\/div>\n<\/div>\n","protected":false},"excerpt":{"rendered":"<p>\u0110i\u1ec3m c\u1ed9ng l\u1edbn nh\u1ea5t c\u1ee7a chi\u1ebfc m\u00e1y l\u00e0m m\u00e1t, \u0111\u00fang v\u1edbi ti\u00eau ch\u00ed \u201cv\u00ec m\u1ed9t m\u00f9a h\u00e8 th\u00e2n thi\u1ec7n\u201d l\u00e0 kh\u1ea3 n\u0103ng ti\u1ebft ki\u1ec7m n\u0103ng l\u01b0\u1ee3ng t\u1ed1i \u01b0u. Chi\u1ebfc m\u00e1y l\u00e0m m\u00e1t Kimura c\u00f3 c\u00f4ng su\u1ea5t 100W v\u1edbi kh\u1ed1i l\u01b0\u1ee3ng gi\u00f3 2.000m3\/hr c\u00f3 th\u1ec3 l\u00e0m m\u00e1t cho c\u0103n ph\u00f2ng c\u00f3 di\u1ec7n t\u00edch t\u1eeb10-15m2. KIMURA\u00a0gi\u00fap b\u1ea1n ti\u1ebft ki\u1ec7m t\u1edbi 80% \u0111i\u1ec7n n\u0103ng so v\u1edbi vi\u1ec7c b\u1ea1n s\u1eed d\u1ee5ng \u0111i\u1ec1u h\u00f2a.<\/p>\n","protected":false},"featured_media":1145,"comment_status":"open","ping_status":"closed","template":"","meta":[],"product_cat":[41],"product_tag":[],"_links":{"self":[{"href":"https:\/\/demo.bmconnect.vn\/dienmay3\/wp-json\/wp\/v2\/product\/1058"}],"collection":[{"href":"https:\/\/demo.bmconnect.vn\/dienmay3\/wp-json\/wp\/v2\/product"}],"about":[{"href":"https:\/\/demo.bmconnect.vn\/dienmay3\/wp-json\/wp\/v2\/types\/product"}],"replies":[{"embeddable":true,"href":"https:\/\/demo.bmconnect.vn\/dienmay3\/wp-json\/wp\/v2\/comments?post=1058"}],"wp:featuredmedia":[{"embeddable":true,"href":"https:\/\/demo.bmconnect.vn\/dienmay3\/wp-json\/wp\/v2\/media\/1145"}],"wp:attachment":[{"href":"https:\/\/demo.bmconnect.vn\/dienmay3\/wp-json\/wp\/v2\/media?parent=1058"}],"wp:term":[{"taxonomy":"product_cat","embeddable":true,"href":"https:\/\/demo.bmconnect.vn\/dienmay3\/wp-json\/wp\/v2\/product_cat?post=1058"},{"taxonomy":"product_tag","embeddable":true,"href":"https:\/\/demo.bmconnect.vn\/dienmay3\/wp-json\/wp\/v2\/product_tag?post=1058"}],"curies":[{"name":"wp","href":"https:\/\/api.w.org\/{rel}","templated":true}]}}