{"id":1056,"date":"2019-04-15T18:26:39","date_gmt":"2019-04-15T11:26:39","guid":{"rendered":"http:\/\/demo.bmconnect.vn\/dienmay3\/?post_type=product&#038;p=1056"},"modified":"2019-04-15T18:26:39","modified_gmt":"2019-04-15T11:26:39","slug":"quat-dieu-hoa-lam-mat-2-tang-kimura-onaga","status":"publish","type":"product","link":"https:\/\/demo.bmconnect.vn\/dienmay3\/quat-dieu-hoa-lam-mat-2-tang-kimura-onaga\/","title":{"rendered":"Qu\u1ea1t \u0111i\u1ec1u h\u00f2a l\u00e0m m\u00e1t 2 t\u1ea7ng Kimura Onaga"},"content":{"rendered":"<div id=\"anchor-intro\" class=\"prd-intro\">\n<div class=\"content detail-content\">\n<p>Qu\u1ea1t\u00a0\u0111\u00e1 h\u01a1i n\u01b0\u1edbc 2 t\u1ea7ng Kimura Onaga v\u1edbi c\u00f4ng su\u1ea5t m\u1ea1nh m\u1ebd 140W \u0111\u1ea3m b\u1ea3o s\u1ebd gi\u00fap b\u1ea1n c\u00f3 th\u1ec3 l\u00e0m m\u00e1t trong khu v\u1ef1c t\u1eeb 20 &#8211; 30m2. Qu\u1ea1t \u0111\u00e1 h\u01a1i n\u01b0\u1edbc 2 t\u1ea7ng Kimura Onaga \u0111\u01b0\u1ee3c thi\u1ebft k\u1ebf c\u00f3 b\u00e1nh xe di chuy\u1ec3n d\u1ec5 d\u00e0ng. Dung t\u00edch b\u00ecnh ch\u1ee9a n\u01b0\u1edbc 30 l\u00edt, l\u01b0\u1ee3ng n\u01b0\u1edbc ti\u00eau th\u1ee5 3 t\u1edbi 5 l\u00edt n\u01b0\u1edbc gi\u1edd, l\u01b0u l\u01b0\u1ee3ng gi\u00f3 l\u00e0 2000M3\/h r\u1ea5t m\u1ea1nh r\u1ea5t m\u00e1t.<\/p>\n<\/div>\n<\/div>\n<div id=\"anchor-spec\" class=\"prd-spec\">\n<div class=\"content detail-content\">\n<div data-redactor=\"1\">Qu\u1ea1t \u0111\u00e1 h\u01a1i n\u01b0\u1edbc 2 t\u1ea7ng Kimura Onaga l\u00e0m m\u00e1t b\u1eb1ng h\u01a1i n\u01b0\u1edbc, kh\u00f4ng g\u00e2y h\u1ea1i s\u1ee9c kh\u1ecfe, gi\u00f3 th\u1ed5i h\u01a1i m\u00e1t t\u1ef1 nhi\u00ean.<\/div>\n<div data-redactor=\"1\">&#8211; M\u00e1y l\u00e0m m\u00e1t kh\u00f4ng kh\u00ed 2 t\u1ea7ng l\u00e0m m\u00e1t b\u1eb1ng h\u01a1i n\u01b0\u1edbc, kh\u00f4ng g\u00e2y h\u1ea1i s\u1ee9c kh\u1ecfe, gi\u00f3 th\u1ed5i h\u01a1i m\u00e1t t\u1ef1 nhi\u00ean, d\u1ec5 d\u00e0ng v\u1ec7 sinh b\u1ee5i b\u1ea9n, d\u1ec5 di chuy\u1ec3n \u0111\u1ebfn c\u00e1c khu v\u1ef1c kh\u00e1c nhau. Qu\u1ea1t \u0111\u00e1 h\u01a1i n\u01b0\u1edbc 2 t\u1ea7ng Kimura Onaga kh\u00f4ng phun s\u01b0\u01a1ng n\u00ean kh\u00f4ng \u1ea3nh h\u01b0\u1edfng \u0111\u1ebfn thi\u1ebft b\u1ecb \u0111i\u1ec7n t\u1eed, ti\u1ebft ki\u1ec7m \u0111i\u1ec7n.<\/div>\n<div data-redactor=\"1\"><img src=\"http:\/\/amua.vn\/uploads\/images\/san-pham\/quat-dieu-hoa\/quat-dieu-hoa-may-lam-mat-2-tang-shoohan-ava.jpg\" alt=\"\" \/><\/div>\n<div data-redactor=\"1\">Nh\u1eefng \u0111\u1eb7c \u0111i\u1ec3m n\u1ed5i b\u1eadt c\u1ee7a qu\u1ea1t \u0111\u00e1 h\u01a1i n\u01b0\u1edbc 2 t\u1ea7ng Kimura Onaga:<\/div>\n<div data-redactor=\"1\">&#8211; M\u00e1y \u0111\u01b0\u1ee3c thi\u1ebft k\u1ebf 2 t\u1ea7ng, 2 lu\u1ed3ng gi\u00f3 kh\u00e1c nhau v\u00ec v\u1eady di\u1ec7n t\u00edch l\u00e0m m\u00e1t s\u1ebd r\u1ed9ng h\u01a1n c\u1ea3 tr\u00ean cao l\u1eabn d\u01b0\u1edbi th\u1ea5p. V\u1edbi thi\u1ebft k\u1ebf m\u1edbi m\u00e1y c\u00f3 b\u1ea3ng \u0111i\u1ec1u khi\u1ec3n \u0111i\u1ec7n t\u1eed, remote \u0111i\u1ec1u khi\u1ec3n t\u1eeb xa r\u1ea5t ti\u1ec7n l\u1ee3i v\u00e0 d\u1ec5 d\u00e0ng s\u1eed d\u1ee5ng.<\/div>\n<div data-redactor=\"1\"><\/div>\n<div data-redactor=\"1\"><\/div>\n<div data-redactor=\"1\">M\u00e1y l\u00e0m m\u00e1t kh\u00f4ng kh\u00ed d\u1ec5 d\u00e0ng v\u1ec7 sinh b\u1ee5i b\u1ea9n, d\u1ec5 di chuy\u1ec3n \u0111\u1ebfn c\u00e1c khu v\u1ef1c kh\u00e1c nhau.<\/div>\n<div data-redactor=\"1\">&#8211;\u00a0Qu\u1ea1t \u0111i\u1ec1u h\u00f2a l\u00e0m m\u00e1t 2 t\u1ea7ng Kimura Onaga\u00a0\u1ee9ng d\u1ee5ng h\u1ec7 th\u1ed1ng c\u00f4ng ngh\u1ec7 c\u00f3 hi\u1ec7u qu\u1ea3 cao &#8220;tr\u1ef1c ti\u1ebfp bay h\u01a1i&#8221;. Nhi\u1ec7t \u0111\u1ed9 s\u1ebd gi\u1ea3m s\u1ef1 bay h\u01a1i n\u01b0\u1edbc h\u1ea5p th\u1ee5 n\u0103ng l\u01b0\u1ee3ng t\u1eeb m\u00f4i tr\u01b0\u1eddng xung quanh. Hi\u1ec7n t\u01b0\u1ee3ng n\u00e0y l\u00e0 ph\u1ed5 bi\u1ebfn \u1edf cu\u1ed9c s\u1ed1ng h\u00e0ng ng\u00e0y c\u1ee7a ch\u00fang ta. V\u00ed d\u1ee5, ch\u00fang ta c\u1ea3m th\u1ea5y m\u00e1t m\u1ebb khi b\u00ean c\u1ea1nh bi\u1ec3n, c\u1ea3m th\u1ea5y m\u00e1t m\u1ebb khi da \u0111\u01b0\u1ee3c bao ph\u1ee7 b\u1edfi n\u01b0\u1edbc.<\/div>\n<div data-redactor=\"1\"><\/div>\n<div data-redactor=\"1\"><\/div>\n<div data-redactor=\"1\">T\u00ednh n\u0103ng t\u1ea5m l\u00e0m m\u00e1t gia \u0111\u00ecnh Qu\u1ea1t \u0111\u00e1 h\u01a1i n\u01b0\u1edbc 2 t\u1ea7ng Kimura Onaga:<\/div>\n<div data-redactor=\"1\">&#8211; Khi kh\u00f4ng kh\u00ed t\u1ef1 nhi\u00ean \u0111i qua ph\u1ea7n l\u00f5i c\u1ee7a t\u1ea5m l\u00e0m m\u00e1t, nh\u1eefng gi\u1ecdt n\u01b0\u1edbc tr\u00ean t\u1ea5m l\u00e0m m\u00e1t s\u1ebd l\u00e0m gi\u1ea3m nhi\u1ec7t \u0111\u1ed9 kh\u00f4ng kh\u00ed t\u1ef1 nhi\u00ean xu\u1ed1ng. C\u00e1c t\u00ednh n\u0103ng: kh\u1ea3 n\u0103ng h\u1ea5p th\u1ee5 n\u01b0\u1edbc t\u1ed1t v\u00e0 th\u00f4ng gi\u00f3, ch\u1ee9c n\u0103ng l\u1ecdc, di\u1ec7n t\u00edch l\u00e0m m\u00e1t th\u1ef1c t\u1ebf l\u00e0 h\u01a1n m\u1ed9t tr\u0103m l\u1ea7n so v\u1edbi b\u1ec1 m\u1eb7t, r\u1eafn, d\u1ebbo dai, ch\u1ed1ng \u0103n m\u00f2n, tu\u1ed5i th\u1ecd cao.<\/div>\n<div data-redactor=\"1\"><\/div>\n<div data-redactor=\"1\"><\/div>\n<div data-redactor=\"1\">&#8211; Trong m\u00f9a h\u00e8, c\u00f3 s\u1ef1 kh\u00e1c bi\u1ec7t l\u1edbn gi\u1eefa nhi\u1ec7t \u0111\u1ed9 kh\u00f4 v\u00e0 \u01b0\u1edbt trong kh\u00f4ng kh\u00ed, v\u00ec v\u1eady hi\u1ec7u qu\u1ea3 l\u00e0m m\u00e1t s\u1ebd r\u1ea5t cao. Kh\u00f4ng kh\u00ed t\u1ef1 nhi\u00ean s\u1ebd \u0111\u01b0\u1ee3c th\u1ed5i ra l\u1ea1nh h\u01a1n th\u00f4ng qua t\u1ea5m l\u00e0m m\u00e1t. Trong khi \u0111\u00f3, m\u00f9i h\u00f4i trong nh\u00e0, \u1ed1ng d\u1eabn, v\u00e0 kh\u00f4ng kh\u00ed \u0111\u01b0\u1ee3c th\u1ea3i ra. Do \u0111\u00f3 l\u00e0m m\u00e1t kh\u00f4ng kh\u00ed l\u00e0m cho m\u00f4i tr\u01b0\u1eddng trong l\u00e0nh v\u00e0 tho\u1ea3i m\u00e1i.<\/div>\n<div data-redactor=\"1\">M\u00e1y l\u00e0m m\u00e1t kh\u00f4ng kh\u00ed Kimura kh\u00f4ng phun s\u01b0\u01a1ng n\u00ean kh\u00f4ng \u1ea3nh h\u01b0\u1edfng \u0111\u1ebfn thi\u1ebft b\u1ecb \u0111i\u1ec7n t\u1eed, ti\u1ebft ki\u1ec7m \u0111i\u1ec7n<\/div>\n<div data-redactor=\"1\"><\/div>\n<div data-redactor=\"1\">QU\u00c1 TR\u00ccNH HO\u1ea0T \u0110\u1ed8NG C\u1ee6A QU\u1ea0T<\/div>\n<div data-redactor=\"1\">Th\u00f4ng s\u1ed1 k\u1ef9 thu\u1eadt c\u1ee7a\u00a0 : Qu\u1ea1t \u0111\u00e1 h\u01a1i n\u01b0\u1edbc 2 t\u1ea7ng Kimura<\/div>\n<div data-redactor=\"1\">&#8211; \u0110i\u1ec7n \u00e1p s\u1eed d\u1ee5ng: 220V\/ 50Hz<\/div>\n<div data-redactor=\"1\">&#8211; Power \/ C\u00f4ng su\u1ea5t: 140W<\/div>\n<div data-redactor=\"1\">&#8211; Single unit cover area \/ Di\u1ec7n t\u00edch l\u00e0m m\u00e1t: 20 t\u1edbi 30m2<\/div>\n<div data-redactor=\"1\">&#8211; Airflow \/ L\u01b0u l\u01b0\u1ee3ng gi\u00f3: 2000m3\/h<\/div>\n<div data-redactor=\"1\">&#8211; Fan type \/ Ki\u1ec3u qu\u1ea1t: Centrifugal<\/div>\n<div data-redactor=\"1\">&#8211; Ph\u00edm \u0111i\u1ec1u khi\u1ec3n b\u1eb1ng c\u1ea3m \u1ee9ng<\/div>\n<div data-redactor=\"1\">&#8211; Dimension \/ K\u00edch th\u01b0\u1edbc: 41x46x118 cm<\/div>\n<div data-redactor=\"1\">&#8211; Water tank \/ Th\u00f9ng ch\u1ee9a n\u01b0\u1edbc: 30L<\/div>\n<div data-redactor=\"1\">&#8211; Net weight \/ Tr\u1ecdng l\u01b0\u1ee3ng: 15 kg<\/div>\n<div data-redactor=\"1\">&#8211; M\u00e0u s\u1eafc: m\u00e0u tr\u1eafng, m\u00e0u s\u00e1m chu\u1ed9t<\/div>\n<div data-redactor=\"1\">&#8211; L\u01b0\u1ee3ng n\u01b0\u1edbc ti\u00eau th\u1ee5: 3 t\u1edbi 5 l\u00edt n\u01b0\u1edbc tr\u00ean gi\u1edd<\/div>\n<div data-redactor=\"1\">&#8211; \u0110\u1ed9 \u1ed3n:&lt;60dB<\/div>\n<div data-redactor=\"1\">&#8211; Xu\u1ea5t x\u1ee9\/Ch\u00ednh h\u00e3ng\/ Nh\u1eadt B\u1ea3n<\/div>\n<div data-redactor=\"1\">&#8211; H\u1ec7 th\u1ed1ng: kh\u1eed m\u00f9i di\u1ec7t khu\u1ea9n, \u0111u\u1ed5i mu\u1ed7i, th\u00f4ng gi\u00f3, thanh l\u1ecdc kh\u00f4ng kh\u00ed t\u1ef1 nhi\u00ean.<\/div>\n<div data-redactor=\"1\">&#8211; B\u1ea2O H\u00c0NH : 24 TH\u00c1NG ( \u0110\u1ed4I M\u1edaI 7 NG\u00c0Y \u0110\u1ea6U N\u1ebeU L\u1ed6I NH\u00c0 S\u1ea2N XU\u1ea4T)<\/div>\n<div data-redactor=\"1\">Qu\u1ea1t l\u00e0m m\u00e1t kh\u00f4ng kh\u00ed kh\u1eed m\u00f9i di\u1ec7t khu\u1ea9n, \u0111u\u1ed5i mu\u1ed7i, th\u00f4ng gi\u00f3, thanh l\u1ecdc kh\u00f4ng kh\u00ed t\u1ef1 nhi\u00ean.<\/div>\n<div data-redactor=\"1\">Gi\u00e1 lu\u00f4n r\u1ebb h\u01a1n c\u00e1c si\u00eau th\u1ecb hay c\u00e1c trung t\u00e2m th\u01b0\u01a1ng m\u1ea1i&#8230;v\u00ec ch\u00fang t\u00f4i \u0111\u01b0a s\u1ea3n t\u1eeb tay nh\u00e0 s\u1ea3n xu\u1ea5t \u0111\u1ebfn t\u1eadn tay ng\u01b0\u1eddi ti\u00eau d\u00f9ng kh\u00f4ng qua trung giam n\u00ean tr\u01b0\u1ee3t ti\u00eau m\u1ecdi ch\u00ed ph\u00ed ph\u1ee5 m\u00e0 ng\u01b0\u1eddi ti\u00eau d\u00f9ng ph\u1ea3i chi tr\u1ea3&#8230;<\/div>\n<\/div>\n<\/div>\n","protected":false},"excerpt":{"rendered":"<p>Qu\u1ea1t\u00a0\u0111\u00e1 h\u01a1i n\u01b0\u1edbc 2 t\u1ea7ng Kimura Onaga v\u1edbi c\u00f4ng su\u1ea5t m\u1ea1nh m\u1ebd 140W \u0111\u1ea3m b\u1ea3o s\u1ebd gi\u00fap b\u1ea1n c\u00f3 th\u1ec3 l\u00e0m m\u00e1t trong khu v\u1ef1c t\u1eeb 20 &#8211; 30m2. Qu\u1ea1t \u0111\u00e1 h\u01a1i n\u01b0\u1edbc 2 t\u1ea7ng Kimura Onaga \u0111\u01b0\u1ee3c thi\u1ebft k\u1ebf c\u00f3 b\u00e1nh xe di chuy\u1ec3n d\u1ec5 d\u00e0ng. Dung t\u00edch b\u00ecnh ch\u1ee9a n\u01b0\u1edbc 30 l\u00edt, l\u01b0\u1ee3ng n\u01b0\u1edbc ti\u00eau th\u1ee5 3 t\u1edbi 5 l\u00edt n\u01b0\u1edbc gi\u1edd, l\u01b0u l\u01b0\u1ee3ng gi\u00f3 l\u00e0 2000M3\/h r\u1ea5t m\u1ea1nh r\u1ea5t m\u00e1t.<\/p>\n","protected":false},"featured_media":1057,"comment_status":"open","ping_status":"closed","template":"","meta":[],"product_cat":[41],"product_tag":[],"_links":{"self":[{"href":"https:\/\/demo.bmconnect.vn\/dienmay3\/wp-json\/wp\/v2\/product\/1056"}],"collection":[{"href":"https:\/\/demo.bmconnect.vn\/dienmay3\/wp-json\/wp\/v2\/product"}],"about":[{"href":"https:\/\/demo.bmconnect.vn\/dienmay3\/wp-json\/wp\/v2\/types\/product"}],"replies":[{"embeddable":true,"href":"https:\/\/demo.bmconnect.vn\/dienmay3\/wp-json\/wp\/v2\/comments?post=1056"}],"wp:featuredmedia":[{"embeddable":true,"href":"https:\/\/demo.bmconnect.vn\/dienmay3\/wp-json\/wp\/v2\/media\/1057"}],"wp:attachment":[{"href":"https:\/\/demo.bmconnect.vn\/dienmay3\/wp-json\/wp\/v2\/media?parent=1056"}],"wp:term":[{"taxonomy":"product_cat","embeddable":true,"href":"https:\/\/demo.bmconnect.vn\/dienmay3\/wp-json\/wp\/v2\/product_cat?post=1056"},{"taxonomy":"product_tag","embeddable":true,"href":"https:\/\/demo.bmconnect.vn\/dienmay3\/wp-json\/wp\/v2\/product_tag?post=1056"}],"curies":[{"name":"wp","href":"https:\/\/api.w.org\/{rel}","templated":true}]}}