{"id":1052,"date":"2019-04-15T18:24:22","date_gmt":"2019-04-15T11:24:22","guid":{"rendered":"http:\/\/demo.bmconnect.vn\/dienmay3\/?post_type=product&#038;p=1052"},"modified":"2019-04-15T18:24:22","modified_gmt":"2019-04-15T11:24:22","slug":"quat-dieu-hoa-lam-mat-khong-khi-ozuno-12000tc","status":"publish","type":"product","link":"https:\/\/demo.bmconnect.vn\/dienmay3\/quat-dieu-hoa-lam-mat-khong-khi-ozuno-12000tc\/","title":{"rendered":"Qu\u1ea1t \u0111i\u1ec1u h\u00f2a l\u00e0m m\u00e1t kh\u00f4ng kh\u00ed OZUNO -12000TC"},"content":{"rendered":"<div id=\"anchor-intro\" class=\"prd-intro\">\n<div class=\"content detail-content\">\n<p>M\u00e1y l\u00e0m m\u00e1t cao c\u1ea5p\u00a0\u00a0OZUNO -12000TC\u00a0\u00a0\u0111\u01b0\u1ee3c thi\u1ebft k\u1ebf \u0111\u1eb7c bi\u1ec7t, v\u1edbi c\u00f4ng ngh\u1ec7 ti\u00ean ti\u1ebfn l\u00e0m m\u00e1t theo nguy\u00ean l\u00fd t\u1ef1 nhi\u00ean l\u00e0m m\u00e1t b\u1eb1ng n\u01b0\u1edbc. Gi\u00fap ti\u1ebft ki\u1ec7m chi ph\u00ed t\u1ed1i \u0111a. V\u1edbi nh\u1eefng \u0111\u1eb7c \u0111i\u1ec3m n\u1ed5i tr\u1ed9i, l\u00e0m m\u00e1t kh\u00f4ng khi nhanh, m\u00e1y l\u00e0m m\u00e1t cao c\u1ea5p\u00a0\u00a0OZUNO -12000TC\u00a0th\u00edch h\u1ee3p s\u1eed d\u1ee5ng cho kh\u00f4ng gian l\u1edbn nh\u01b0 nh\u00e0 h\u00e0ng, qu\u00e1n \u0103n, ti\u1ec7m n\u00e9t, ph\u00f2ng game, showroom, s\u1ea3nh ch\u1edd, s\u1ef1 ki\u1ec7n ngo\u00e0i tr\u1eddi, h\u1ed9i ch\u1ee3, khu vui ch\u01a1i.<\/p>\n<p>V\u1edbi m\u1ee5c \u0111\u00edch ti\u1ebft ki\u1ec7m chi ph\u00ed s\u1eed d\u1ee5ng m\u00e1y l\u00e0m m\u00e1t\u00a0\u00a0OZUNO -12000TC\u00a0gi\u00fap ti\u1ebft ki\u1ec7m \u0111i\u1ec7n g\u1ea7n 90% so v\u1edbi vi\u1ec7c l\u1eafp \u0111\u1eb7t m\u00e1y l\u1ea1nh, gi\u1ea3i ph\u00e1p cho kh\u00f4ng gian kh\u00f4ng \u0111\u01b0\u1ee3c k\u00edn, gi\u1ea3i ph\u00e1p kh\u1eed m\u00f9i h\u00f4i hi\u1ec7u qu\u1ea3 do th\u1ee9c \u0103n, m\u00f9i m\u1ed3 h\u00f4i, thu\u1ed1c l\u00e1.<\/p>\n<\/div>\n<\/div>\n<div id=\"anchor-spec\" class=\"prd-spec\">\n<div class=\"content detail-content\">\n<p><img src=\"http:\/\/amua.vn\/uploads\/images\/san-pham\/quat-dieu-hoa\/ozuno-12000tc\/z1006282082375-e65756f3a1f64981569b0848f4c0fd03.jpg\" alt=\"\" \/><\/p>\n<p><strong>\u0110\u1eb7c \u0111i\u1ec3m n\u1ed5i b\u1eadt:<\/strong><\/p>\n<p>&#8211;\u00a0 L\u00e0m m\u00e1t di\u1ec7n t\u00edch l\u1edbn 50-60m2. Nhi\u1ec7t \u0111\u1ed9 t\u1ea1i c\u1eeda gi\u00f3 \u0111\u1ea1t t\u1eeb 26-28 \u0111\u1ed9 C.<\/p>\n<p>&#8211;\u00a0 Ch\u1ea5t li\u1ec7u nh\u1ef1a ABS ch\u1ed1ng gi\u1eadt<\/p>\n<p>&#8211;\u00a0 \u0110i\u1ec1u khi\u1ec3n b\u1eb1ng remote t\u1eeb xa v\u00e0 m\u00e0n h\u00ecnh led.<\/p>\n<p>&#8211;\u00a0 Ch\u1ee9c n\u0103ng h\u1eb9n gi\u1edd.<\/p>\n<p>&#8211; \u00a0V\u1edbi Cooling Pad v\u00e0ng l\u1ecdc b\u1ee5i, th\u1ea9m th\u1ea5u nhanh, t\u1ea1o l\u00e0n gi\u00f3 m\u00e1t t\u1ef1 nhi\u00ean,<\/p>\n<p>&#8211;\u00a0 Ti\u1ebft ki\u1ec7m \u0111i\u1ec7n n\u0103ng 90% so v\u1edbi m\u00e1y l\u1ea1nh.<\/p>\n<p>&#8211;\u00a0 Kh\u00f4ng phun s\u01b0\u01a1ng kh\u00f4ng g\u00e2y h\u1ea1i thi\u1ebft b\u1ecb \u0111i\u1ec7n t\u1eed, lu\u00f4n duy tr\u00ec \u0111\u1ed9 \u1ea9m \u1edf m\u1ee9c th\u00edch h\u1ee3p.<\/p>\n<p>&#8211; V\u1ecf m\u00e1y l\u00e0m b\u1eb1ng nh\u1ef1a ABS\u00a0 b\u1ec1n b\u1ec9 ch\u1eafc ch\u1eafn.<\/p>\n<p>&#8211;\u00a0 Th\u1ec3 t\u00edch b\u00ecnh ch\u1ee9a l\u1edbn 60l\u00edt.<\/p>\n<p>&#8211; Ch\u1ec9 s\u1ed1 IP cao, motor l\u00f5i \u0111\u1ed3ng t\u0103ng tu\u1ed5i th\u1ecd 1.5l\u1ea7n so v\u1edbi l\u00f5i nh\u00f4m c\u1ee7a nh\u1eefng nh\u00e3n hi\u1ec7u m\u00e1y m\u00e1y l\u00e0m m\u00e1t kh\u00e1c.<\/p>\n<p>&#8211;\u00a0 \u00a0 \u00a0 \u00a0\u0110\u1ed9ng c\u01a1 si\u00eau b\u1ec1n, tu\u1ed5i th\u1ecd l\u00e2u d\u00e0i<\/p>\n<p>&#8211;\u00a0\u00a0\u00a0\u00a0\u00a0\u00a0\u00a0Trang b\u1ecb thi\u1ebft b\u1ecb ch\u1ed1ng gi\u1eadt<\/p>\n<p><img src=\"http:\/\/amua.vn\/uploads\/images\/san-pham\/quat-dieu-hoa\/ozuno-12000tc\/z1006282073140-a7f4479ba1e5647be0dee0b55ede6836.jpg\" alt=\"\" \/>&#8211; Motor l\u00e0 \u0111\u1ed9ng c\u01a1 r\u1ea5t quan tr\u1ecdng \u0111\u1ed1i v\u1edbi m\u00e1y l\u00e0m m\u00e1t. Qu\u1ea1t c\u00f3 quay \u0111\u01b0\u1ee3c hay kh\u00f4ng ch\u00ednh l\u00e0 nh\u1edd v\u00e0o \u0111\u1ed9ng c\u01a1 n\u00e0y. Ch\u00ednh v\u00ec th\u1ebf, ch\u00fang t\u00f4i \u0111\u00e3 cho ra \u0111\u1eddi motor m\u00e1y l\u00e0m m\u00e1t Yakyo\u00a09000TC\u00a0\u0111\u01b0\u1ee3c qu\u1ea5n 100% d\u00e2y \u0111\u1ed3ng, t\u0103ng tu\u1ed5i th\u1ecd g\u1ea5p 1.5 l\u1ea7n so v\u1edbi nh\u1eefng m\u00e1y l\u00e0m m\u00e1t kh\u00e1c qu\u1ea5n b\u1eb1ng l\u00f5i nh\u00f4m. Ch\u1ec9 s\u1ed1 IP\u00a0 c\u1ee7a motor cao, tr\u00e1nh c\u00e1c t\u00e1c \u0111\u1ed9ng b\u00ean ngo\u00e0i \u1ea3nh h\u01b0\u1edfng t\u1edbi tu\u1ed5i th\u1ecd c\u1ee7a motor \u0111\u1eb7c bi\u1ec7t l\u00e0 b\u1ee5i v\u00e0 n\u01b0\u1edbc. B\u1ea3o v\u1ec7 tuy\u1ec7t \u0111\u1ed1i cho motor c\u1ea3 trong l\u1eabn ngo\u00e0i.<\/p>\n<p><img src=\"http:\/\/amua.vn\/uploads\/images\/san-pham\/quat-dieu-hoa\/ozuno-12000tc\/z1006282071047-07850346020cf803fb5983598d9d9024.jpg\" alt=\"\" \/><\/p>\n<\/div>\n<\/div>\n","protected":false},"excerpt":{"rendered":"<p>M\u00e1y l\u00e0m m\u00e1t cao c\u1ea5p\u00a0\u00a0OZUNO -12000TC\u00a0\u00a0\u0111\u01b0\u1ee3c thi\u1ebft k\u1ebf \u0111\u1eb7c bi\u1ec7t, v\u1edbi c\u00f4ng ngh\u1ec7 ti\u00ean ti\u1ebfn l\u00e0m m\u00e1t theo nguy\u00ean l\u00fd t\u1ef1 nhi\u00ean l\u00e0m m\u00e1t b\u1eb1ng n\u01b0\u1edbc. Gi\u00fap ti\u1ebft ki\u1ec7m chi ph\u00ed t\u1ed1i \u0111a. V\u1edbi nh\u1eefng \u0111\u1eb7c \u0111i\u1ec3m n\u1ed5i tr\u1ed9i, l\u00e0m m\u00e1t kh\u00f4ng khi nhanh, m\u00e1y l\u00e0m m\u00e1t cao c\u1ea5p\u00a0\u00a0OZUNO -12000TC\u00a0th\u00edch h\u1ee3p s\u1eed d\u1ee5ng cho kh\u00f4ng gian l\u1edbn nh\u01b0 nh\u00e0 h\u00e0ng, qu\u00e1n \u0103n, ti\u1ec7m n\u00e9t, ph\u00f2ng game, showroom, s\u1ea3nh ch\u1edd, s\u1ef1 ki\u1ec7n ngo\u00e0i tr\u1eddi, h\u1ed9i ch\u1ee3, khu vui ch\u01a1i.<\/p>\n","protected":false},"featured_media":1053,"comment_status":"open","ping_status":"closed","template":"","meta":[],"product_cat":[41],"product_tag":[],"_links":{"self":[{"href":"https:\/\/demo.bmconnect.vn\/dienmay3\/wp-json\/wp\/v2\/product\/1052"}],"collection":[{"href":"https:\/\/demo.bmconnect.vn\/dienmay3\/wp-json\/wp\/v2\/product"}],"about":[{"href":"https:\/\/demo.bmconnect.vn\/dienmay3\/wp-json\/wp\/v2\/types\/product"}],"replies":[{"embeddable":true,"href":"https:\/\/demo.bmconnect.vn\/dienmay3\/wp-json\/wp\/v2\/comments?post=1052"}],"wp:featuredmedia":[{"embeddable":true,"href":"https:\/\/demo.bmconnect.vn\/dienmay3\/wp-json\/wp\/v2\/media\/1053"}],"wp:attachment":[{"href":"https:\/\/demo.bmconnect.vn\/dienmay3\/wp-json\/wp\/v2\/media?parent=1052"}],"wp:term":[{"taxonomy":"product_cat","embeddable":true,"href":"https:\/\/demo.bmconnect.vn\/dienmay3\/wp-json\/wp\/v2\/product_cat?post=1052"},{"taxonomy":"product_tag","embeddable":true,"href":"https:\/\/demo.bmconnect.vn\/dienmay3\/wp-json\/wp\/v2\/product_tag?post=1052"}],"curies":[{"name":"wp","href":"https:\/\/api.w.org\/{rel}","templated":true}]}}