{"id":1047,"date":"2019-04-15T18:20:03","date_gmt":"2019-04-15T11:20:03","guid":{"rendered":"http:\/\/demo.bmconnect.vn\/dienmay3\/?post_type=product&#038;p=1047"},"modified":"2019-04-15T18:20:03","modified_gmt":"2019-04-15T11:20:03","slug":"bep-dien-tu-1-tu-1-hong-ngoai-eurosun-eu-te886g","status":"publish","type":"product","link":"https:\/\/demo.bmconnect.vn\/dienmay3\/bep-dien-tu-1-tu-1-hong-ngoai-eurosun-eu-te886g\/","title":{"rendered":"B\u1ebfp \u0111i\u1ec7n t\u1eeb 1 t\u1eeb 1 h\u1ed3ng ngo\u1ea1i Eurosun EU-TE886G"},"content":{"rendered":"<div class=\"paratable\">\n<h2 class=\"tt\">Th\u00f4ng s\u1ed1 k\u1ef9 thu\u1eadt B\u1ebfp \u0111i\u1ec7n t\u1eeb 1 t\u1eeb 1 h\u1ed3ng ngo\u1ea1i Eurosun EU-TE886G<\/h2>\n<\/div>\n<div class=\"specimg\"><img src=\"https:\/\/bep68.vn\/Data\/ResizeImage\/files\/6169_0_bep_dien_tu_1_tu_1_hong_ngoai_eu_te886gx730x365x4.jpg\" \/><\/div>\n<div class=\"article-content  mb20 \">\n<p><em><strong>B\u1ebfp \u0111i\u1ec7n t\u1eeb 2 v\u00f9ng n\u1ea5u\u00a0Eurosun EU-TE886G\u00a0s\u1ea3n ph\u1ea9m nh\u1eadp kh\u1ea9u cao c\u1ea5p t\u1eeb \u0110\u1ee9c . Nhi\u1ec1u qu\u00e0 t\u1eb7ng h\u1ea5p d\u1eabn l\u00ean \u0111\u1ebfn 3 tri\u1ec7u \u0111\u1ed3ng cho kh\u00e1ch h\u00e0ng khi mua b\u1ebfp. C\u1ef1c k\u1ef3 th\u00edch h\u1ee3p cho kh\u00f4ng gian b\u1ebfp hi\u1ec7n \u0111\u1ea1i c\u1ee7a c\u00e1c gia \u0111\u00ecnh th\u1eddi \u0111\u1ea1i m\u1edbi.<\/strong><\/em><\/p>\n<h2>Th\u00f4ng tin v\u1ec1 b\u1ebfp \u0111i\u1ec7n t\u1eeb 1 t\u1eeb 1 h\u1ed3ng ngo\u1ea1i Eurosun EU-TE886G<\/h2>\n<div>&#8211; Lo\u1ea1i b\u1ebfp : B\u1ebfp \u0111i\u1ec7n t\u1eeb<\/div>\n<div>&#8211; Danh m\u1ee5c: B\u1ebfp \u0111i\u1ec7n t\u1eeb Eurosun<\/div>\n<div>&#8211; S\u1ed1 v\u00f9ng n\u1ea5u : 2 v\u00f9ng n\u1ea5u<\/div>\n<div>&#8211; Xu\u1ea5t x\u1ee9: Nh\u1eadp kh\u1ea9u nguy\u00ean chi\u1ebfc c\u1ee7a \u0110\u1ee9c<\/div>\n<div>&#8211; B\u1ea3o h\u00e0nh : 3 n\u0103m<\/div>\n<div><\/div>\n<h2>C\u00e1c ch\u1ee9 n\u0103ng n\u1ed5i b\u1eadt c\u1ee7a b\u1ebfp \u0111i\u1ec7n t\u1eeb 1 t\u1eeb 1 h\u1ed3ng ngo\u1ea1i Eurosun EU-TE886G<\/h2>\n<div><\/div>\n<div>M\u1eb7t b\u1ebfp: K\u00ednh SCHOTT CERAN<\/div>\n<div>Ti\u00eau chu\u1ea9n ch\u1ea5t l\u01b0\u1ee3ng: EMC, CE<\/div>\n<div>M\u00e2m nhi\u1ec7t: E.G.O Hilight<\/div>\n<div>Ch\u1ee9c n\u0103ng chia s\u1ebd c\u00f4ng su\u1ea5t: MAX 4000W<\/div>\n<div>Ch\u1ee9c n\u0103ng k\u00edch ho\u1ea1t c\u00f4ng su\u1ea5t \u201cSuper Booster\u201d: MAX 3000W<\/div>\n<div>C\u00f4ng ngh\u1ec7 bi\u1ebfn t\u1ea7n INVERTER th\u00f4ng minh: Ti\u1ebft ki\u1ec7m &gt;35% \u0111i\u1ec7n n\u0103ng<\/div>\n<div>T\u00ednh n\u0103ng n\u1ea5u th\u00f4ng minh Heat up time: Automatic<\/div>\n<div>T\u00ednh n\u0103ng n\u1ea5u c\u01a1m th\u00f4ng minh: Smart rice cooking<\/div>\n<div>Ch\u1ee9c n\u0103ng c\u1ea3nh b\u00e1o b\u1eb1ng \u00e2m thanh khi n\u01b0\u1edbc tr\u00e0n: Warning sound when the water is over<\/div>\n<div>H\u1ec7 th\u1ed1ng kho\u00e1 an to\u00e0n: C\u00f3<\/div>\n<div>T\u1ef1 nh\u1eadn di\u1ec7n v\u00f9ng n\u1ea5u: C\u00f3<\/div>\n<div>H\u1ec7 th\u1ed1ng b\u1ea3o v\u1ec7 an to\u00e0n, khi qu\u00e1 nhi\u1ec7t, qu\u00e1 \u00e1p: C\u00f3<\/div>\n<div>T\u1ef1 \u0111\u1ed9ng t\u1eaft khi khi xoong n\u1ed3i r\u1eddi v\u00f9ng n\u1ea5u: C\u00f3<\/div>\n<div>B\u1ea3ng \u0111i\u1ec1u khi\u1ec3n: C\u1ea3m \u1ee9ng Slide control<\/div>\n<h2>Th\u00f4ng tin k\u1ef9 thu\u1eadt c\u01a1 b\u1ea3n b\u1ebfp \u0111i\u1ec7n t\u1eeb 1 t\u1eeb 1 h\u1ed3ng ngo\u1ea1i Eurosun EU-TE886G<\/h2>\n<div><\/div>\n<div>S\u1ed1 m\u1ee9c c\u00f4ng su\u1ea5t: 9 m\u1ee9c c\u00f4ng su\u1ea5t + Booster<\/div>\n<div>Ch\u1ebf \u0111\u1ed9 h\u1eb9n gi\u1edd: 99 ph\u00fat<\/div>\n<div>Ch\u1ebf \u0111\u1ed9 c\u1ea3nh b\u00e1o nhi\u1ec7t d\u01b0 v\u00f9ng n\u1ea5u: C\u00f3<\/div>\n<div>C\u00f4ng su\u1ea5t l\u00f2 tr\u00e1i: 2300W + Boster 3000W<\/div>\n<div>C\u00f4ng su\u1ea5t l\u00f2 ph\u1ea3i: 1700W\/700W<\/div>\n<div>Ngu\u1ed3n \u0111i\u1ec7n: 220V \/50HZ<\/div>\n<div>K\u00edch th\u01b0\u1edbc s\u1ea3n ph\u1ea5m: 730R * 430S*60C mm<\/div>\n<div>K\u00edch th\u01b0\u1edbc kho\u00e9t \u0111\u00e1: 685R x 385S mm<\/div>\n<div><\/div>\n<h2>L\u01b0u \u00fd v\u1ec1 l\u1eafp \u0111\u1eb7t v\u00e0 s\u1eed d\u1ee5ng s\u1ea3n ph\u1ea9m b\u1ebfp \u0111i\u1ec7n t\u1eeb Eurosun EU-TE886G<\/h2>\n<h3>L\u1eafp \u0111\u1eb7t l\u01b0u \u00fd m\u1ed9t s\u1ed1 quy t\u1eafc an to\u00e0n d\u01b0\u1edbi \u0111\u00e2y :<\/h3>\n<div>&#8211; Khi l\u1eafp \u0111\u1eb7t v\u00e0o ngu\u1ed3n \u0111i\u1ec7n c\u1ea7n l\u1eafp qua Aptomat.<\/div>\n<div>&#8211; L\u1eafp ph\u1ea3i c\u00f3 d\u00e2y n\u1ed1i \u0111\u1ea5t \u0111\u1ec3 \u0111\u1ea3m b\u1ea3o an to\u00e0n, \u0111\u00fang k\u1ef9 thu\u1eadt.<\/div>\n<div>&#8211; L\u1eafp \u0111\u1eb7t t\u1ed1t nh\u1ea5t n\u00ean l\u1eafp \u00e2m d\u01b0\u1edbi m\u1eb7t b\u1ebfp. Tr\u00edt Silicon c\u1ea9n th\u1eadn \u0111\u1ec3 n\u01b0\u1edbc tr\u00ean b\u1ec1 m\u1eb7t b\u00e0n b\u1ebfp kh\u00f4ng l\u1ecdt xu\u1ed1ng d\u01b0\u1edbi.<\/div>\n<h3>S\u1eed d\u1ee5ng b\u1ebfp \u0111i\u1ec7n t\u1eeb Eurosun ch\u00fa \u00fd c\u00e1c \u0111i\u1ec3m sau:<\/h3>\n<div>&#8211; Kh\u00f4ng s\u1edd tay tr\u1ef1c ti\u1ebfp v\u00e0o m\u1eb7t b\u1ebfp ngay khi b\u1ebfp v\u1eeda n\u1ea5u xong v\u00ec b\u1ebfp r\u1ea5t n\u00f3ng.<\/div>\n<div>&#8211; Kh\u00f4ng d\u00f9ng c\u00e1c v\u1eadt c\u1ee9ng tr\u00e0 s\u00e1t l\u00ean b\u1ec1 m\u1eb7t b\u1ebfp s\u1ebd khi\u1ebfn m\u1eb7t b\u1ebfp x\u01b0\u1edbc.<\/div>\n<div>&#8211; \u0110\u1ec3 n\u1ed3i nh\u1eb9 nh\u00e0ng, kh\u00f4ng \u0111\u1ec3 qu\u00e1 m\u1ea1nh l\u00ean m\u1eb7t b\u1ebfp.<\/div>\n<div>&#8211; V\u1edbi v\u00f9ng n\u1ea5u t\u1eeb n\u00ean s\u1eed d\u1ee5ng n\u1ed3i t\u1eeb chuy\u00ean d\u1ee5ng \u0111\u1ec3 \u0111\u1ea1t hi\u1ec7u qu\u1ea3 n\u1ea5u t\u1ed1t nh\u1ea5t.<\/div>\n<div>&#8211; V\u1edbi v\u00f9ng n\u1ea5u h\u1ed3ng ngo\u1ea1i, n\u00ean \u0111i\u1ec1u ch\u1ec9nh v\u00f2ng l\u1eeda ph\u00f9 h\u1ee3p v\u1edbi \u0111\u00e1y n\u1ed3i.<\/div>\n<h2>\u0110\u1ecba ch\u1ec9 mua s\u1ea3n ph\u1ea9m b\u1ebfp \u0111i\u1ec7n t\u1eeb Eurosun EU-TE886G<\/h2>\n<div>B\u1ebfp 68 l\u00e0 h\u1ec7 th\u1ed1ng c\u1eeda h\u00e0ng thi\u1ebft b\u1ecb \u0111i\u1ec7n m\u00e1y nh\u00e0 b\u1ebfp c\u00f3 m\u1eb7t tr\u00ean kh\u1eafp c\u1ea3 n\u01b0\u1edbc. B\u1ebfp 68 l\u00e0 \u0111\u1ea1i l\u00fd ch\u00ednh h\u00e3ng c\u1ee7a th\u01b0\u01a1ng hi\u1ec7u\u00a0<em>b\u1ebfp t\u1eeb Eurosun<\/em>\u00a0t\u1ea1i Vi\u1ec7t nam. \u0110\u1ec3 mua \u0111\u01b0\u1ee3c s\u1ea3n ph\u1ea9m Eurosun ch\u00ednh h\u00e3ng v\u1edbi gi\u00e1 t\u1ed1t nh\u1ea5t v\u00e0 \u0111\u01b0\u1ee3c t\u1eb7ng nhi\u1ec1u qu\u00e0 t\u1eb7ng, kh\u00e1ch h\u00e0ng n\u00ean \u0111\u1ebfn c\u00e1c c\u1eeda h\u00e0ng c\u1ee7a b\u1ebfp 68 tr\u00ean kh\u1eafp c\u1ea3 n\u01b0\u1edbc. T\u1ea1i \u0111\u00e2y kh\u00e1ch h\u00e0ng s\u1ebd \u0111\u01b0\u1ee3c t\u01b0 v\u1ea5n mi\u1ec5n ph\u00ed, s\u1eed d\u1ee5ng th\u1eed s\u1ea3n ph\u1ea9m ngay t\u1ea1i \u0111i\u1ec3m b\u00e1n \u0111\u1ec3 quy\u1ebft \u0111\u1ecbnh xem c\u00f3 n\u00ean mua hay kh\u00f4ng. Ngo\u00e0i th\u01b0\u01a1ng hi\u1ec7u Eurosun B\u1ebfp 68 c\u00f2n r\u1ea5t nhi\u1ec1u th\u01b0\u01a1ng hi\u1ec7u v\u00e0 c\u00e1c s\u1ea3n ph\u1ea9m nh\u00e0 b\u1ebfp kh\u00e1c. Kh\u00e1ch h\u00e0ng c\u00f3 th\u1ec3 tha h\u1ed3 l\u1ef1a ch\u1ecdn. Kh\u00e1ch h\u00e0ng \u1edf t\u1ec9nh xa s\u1ebd \u0111\u01b0\u1ee3c v\u1eadn chuy\u1ec3n h\u00e0ng \u0111\u1ebfn t\u1eadn nh\u00e0 mi\u1ec5n ph\u00ed.<\/div>\n<div><\/div>\n<\/div>\n","protected":false},"excerpt":{"rendered":"<p><em><strong>B\u1ebfp \u0111i\u1ec7n t\u1eeb 2 v\u00f9ng n\u1ea5u\u00a0Eurosun EU-TE886G\u00a0s\u1ea3n ph\u1ea9m nh\u1eadp kh\u1ea9u cao c\u1ea5p t\u1eeb \u0110\u1ee9c . Nhi\u1ec1u qu\u00e0 t\u1eb7ng h\u1ea5p d\u1eabn l\u00ean \u0111\u1ebfn 3 tri\u1ec7u \u0111\u1ed3ng cho kh\u00e1ch h\u00e0ng khi mua b\u1ebfp. C\u1ef1c k\u1ef3 th\u00edch h\u1ee3p cho kh\u00f4ng gian b\u1ebfp hi\u1ec7n \u0111\u1ea1i c\u1ee7a c\u00e1c gia \u0111\u00ecnh th\u1eddi \u0111\u1ea1i m\u1edbi.<\/strong><\/em><\/p>\n","protected":false},"featured_media":1048,"comment_status":"open","ping_status":"closed","template":"","meta":[],"product_cat":[40],"product_tag":[],"_links":{"self":[{"href":"https:\/\/demo.bmconnect.vn\/dienmay3\/wp-json\/wp\/v2\/product\/1047"}],"collection":[{"href":"https:\/\/demo.bmconnect.vn\/dienmay3\/wp-json\/wp\/v2\/product"}],"about":[{"href":"https:\/\/demo.bmconnect.vn\/dienmay3\/wp-json\/wp\/v2\/types\/product"}],"replies":[{"embeddable":true,"href":"https:\/\/demo.bmconnect.vn\/dienmay3\/wp-json\/wp\/v2\/comments?post=1047"}],"wp:featuredmedia":[{"embeddable":true,"href":"https:\/\/demo.bmconnect.vn\/dienmay3\/wp-json\/wp\/v2\/media\/1048"}],"wp:attachment":[{"href":"https:\/\/demo.bmconnect.vn\/dienmay3\/wp-json\/wp\/v2\/media?parent=1047"}],"wp:term":[{"taxonomy":"product_cat","embeddable":true,"href":"https:\/\/demo.bmconnect.vn\/dienmay3\/wp-json\/wp\/v2\/product_cat?post=1047"},{"taxonomy":"product_tag","embeddable":true,"href":"https:\/\/demo.bmconnect.vn\/dienmay3\/wp-json\/wp\/v2\/product_tag?post=1047"}],"curies":[{"name":"wp","href":"https:\/\/api.w.org\/{rel}","templated":true}]}}