{"id":1045,"date":"2019-04-15T18:18:54","date_gmt":"2019-04-15T11:18:54","guid":{"rendered":"http:\/\/demo.bmconnect.vn\/dienmay3\/?post_type=product&#038;p=1045"},"modified":"2019-04-15T18:20:58","modified_gmt":"2019-04-15T11:20:58","slug":"bep-dien-tu-eurosun-eu-te882g","status":"publish","type":"product","link":"https:\/\/demo.bmconnect.vn\/dienmay3\/bep-dien-tu-eurosun-eu-te882g\/","title":{"rendered":"B\u1ebfp \u0111i\u1ec7n t\u1eeb 2 t\u1eeb 1 h\u1ed3ng ngo\u1ea1i Eurosun EU-TE882G"},"content":{"rendered":"<div class=\"paratable\">\n<h2 class=\"tt\">Th\u00f4ng s\u1ed1 k\u1ef9 thu\u1eadt B\u1ebfp \u0111i\u1ec7n t\u1eeb Eurosun EU-TE882G<\/h2>\n<\/div>\n<div class=\"specimg\"><img src=\"https:\/\/bep68.vn\/Data\/ResizeImage\/files\/6168_0_bep_dien_tu_2_tu_1_hong_ngoai_eu_te882gx730x365x4.jpg\" \/><\/div>\n<div class=\"article-content mb20 \">\n<p><em><strong>B\u1ebfp \u0111i\u1ec7n t\u1eeb 3 v\u00f9ng n\u1ea5u Eurosun EU-TE882G<\/strong><\/em>\u00a0s\u1ea3n ph\u1ea9m b\u1ebfp \u0111i\u1ec7n t\u1eeb k\u1ebft h\u1ee3p \u0111\u00e1ng mua nh\u1ea5t hi\u1ec7n nay t\u1ea1i Vi\u1ec7t Nam. Mua ngay h\u00f4m nay \u0111\u1ec3 nh\u1eadn \u0111\u01b0\u1ee3c c\u1ef1c nhi\u1ec1u qu\u00e0 t\u1eb7ng t\u1eeb B\u1ebfp 68. V\u1edbi 3 v\u00f9ng n\u1ea5u 2 t\u1eeb v\u00e0 1 h\u1ed3ng ngo\u1ea1i, c\u00e1c b\u00e0 n\u1ed9i tr\u1ee3 c\u00f3 th\u1ec3 tho\u1ea3i m\u00e1i ph\u00f4 di\u1ec5n t\u00e0i n\u0103ng n\u1ea5u n\u01b0\u1edbng c\u1ee7a m\u00ecnh v\u1edbi s\u1ea3n ph\u1ea9m n\u00e0y.\u00a0<a href=\"http:\/\/bep68.vn\/bep-dien-tu-eurosun.html\"><em>B\u1ebfp \u0111i\u1ec7n t\u1eeb Eurosun<\/em><\/a>\u00a0l\u00e0 s\u1ea3n ph\u1ea9m \u0111\u01b0\u1ee3c ng\u01b0\u1eddi d\u00e2n Malaysia c\u1ef1c k\u1ef3 tin d\u00f9ng trong nh\u00e0 b\u1ebfp.<\/p>\n<h2>Th\u00f4ng tin s\u1ea3n ph\u1ea9m b\u1ebfp \u0111i\u1ec7n t\u1eeb 2 t\u1eeb 1 h\u1ed3ng ngo\u1ea1i Eurosun EU-TE882G<\/h2>\n<div><\/div>\n<div>&#8211; Lo\u1ea1i b\u1ebfp : B\u1ebfp \u0111i\u1ec7n t\u1eeb<\/div>\n<div>&#8211; Danh m\u1ee5c: B\u1ebfp \u0111i\u1ec7n t\u1eeb Eurosun<\/div>\n<div>&#8211; S\u1ed1 v\u00f9ng n\u1ea5u : 3 v\u00f9ng n\u1ea5u<\/div>\n<div>&#8211; Xu\u1ea5t x\u1ee9: Nh\u1eadp kh\u1ea9u nguy\u00ean chi\u1ebfc c\u1ee7a \u0110\u1ee9c<\/div>\n<div>&#8211; B\u1ea3o h\u00e0nh : 3 n\u0103m<\/div>\n<div><\/div>\n<h2>Nh\u1eefng t\u00ednh n\u0103ng n\u1ed5i b\u1eadt c\u1ee7a b\u1ebfp \u0111i\u1ec7n t\u1eeb 2 t\u1eeb 1 h\u1ed3ng ngo\u1ea1i Eurosun EU-TE882G<\/h2>\n<div><\/div>\n<div>&#8211; M\u1eb7t b\u1ebfp: K\u00ednh SCHOTT CERAN<\/div>\n<div>&#8211; Ti\u00eau chu\u1ea9n ch\u1ea5t l\u01b0\u1ee3ng: EMC, CE<\/div>\n<div>&#8211; M\u00e2m nhi\u1ec7t: E.G.O Hilight<\/div>\n<div>&#8211; Ch\u1ee9c n\u0103ng chia s\u1ebd c\u00f4ng su\u1ea5t: MAX 5500W<\/div>\n<div>&#8211; Ch\u1ee9c n\u0103ng k\u00edch ho\u1ea1t c\u00f4ng su\u1ea5t \u201cSuper Booster\u201d: MAX 3000W<\/div>\n<div>&#8211; C\u00f4ng ngh\u1ec7 bi\u1ebfn t\u1ea7n INVERTER th\u00f4ng minh: Ti\u1ebft ki\u1ec7m &gt;35% \u0111i\u1ec7n n\u0103ng<\/div>\n<div>&#8211; T\u00ednh n\u0103ng n\u1ea5u th\u00f4ng minh: Heat up time Automatic<\/div>\n<div>&#8211; Ch\u1ee9c n\u0103ng c\u1ea3nh b\u00e1o b\u1eb1ng \u00e2m thanh khi n\u01b0\u1edbc tr\u00e0n: Warning sound when the water is over<\/div>\n<div>&#8211; H\u1ec7 th\u1ed1ng kho\u00e1 an to\u00e0n: C\u00f3<\/div>\n<div>&#8211; T\u1ef1 nh\u1eadn di\u1ec7n v\u00f9ng n\u1ea5u: C\u00f3<\/div>\n<div>&#8211; H\u1ec7 th\u1ed1ng b\u1ea3o v\u1ec7 an to\u00e0n, khi qu\u00e1 nhi\u1ec7t, qu\u00e1 \u00e1p: C\u00f3<\/div>\n<div>&#8211; T\u1ef1 \u0111\u1ed9ng t\u1eaft khi khi xoong n\u1ed3i r\u1eddi v\u00f9ng n\u1ea5u: C\u00f3<\/div>\n<div>&#8211; B\u1ea3ng \u0111i\u1ec1u khi\u1ec3n: C\u1ea3m \u1ee9ng Slide control<\/div>\n<div><\/div>\n<h2>Th\u00f4ng s\u1ed1 c\u1ee7a b\u1ebfp \u0111i\u1ec7n t\u1eeb 2 t\u1eeb 1 h\u1ed3ng ngo\u1ea1i Eurosun EU-TE882G<\/h2>\n<div><\/div>\n<div>&#8211; S\u1ed1 m\u1ee9c c\u00f4ng su\u1ea5t: 9 m\u1ee9c c\u00f4ng su\u1ea5t + Booster<\/div>\n<div>&#8211; Ch\u1ebf \u0111\u1ed9 h\u1eb9n gi\u1edd: 99 ph\u00fat<\/div>\n<div>&#8211; Ch\u1ebf \u0111\u1ed9 c\u1ea3nh b\u00e1o nhi\u1ec7t d\u01b0 v\u00f9ng n\u1ea5u: C\u00f3<\/div>\n<div>&#8211; C\u00f4ng su\u1ea5t l\u00f2 tr\u00e1i: 2300W + Boster 3000W<\/div>\n<div>&#8211; C\u00f4ng su\u1ea5t l\u00f2 gi\u1eefa: 1400W<\/div>\n<div>&#8211; C\u00f4ng su\u1ea5t l\u00f2 ph\u1ea3i: 1700\/700W<\/div>\n<div>&#8211; Ngu\u1ed3n \u0111i\u1ec7n: 220-240V \/50HZ<\/div>\n<div>&#8211; K\u00edch th\u01b0\u1edbc s\u1ea3n ph\u1ea5m: 760R * 450S*60C mm<\/div>\n<div>&#8211; K\u00edch th\u01b0\u1edbc kho\u00e9t \u0111\u00e1: 720R x 390S mm<\/div>\n<div><\/div>\n<h3>S\u1ef1 ti\u1ec7n d\u1ee5ng c\u1ee7a EuroSun EU-TE882G h\u01a1n c\u00e1c s\u1ea3n ph\u1ea9m b\u1ebfp 2 v\u00f9ng n\u1ea5u kh\u00e1c<\/h3>\n<div>C\u00f3 th\u1ec3 n\u00f3\u00a0EuroSun EU-TE882G l\u00e0 s\u1ea3n ph\u1ea9m ho\u00e0n h\u1ea3o cho nh\u1eefng b\u00e0 n\u1ed9i tr\u1ee3 trong nh\u00e0 c\u00f3 nhi\u1ec1u ng\u01b0\u1eddi. V\u1edbi 3 v\u00f9ng n\u1ea5u c\u00e1c ch\u1ecb, c\u00e1c m\u1eb9 tho\u1ea3i m\u00e1i \u0111\u1ea1o di\u1ec5n nh\u00e9. N\u1ebfu nh\u01b0 tr\u01b0\u1edbc kia v\u1edbi b\u1ebfp 2 v\u00f9ng n\u1ea5u \u0111un n\u1ea5u v\u1edbi nh\u00e0 \u0111\u00f4ng ng\u01b0\u1eddi lu\u00f4n c\u1ea3m th\u1ea5y kh\u00f4ng \u0111\u1ee7. Th\u00ec nay v\u1edbi s\u1ea3n ph\u1ea9m\u00a0EuroSun EU-TE882G n\u00e0y th\u00ec tho\u1ea3i m\u00e1i lu\u00f4n.<\/div>\n<div>&#8211; 3 v\u00f9ng n\u1ea5u trong \u0111\u00f3 c\u00f3 2 v\u00f9ng n\u1ea5u t\u1eeb cho ph\u00e9p n\u1ea5u c\u00e1c m\u00f3n nhi\u1ec1u n\u01b0\u1edbc c\u1ef1c nhanh.<\/div>\n<div>&#8211; V\u00f9ng n\u1ea5u h\u1ed3ng ngo\u1ea1i l\u1edbn c\u1ef1c k\u1ef3 th\u00edch h\u1ee3p cho c\u00e1c m\u00f3n ninh, h\u1ea7m, r\u00e1n. \u0110\u1eb7c bi\u1ec7t c\u00f2n c\u00f3 th\u1ec3 ch\u1ebf bi\u1ebfn c\u1ea3 c\u00e1c m\u00f3n n\u01b0\u1edbng v\u1edbi v\u00f9ng n\u1ea5u h\u1ed3ng ngo\u1ea1i n\u00e0y.<\/div>\n<div>&#8211; 3 v\u00f9ng n\u1ea5u nh\u01b0ng b\u1ebfp v\u1eabn r\u1ea5t ti\u1ebft ki\u1ec7m \u0111i\u1ec7n, kh\u00f4ng lo \u0111i\u1ec7n trong nh\u00e0 b\u1ecb qu\u00e1 t\u1ea3i.<\/div>\n<div>B\u1ebfp \u0111i\u1ec7n t\u1eeb 3 v\u00f9ng n\u1ea5u EuroSun EU-TE882G l\u00e0 s\u1ef1 l\u1ef1a ch\u1ecdn s\u1ed1 1 cho nh\u1eefng b\u00e0 n\u1ed9i tr\u1ee3 trong gia \u0111\u00ecnh c\u00f3 \u0111\u00f4ng ng\u01b0\u1eddi.<\/div>\n<\/div>\n","protected":false},"excerpt":{"rendered":"<p>C\u00f3 th\u1ec3 n\u00f3\u00a0EuroSun EU-TE882G l\u00e0 s\u1ea3n ph\u1ea9m ho\u00e0n h\u1ea3o cho nh\u1eefng b\u00e0 n\u1ed9i tr\u1ee3 trong nh\u00e0 c\u00f3 nhi\u1ec1u ng\u01b0\u1eddi. V\u1edbi 3 v\u00f9ng n\u1ea5u c\u00e1c ch\u1ecb, c\u00e1c m\u1eb9 tho\u1ea3i m\u00e1i \u0111\u1ea1o di\u1ec5n nh\u00e9. N\u1ebfu nh\u01b0 tr\u01b0\u1edbc kia v\u1edbi b\u1ebfp 2 v\u00f9ng n\u1ea5u \u0111un n\u1ea5u v\u1edbi nh\u00e0 \u0111\u00f4ng ng\u01b0\u1eddi lu\u00f4n c\u1ea3m th\u1ea5y kh\u00f4ng \u0111\u1ee7. Th\u00ec nay v\u1edbi s\u1ea3n ph\u1ea9m\u00a0EuroSun EU-TE882G n\u00e0y th\u00ec tho\u1ea3i m\u00e1i lu\u00f4n.<\/p>\n","protected":false},"featured_media":1046,"comment_status":"open","ping_status":"closed","template":"","meta":[],"product_cat":[40],"product_tag":[],"_links":{"self":[{"href":"https:\/\/demo.bmconnect.vn\/dienmay3\/wp-json\/wp\/v2\/product\/1045"}],"collection":[{"href":"https:\/\/demo.bmconnect.vn\/dienmay3\/wp-json\/wp\/v2\/product"}],"about":[{"href":"https:\/\/demo.bmconnect.vn\/dienmay3\/wp-json\/wp\/v2\/types\/product"}],"replies":[{"embeddable":true,"href":"https:\/\/demo.bmconnect.vn\/dienmay3\/wp-json\/wp\/v2\/comments?post=1045"}],"wp:featuredmedia":[{"embeddable":true,"href":"https:\/\/demo.bmconnect.vn\/dienmay3\/wp-json\/wp\/v2\/media\/1046"}],"wp:attachment":[{"href":"https:\/\/demo.bmconnect.vn\/dienmay3\/wp-json\/wp\/v2\/media?parent=1045"}],"wp:term":[{"taxonomy":"product_cat","embeddable":true,"href":"https:\/\/demo.bmconnect.vn\/dienmay3\/wp-json\/wp\/v2\/product_cat?post=1045"},{"taxonomy":"product_tag","embeddable":true,"href":"https:\/\/demo.bmconnect.vn\/dienmay3\/wp-json\/wp\/v2\/product_tag?post=1045"}],"curies":[{"name":"wp","href":"https:\/\/api.w.org\/{rel}","templated":true}]}}