{"id":1043,"date":"2019-04-15T18:17:56","date_gmt":"2019-04-15T11:17:56","guid":{"rendered":"http:\/\/demo.bmconnect.vn\/dienmay3\/?post_type=product&#038;p=1043"},"modified":"2019-04-15T18:21:15","modified_gmt":"2019-04-15T11:21:15","slug":"bep-dien-tu-eurosun-eu-if268s","status":"publish","type":"product","link":"https:\/\/demo.bmconnect.vn\/dienmay3\/bep-dien-tu-eurosun-eu-if268s\/","title":{"rendered":"B\u1ebfp \u0111i\u1ec7n t\u1eeb 2 v\u00f9ng n\u1ea5u Eurosun EU-IF268S"},"content":{"rendered":"<div class=\"paratable\">\n<h2 class=\"tt\">Th\u00f4ng s\u1ed1 k\u1ef9 thu\u1eadt B\u1ebfp \u0111i\u1ec7n t\u1eeb Eurosun EU-IF268S<\/h2>\n<\/div>\n<div class=\"specimg\"><em style=\"color: #555555; font-size: 14.4px;\"><strong>B\u1ebfp \u0111i\u1ec7n t\u1eeb Eurosun EU-IF268 s\u1ea3n ph\u1ea9m b\u1ebfp \u0111i\u1ec7n t\u1eeb nh\u1eadp kh\u1ea9u tr\u1ef1c ti\u1ebfp t\u1eeb Malaysia. S\u1ea3n ph\u1ea9m \u0111\u01b0\u1ee3c b\u1ea3o h\u00e0nh 24 th\u00e1ng tr\u00ean to\u00e0n qu\u1ed1c, gi\u00e1 th\u00e0nh h\u1ee3p l\u00fd nh\u1ea5t. B\u1ebfp 68 \u0111\u01a1n v\u1ecb ph\u00e2n ph\u1ed1i h\u00e0ng \u0111\u1ea7u c\u00e1c s\u1ea3n ph\u1ea9m b\u1ebfp t\u1eeb Eurosun t\u1ea1i Vi\u1ec7t Nam.<\/strong><\/em><\/div>\n<div class=\"article-content mb20 \">\n<p>L\u00e0 m\u1ed9t th\u01b0\u01a1ng hi\u1ec7u m\u1edbi n\u1ed5i t\u1ea1i th\u1ecb tr\u01b0\u1eddng Vi\u1ec7t Nam v\u00e0 \u0111\u01b0\u1ee3c kh\u00e1ch h\u00e0ng bi\u1ebft \u0111\u1ebfn ch\u01b0a nhi\u1ec1u. Tuy nhi\u00ean t\u1ea1i Malaysia th\u01b0\u01a1ng hi\u1ec7u\u00a0<strong>b\u1ebfp t\u1eeb Eurosun<\/strong>l\u00e0 th\u01b0\u01a1ng hi\u1ec7u \u0111\u1ea1i ch\u00fang, \u0111\u01b0\u1ee3c ng\u01b0\u1eddi d\u00e2n Malaysia r\u1ea5t tin t\u01b0\u1edfng s\u1eed d\u1ee5ng. C\u00e1c s\u1ea3n ph\u1ea9m c\u1ee7a th\u01b0\u01a1ng hi\u1ec7u Eurosun h\u01b0\u1edbng \u0111\u1ebfn \u0111\u1ed1i t\u01b0\u1ee3ng kh\u00e1ch h\u00e0ng b\u00ecnh d\u00e2n v\u00e0 t\u1ea7m trung. Ch\u00ednh v\u00ec th\u1ebf r\u1ea5t ph\u00f9 h\u1ee3p v\u1edbi nh\u1eefng gia \u0111\u00ecnh t\u1ea1i Vi\u1ec7t Nam hi\u1ec7n nay.<\/p>\n<p>V\u1edbi kho\u1ea3n ti\u1ec1n b\u1ecf ra kh\u00f4ng nhi\u1ec1u ch\u1ec9 kho\u1ea3ng 7 tri\u1ec7u \u0111\u1ed3ng l\u00e0 kh\u00e1ch h\u00e0ng \u0111\u00e3 c\u00f3 th\u1ec3 s\u1edf h\u1eefu m\u1ed9t s\u1ea3n ph\u1ea9m b\u1ebfp \u0111i\u1ec7n t\u1eeb nh\u1eadp kh\u1ea9u tr\u1ef1c ti\u1ebfp t\u1eeb Malaysia. V\u1edbi thi\u1ebft k\u1ebf h\u1ebf s\u1ee9c tinh t\u1ebf v\u00e0 nhi\u1ec1u ch\u1ee9c n\u0103ng n\u1ed5i b\u1eadt kh\u00f4ng k\u00e9m g\u00ec c\u00e1c s\u1ea3n ph\u1ea9m b\u1ebfp t\u1eeb cao c\u1ea5p kh\u00e1c.<\/p>\n<h2>Th\u00f4ng tin s\u1ea3n ph\u1ea9m B\u1ebfp \u0111i\u1ec7n t\u1eeb Eurosun EU-IF268S<\/h2>\n<div>&#8211; Lo\u1ea1i b\u1ebfp : B\u1ebfp \u0111i\u1ec7n t\u1eeb<\/div>\n<div>&#8211; Danh m\u1ee5c: B\u1ebfp \u0111i\u1ec7n t\u1eeb Eurosun<\/div>\n<div>&#8211; S\u1ed1 v\u00f9ng n\u1ea5u : 2 b\u1ebfp( 2 \u0111i\u1ec7n)<\/div>\n<div>&#8211; Xu\u1ea5t x\u1ee9: C\u00f4ng ngh\u1ec7 \u0110\u1ee9c l\u1eafp r\u00e1p Malaysia<\/div>\n<div>&#8211; B\u1ea3o h\u00e0nh : 2 n\u0103m<\/div>\n<div><\/div>\n<div><img src=\"https:\/\/bep68.vn\/Data\/upload\/images\/ve-sinh-bep-dien-tu.jpg\" alt=\"ve-sinh-bep-dien-tu\" \/><\/div>\n<h2>Nh\u1eefng t\u00ednh n\u0103ng n\u1ed5i b\u1eadt c\u1ee7a s\u1ea3n ph\u1ea9m B\u1ebfp \u0111i\u1ec7n t\u1eeb Eurosun EU-IF268S<\/h2>\n<div><\/div>\n<div>&#8211; 2 l\u00f2 h\u1ed3ng ngo\u1ea1i, 2 v\u00f2ng l\u1eeda ti\u1ec7n d\u1ee5ng<\/div>\n<div>&#8211; M\u1eb7t k\u00ednh c\u01b0\u1eddng l\u1ef1c VITROCERAMIC ch\u1ecbu s\u1ed1c nhi\u1ec7t cao<\/div>\n<div>&#8211; B\u1ed9 ph\u00e1t nhi\u1ec7t h\u1ed3ng ngo\u1ea1i: EGO Hilight Made in Germany<\/div>\n<div>&#8211; C\u00f4ng ngh\u1ec7 bi\u1ebfn t\u1ea7n inverter gi\u1ea3m ti\u00eau hao tr\u00ean 30% \u0111i\u1ec7n n\u0103ng<\/div>\n<div>&#8211; \u0110i\u1ec1u khi\u1ec3n c\u1ea3m \u1ee9ng d\u1ea1ng \u1ea9n 10 m\u1ee9c gia nhi\u1ec7t<\/div>\n<div>&#8211; T\u1ef1 nh\u1eadn di\u1ec7n v\u00f9ng n\u1ea5u<\/div>\n<div>&#8211; H\u1eb9n gi\u1edd 99 ph\u00fat<\/div>\n<div>&#8211; Ch\u1ee9c n\u0103ng k\u00edch ho\u1ea1t c\u00f4ng su\u1ea5t &#8220;Super Booster&#8221; si\u00eau nhanh<\/div>\n<div>&#8211; Ch\u1ee9c n\u0103ng c\u1ea3m \u1ee9ng ch\u1ed1ng tr\u00e0n<\/div>\n<div>&#8211; Ph\u00edm kh\u1edfi \u0111\u1ed9ng an to\u00e0n<\/div>\n<div>&#8211; T\u1ef1 \u0111\u1ed9ng t\u1eaft khi xoong n\u1ed3i r\u1eddi v\u00f9ng n\u1ea5u<\/div>\n<div>&#8211; Ki\u1ec3m so\u00e1t nhi\u1ec7t \u0111\u1ed9 trong v\u00f9ng n\u1ea5u<\/div>\n<div>&#8211; H\u1ec7 th\u1ed1ng b\u1ea3o v\u1ec7 an to\u00e0n khi qu\u00e1 nhi\u1ec7t, qu\u00e1 \u00e1p<\/div>\n<div>&#8211; Kho\u00e1 tr\u1ebb em<\/div>\n<div><\/div>\n<h2>Th\u00f4ng s\u1ed1 k\u1ef9 thu\u1eadt c\u01a1 b\u1ea3n c\u1ee7a B\u1ebfp \u0111i\u1ec7n t\u1eeb Eurosun EU-IF268S<\/h2>\n<div><\/div>\n<div>&#8211; C\u00f4ng su\u1ea5t v\u00f9ng n\u1ea5u b\u00ean tr\u00e1i : 2000W<\/div>\n<div>&#8211; C\u00f4ng su\u1ea5t v\u00f9ng n\u1ea5u b\u00ean ph\u1ea3i: 2000W<\/div>\n<div>&#8211; K\u00edch th\u01b0\u1edbc s\u1ea3n ph\u1ea9m: 730R x 430S x 62C mm<\/div>\n<div>&#8211; K\u00edch th\u01b0\u1edbc kho\u00e9t \u0111\u00e1: 670R x 390S mm<\/div>\n<div><\/div>\n<h2>Nh\u1eefng ch\u00fa \u00fd khi s\u1eed d\u1ee5ng s\u1ea3n ph\u1ea9m Eurosun EU-IF268S<\/h2>\n<p>V\u00ec \u0111\u00e2y l\u00e0 s\u1ea3n ph\u1ea9m b\u1ebfp \u0111i\u1ec7n t\u1eeb 2 v\u00f9ng n\u1ea5u ho\u00e0n to\u00e0n, ch\u00ednh v\u00ec th\u1ebf kh\u00e1ch h\u00e0ng c\u1ea7n l\u01b0u \u00fd m\u1ed9t s\u1ed1 \u0111i\u1ec3m nh\u01b0 sau khi s\u1eed d\u1ee5ng:<\/p>\n<p>&#8211; B\u1ebfp kh\u00f4ng k\u00e9n n\u1ed3i, n\u00ean c\u00f3 th\u1ec3 s\u1eed d\u1ee5ng \u0111\u01b0\u1ee3c t\u1ea5t c\u1ea3 c\u00e1c lo\u1ea1i n\u1ed3i.<\/p>\n<p>&#8211; Sau khi s\u1eed d\u1ee5ng m\u1eb7t b\u1ebfp r\u1ea5t n\u00f3ng, tuy\u1ec7t \u0111\u1ed1i kh\u00f4ng \u0111\u01b0\u1ee3c s\u1edd v\u00e0o m\u1eb7t b\u1ebfp.<\/p>\n<p>&#8211; Ch\u1ec9 v\u1ec7 sinh b\u1ebfp Eurosun EU-IF268S sau khi b\u1ebfp \u0111\u00e3 ngu\u1ed9i.<\/p>\n<p>&#8211; S\u1eed d\u1ee5ng ch\u1ea5t t\u1ea9y r\u1eeda chuy\u00ean d\u1ee5ng v\u00e0 r\u1ebb lau m\u1ec1m \u0111\u1ec3 v\u1ec7 sinh b\u1ebfp. Kh\u00f4ng d\u00f9ng v\u1eadt c\u1ee9ng tr\u00e0 s\u00e1t li\u00ean t\u1ee5c l\u00e0 x\u01b0\u1edbc m\u1eb7t b\u1ebfp s\u1ebd g\u00e2y c\u00e1u b\u1ea9n \u00a0l\u00ean m\u1eb7t b\u1ebfp v\u1ec1 sau.<\/p>\n<p>&#8211; L\u1eafp \u0111\u1eb7t t\u1ed1t nh\u1ea5t n\u00ean l\u1eafp \u0111\u1eb7t \u00e2m xu\u1ed1ng d\u01b0\u1edbi b\u00e0n \u0111\u00e1, v\u00e0 c\u00f3 ch\u00edt silicon \u0111\u1ea7y \u0111\u1ee7 \u0111\u1ec3 b\u1ea3o v\u1ec7 b\u1ebfp.<\/p>\n<\/div>\n","protected":false},"excerpt":{"rendered":"<p><em style=\"color: #555555; font-size: 14.4px;\"><strong>B\u1ebfp \u0111i\u1ec7n t\u1eeb Eurosun EU-IF268 s\u1ea3n ph\u1ea9m b\u1ebfp \u0111i\u1ec7n t\u1eeb nh\u1eadp kh\u1ea9u tr\u1ef1c ti\u1ebfp t\u1eeb Malaysia. S\u1ea3n ph\u1ea9m \u0111\u01b0\u1ee3c b\u1ea3o h\u00e0nh 24 th\u00e1ng tr\u00ean to\u00e0n qu\u1ed1c, gi\u00e1 th\u00e0nh h\u1ee3p l\u00fd nh\u1ea5t. B\u1ebfp 68 \u0111\u01a1n v\u1ecb ph\u00e2n ph\u1ed1i h\u00e0ng \u0111\u1ea7u c\u00e1c s\u1ea3n ph\u1ea9m b\u1ebfp t\u1eeb Eurosun t\u1ea1i Vi\u1ec7t Nam<\/strong><\/em><\/p>\n","protected":false},"featured_media":1044,"comment_status":"open","ping_status":"closed","template":"","meta":[],"product_cat":[40],"product_tag":[],"_links":{"self":[{"href":"https:\/\/demo.bmconnect.vn\/dienmay3\/wp-json\/wp\/v2\/product\/1043"}],"collection":[{"href":"https:\/\/demo.bmconnect.vn\/dienmay3\/wp-json\/wp\/v2\/product"}],"about":[{"href":"https:\/\/demo.bmconnect.vn\/dienmay3\/wp-json\/wp\/v2\/types\/product"}],"replies":[{"embeddable":true,"href":"https:\/\/demo.bmconnect.vn\/dienmay3\/wp-json\/wp\/v2\/comments?post=1043"}],"wp:featuredmedia":[{"embeddable":true,"href":"https:\/\/demo.bmconnect.vn\/dienmay3\/wp-json\/wp\/v2\/media\/1044"}],"wp:attachment":[{"href":"https:\/\/demo.bmconnect.vn\/dienmay3\/wp-json\/wp\/v2\/media?parent=1043"}],"wp:term":[{"taxonomy":"product_cat","embeddable":true,"href":"https:\/\/demo.bmconnect.vn\/dienmay3\/wp-json\/wp\/v2\/product_cat?post=1043"},{"taxonomy":"product_tag","embeddable":true,"href":"https:\/\/demo.bmconnect.vn\/dienmay3\/wp-json\/wp\/v2\/product_tag?post=1043"}],"curies":[{"name":"wp","href":"https:\/\/api.w.org\/{rel}","templated":true}]}}