{"id":1041,"date":"2019-04-15T18:16:43","date_gmt":"2019-04-15T11:16:43","guid":{"rendered":"http:\/\/demo.bmconnect.vn\/dienmay3\/?post_type=product&#038;p=1041"},"modified":"2019-04-15T18:21:43","modified_gmt":"2019-04-15T11:21:43","slug":"bep-dien-tu-arbar-ab-389","status":"publish","type":"product","link":"https:\/\/demo.bmconnect.vn\/dienmay3\/bep-dien-tu-arbar-ab-389\/","title":{"rendered":"B\u1ebfp \u0111i\u1ec7n t\u1eeb \u0111a n\u0103ng k\u1ebft h\u1ee3p h\u1ed3ng ngo\u1ea1i Arbar AB-389"},"content":{"rendered":"<div class=\"paratable\">\n<h2 class=\"tt\">Th\u00f4ng s\u1ed1 k\u1ef9 thu\u1eadt B\u1ebeP \u0110I\u1ec6N T\u1eea ARBER AB-389<\/h2>\n<\/div>\n<div class=\"specimg\"><img src=\"https:\/\/bep68.vn\/Data\/ResizeImage\/files\/AB_389x730x365x4.jpg\" \/><\/div>\n<div class=\"article-content mb20 \">\n<table border=\"0\" cellspacing=\"0\" cellpadding=\"0\">\n<tbody>\n<tr>\n<td>T\u00ednh n\u0103ng s\u1ea3n ph\u1ea9m<\/td>\n<\/tr>\n<tr>\n<td>\u00a0\u00a0\u00a0\u00a0\u00a0 * S\u1eed d\u1ee5ng \u0111a n\u0103ng v\u1edbi b\u1ebfp h\u1ed3ng ngo\u1ea1i k\u1ebft h\u1ee3p t\u1eeb\u00a0AB &#8211; 389<\/td>\n<\/tr>\n<tr>\n<td>\n<div>\u00a0\u00a0\u00a0\u00a0\u00a0 * M\u1eb7t k\u00ednh ceramic ch\u1ecbu nhi\u1ec7t Schott Ceran,\u00a0Made in Germany<\/div>\n<\/td>\n<\/tr>\n<tr>\n<td>\n<div>\u00a0\u00a0\u00a0\u00a0\u00a0 *\u00a0M\u00e2m nhi\u1ec7t EGO Hi-light (\u0110\u1ee9c), \u00d814\/22cm, t\u00edch h\u1ee3p ph\u00edm ch\u1ecdn v\u00f2ng n\u1ea5u<\/div>\n<\/td>\n<\/tr>\n<tr>\n<td>\u00a0\u00a0\u00a0\u00a0\u00a0 *\u00a0M\u00e2m t\u1eeb t\u1ef1 \u0111\u1ed9ng nh\u1eadn bi\u1ebft k\u00edch c\u1ee1 xoong n\u1ed3i, \u0111\u01b0\u1eddng k\u00ednh 22cm \/ 2000W<\/td>\n<\/tr>\n<tr>\n<td>\n<div>\u00a0\u00a0\u00a0\u00a0\u00a0 *\u00a0H\u1eb9n gi\u1edd \u0111\u1ed9c l\u1eadp cho t\u1eebng v\u00f9ng n\u1ea5u, th\u1eddi gian h\u1eb9n \u0111\u1ebfn 8.00 gi\u1edd<\/div>\n<\/td>\n<\/tr>\n<tr>\n<td>\u00a0\u00a0\u00a0\u00a0\u00a0 *\u00a0\u0110i\u1ec1u khi\u1ec3n c\u00f4ng su\u1ea5t \/ nhi\u1ec7t \u0111\u1ed9 nhi\u1ec1u m\u1ee9c<\/td>\n<\/tr>\n<tr>\n<td>\u00a0\u00a0\u00a0\u00a0\u00a0 * B\u00e0n ph\u00edm si\u00eau nh\u1ea1y c\u1ea3 khi tay \u01b0\u1edbt<\/td>\n<\/tr>\n<tr>\n<td>\u00a0\u00a0\u00a0\u00a0\u00a0 * T\u1ef1 \u0111\u1ed9ng chia s\u1ebb c\u00f4ng su\u1ea5t gi\u1eefa 2 b\u1ebfp, max 3400W<\/td>\n<\/tr>\n<tr>\n<td>T\u00ednh n\u0103ng an to\u00e0n<\/td>\n<\/tr>\n<tr>\n<td>\u00a0\u00a0\u00a0\u00a0\u00a0 *\u00a0C\u1ea3nh b\u00e1o nhi\u1ec7t d\u01b0 v\u00f9ng n\u1ea5u Residual heat<\/td>\n<\/tr>\n<tr>\n<td>\u00a0\u00a0\u00a0\u00a0\u00a0 *\u00a0Kh\u00f3a an to\u00e0n tr\u1ebb em Child lock<\/td>\n<\/tr>\n<tr>\n<td>\u00a0\u00a0\u00a0\u00a0\u00a0 *\u00a0T\u1ef1 \u0111\u1ed9ng t\u1eaft b\u1ebfp khi kh\u00f4ng c\u00f3 n\u1ed3i ( tr\u00ean b\u1ebfp t\u1eeb)<\/td>\n<\/tr>\n<tr>\n<td>\u00a0\u00a0\u00a0\u00a0\u00a0 *\u00a0H\u1ec7 th\u1ed1ng b\u1ea3o v\u1ec7 an to\u00e0n qu\u00e1 nhi\u1ec7t, qu\u00e1 \u00e1p<\/td>\n<\/tr>\n<tr>\n<td>T\u00ednh n\u0103ng m\u1eb7t k\u00ednh<\/td>\n<\/tr>\n<tr>\n<td>\u00a0\u00a0\u00a0\u00a0\u00a0 *\u00a0M\u1eb7t k\u00ednh li\u1ec1n nguy\u00ean kh\u1ed1i, m\u00e0u \u0111en sang tr\u1ecdng<\/td>\n<\/tr>\n<tr>\n<td>\u00a0\u00a0\u00a0\u00a0\u00a0 * B\u1ec1 m\u1eb7t ch\u1ed1ng tr\u1ea7y x\u01b0\u1edbc, ch\u1ecbu l\u1ef1c cao<\/td>\n<\/tr>\n<tr>\n<td>\u00a0\u00a0\u00a0\u00a0\u00a0 * Kh\u1ea3 n\u0103ng ch\u1ecbu nhi\u1ec7t l\u00ean \u0111\u1ebfn 1000oC, ch\u1ecbu s\u1ed1c nhi\u1ec7t \u0111\u1ebfn 800oC<\/td>\n<\/tr>\n<tr>\n<td>Th\u00f4ng s\u1ed1 k\u1ef9 thu\u1eadt<\/td>\n<\/tr>\n<tr>\n<td>\u00a0\u00a0\u00a0\u00a0\u00a0 * \u0110i\u1ec7n \u00e1p 220V \/ 50Hz<\/td>\n<\/tr>\n<tr>\n<td>\u00a0\u00a0\u00a0\u00a0\u00a0 * C\u00f4ng su\u1ea5t: max 3400W ( Ph\u1ea3i: 2000W, Tr\u00e1i 1000 \/ 1200W )<\/td>\n<\/tr>\n<tr>\n<td>\u00a0\u00a0\u00a0\u00a0\u00a0 * K\u00edch th\u01b0\u1edbc (d\u00e0i x r\u1ed9ng x cao): 720 x 430 x 100mm<\/td>\n<\/tr>\n<tr>\n<td>\u00a0 \u00a0 \u00a0 * K\u00edch th\u01b0\u1edbc kho\u00e9t l\u1ed7: 680 x 390mm<\/td>\n<\/tr>\n<tr>\n<td>\u00a0\u00a0\u00a0\u00a0\u00a0 * Tr\u1ecdng l\u01b0\u1ee3ng: 9.0 kg<\/td>\n<\/tr>\n<tr>\n<td>\u00a0\u00a0\u00a0\u00a0\u00a0 * K\u1ebft c\u1ea5u khung v\u1ecf: b\u1eb1ng th\u00e9p ch\u1ed1ng g\u1ec9<\/td>\n<\/tr>\n<tr>\n<td>\u00a0\u00a0\u00a0\u00a0\u00a0 * L\u1eafp \u0111\u1eb7t: l\u1eafp \u00e2m ho\u1eb7c \u0111\u1ec3 n\u1ed5i<\/td>\n<\/tr>\n<\/tbody>\n<\/table>\n<\/div>\n","protected":false},"excerpt":{"rendered":"<p>Gi\u00e1 tr\u00ean ch\u1ec9 mang t\u00ednh ch\u1ea5t tham kh\u1ea3o.Vui l\u00f2ng li\u00ean h\u1ec7 hotline \u0111\u1ec3 c\u1eadp nh\u1eadt Gi\u00e1 T\u1ed1T Nh\u1ea5t c\u00f9ng Ch\u01b0\u01a1ng Tr\u00ecnh Khuy\u1ebfn M\u1ea1i th\u1eddi \u0111i\u1ec3m hi\u1ec7n t\u1ea1i c\u1ee7a s\u1ea3n ph\u1ea9m !<\/p>\n","protected":false},"featured_media":1042,"comment_status":"open","ping_status":"closed","template":"","meta":[],"product_cat":[40],"product_tag":[],"_links":{"self":[{"href":"https:\/\/demo.bmconnect.vn\/dienmay3\/wp-json\/wp\/v2\/product\/1041"}],"collection":[{"href":"https:\/\/demo.bmconnect.vn\/dienmay3\/wp-json\/wp\/v2\/product"}],"about":[{"href":"https:\/\/demo.bmconnect.vn\/dienmay3\/wp-json\/wp\/v2\/types\/product"}],"replies":[{"embeddable":true,"href":"https:\/\/demo.bmconnect.vn\/dienmay3\/wp-json\/wp\/v2\/comments?post=1041"}],"wp:featuredmedia":[{"embeddable":true,"href":"https:\/\/demo.bmconnect.vn\/dienmay3\/wp-json\/wp\/v2\/media\/1042"}],"wp:attachment":[{"href":"https:\/\/demo.bmconnect.vn\/dienmay3\/wp-json\/wp\/v2\/media?parent=1041"}],"wp:term":[{"taxonomy":"product_cat","embeddable":true,"href":"https:\/\/demo.bmconnect.vn\/dienmay3\/wp-json\/wp\/v2\/product_cat?post=1041"},{"taxonomy":"product_tag","embeddable":true,"href":"https:\/\/demo.bmconnect.vn\/dienmay3\/wp-json\/wp\/v2\/product_tag?post=1041"}],"curies":[{"name":"wp","href":"https:\/\/api.w.org\/{rel}","templated":true}]}}