{"id":1039,"date":"2019-04-15T18:14:40","date_gmt":"2019-04-15T11:14:40","guid":{"rendered":"http:\/\/demo.bmconnect.vn\/dienmay3\/?post_type=product&#038;p=1039"},"modified":"2019-04-15T18:14:40","modified_gmt":"2019-04-15T11:14:40","slug":"may-chay-bo-dien-viking-vk-a8","status":"publish","type":"product","link":"https:\/\/demo.bmconnect.vn\/dienmay3\/may-chay-bo-dien-viking-vk-a8\/","title":{"rendered":"M\u00e1y ch\u1ea1y b\u1ed9 \u0111i\u1ec7n Viking VK-A8"},"content":{"rendered":"<p><strong>M\u00e1y ch\u1ea1y b\u1ed9 \u0111i\u1ec7n Viking VK-A8 cao c\u1ea5p cho gia \u0111\u00ecnh<\/strong><\/p>\n<p><strong>Viking VK-A8<\/strong>\u00a0l\u00e0 m\u1eabu\u00a0<strong>m\u00e1y ch\u1ea1y b\u1ed9 gia \u0111\u00ecnh<\/strong>\u00a0m\u1edbi c\u1ee7a n\u0103m 2018. S\u1edf h\u1eefu nh\u1eefng t\u00ednh n\u0103ng v\u01b0\u1ee3t tr\u1ed9i, ch\u1eafc ch\u1eafn s\u1ebd l\u00e0 m\u1ed9t l\u1ef1a ch\u1ecdn t\u1eadp th\u1ec3 d\u1ee5c t\u1ea1i nh\u00e0 \u0111\u00e1ng c\u00e2n nh\u1eafc.<\/p>\n<p>C\u00f4ng su\u1ea5t motor DC 4.0 HP c\u00f9ng \u1ee9ng d\u1ee5ng bo m\u1ea1ch ch\u1ea5t l\u01b0\u1ee3ng h\u00e0ng \u0111\u1ea7u tr\u00ean th\u1ebf gi\u1edbi, t\u1ed1c \u0111\u1ed9 t\u1ed1i \u0111a l\u00ean \u0111\u1ebfn 20 km\/h \u0111\u1ea3m b\u1ea3o ho\u00e0n h\u1ea3o c\u00e1c b\u00e0i t\u1eadp cho c\u00e1c th\u00e0nh vi\u00ean trong gia \u0111\u00ecnh.<\/p>\n<p>\u0110\u1ed9 r\u1ed9ng b\u0103ng ch\u1ea1y l\u00ean \u0111\u1ebfn 52 cm, cho nh\u1eefng s\u1ea3i ch\u00e2n d\u00e0i, tho\u1ea3i m\u00e1i, kh\u00f4ng b\u1ecb g\u00f2 b\u00f3 nh\u01b0 nh\u1eefng m\u00e1y ch\u1ea1y b\u00e9 kh\u00e1c.<\/p>\n<p>Kh\u1ea3 n\u0103ng tra d\u1ea7u t\u1ef1 \u0111\u1ed9ng, c\u00f3 kh\u00f3a an to\u00e0n v\u00e0 c\u1ea3m bi\u1ebfn nh\u1ecbp tim c\u00f9ng v\u1edbi c\u00e1c t\u00ednh n\u0103ng m\u1edbi kh\u00e1c khi\u1ebfn\u00a0<strong>m\u00e1y ch\u1ea1y b\u1ed9 VK-A8<\/strong>\u00a0l\u00e0 m\u1ed9t trong nh\u1eefng d\u00f2ng\u00a0<em><strong>m\u00e1y ch\u1ea1y b\u1ed9 \u201chot\u201d nh\u1ea5t 2018<\/strong><\/em>\u00a0s\u1ebd l\u00e0 l\u1ef1a ch\u1ecdn l\u00fd t\u01b0\u1edfng d\u00e0nh cho ph\u00f2ng t\u1eadp gia \u0111\u00ecnh b\u1ea1n. H\u00e3y c\u00f9ng kh\u00e1m ph\u00e1 th\u00eam c\u00e1c t\u00ednh n\u0103ng kh\u00e1c c\u00f9ng Th\u1ec3 Thao Minh Ph\u00fa nh\u00e9 !<\/p>\n<h2>1. Th\u00f4ng s\u1ed1 k\u1ef9 thu\u1eadt m\u00e1y ch\u1ea1y b\u1ed9 \u0111i\u1ec7n Viking VK-A8<\/h2>\n<p>\u2013 M\u00e3 s\u1ea3n ph\u1ea9m:\u00a0<strong>VK-A8<\/strong><br \/>\n\u2013 Xu\u1ea5t x\u1ee9: Trung Qu\u1ed1c<br \/>\n\u2013 M\u00e0u s\u1eafc: Tr\u1eafng \u0111en<br \/>\n\u2013 C\u00f4ng su\u1ea5t motor: DC 4.0 HP<br \/>\n\u2013 T\u1ed1c \u0111\u1ed9: 0.8-20 km\/h<br \/>\n\u2013 \u0110\u1ed9 d\u1ed1c t\u1ef1 \u0111\u1ed9ng: 0-15%<br \/>\n\u2013 K\u00edch th\u01b0\u1edbc b\u0103ng ch\u1ea1y: 130 x 52 cm<br \/>\n\u2013 K\u00edch th\u01b0\u1edbc \u0111\u00f3ng th\u00f9ng: 190 x 93 x 43 cm<br \/>\n\u2013 Tr\u1ecdng l\u01b0\u1ee3ng m\u00e1y: 103 KG<br \/>\n\u2013 Tr\u1ecdng l\u01b0\u1ee3ng c\u1ea3 th\u00f9ng: 113 KG<br \/>\n\u2013 Tr\u1ecdng l\u01b0\u1ee3ng ng\u01b0\u1eddi t\u1eadp t\u1ed1i \u0111a: 150 KG<br \/>\n\u2013 Ch\u1ee9c n\u0103ng: \u0110a ch\u1ee9c n\u0103ng<br \/>\n\u2013 M\u00e0n h\u00ecnh hi\u1ec3n th\u1ecb 10.1\u2033 | 7\u2033 m\u00e0n h\u00ecnh hi\u1ec3n th\u1ecb m\u00e0u xanh<br \/>\n\u2013 C\u1ea3m bi\u1ebfn nh\u1ecbp tim tr\u00ean tay c\u1ea7m.<br \/>\n\u2013 Di chuy\u1ec3n b\u1eb1ng b\u00e1nh xe.<br \/>\n\u2013 G\u1eadp g\u1ecdn m\u00e1y b\u1eb1ng piston th\u1ee7y l\u1ef1c.<br \/>\n\u2013 B\u1ea3o h\u00e0nh: Motor 5 n\u0103m, khung 1 n\u0103m<\/p>\n<h2>2. H\u00ecnh \u1ea3nh v\u00e0 t\u00ednh n\u0103ng m\u00e1y ch\u1ea1y b\u1ed9 \u0111i\u1ec7n Viking VK-A8<\/h2>\n<p><img loading=\"lazy\" class=\"alignnone size-full wp-image-47126\" src=\"https:\/\/thethaominhphu.com\/wp-content\/uploads\/2018\/02\/may-chay-bo-dien-viking-vk-A8-3.jpg\" sizes=\"(max-width: 600px) 100vw, 600px\" srcset=\"https:\/\/thethaominhphu.com\/wp-content\/uploads\/2018\/02\/may-chay-bo-dien-viking-vk-A8-3.jpg 600w, https:\/\/thethaominhphu.com\/wp-content\/uploads\/2018\/02\/may-chay-bo-dien-viking-vk-A8-3-360x360.jpg 360w, https:\/\/thethaominhphu.com\/wp-content\/uploads\/2018\/02\/may-chay-bo-dien-viking-vk-A8-3-100x100.jpg 100w, https:\/\/thethaominhphu.com\/wp-content\/uploads\/2018\/02\/may-chay-bo-dien-viking-vk-A8-3-150x150.jpg 150w, https:\/\/thethaominhphu.com\/wp-content\/uploads\/2018\/02\/may-chay-bo-dien-viking-vk-A8-3-24x24.jpg 24w, https:\/\/thethaominhphu.com\/wp-content\/uploads\/2018\/02\/may-chay-bo-dien-viking-vk-A8-3-36x36.jpg 36w, https:\/\/thethaominhphu.com\/wp-content\/uploads\/2018\/02\/may-chay-bo-dien-viking-vk-A8-3-48x48.jpg 48w\" alt=\"m\u00e1y ch\u1ea1y b\u1ed9 \u0111i\u1ec7n Viking VK-A8\" width=\"600\" height=\"600\" \/><\/p>\n<p><em><strong>Phi\u00ean b\u1ea3n m\u00e1y ch\u1ea1y b\u1ed9 \u0111i\u1ec7n Viking VK-A8 m\u00e0u \u0111en<\/strong><\/em><\/p>\n<p><img loading=\"lazy\" class=\"alignnone size-full wp-image-47130\" src=\"https:\/\/thethaominhphu.com\/wp-content\/uploads\/2018\/02\/may-chay-bo-dien-viking-vk-A8-trang.jpg\" sizes=\"(max-width: 600px) 100vw, 600px\" srcset=\"https:\/\/thethaominhphu.com\/wp-content\/uploads\/2018\/02\/may-chay-bo-dien-viking-vk-A8-trang.jpg 600w, https:\/\/thethaominhphu.com\/wp-content\/uploads\/2018\/02\/may-chay-bo-dien-viking-vk-A8-trang-360x360.jpg 360w, https:\/\/thethaominhphu.com\/wp-content\/uploads\/2018\/02\/may-chay-bo-dien-viking-vk-A8-trang-100x100.jpg 100w, https:\/\/thethaominhphu.com\/wp-content\/uploads\/2018\/02\/may-chay-bo-dien-viking-vk-A8-trang-150x150.jpg 150w, https:\/\/thethaominhphu.com\/wp-content\/uploads\/2018\/02\/may-chay-bo-dien-viking-vk-A8-trang-24x24.jpg 24w, https:\/\/thethaominhphu.com\/wp-content\/uploads\/2018\/02\/may-chay-bo-dien-viking-vk-A8-trang-36x36.jpg 36w, https:\/\/thethaominhphu.com\/wp-content\/uploads\/2018\/02\/may-chay-bo-dien-viking-vk-A8-trang-48x48.jpg 48w\" alt=\"m\u00e1y ch\u1ea1y b\u1ed9 \u0111i\u1ec7n Viking VK-A8\" width=\"600\" height=\"600\" \/><\/p>\n<p><em><strong>Phi\u00ean b\u1ea3n m\u00e1y ch\u1ea1y b\u1ed9 \u0111i\u1ec7n Viking VK-A8 m\u00e0u tr\u1eafng<\/strong><\/em><\/p>\n<p>M\u00e0n h\u00ecnh hi\u1ec3n th\u1ecb r\u00f5 r\u00e0ng k\u1ebft qu\u1ea3 t\u1eadp luy\u1ec7n. D\u1ef1a v\u00e0o \u0111\u00f3, b\u1ea1n c\u00f3 th\u1ec3 theo d\u00f5i m\u1ee9c \u0111\u1ed9 t\u1eadp c\u1ee7a m\u00ecnh v\u00e0 \u0111i\u1ec1u ch\u1ec9nh k\u1ebf ho\u1ea1ch luy\u1ec7n t\u1eadp sao cho ph\u00f9 h\u1ee3p nh\u1ea5t.<\/p>\n<p><img loading=\"lazy\" class=\"alignnone size-full wp-image-47129\" src=\"https:\/\/thethaominhphu.com\/wp-content\/uploads\/2018\/02\/may-chay-bo-dien-viking-vk-A8-man-hinh.jpg\" sizes=\"(max-width: 700px) 100vw, 700px\" srcset=\"https:\/\/thethaominhphu.com\/wp-content\/uploads\/2018\/02\/may-chay-bo-dien-viking-vk-A8-man-hinh.jpg 700w, https:\/\/thethaominhphu.com\/wp-content\/uploads\/2018\/02\/may-chay-bo-dien-viking-vk-A8-man-hinh-600x465.jpg 600w, https:\/\/thethaominhphu.com\/wp-content\/uploads\/2018\/02\/may-chay-bo-dien-viking-vk-A8-man-hinh-150x116.jpg 150w, https:\/\/thethaominhphu.com\/wp-content\/uploads\/2018\/02\/may-chay-bo-dien-viking-vk-A8-man-hinh-24x19.jpg 24w, https:\/\/thethaominhphu.com\/wp-content\/uploads\/2018\/02\/may-chay-bo-dien-viking-vk-A8-man-hinh-36x28.jpg 36w, https:\/\/thethaominhphu.com\/wp-content\/uploads\/2018\/02\/may-chay-bo-dien-viking-vk-A8-man-hinh-48x37.jpg 48w\" alt=\"M\u00e1y ch\u1ea1y b\u1ed9 \u0111i\u1ec7n Viking VK-A8 m\u00e0n h\u00ecnh\" width=\"700\" height=\"543\" \/><\/p>\n<p>C\u1ea3m bi\u1ebfn nh\u1ecbp tim tr\u00ean tay c\u1ea7m c\u1ef1c nh\u1ea1y, gi\u00fap hi\u1ec3n th\u1ecb th\u00f4ng s\u1ed1 huy\u1ebft \u00e1p c\u1ee7a ng\u01b0\u1eddi t\u1eadp, t\u1eeb \u0111\u00f3 x\u00e1c \u0111\u1ecbnh \u0111\u01b0\u1ee3c m\u1ee9c t\u1eadp ph\u00f9 h\u1ee3p, tr\u00e1nh hi\u1ec7n t\u01b0\u1ee3ng t\u1eadp qu\u00e1 s\u1ee9c, g\u00e2y nguy hi\u1ec3m cho ng\u01b0\u1eddi d\u00f9ng.<\/p>\n<p><img loading=\"lazy\" class=\"alignnone size-full wp-image-47128\" src=\"https:\/\/thethaominhphu.com\/wp-content\/uploads\/2018\/02\/may-chay-bo-dien-viking-vk-A8-nhip-tim.jpg\" sizes=\"(max-width: 750px) 100vw, 750px\" srcset=\"https:\/\/thethaominhphu.com\/wp-content\/uploads\/2018\/02\/may-chay-bo-dien-viking-vk-A8-nhip-tim.jpg 750w, https:\/\/thethaominhphu.com\/wp-content\/uploads\/2018\/02\/may-chay-bo-dien-viking-vk-A8-nhip-tim-600x298.jpg 600w, https:\/\/thethaominhphu.com\/wp-content\/uploads\/2018\/02\/may-chay-bo-dien-viking-vk-A8-nhip-tim-150x75.jpg 150w, https:\/\/thethaominhphu.com\/wp-content\/uploads\/2018\/02\/may-chay-bo-dien-viking-vk-A8-nhip-tim-24x12.jpg 24w, https:\/\/thethaominhphu.com\/wp-content\/uploads\/2018\/02\/may-chay-bo-dien-viking-vk-A8-nhip-tim-36x18.jpg 36w, https:\/\/thethaominhphu.com\/wp-content\/uploads\/2018\/02\/may-chay-bo-dien-viking-vk-A8-nhip-tim-48x24.jpg 48w\" alt=\"M\u00e1y ch\u1ea1y b\u1ed9 \u0111i\u1ec7n Viking VK-A8 nh\u1ecbp tim\" width=\"750\" height=\"373\" \/><\/p>\n<p>B\u00e0n ch\u1ea1y thi\u1ebft k\u1ebf r\u1ed9ng r\u00e3i, cho nh\u1eefng b\u01b0\u1edbc ch\u1ea1y tho\u1ea3i m\u00e1i, kh\u00f4ng b\u1ecb g\u00f2 b\u00f3 nh\u01b0 c\u00e1c m\u1eabu m\u00e1y ch\u1ea1y b\u00e9 kh\u00e1c.<\/p>\n<p><img loading=\"lazy\" class=\"alignnone size-full wp-image-47127\" src=\"https:\/\/thethaominhphu.com\/wp-content\/uploads\/2018\/02\/may-chay-bo-dien-viking-vk-A8-ban-chay.jpg\" sizes=\"(max-width: 640px) 100vw, 640px\" srcset=\"https:\/\/thethaominhphu.com\/wp-content\/uploads\/2018\/02\/may-chay-bo-dien-viking-vk-A8-ban-chay.jpg 640w, https:\/\/thethaominhphu.com\/wp-content\/uploads\/2018\/02\/may-chay-bo-dien-viking-vk-A8-ban-chay-600x299.jpg 600w, https:\/\/thethaominhphu.com\/wp-content\/uploads\/2018\/02\/may-chay-bo-dien-viking-vk-A8-ban-chay-150x75.jpg 150w, https:\/\/thethaominhphu.com\/wp-content\/uploads\/2018\/02\/may-chay-bo-dien-viking-vk-A8-ban-chay-24x12.jpg 24w, https:\/\/thethaominhphu.com\/wp-content\/uploads\/2018\/02\/may-chay-bo-dien-viking-vk-A8-ban-chay-36x18.jpg 36w, https:\/\/thethaominhphu.com\/wp-content\/uploads\/2018\/02\/may-chay-bo-dien-viking-vk-A8-ban-chay-48x24.jpg 48w\" alt=\"M\u00e1y ch\u1ea1y b\u1ed9 \u0111i\u1ec7n Viking VK-A8 b\u00e0n ch\u1ea1y\" width=\"640\" height=\"319\" \/><\/p>\n<h3>B\u00e0i t\u1eadp ch\u1ea1y th\u00fa v\u1ecb v\u00e0 tho\u1ea3i m\u00e1i c\u00f9ng m\u00e1y ch\u1ea1y b\u1ed9 VK-A8<\/h3>\n<p>\u0110\u00f4i khi, vi\u1ec7c b\u1ea1n ph\u1ea3i duy tr\u00ec k\u1ebf ho\u1ea1ch luy\u1ec7n t\u1eadp l\u00e0m b\u1ea1n tr\u1edf n\u00ean ch\u00e1n n\u1ea3n v\u00e0 m\u1ec7t m\u1ecfi. V\u1eady t\u1ea1i sao kh\u00f4ng th\u1eed c\u00e1c b\u00e0i t\u1eadp k\u1ebft h\u1ee3p v\u1edbi nhi\u1ec1u h\u00ecnh th\u1ee9c t\u1ea1o s\u1ef1 tho\u1ea3i m\u00e1i v\u00e0 th\u00fa v\u1ecb h\u01a1n ?<\/p>\n<p><img loading=\"lazy\" class=\"alignnone size-full wp-image-46892\" src=\"https:\/\/thethaominhphu.com\/wp-content\/uploads\/2018\/02\/may-chay-bo-dien-viking-vk-A8-bai-tap.jpg\" sizes=\"(max-width: 600px) 100vw, 600px\" srcset=\"https:\/\/thethaominhphu.com\/wp-content\/uploads\/2018\/02\/may-chay-bo-dien-viking-vk-A8-bai-tap.jpg 600w, https:\/\/thethaominhphu.com\/wp-content\/uploads\/2018\/02\/may-chay-bo-dien-viking-vk-A8-bai-tap-150x61.jpg 150w, https:\/\/thethaominhphu.com\/wp-content\/uploads\/2018\/02\/may-chay-bo-dien-viking-vk-A8-bai-tap-24x10.jpg 24w, https:\/\/thethaominhphu.com\/wp-content\/uploads\/2018\/02\/may-chay-bo-dien-viking-vk-A8-bai-tap-36x15.jpg 36w, https:\/\/thethaominhphu.com\/wp-content\/uploads\/2018\/02\/may-chay-bo-dien-viking-vk-A8-bai-tap-48x20.jpg 48w\" alt=\"M\u00e1y ch\u1ea1y b\u1ed9 \u0111i\u1ec7n Viking VK-A8 b\u00e0i t\u1eadp\" width=\"600\" height=\"245\" \/><\/p>\n<p>\u2013 Nghe nh\u1ea1c:\u00a0<strong>M\u00e1y ch\u1ea1y b\u1ed9 \u0111i\u1ec7n VK-A8<\/strong>\u00a0s\u1ebd gi\u00fap b\u1ea1n t\u0103ng c\u01b0\u1eddng hi\u1ec7u su\u1ea5t nh\u1edd ch\u1ee9c n\u0103ng k\u1ebft n\u1ed1i nghe nh\u1ea1c, \u0111\u1eb7c bi\u1ec7t l\u00e0 nh\u1eefng b\u00e0i nh\u1ea1c s\u00f4i \u0111\u1ed9ng s\u1ebd k\u00edch th\u00edch c\u00e1c gi\u00e1c quan gi\u00fap b\u1ea1n th\u01b0 gi\u00e3n h\u01a1n.<\/p>\n<p>\u2013 R\u1ee7 ng\u01b0\u1eddi t\u1eadp c\u00f9ng: V\u1edbi tr\u1ecdng l\u01b0\u1ee3ng cho ph\u00e9p l\u00ean \u0111\u1ebfn 150kg. V\u00ec v\u1eady, b\u1ea1n c\u00f3 th\u1ec3 r\u1ee7 th\u00eam ng\u01b0\u1eddi t\u1eadp c\u00f9ng v\u00e0 lu\u00e2n phi\u00ean nhau ho\u1eb7c ch\u1ea1y \u0111ua s\u1ee9c b\u1ec1n. Nh\u01b0 v\u1eady b\u1ea1n s\u1ebd kh\u00f4ng c\u00f2n c\u1ea3m th\u1ea5y nh\u00e0m ch\u00e1n m\u00e0 c\u00f2n r\u00fat ng\u1eafn \u0111\u01b0\u1ee3c th\u1eddi gian ch\u1ea1y n\u1eefa.<\/p>\n<p>\u2013 \u0110a d\u1ea1ng b\u00e0i t\u1eadp: B\u1ea1n s\u1ebd c\u1ea3m th\u1ea5y y\u00eau th\u00edch t\u1eadp luy\u1ec7n h\u01a1n v\u00e0 c\u00f3 h\u1ee9ng th\u00fa h\u01a1n khi \u0111\u01b0\u1ee3c tr\u1ea3i nghi\u1ec7m th\u1ec3 l\u1ef1c c\u1ee7a b\u1ea3n th\u00e2n b\u1eb1ng c\u00e1ch thay \u0111\u1ed5i \u0111a d\u1ea1ng c\u00e1c b\u00e0i t\u1eadp.<\/p>\n<h3>T\u0103ng c\u01b0\u1eddng s\u1ee9c kh\u1ecfe, t\u1ed1t cho h\u1ec7 tim m\u1ea1ch<\/h3>\n<p>\u2013 C\u00e1c nghi\u00ean c\u1ee9u \u0111\u00e3 ch\u1ec9 ra r\u1eb1ng, t\u1eadp v\u1edbi\u00a0<strong>m\u00e1y ch\u1ea1y b\u1ed9<\/strong>\u00a0s\u1ebd gi\u00fap g\u00e2n c\u1ed1t d\u1ebbo dai, t\u0103ng s\u1ee9c m\u1ea1nh c\u1ee7a d\u00e2y ch\u1eb1ng v\u00e0 c\u00e1c kh\u1edbp, gi\u1ea3m nguy c\u01a1 g\u1eb7p ch\u1ea5n th\u01b0\u01a1ng \u1edf m\u1eaft c\u00e1 ch\u00e2n, \u0111\u1ea7u g\u1ed1i, h\u00f4ng.<\/p>\n<p>\u2013 Kh\u00f4ng nh\u1eefng c\u1ea3i thi\u1ec7n g\u00e2n c\u1ed1t,\u00a0<strong>m\u00e1y ch\u1ea1y b\u1ed9<\/strong>\u00a0c\u00f2n l\u00e0 ng\u01b0\u1eddi \u201cb\u1ea1n t\u1ed1t\u201d c\u1ee7a h\u1ec7 tim m\u1ea1ch. M\u1ee9c Cholesterol c\u1ee7a b\u1ea1n c\u0169ng s\u1ebd \u0111\u01b0\u1ee3c \u1ed5n \u0111\u1ecbnh n\u1ebfu nh\u01b0 b\u1ea1n luy\u1ec7n t\u1eadp ch\u0103m ch\u1ec9, ki\u00ean tr\u00ec.<\/p>\n<p>\u2013 \u0110i\u1ec1u \u0111\u1eb7c bi\u1ec7t, nh\u1ea5t l\u00e0 v\u1edbi nh\u1eefng ng\u01b0\u1eddi hay g\u1eb7p c\u0103ng th\u1eb3ng trong c\u00f4ng vi\u1ec7c, d\u1ec5 stress, c\u00f3 th\u1ec3 d\u1eabn \u0111\u1ebfn nh\u1eefng b\u1ec7nh l\u00ed r\u1ea5t nguy hi\u1ec3m v\u1ec1 t\u00e2m l\u00ed th\u00ec h\u00e3y \u0111\u1ec3\u00a0<strong>m\u00e1y ch\u1ea1y b\u1ed9<\/strong>\u00a0gi\u00fap b\u1ea1n gi\u1ea3i quy\u1ebft. B\u1edfi khi ch\u1ea1y b\u1ed9 s\u1ebd gi\u00fap s\u1ea3n sinh ra hormones endorphins (hay c\u00f2n g\u1ecdi l\u00e0 hormones h\u1ea1nh ph\u00fac) l\u00e0m gi\u1ea3m m\u1ec7t m\u1ecfi, gi\u00fap b\u1ea1n th\u01b0 gi\u00e3n h\u01a1n.<\/p>\n<h3>C\u1ea3i thi\u1ec7n v\u00f3c d\u00e1ng<\/h3>\n<p><img loading=\"lazy\" class=\"alignnone size-full wp-image-46893\" src=\"https:\/\/thethaominhphu.com\/wp-content\/uploads\/2018\/02\/may-chay-bo-gia-dinh-giam-can.jpg\" sizes=\"(max-width: 600px) 100vw, 600px\" srcset=\"https:\/\/thethaominhphu.com\/wp-content\/uploads\/2018\/02\/may-chay-bo-gia-dinh-giam-can.jpg 600w, https:\/\/thethaominhphu.com\/wp-content\/uploads\/2018\/02\/may-chay-bo-gia-dinh-giam-can-144x150.jpg 144w, https:\/\/thethaominhphu.com\/wp-content\/uploads\/2018\/02\/may-chay-bo-gia-dinh-giam-can-24x24.jpg 24w, https:\/\/thethaominhphu.com\/wp-content\/uploads\/2018\/02\/may-chay-bo-gia-dinh-giam-can-36x36.jpg 36w, https:\/\/thethaominhphu.com\/wp-content\/uploads\/2018\/02\/may-chay-bo-gia-dinh-giam-can-46x48.jpg 46w\" alt=\"M\u00e1y ch\u1ea1y b\u1ed9 \u0111i\u1ec7n gi\u1ea3m c\u00e2n\" width=\"600\" height=\"624\" \/><\/p>\n<p>\u2013 B\u00ean c\u1ea1nh l\u1ee3i \u00edch to l\u1edbn v\u1ec1 s\u1ee9c kh\u1ecfe, s\u1ea3n ph\u1ea9m c\u00f2n l\u00e0 m\u1ed9t trong nh\u1eefng ph\u01b0\u01a1ng ph\u00e1p gi\u1ea3m c\u00e2n an to\u00e0n, hi\u1ec7u qu\u1ea3, \u0111\u01b0\u1ee3c nhi\u1ec1u ng\u01b0\u1eddi s\u1eed d\u1ee5ng nh\u1ea5t thay v\u00ec l\u1ef1a ch\u1ecdn ph\u01b0\u01a1ng ph\u00e1p u\u1ed1ng thu\u1ed1c gi\u1ea3m c\u00e2n hay \u0103n ki\u00eang.<\/p>\n<p>\u2013 V\u1edbi nh\u1eefng b\u00e0i t\u1eadp t\u00e1c \u0111\u1ed9ng l\u00ean nhi\u1ec1u v\u00f9ng tr\u00ean c\u01a1 th\u1ec3, kh\u00f4ng ch\u1ec9 gi\u00fap gi\u1ea3m c\u00e2n m\u00e0 c\u00f2n l\u00e0m s\u0103n ch\u1eafc c\u00e1c c\u01a1, \u0111em l\u1ea1i th\u00e2n h\u00ecnh chu\u1ea9n trong m\u01a1 c\u1ee7a b\u1ea1n.<\/p>\n","protected":false},"excerpt":{"rendered":"<p><strong>Viking VK-A8<\/strong>\u00a0l\u00e0 m\u1eabu\u00a0<strong>m\u00e1y ch\u1ea1y b\u1ed9 gia \u0111\u00ecnh<\/strong>\u00a0m\u1edbi c\u1ee7a n\u0103m 2018. S\u1edf h\u1eefu nh\u1eefng t\u00ednh n\u0103ng v\u01b0\u1ee3t tr\u1ed9i, ch\u1eafc ch\u1eafn s\u1ebd l\u00e0 m\u1ed9t l\u1ef1a ch\u1ecdn t\u1eadp th\u1ec3 d\u1ee5c t\u1ea1i nh\u00e0 \u0111\u00e1ng c\u00e2n nh\u1eafc.<\/p>\n","protected":false},"featured_media":1040,"comment_status":"open","ping_status":"closed","template":"","meta":[],"product_cat":[39],"product_tag":[],"_links":{"self":[{"href":"https:\/\/demo.bmconnect.vn\/dienmay3\/wp-json\/wp\/v2\/product\/1039"}],"collection":[{"href":"https:\/\/demo.bmconnect.vn\/dienmay3\/wp-json\/wp\/v2\/product"}],"about":[{"href":"https:\/\/demo.bmconnect.vn\/dienmay3\/wp-json\/wp\/v2\/types\/product"}],"replies":[{"embeddable":true,"href":"https:\/\/demo.bmconnect.vn\/dienmay3\/wp-json\/wp\/v2\/comments?post=1039"}],"wp:featuredmedia":[{"embeddable":true,"href":"https:\/\/demo.bmconnect.vn\/dienmay3\/wp-json\/wp\/v2\/media\/1040"}],"wp:attachment":[{"href":"https:\/\/demo.bmconnect.vn\/dienmay3\/wp-json\/wp\/v2\/media?parent=1039"}],"wp:term":[{"taxonomy":"product_cat","embeddable":true,"href":"https:\/\/demo.bmconnect.vn\/dienmay3\/wp-json\/wp\/v2\/product_cat?post=1039"},{"taxonomy":"product_tag","embeddable":true,"href":"https:\/\/demo.bmconnect.vn\/dienmay3\/wp-json\/wp\/v2\/product_tag?post=1039"}],"curies":[{"name":"wp","href":"https:\/\/api.w.org\/{rel}","templated":true}]}}