{"id":1037,"date":"2019-04-15T18:13:33","date_gmt":"2019-04-15T11:13:33","guid":{"rendered":"http:\/\/demo.bmconnect.vn\/dienmay3\/?post_type=product&#038;p=1037"},"modified":"2019-04-15T18:13:33","modified_gmt":"2019-04-15T11:13:33","slug":"may-chay-bo-dien-viking-vk-a4","status":"publish","type":"product","link":"https:\/\/demo.bmconnect.vn\/dienmay3\/may-chay-bo-dien-viking-vk-a4\/","title":{"rendered":"M\u00e1y ch\u1ea1y b\u1ed9 \u0111i\u1ec7n Viking VK-A4"},"content":{"rendered":"<p><strong>M\u00e1y ch\u1ea1y b\u1ed9 \u0111i\u1ec7n Viking VK-A4 cho gia \u0111\u00ecnh<\/strong><\/p>\n<p>\u0110\u1ed9t ph\u00e1 m\u1edbi v\u1ec1 thi\u1ebft k\u1ebf v\u00e0 s\u1ee9c m\u1ea1nh, m\u1ed9t\u00a0<strong>m\u00e1y ch\u1ea1y b\u1ed9 cho gia \u0111\u00ecnh<\/strong>\u00a0\u0111\u00e1p \u1ee9ng ho\u00e0n h\u1ea3o c\u00e1c nhu c\u1ea7u t\u1eadp cho c\u00e1c th\u00e0nh vi\u00ean, v\u1edbi \u0111a d\u1ea1ng c\u00e1c ch\u1ebf \u0111\u1ed9 t\u1eadp kh\u00e1c nhau.<\/p>\n<p><strong>Viking VK-A4<\/strong>\u00a0\u0111\u01b0\u1ee3c trang b\u1ecb motor DC 3.0 HP m\u1ea1nh m\u1ebd, t\u1ed1c \u0111\u1ed9 \u0111\u1ea1t t\u1ed1i \u0111a 15 Km\/h, \u0111\u1ed9 d\u1ed1c t\u1ef1 \u0111\u1ed9ng t\u1ed1i \u0111a 15% d\u1ec5 d\u00e0ng \u0111i\u1ec1u ch\u1ec9nh khi t\u1eadp luy\u1ec7n.<\/p>\n<p>V\u1edbi nh\u1eefng thi\u1ebft k\u1ebf ki\u1ec3u d\u00e1ng hi\u1ec7n \u0111\u1ea1i, tr\u1ebb trung v\u1edbi nhi\u1ec1u t\u00ednh n\u0103ng th\u00f4ng minh d\u01b0\u1edbi \u0111\u00e2y s\u1ebd khi\u1ebfn b\u1ea1n ph\u1ea3i tr\u1ea7m tr\u1ed3 khen ng\u1ee3i. H\u00e3y c\u00f9ng kh\u00e1m ph\u00e1 nh\u1eefng t\u00ednh n\u0103ng v\u01b0\u1ee3t tr\u1ed9i c\u1ee7a m\u00e1y d\u01b0\u1edbi \u0111\u00e2y.<\/p>\n<h2>1. Th\u00f4ng tin chi ti\u1ebft m\u00e1y ch\u1ea1y b\u1ed9 \u0111i\u1ec7n Viking VK-A4<\/h2>\n<p>\u2013 M\u00e3 s\u1ea3n ph\u1ea9m:\u00a0<strong>VK-A4<\/strong><br \/>\n\u2013 Xu\u1ea5t x\u1ee9: Trung Qu\u1ed1c<br \/>\n\u2013 M\u00e0u s\u1eafc: \u0110en<br \/>\n\u2013 C\u00f4ng su\u1ea5t \u0110\u1ed9ng c\u01a1: DC 3.0 HP<br \/>\n\u2013 T\u1ed1c \u0111\u1ed9: 0.8-15 km\/h<br \/>\n\u2013 \u0110\u1ed9 d\u1ed1c: 0-15%<br \/>\n\u2013 K\u00edch th\u01b0\u1edbc b\u0103ng ch\u1ea1y: 130 x 45 cm<br \/>\n\u2013 K\u00edch th\u01b0\u1edbc \u0111\u00f3ng th\u00f9ng: 181 x 82 x 36 cm<br \/>\n\u2013 Tr\u1ecdng l\u01b0\u1ee3ng m\u00e1y: 79 KG<br \/>\n\u2013 Tr\u1ecdng l\u01b0\u1ee3ng c\u1ea3 th\u00f9ng: 84 KG<br \/>\n\u2013 Tr\u1ecdng l\u01b0\u1ee3ng ng\u01b0\u1eddi t\u1eadp t\u1ed1i \u0111a cho ph\u00e9p: 130 KG<br \/>\n\u2013 M\u00e0n h\u00ecnh hi\u1ec3n th\u1ecb: M\u00e0n h\u00ecnh xanh 5.5\u2033 | M\u00e0n h\u00ecnh m\u00e0u 7\u2033<br \/>\n\u2013 C\u1ea3m bi\u1ebfn nh\u1ecbp tim tr\u00ean tay c\u1ea7m.<br \/>\n\u2013 Di chuy\u1ec3n b\u1eb1ng b\u00e1nh xe.<br \/>\n\u2013 G\u1eadp g\u1ecdn m\u00e1y b\u1eb1ng piston th\u1ee7y l\u1ef1c.<br \/>\n\u2013 B\u1ea3o h\u00e0nh: Motor 5 n\u0103m, khung 1 n\u0103m<\/p>\n<h2>2. T\u00ednh n\u0103ng v\u00e0 h\u00ecnh \u1ea3nh m\u00e1y ch\u1ea1y b\u1ed9 \u0111i\u1ec7n Viking VK-A4<\/h2>\n<p><img loading=\"lazy\" class=\"alignnone size-full wp-image-46955\" src=\"https:\/\/thethaominhphu.com\/wp-content\/uploads\/2018\/02\/may-chay-bo-dien-gia-dinh-viking-vk-A4-2.jpg\" sizes=\"(max-width: 700px) 100vw, 700px\" srcset=\"https:\/\/thethaominhphu.com\/wp-content\/uploads\/2018\/02\/may-chay-bo-dien-gia-dinh-viking-vk-A4-2.jpg 700w, https:\/\/thethaominhphu.com\/wp-content\/uploads\/2018\/02\/may-chay-bo-dien-gia-dinh-viking-vk-A4-2-360x360.jpg 360w, https:\/\/thethaominhphu.com\/wp-content\/uploads\/2018\/02\/may-chay-bo-dien-gia-dinh-viking-vk-A4-2-100x100.jpg 100w, https:\/\/thethaominhphu.com\/wp-content\/uploads\/2018\/02\/may-chay-bo-dien-gia-dinh-viking-vk-A4-2-600x600.jpg 600w, https:\/\/thethaominhphu.com\/wp-content\/uploads\/2018\/02\/may-chay-bo-dien-gia-dinh-viking-vk-A4-2-150x150.jpg 150w, https:\/\/thethaominhphu.com\/wp-content\/uploads\/2018\/02\/may-chay-bo-dien-gia-dinh-viking-vk-A4-2-24x24.jpg 24w, https:\/\/thethaominhphu.com\/wp-content\/uploads\/2018\/02\/may-chay-bo-dien-gia-dinh-viking-vk-A4-2-36x36.jpg 36w, https:\/\/thethaominhphu.com\/wp-content\/uploads\/2018\/02\/may-chay-bo-dien-gia-dinh-viking-vk-A4-2-48x48.jpg 48w\" alt=\"M\u00e1y ch\u1ea1y b\u1ed9 \u0111i\u1ec7n Viking VK-A4\" width=\"700\" height=\"700\" \/><\/p>\n<h3>M\u00e0n h\u00ecnh hi\u1ec3n th\u1ecb r\u00f5 r\u00e0ng<\/h3>\n<p><img loading=\"lazy\" class=\"alignnone size-full wp-image-46958\" src=\"https:\/\/thethaominhphu.com\/wp-content\/uploads\/2018\/02\/may-chay-bo-dien-gia-dinh-viking-vk-A4-man-hinh.jpg\" sizes=\"(max-width: 700px) 100vw, 700px\" srcset=\"https:\/\/thethaominhphu.com\/wp-content\/uploads\/2018\/02\/may-chay-bo-dien-gia-dinh-viking-vk-A4-man-hinh.jpg 700w, https:\/\/thethaominhphu.com\/wp-content\/uploads\/2018\/02\/may-chay-bo-dien-gia-dinh-viking-vk-A4-man-hinh-600x699.jpg 600w, https:\/\/thethaominhphu.com\/wp-content\/uploads\/2018\/02\/may-chay-bo-dien-gia-dinh-viking-vk-A4-man-hinh-129x150.jpg 129w, https:\/\/thethaominhphu.com\/wp-content\/uploads\/2018\/02\/may-chay-bo-dien-gia-dinh-viking-vk-A4-man-hinh-21x24.jpg 21w, https:\/\/thethaominhphu.com\/wp-content\/uploads\/2018\/02\/may-chay-bo-dien-gia-dinh-viking-vk-A4-man-hinh-31x36.jpg 31w, https:\/\/thethaominhphu.com\/wp-content\/uploads\/2018\/02\/may-chay-bo-dien-gia-dinh-viking-vk-A4-man-hinh-41x48.jpg 41w\" alt=\"M\u00e1y ch\u1ea1y b\u1ed9 \u0111i\u1ec7n Viking VK-A4\" width=\"700\" height=\"816\" \/><\/p>\n<p>Kh\u00f4ng gi\u1ed1ng m\u1ed9t s\u1ed1 d\u00f2ng\u00a0<strong>m\u00e1y ch\u1ea1y b\u1ed9<\/strong>\u00a0c\u00f3 thi\u1ebft k\u1ebf m\u00e0n h\u00ecnh nh\u1ecf, kh\u00f3 theo d\u00f5i,\u00a0<strong>VK\u2013A4<\/strong>\u00a0s\u1ebd gi\u1ea3i quy\u1ebft ho\u00e0n to\u00e0n v\u1ea5n \u0111\u1ec1 \u0111\u00f3 cho b\u1ea1n. M\u00e0n h\u00ecnh l\u1edbn, hi\u1ec3n th\u1ecb r\u00f5 r\u00e0ng c\u00e1c th\u00f4ng s\u1ed1 nh\u01b0 nh\u1ecbp tim, l\u01b0\u1ee3ng calo \u0111\u1ed1t ch\u00e1y, t\u1ed1c \u0111\u1ed9, qu\u00e3ng \u0111\u01b0\u1eddng\u2026 \u0111\u1ec3 b\u1ea1n c\u00f3 th\u1ec3 d\u1ec5 d\u00e0ng theo d\u00f5i, \u0111i\u1ec1u ch\u1ec9nh c\u01b0\u1eddng \u0111\u1ed9 t\u1eadp luy\u1ec7n cho h\u1ee3p l\u00ed.<\/p>\n<p>H\u1ec7 th\u1ed1ng ph\u00edm b\u1ea5m \u0111i\u1ec1u khi\u1ec3n nhanh, gi\u00fap thao t\u00e1c d\u1ec5 d\u00e0ng khi t\u1eadp luy\u1ec7n.<\/p>\n<h3>Thi\u1ebft k\u1ebf hi\u1ec7n \u0111\u1ea1i, ch\u1eafc ch\u1eafn<\/h3>\n<p><img loading=\"lazy\" class=\"alignnone size-full wp-image-46960\" src=\"https:\/\/thethaominhphu.com\/wp-content\/uploads\/2018\/02\/may-chay-bo-dien-gia-dinh-viking-vk-A4-trong-tai.jpg\" sizes=\"(max-width: 700px) 100vw, 700px\" srcset=\"https:\/\/thethaominhphu.com\/wp-content\/uploads\/2018\/02\/may-chay-bo-dien-gia-dinh-viking-vk-A4-trong-tai.jpg 700w, https:\/\/thethaominhphu.com\/wp-content\/uploads\/2018\/02\/may-chay-bo-dien-gia-dinh-viking-vk-A4-trong-tai-600x514.jpg 600w, https:\/\/thethaominhphu.com\/wp-content\/uploads\/2018\/02\/may-chay-bo-dien-gia-dinh-viking-vk-A4-trong-tai-150x129.jpg 150w, https:\/\/thethaominhphu.com\/wp-content\/uploads\/2018\/02\/may-chay-bo-dien-gia-dinh-viking-vk-A4-trong-tai-24x21.jpg 24w, https:\/\/thethaominhphu.com\/wp-content\/uploads\/2018\/02\/may-chay-bo-dien-gia-dinh-viking-vk-A4-trong-tai-36x31.jpg 36w, https:\/\/thethaominhphu.com\/wp-content\/uploads\/2018\/02\/may-chay-bo-dien-gia-dinh-viking-vk-A4-trong-tai-48x41.jpg 48w\" alt=\"M\u00e1y ch\u1ea1y b\u1ed9 \u0111i\u1ec7n Viking VK-A4 tr\u1ecdng t\u1ea3i\" width=\"700\" height=\"600\" \/><\/p>\n<p>S\u1ea3n ph\u1ea9m s\u1ebd cu\u1ed1n h\u00fat b\u1ea1n ngay t\u1eeb c\u00e1i nh\u00ecn \u0111\u1ea7u ti\u00ean v\u1edbi hai m\u00e0u \u0111en, tr\u1eafng ch\u1ee7 \u0111\u1ea1o k\u1ebft h\u1ee3p h\u00e0i h\u00f2a. \u0110\u01b0\u1ee3c l\u00e0m t\u1eeb khung th\u00e9p to, kh\u1ea3 n\u0103ng ch\u1ecbu l\u1ef1c t\u1ed1t v\u1edbi tr\u1ecdng l\u01b0\u1ee3ng cho ph\u00e9p l\u00ean \u0111\u1ebfn 130 kg, b\u1ea1n ho\u00e0n to\u00e0n c\u00f3 th\u1ec3 y\u00ean t\u00e2m v\u1ec1 \u0111\u1ed9 ch\u1eafc ch\u1eafn v\u00e0 an to\u00e0n m\u00e0 s\u1ea3n ph\u1ea9m \u0111em l\u1ea1i.<\/p>\n<h3>Ti\u1ec7n \u00edch tuy\u1ec7t v\u1eddi<\/h3>\n<p><img loading=\"lazy\" class=\"alignnone size-full wp-image-46886\" src=\"https:\/\/thethaominhphu.com\/wp-content\/uploads\/2018\/02\/may-chay-bo-dien-viking-vk-A4-tien-ich.jpg\" sizes=\"(max-width: 600px) 100vw, 600px\" srcset=\"https:\/\/thethaominhphu.com\/wp-content\/uploads\/2018\/02\/may-chay-bo-dien-viking-vk-A4-tien-ich.jpg 600w, https:\/\/thethaominhphu.com\/wp-content\/uploads\/2018\/02\/may-chay-bo-dien-viking-vk-A4-tien-ich-150x140.jpg 150w, https:\/\/thethaominhphu.com\/wp-content\/uploads\/2018\/02\/may-chay-bo-dien-viking-vk-A4-tien-ich-24x22.jpg 24w, https:\/\/thethaominhphu.com\/wp-content\/uploads\/2018\/02\/may-chay-bo-dien-viking-vk-A4-tien-ich-36x34.jpg 36w, https:\/\/thethaominhphu.com\/wp-content\/uploads\/2018\/02\/may-chay-bo-dien-viking-vk-A4-tien-ich-48x45.jpg 48w\" alt=\"M\u00e1y ch\u1ea1y b\u1ed9 \u0111i\u1ec7n Viking VK-A4 ti\u1ec7n \u00edch\" width=\"600\" height=\"560\" \/><\/p>\n<p>Kh\u00f4ng c\u1ea7n ph\u1ea3i \u0111i \u0111\u1ebfn ph\u00f2ng t\u1eadp th\u01b0\u1eddng xuy\u00ean, kh\u00f4ng c\u1ea7n ph\u1ea3i h\u00edt b\u1ee5i \u0111\u01b0\u1eddng, kh\u00f4ng c\u1ea7n ph\u1ea3i tranh th\u1ee7 th\u1eddi gian trong khi c\u00f4ng vi\u1ec7c c\u1ee7a b\u1ea1n v\u00f4 c\u00f9ng b\u1eadn r\u1ed9n, b\u1ea1n ho\u00e0n to\u00e0n c\u00f3 th\u1ec3 t\u1eadp luy\u1ec7n t\u1ea1i nh\u00e0 m\u00e0 v\u1eabn \u0111\u1ea1t hi\u1ec7u qu\u1ea3 nh\u01b0 mong mu\u1ed1n.<\/p>\n<p>H\u01a1n th\u1ebf n\u1eefa,\u00a0<strong>m\u00e1y ch\u1ea1y b\u1ed9 \u0111i\u1ec7n VK\u2013A4<\/strong>\u00a0\u0111\u01b0\u1ee3c thi\u1ebft k\u1ebf nh\u1ecf g\u1ecdn h\u01a1n nhi\u1ec1u so v\u1edbi c\u00e1c d\u00f2ng m\u00e1y kh\u00e1c, s\u1ebd kh\u00f4ng chi\u1ebfm nhi\u1ec1u di\u1ec7n t\u00edch trong kh\u00f4ng gian nh\u00e0 b\u1ea1n, \u0111\u1ed3ng th\u1eddi b\u1ea1n c\u00f3 th\u1ec3 d\u1ec5 d\u00e0ng di chuy\u1ec3n s\u1ea3n ph\u1ea9m \u0111\u1ebfn v\u1ecb tr\u00ed m\u00e0 m\u00ecnh y\u00eau th\u00edch.<\/p>\n<p><img loading=\"lazy\" class=\"alignnone size-full wp-image-46962\" src=\"https:\/\/thethaominhphu.com\/wp-content\/uploads\/2018\/02\/may-chay-bo-dien-gia-dinh-viking-vk-A4-gap-gon.jpg\" sizes=\"(max-width: 700px) 100vw, 700px\" srcset=\"https:\/\/thethaominhphu.com\/wp-content\/uploads\/2018\/02\/may-chay-bo-dien-gia-dinh-viking-vk-A4-gap-gon.jpg 700w, https:\/\/thethaominhphu.com\/wp-content\/uploads\/2018\/02\/may-chay-bo-dien-gia-dinh-viking-vk-A4-gap-gon-100x100.jpg 100w, https:\/\/thethaominhphu.com\/wp-content\/uploads\/2018\/02\/may-chay-bo-dien-gia-dinh-viking-vk-A4-gap-gon-600x604.jpg 600w, https:\/\/thethaominhphu.com\/wp-content\/uploads\/2018\/02\/may-chay-bo-dien-gia-dinh-viking-vk-A4-gap-gon-150x150.jpg 150w, https:\/\/thethaominhphu.com\/wp-content\/uploads\/2018\/02\/may-chay-bo-dien-gia-dinh-viking-vk-A4-gap-gon-24x24.jpg 24w, https:\/\/thethaominhphu.com\/wp-content\/uploads\/2018\/02\/may-chay-bo-dien-gia-dinh-viking-vk-A4-gap-gon-36x36.jpg 36w, https:\/\/thethaominhphu.com\/wp-content\/uploads\/2018\/02\/may-chay-bo-dien-gia-dinh-viking-vk-A4-gap-gon-48x48.jpg 48w\" alt=\"M\u00e1y ch\u1ea1y b\u1ed9 \u0111i\u1ec7n Viking VK-A4 g\u1eadp g\u1ecdn\" width=\"700\" height=\"705\" \/><\/p>\n<p>H\u1ec7 th\u1ed1ng tra d\u1ea7u \u0111\u01b0\u1ee3c t\u00edch h\u1ee3p tr\u00ean th\u00e0nh m\u00e1y, \u0111\u01b0\u1ee3c d\u1eabn b\u1eb1ng \u1ed1ng d\u1eabn, gi\u00fap ph\u00e2n t\u00e1n l\u01b0\u1ee3ng d\u1ea7u \u0111\u1ec1u l\u00ean b\u00e0n ch\u1ea1y, t\u0103ng \u0111\u1ed9 b\u1ec1n cho b\u0103ng t\u1ea3i, v\u1eadn h\u00e0nh \u00eam \u00e1i.<\/p>\n<p><img loading=\"lazy\" class=\"alignnone size-full wp-image-46959\" src=\"https:\/\/thethaominhphu.com\/wp-content\/uploads\/2018\/02\/may-chay-bo-dien-gia-dinh-viking-vk-A4-tra-dau.jpg\" sizes=\"(max-width: 700px) 100vw, 700px\" srcset=\"https:\/\/thethaominhphu.com\/wp-content\/uploads\/2018\/02\/may-chay-bo-dien-gia-dinh-viking-vk-A4-tra-dau.jpg 700w, https:\/\/thethaominhphu.com\/wp-content\/uploads\/2018\/02\/may-chay-bo-dien-gia-dinh-viking-vk-A4-tra-dau-600x727.jpg 600w, https:\/\/thethaominhphu.com\/wp-content\/uploads\/2018\/02\/may-chay-bo-dien-gia-dinh-viking-vk-A4-tra-dau-124x150.jpg 124w, https:\/\/thethaominhphu.com\/wp-content\/uploads\/2018\/02\/may-chay-bo-dien-gia-dinh-viking-vk-A4-tra-dau-20x24.jpg 20w, https:\/\/thethaominhphu.com\/wp-content\/uploads\/2018\/02\/may-chay-bo-dien-gia-dinh-viking-vk-A4-tra-dau-30x36.jpg 30w, https:\/\/thethaominhphu.com\/wp-content\/uploads\/2018\/02\/may-chay-bo-dien-gia-dinh-viking-vk-A4-tra-dau-40x48.jpg 40w\" alt=\"M\u00e1y ch\u1ea1y b\u1ed9 \u0111i\u1ec7n Viking VK-A4 tra d\u1ea7u\" width=\"700\" height=\"848\" \/><\/p>\n<p>H\u1ec7 th\u1ed1ng l\u00f2 xo gi\u1ea3m x\u00f3c, b\u00e1nh xe gi\u1ea3m ch\u1ea5n h\u1ea1n ch\u1ebf c\u00e1c ch\u1ea5n th\u01b0\u01a1ng l\u00ean c\u00e1c kh\u1edbp, an to\u00e0n cho ng\u01b0\u1eddi d\u00f9ng.<br \/>\nPiston th\u1ee7y l\u1ef1c gi\u00fap n\u00e2ng h\u1ea1 m\u00e1y d\u1ec5 d\u00e0ng, ti\u1ebft ki\u1ec7m kh\u00f4ng gian.<\/p>\n<p><img loading=\"lazy\" class=\"alignnone size-full wp-image-46966\" src=\"https:\/\/thethaominhphu.com\/wp-content\/uploads\/2018\/02\/may-chay-bo-dien-gia-dinh-viking-vk-A4-chi-tiet.jpg\" sizes=\"(max-width: 700px) 100vw, 700px\" srcset=\"https:\/\/thethaominhphu.com\/wp-content\/uploads\/2018\/02\/may-chay-bo-dien-gia-dinh-viking-vk-A4-chi-tiet.jpg 700w, https:\/\/thethaominhphu.com\/wp-content\/uploads\/2018\/02\/may-chay-bo-dien-gia-dinh-viking-vk-A4-chi-tiet-600x546.jpg 600w, https:\/\/thethaominhphu.com\/wp-content\/uploads\/2018\/02\/may-chay-bo-dien-gia-dinh-viking-vk-A4-chi-tiet-150x137.jpg 150w, https:\/\/thethaominhphu.com\/wp-content\/uploads\/2018\/02\/may-chay-bo-dien-gia-dinh-viking-vk-A4-chi-tiet-24x22.jpg 24w, https:\/\/thethaominhphu.com\/wp-content\/uploads\/2018\/02\/may-chay-bo-dien-gia-dinh-viking-vk-A4-chi-tiet-36x33.jpg 36w, https:\/\/thethaominhphu.com\/wp-content\/uploads\/2018\/02\/may-chay-bo-dien-gia-dinh-viking-vk-A4-chi-tiet-48x44.jpg 48w\" alt=\"M\u00e1y ch\u1ea1y b\u1ed9 \u0111i\u1ec7n Viking VK-A4 chi ti\u1ebft\" width=\"700\" height=\"637\" \/><\/p>\n<p>K\u00edch th\u01b0\u1edbc b\u00e0n ch\u1ea1y l\u1edbn, \u0111\u1ed9 r\u1ed9ng b\u0103ng t\u1ea3i l\u00ean \u0111\u1ebfn 45cm, cho nh\u1eefng b\u01b0\u1edbc ch\u1ea1y tho\u1ea3i m\u00e1i, kh\u00f4ng b\u1ecb g\u00f2 b\u00f3 nh\u01b0 nh\u1eefng m\u1eabu m\u00e1y nh\u1ecf<\/p>\n<p><img loading=\"lazy\" class=\"alignnone size-full wp-image-46965\" src=\"https:\/\/thethaominhphu.com\/wp-content\/uploads\/2018\/02\/may-chay-bo-dien-gia-dinh-viking-vk-A4-ban-chay.jpg\" sizes=\"(max-width: 700px) 100vw, 700px\" srcset=\"https:\/\/thethaominhphu.com\/wp-content\/uploads\/2018\/02\/may-chay-bo-dien-gia-dinh-viking-vk-A4-ban-chay.jpg 700w, https:\/\/thethaominhphu.com\/wp-content\/uploads\/2018\/02\/may-chay-bo-dien-gia-dinh-viking-vk-A4-ban-chay-600x514.jpg 600w, https:\/\/thethaominhphu.com\/wp-content\/uploads\/2018\/02\/may-chay-bo-dien-gia-dinh-viking-vk-A4-ban-chay-150x129.jpg 150w, https:\/\/thethaominhphu.com\/wp-content\/uploads\/2018\/02\/may-chay-bo-dien-gia-dinh-viking-vk-A4-ban-chay-24x21.jpg 24w, https:\/\/thethaominhphu.com\/wp-content\/uploads\/2018\/02\/may-chay-bo-dien-gia-dinh-viking-vk-A4-ban-chay-36x31.jpg 36w, https:\/\/thethaominhphu.com\/wp-content\/uploads\/2018\/02\/may-chay-bo-dien-gia-dinh-viking-vk-A4-ban-chay-48x41.jpg 48w\" alt=\"M\u00e1y ch\u1ea1y b\u1ed9 \u0111i\u1ec7n Viking VK-A4 b\u00e0n ch\u1ea1y\" width=\"700\" height=\"600\" \/><\/p>\n<h3>Ph\u00f9 h\u1ee3p m\u1ecdi \u0111\u1ed1i t\u01b0\u1ee3ng, t\u00edch h\u1ee3p nhi\u1ec1u b\u00e0i t\u1eadp<\/h3>\n<p><strong>M\u00e1y ch\u1ea1y b\u1ed9 \u0111i\u1ec7n \u0111a n\u0103ng VK-A4<\/strong>\u00a0ch\u00ednh l\u00e0 ng\u01b0\u1eddi b\u1ea1n \u0111\u1ed3ng h\u00e0nh c\u1ee7a m\u1ecdi \u0111\u1ed1i t\u01b0\u1ee3ng. Thi\u1ebft b\u1ecb t\u00edch h\u1ee3p nhi\u1ec1u b\u00e0i t\u1eadp, gi\u00fap qu\u00e1 tr\u00ecnh t\u1eadp luy\u1ec7n c\u1ee7a b\u1ea1n kh\u00f4ng b\u1ecb nh\u00e0m ch\u00e1n, \u0111\u1ed3ng th\u1eddi t\u00e1c \u0111\u1ed9ng l\u00ean c\u00e1c v\u00f9ng tr\u00ean c\u01a1 th\u1ec3, \u0111em l\u1ea1i cho b\u1ea1n hi\u1ec7u qu\u1ea3 nh\u01b0 mong mu\u1ed1n.<\/p>\n","protected":false},"excerpt":{"rendered":"<p><strong>M\u00e1y ch\u1ea1y b\u1ed9 \u0111i\u1ec7n \u0111a n\u0103ng VK-A4<\/strong>\u00a0ch\u00ednh l\u00e0 ng\u01b0\u1eddi b\u1ea1n \u0111\u1ed3ng h\u00e0nh c\u1ee7a m\u1ecdi \u0111\u1ed1i t\u01b0\u1ee3ng. Thi\u1ebft b\u1ecb t\u00edch h\u1ee3p nhi\u1ec1u b\u00e0i t\u1eadp, gi\u00fap qu\u00e1 tr\u00ecnh t\u1eadp luy\u1ec7n c\u1ee7a b\u1ea1n kh\u00f4ng b\u1ecb nh\u00e0m ch\u00e1n, \u0111\u1ed3ng th\u1eddi t\u00e1c \u0111\u1ed9ng l\u00ean c\u00e1c v\u00f9ng tr\u00ean c\u01a1 th\u1ec3, \u0111em l\u1ea1i cho b\u1ea1n hi\u1ec7u qu\u1ea3 nh\u01b0 mong mu\u1ed1n.<\/p>\n","protected":false},"featured_media":1038,"comment_status":"open","ping_status":"closed","template":"","meta":[],"product_cat":[39],"product_tag":[],"_links":{"self":[{"href":"https:\/\/demo.bmconnect.vn\/dienmay3\/wp-json\/wp\/v2\/product\/1037"}],"collection":[{"href":"https:\/\/demo.bmconnect.vn\/dienmay3\/wp-json\/wp\/v2\/product"}],"about":[{"href":"https:\/\/demo.bmconnect.vn\/dienmay3\/wp-json\/wp\/v2\/types\/product"}],"replies":[{"embeddable":true,"href":"https:\/\/demo.bmconnect.vn\/dienmay3\/wp-json\/wp\/v2\/comments?post=1037"}],"wp:featuredmedia":[{"embeddable":true,"href":"https:\/\/demo.bmconnect.vn\/dienmay3\/wp-json\/wp\/v2\/media\/1038"}],"wp:attachment":[{"href":"https:\/\/demo.bmconnect.vn\/dienmay3\/wp-json\/wp\/v2\/media?parent=1037"}],"wp:term":[{"taxonomy":"product_cat","embeddable":true,"href":"https:\/\/demo.bmconnect.vn\/dienmay3\/wp-json\/wp\/v2\/product_cat?post=1037"},{"taxonomy":"product_tag","embeddable":true,"href":"https:\/\/demo.bmconnect.vn\/dienmay3\/wp-json\/wp\/v2\/product_tag?post=1037"}],"curies":[{"name":"wp","href":"https:\/\/api.w.org\/{rel}","templated":true}]}}