{"id":1035,"date":"2019-04-15T18:12:28","date_gmt":"2019-04-15T11:12:28","guid":{"rendered":"http:\/\/demo.bmconnect.vn\/dienmay3\/?post_type=product&#038;p=1035"},"modified":"2019-04-15T18:12:28","modified_gmt":"2019-04-15T11:12:28","slug":"may-chay-bo-dien-pro-fitness-pf-117d","status":"publish","type":"product","link":"https:\/\/demo.bmconnect.vn\/dienmay3\/may-chay-bo-dien-pro-fitness-pf-117d\/","title":{"rendered":"M\u00e1y ch\u1ea1y b\u1ed9 \u0111i\u1ec7n Pro Fitness PF-117D"},"content":{"rendered":"<h2>M\u00e1y ch\u1ea1y b\u1ed9 \u0111i\u1ec7n Pro Fitness PF-117D<\/h2>\n<p>\u0110\u1ed9t ph\u00e1 v\u1ec1 thi\u1ebft k\u1ebf, m\u1ea1nh m\u1ebd \u1edf c\u1ea5u h\u00ecnh l\u00e0 nh\u1eefng \u0111i\u1ec1u \u0111\u1ea7u ti\u00ean khi nh\u1eafc \u0111\u1ebfn\u00a0<strong>Pro Fitness PF-117D<\/strong>.<\/p>\n<p>L\u00e0 m\u1eabu\u00a0<strong>m\u00e1y ch\u1ea1y b\u1ed9 cho gia \u0111\u00ecnh<\/strong>\u00a0m\u1edbi thu\u1ed9c th\u01b0\u01a1ng hi\u1ec7u\u00a0<strong>Pro Fitness \u2013 \u0110\u00e0i Loan<\/strong>. S\u1edf h\u1eefu cho m\u00ecnh motor m\u1ea1nh m\u1ebd DC 4.5 HP t\u1ed1c \u0111\u1ed9 l\u00ean \u0111\u1ebfn 18 km\/h, c\u00f3 th\u1ec3 \u0111\u1ea3m b\u1ea3o t\u1ed1t nhu c\u1ea7u cho 5 ng\u01b0\u1eddi t\u1eadp cho gia \u0111\u00ecnh b\u1ea1n m\u1ed9t c\u00e1ch ho\u00e0n h\u1ea3o.<\/p>\n<p>T\u00edch h\u1ee3p m\u00e0n h\u00ecnh c\u1ea3m \u1ee9ng si\u00eau nh\u1ea1y 10.1 inch ch\u1ea1y h\u1ec7 \u0111i\u1ec1u h\u00e0nh Android. \u0110i k\u00e8m \u0111\u00f3 l\u00e0 h\u1ec7 th\u1ed1ng loa ch\u1ea5t l\u01b0\u1ee3ng cao cho m\u1ed9t tr\u1ea3i nghi\u1ec7m gi\u1ea3i tr\u00ed tuy\u1ec7t v\u1eddi \u00edt c\u00f3 tr\u00ean c\u00e1c m\u1eabu m\u00e1y gia \u0111\u00ecnh.<\/p>\n<p>B\u0103ng t\u1ea3i r\u1ed9ng l\u00ean \u0111\u1ebfn 52cm ng\u01b0\u1eddi t\u1eadp c\u00f3 th\u1ec3 tho\u1ea3i m\u00e1i v\u1edbi nh\u1eefng b\u01b0\u1edbc ch\u1ea1y \u1edf b\u1ea5t k\u00ec t\u1ed1c \u0111\u1ed9 n\u00e0o.<\/p>\n<p>V\u1edbi nh\u1eefng \u01b0u \u0111i\u1ec3m v\u01b0\u1ee3t tr\u1ed9i tr\u00ean th\u00ec\u00a0<strong>PF-117D<\/strong>\u00a0l\u00e0 m\u1ed9t l\u1ef1a ch\u1ecdn kh\u00f4ng th\u1ec3 b\u1ecf qua cho c\u00e1c gia \u0111\u00ecnh.<\/p>\n<p><strong>Sau \u0111\u00e2y ch\u00fang ta c\u00f9ng t\u00ecm hi\u1ec3u chi ti\u1ebft h\u01a1n n\u1eefa v\u1ec1 s\u1ea3n ph\u1ea9m n\u00e0y.<\/strong><\/p>\n<h3>1. Th\u00f4ng s\u1ed1 k\u1ef9 thu\u1eadt m\u00e1y ch\u1ea1y b\u1ed9 \u0111i\u1ec7n Pro Fitness PF-117D<\/h3>\n<ul>\n<li>S\u1ea3n xu\u1ea5t: Theo c\u00f4ng ngh\u1ec7 M\u1ef9<\/li>\n<li>Th\u01b0\u01a1ng hi\u1ec7u Taiwan:\u00a0<strong>Pro Fitness<\/strong><\/li>\n<li>C\u00f4ng su\u1ea5t motor: DC 4.5 HP<\/li>\n<li>T\u1ed1c \u0111\u1ed9: 1 \u2013 18 km\/h<\/li>\n<li>\u0110\u1ed9 d\u1ed1c t\u1ef1 \u0111\u1ed9ng: 0 \u2013 15%<\/li>\n<li>K\u00edch th\u01b0\u1edbc b\u0103ng t\u1ea3i: 149 x 52 cm<\/li>\n<li>K\u00edch th\u01b0\u1edbc l\u1eafp \u0111\u1eb7t (DxRxC): 187 x 78 x 149 cm<\/li>\n<li>K\u00edch th\u01b0\u1edbc g\u1eadp g\u1ecdn(DxRxC): 97 x 78 x 151 cm<\/li>\n<li>K\u00edch th\u01b0\u1edbc th\u00f9ng(DxRxC): 198 x 90 x 41 cm<\/li>\n<li>Tr\u1ecdng l\u01b0\u1ee3ng m\u00e1y: 103 KGS<\/li>\n<li>Tr\u1ecdng l\u01b0\u1ee3ng c\u1ea3 th\u00f9ng: 118 Kgs<\/li>\n<li>Tr\u1ecdng l\u01b0\u1ee3ng ng\u01b0\u1eddi t\u1eadp t\u1ed1i \u0111a: 150 Kgs<\/li>\n<li>M\u00e0n h\u00ecnh c\u1ea3m \u1ee9ng hi\u1ec3n th\u1ecb 10.1\u2033 Android.<\/li>\n<li>Di chuy\u1ec3n b\u1eb1ng b\u00e1nh xe.<\/li>\n<li>G\u1eadp g\u1ecdn b\u1eb1ng piston th\u1ee7y l\u1ef1c.<\/li>\n<li>T\u00edch h\u1ee3p 2 l\u00f2 xo gi\u1ea3m x\u00f3c.<\/li>\n<li>H\u1ec7 th\u1ed1ng tra d\u1ea7u t\u1ef1 \u0111\u1ed9ng.<\/li>\n<li>B\u1ea3o h\u00e0nh: 5 n\u0103m<\/li>\n<\/ul>\n<h3>2. H\u00ecnh \u1ea3nh v\u00e0 t\u00ednh n\u0103ng m\u00e1y ch\u1ea1y b\u1ed9 \u0111i\u1ec7n Pro Fitness PF-117D<\/h3>\n<p><img loading=\"lazy\" class=\"alignnone size-full wp-image-45108\" src=\"https:\/\/thethaominhphu.com\/wp-content\/uploads\/2017\/09\/may-chay-bo-Pro-Fitness-PF-117D.jpg\" sizes=\"(max-width: 700px) 100vw, 700px\" srcset=\"https:\/\/thethaominhphu.com\/wp-content\/uploads\/2017\/09\/may-chay-bo-Pro-Fitness-PF-117D.jpg 700w, https:\/\/thethaominhphu.com\/wp-content\/uploads\/2017\/09\/may-chay-bo-Pro-Fitness-PF-117D-360x360.jpg 360w, https:\/\/thethaominhphu.com\/wp-content\/uploads\/2017\/09\/may-chay-bo-Pro-Fitness-PF-117D-100x100.jpg 100w, https:\/\/thethaominhphu.com\/wp-content\/uploads\/2017\/09\/may-chay-bo-Pro-Fitness-PF-117D-600x600.jpg 600w\" alt=\"m\u00e1y ch\u1ea1y b\u1ed9 \u0111i\u1ec7n Pro Fitness PF-117D\" width=\"700\" height=\"700\" \/><\/p>\n<p><img loading=\"lazy\" class=\"alignnone size-full wp-image-47563\" src=\"https:\/\/thethaominhphu.com\/wp-content\/uploads\/2017\/09\/may-chay-bo-pro-fitness-PF-117D-chi-tiet-3.jpg\" sizes=\"(max-width: 700px) 100vw, 700px\" srcset=\"https:\/\/thethaominhphu.com\/wp-content\/uploads\/2017\/09\/may-chay-bo-pro-fitness-PF-117D-chi-tiet-3.jpg 700w, https:\/\/thethaominhphu.com\/wp-content\/uploads\/2017\/09\/may-chay-bo-pro-fitness-PF-117D-chi-tiet-3-600x776.jpg 600w, https:\/\/thethaominhphu.com\/wp-content\/uploads\/2017\/09\/may-chay-bo-pro-fitness-PF-117D-chi-tiet-3-116x150.jpg 116w, https:\/\/thethaominhphu.com\/wp-content\/uploads\/2017\/09\/may-chay-bo-pro-fitness-PF-117D-chi-tiet-3-19x24.jpg 19w, https:\/\/thethaominhphu.com\/wp-content\/uploads\/2017\/09\/may-chay-bo-pro-fitness-PF-117D-chi-tiet-3-28x36.jpg 28w, https:\/\/thethaominhphu.com\/wp-content\/uploads\/2017\/09\/may-chay-bo-pro-fitness-PF-117D-chi-tiet-3-37x48.jpg 37w\" alt=\"M\u00e1y ch\u1ea1y b\u1ed9 \u0111i\u1ec7n Pro Fitness PF-117D chi ti\u1ebft\" width=\"700\" height=\"905\" \/><\/p>\n<p><img loading=\"lazy\" class=\"alignnone size-full wp-image-44613\" src=\"https:\/\/thethaominhphu.com\/wp-content\/uploads\/2017\/09\/may-chay-bo-pro-fitness-PF-117D-chi-tiet-2.jpg\" sizes=\"(max-width: 700px) 100vw, 700px\" srcset=\"https:\/\/thethaominhphu.com\/wp-content\/uploads\/2017\/09\/may-chay-bo-pro-fitness-PF-117D-chi-tiet-2.jpg 700w, https:\/\/thethaominhphu.com\/wp-content\/uploads\/2017\/09\/may-chay-bo-pro-fitness-PF-117D-chi-tiet-2-600x756.jpg 600w\" alt=\"\" width=\"700\" height=\"882\" \/><\/p>\n<p><img loading=\"lazy\" class=\"alignnone size-full wp-image-45110\" src=\"https:\/\/thethaominhphu.com\/wp-content\/uploads\/2017\/09\/may-chay-bo-pro-fitness-PF-117D-giam-chan.jpg\" sizes=\"(max-width: 700px) 100vw, 700px\" srcset=\"https:\/\/thethaominhphu.com\/wp-content\/uploads\/2017\/09\/may-chay-bo-pro-fitness-PF-117D-giam-chan.jpg 700w, https:\/\/thethaominhphu.com\/wp-content\/uploads\/2017\/09\/may-chay-bo-pro-fitness-PF-117D-giam-chan-600x885.jpg 600w\" alt=\"gi\u1ea3m ch\u1ea5n m\u00e1y ch\u1ea1y b\u1ed9 \u0111i\u1ec7n Pro Fitness PF-117D\" width=\"700\" height=\"1033\" \/><\/p>\n<p>K\u00edch th\u01b0\u1edbc thi\u1ebft k\u1ebf chu\u1ea9n, ph\u00f9 h\u1ee3p v\u1edbi m\u1ecdi kh\u00f4ng gian. K\u00e8m v\u1edbi t\u00ednh n\u0103ng g\u1eadp g\u1ecdn gi\u00fap ti\u1ebft ki\u1ec7m di\u1ec7n t\u00edch t\u1ed1i \u0111a, d\u1ec5 d\u00e0ng di chuy\u1ec3n.<\/p>\n<p><img loading=\"lazy\" class=\"alignnone size-full wp-image-45109\" src=\"https:\/\/thethaominhphu.com\/wp-content\/uploads\/2017\/09\/may-chay-bo-Pro-Fitness-PF-117D-kich-thuoc.jpg\" sizes=\"(max-width: 700px) 100vw, 700px\" srcset=\"https:\/\/thethaominhphu.com\/wp-content\/uploads\/2017\/09\/may-chay-bo-Pro-Fitness-PF-117D-kich-thuoc.jpg 700w, https:\/\/thethaominhphu.com\/wp-content\/uploads\/2017\/09\/may-chay-bo-Pro-Fitness-PF-117D-kich-thuoc-600x529.jpg 600w\" alt=\"k\u00edch th\u01b0\u1edbc m\u00e1y ch\u1ea1y b\u1ed9 \u0111i\u1ec7n Pro Fitness PF-117D\" width=\"700\" height=\"617\" \/><\/p>\n<p>V\u1edbi\u00a0<strong>PF-117D<\/strong>\u00a0c\u00e1c b\u00e0i t\u1eadp ch\u1ea1y b\u1ed9, \u0111i b\u1ed9, xoay eo, massage b\u1ee5ng, g\u1eadp b\u1ee5ng s\u1ebd nhanh ch\u00f3ng cho b\u1ea1n m\u1ed9t v\u00f3c d\u00e1ng s\u0103n ch\u1eafc, thon g\u1ecdn, th\u1ec3 l\u1ef1c b\u1ec1n b\u1ec9, s\u1ee9c kh\u1ecfe d\u1ed3i d\u00e0o \u0111\u1ec3 lu\u00f4n l\u00e0m t\u1ed1t c\u00f4ng vi\u1ec7c.<\/p>\n<p>M\u1eb7t kh\u00e1c ch\u1ea1y b\u1ed9 c\u0169ng l\u00e0 b\u00e0i t\u1eadp \u0111\u01b0\u1ee3c c\u00e1c chuy\u00ean gia \u0111\u00e1nh gi\u00e1 l\u00e0 mang l\u1ea1i hi\u1ec7u qu\u1ea3 h\u1ea1n ch\u1ebf c\u00e1c b\u1ec7nh v\u1ec1 x\u01b0\u01a1ng kh\u1edbp, tim m\u1ea1ch v\u00e0 \u0111\u1ed9t qu\u1ef5 \u1edf ng\u01b0\u1eddi cao tu\u1ed5i.<\/p>\n","protected":false},"excerpt":{"rendered":"<p>L\u00e0 m\u1eabu\u00a0<strong>m\u00e1y ch\u1ea1y b\u1ed9 cho gia \u0111\u00ecnh<\/strong>\u00a0m\u1edbi thu\u1ed9c th\u01b0\u01a1ng hi\u1ec7u\u00a0<strong>Pro Fitness \u2013 \u0110\u00e0i Loan<\/strong>. S\u1edf h\u1eefu cho m\u00ecnh motor m\u1ea1nh m\u1ebd DC 4.5 HP t\u1ed1c \u0111\u1ed9 l\u00ean \u0111\u1ebfn 18 km\/h, c\u00f3 th\u1ec3 \u0111\u1ea3m b\u1ea3o t\u1ed1t nhu c\u1ea7u cho 5 ng\u01b0\u1eddi t\u1eadp cho gia \u0111\u00ecnh b\u1ea1n m\u1ed9t c\u00e1ch ho\u00e0n h\u1ea3o.<\/p>\n","protected":false},"featured_media":1036,"comment_status":"open","ping_status":"closed","template":"","meta":[],"product_cat":[39],"product_tag":[],"_links":{"self":[{"href":"https:\/\/demo.bmconnect.vn\/dienmay3\/wp-json\/wp\/v2\/product\/1035"}],"collection":[{"href":"https:\/\/demo.bmconnect.vn\/dienmay3\/wp-json\/wp\/v2\/product"}],"about":[{"href":"https:\/\/demo.bmconnect.vn\/dienmay3\/wp-json\/wp\/v2\/types\/product"}],"replies":[{"embeddable":true,"href":"https:\/\/demo.bmconnect.vn\/dienmay3\/wp-json\/wp\/v2\/comments?post=1035"}],"wp:featuredmedia":[{"embeddable":true,"href":"https:\/\/demo.bmconnect.vn\/dienmay3\/wp-json\/wp\/v2\/media\/1036"}],"wp:attachment":[{"href":"https:\/\/demo.bmconnect.vn\/dienmay3\/wp-json\/wp\/v2\/media?parent=1035"}],"wp:term":[{"taxonomy":"product_cat","embeddable":true,"href":"https:\/\/demo.bmconnect.vn\/dienmay3\/wp-json\/wp\/v2\/product_cat?post=1035"},{"taxonomy":"product_tag","embeddable":true,"href":"https:\/\/demo.bmconnect.vn\/dienmay3\/wp-json\/wp\/v2\/product_tag?post=1035"}],"curies":[{"name":"wp","href":"https:\/\/api.w.org\/{rel}","templated":true}]}}