{"id":1032,"date":"2019-04-15T18:11:10","date_gmt":"2019-04-15T11:11:10","guid":{"rendered":"http:\/\/demo.bmconnect.vn\/dienmay3\/?post_type=product&#038;p=1032"},"modified":"2019-04-15T18:11:10","modified_gmt":"2019-04-15T11:11:10","slug":"may-chay-bo-dien-pro-fitness-pf-116","status":"publish","type":"product","link":"https:\/\/demo.bmconnect.vn\/dienmay3\/may-chay-bo-dien-pro-fitness-pf-116\/","title":{"rendered":"M\u00e1y ch\u1ea1y b\u1ed9 \u0111i\u1ec7n Pro Fitness PF-116"},"content":{"rendered":"<h2>M\u00e1y ch\u1ea1y b\u1ed9 \u0111i\u1ec7n Pro Fitness PF-116<\/h2>\n<p><strong>M\u00e1y ch\u1ea1y b\u1ed9 \u0111i\u1ec7n Pro Fitness PF-116<\/strong>\u00a0l\u00e0 m\u1eabu\u00a0<strong>m\u00e1y ch\u1ea1y b\u1ed9 \u0111i\u1ec7n gia \u0111\u00ecnh<\/strong>\u00a0th\u00f4ng minh mang nhi\u1ec1u ti\u1ec7n \u00edch \u0111\u1ebfn cho ng\u01b0\u1eddi ti\u00eau d\u00f9ng, \u0111ang \u0111\u01b0\u1ee3c y\u00eau th\u00edch tr\u00ean th\u1ecb tr\u01b0\u1eddng hi\u1ec7n nay.<\/p>\n<p><strong>PF-116<\/strong>\u00a0l\u00e0 m\u1eabu m\u00e1y \u0111a n\u0103ng h\u1ed7 tr\u1ee3 ho\u00e0n h\u1ea3o c\u00e1c b\u00e0i t\u1eadp cho gia \u0111\u00ecnh b\u1ea1n. V\u1edbi 5 b\u00e0i t\u1eadp: Ch\u1ea1y b\u1ed9, massage, g\u1eadp b\u1ee5ng, xoay eo, t\u1ea1 tay gi\u00fap t\u00e1c \u0111\u1ed9ng l\u00ean c\u00e1c nh\u00f3m c\u01a1 tr\u00ean c\u01a1 th\u1ec3, nhanh ch\u00f3ng cho b\u1ea1n v\u00f3c d\u00e1ng thon g\u1ecdn, s\u0103n ch\u1eafc.<\/p>\n<p>Khung m\u00e1y \u0111\u01b0\u1ee3c thi\u1ebft k\u1ebf to, ch\u1eafc ch\u1eafn \u0111\u1ec3 ph\u00f9 h\u1ee3p v\u1edbi motor l\u1edbn, c\u00f3 th\u1ec3 ch\u1ecbu \u0111\u01b0\u1ee3c tr\u1ecdng t\u1ea3i l\u00ean \u0111\u1ebfn 140 Kg, h\u1ea1n ch\u1ebf t\u1ed1i \u0111a rung l\u1eafc khi ch\u1ea1y \u1edf t\u1ed1c \u0111\u1ed9 cao.<\/p>\n<p>S\u1edf h\u1eefu motor DC 4.0 HP m\u1ea1nh m\u1ebd, t\u1ed1c \u0111\u1ed9 t\u1ed1i \u0111a 18 km\/h, m\u00e1y c\u00f3 th\u1ec3 \u0111\u1ea3m b\u1ea3o t\u1ed1t nhu c\u1ea7u t\u1eadp cho 4-5 th\u00e0nh vi\u00ean trong gia \u0111\u00ecnh b\u1ea1n.<\/p>\n<p>M\u00e0n h\u00ecnh c\u1ea3m \u1ee9ng Android 10.1\u2033 hi\u1ec3n th\u1ecb c\u00e1c th\u00f4ng s\u1ed1: Th\u1eddi gian, qu\u1ea3ng \u0111\u01b0\u1eddng, calo, t\u1ed1c \u0111\u1ed9, nh\u1ecbp tim\u2026 Thao t\u00e1c tay tr\u00ean m\u00e0n h\u00ecnh c\u1ef1c nhanh, c\u1ef1c nh\u1ea1y h\u1ed7 tr\u1ee3 t\u1ed1i \u0111a vi\u1ec7c \u0111i\u1ec1u khi\u1ec3n m\u00e1y khi t\u1eadp.<\/p>\n<h3>1. Th\u00f4ng tin m\u00e1y ch\u1ea1y b\u1ed9 \u0111i\u1ec7n Pro Fitness PF-116<\/h3>\n<ul>\n<li>S\u1ea3n xu\u1ea5t: Theo c\u00f4ng ngh\u1ec7 M\u1ef9<\/li>\n<li>Th\u01b0\u01a1ng hi\u1ec7u Taiwan:\u00a0<strong>Pro Fitness<\/strong><\/li>\n<li>C\u00f4ng su\u1ea5t motor: DC 4.0 HP<\/li>\n<li>T\u1ed1c \u0111\u1ed9: 1 \u2013 18 km\/h<\/li>\n<li>\u0110\u1ed9 d\u1ed1c t\u1ef1 \u0111\u1ed9ng: 0 \u2013 15%<\/li>\n<li>K\u00edch th\u01b0\u1edbc b\u0103ng t\u1ea3i: 48 x 135 cm<\/li>\n<li>K\u00edch th\u01b0\u1edbc l\u1eafp \u0111\u1eb7t: 193 x 83 x 143 cm<\/li>\n<li>K\u00edch th\u01b0\u1edbc th\u00f9ng: 191 x 86 x 39 cm<\/li>\n<li>Tr\u1ecdng l\u01b0\u1ee3ng m\u00e1y: 95 KGS<\/li>\n<li>Tr\u1ecdng l\u01b0\u1ee3ng c\u1ea3 th\u00f9ng: 105 Kgs<\/li>\n<li>Tr\u1ecdng l\u01b0\u1ee3ng ng\u01b0\u1eddi t\u1eadp t\u1ed1i \u0111a: 140 Kgs<\/li>\n<li>M\u00e0n h\u00ecnh hi\u1ec3n th\u1ecb c\u1ea3m \u1ee9ng 10.1 inch Android si\u00eau nh\u1ea1y.<\/li>\n<\/ul>\n<h3>2. H\u00ecnh \u1ea3nh v\u00e0 t\u00ednh n\u0103ng m\u00e1y ch\u1ea1y b\u1ed9 \u0111i\u1ec7n Pro Fitness PF-116<\/h3>\n<p><img loading=\"lazy\" class=\"alignnone size-full wp-image-47404\" src=\"https:\/\/thethaominhphu.com\/wp-content\/uploads\/2017\/05\/may-chay-bo-dien-Pro-Fitness-PF116-3.jpg\" sizes=\"(max-width: 700px) 100vw, 700px\" srcset=\"https:\/\/thethaominhphu.com\/wp-content\/uploads\/2017\/05\/may-chay-bo-dien-Pro-Fitness-PF116-3.jpg 700w, https:\/\/thethaominhphu.com\/wp-content\/uploads\/2017\/05\/may-chay-bo-dien-Pro-Fitness-PF116-3-360x360.jpg 360w, https:\/\/thethaominhphu.com\/wp-content\/uploads\/2017\/05\/may-chay-bo-dien-Pro-Fitness-PF116-3-100x100.jpg 100w, https:\/\/thethaominhphu.com\/wp-content\/uploads\/2017\/05\/may-chay-bo-dien-Pro-Fitness-PF116-3-600x600.jpg 600w, https:\/\/thethaominhphu.com\/wp-content\/uploads\/2017\/05\/may-chay-bo-dien-Pro-Fitness-PF116-3-150x150.jpg 150w, https:\/\/thethaominhphu.com\/wp-content\/uploads\/2017\/05\/may-chay-bo-dien-Pro-Fitness-PF116-3-24x24.jpg 24w, https:\/\/thethaominhphu.com\/wp-content\/uploads\/2017\/05\/may-chay-bo-dien-Pro-Fitness-PF116-3-36x36.jpg 36w, https:\/\/thethaominhphu.com\/wp-content\/uploads\/2017\/05\/may-chay-bo-dien-Pro-Fitness-PF116-3-48x48.jpg 48w\" alt=\"M\u00e1y ch\u1ea1y b\u1ed9 \u0111i\u1ec7n Pro Fitness PF-116\" width=\"700\" height=\"700\" \/><\/p>\n<p><img loading=\"lazy\" class=\"alignnone size-full wp-image-42588\" src=\"https:\/\/thethaominhphu.com\/wp-content\/uploads\/2017\/05\/may-chay-bo-dien-Pro-Fitness-PF-116-dong-co.jpg\" sizes=\"(max-width: 700px) 100vw, 700px\" srcset=\"https:\/\/thethaominhphu.com\/wp-content\/uploads\/2017\/05\/may-chay-bo-dien-Pro-Fitness-PF-116-dong-co.jpg 700w, https:\/\/thethaominhphu.com\/wp-content\/uploads\/2017\/05\/may-chay-bo-dien-Pro-Fitness-PF-116-dong-co-600x696.jpg 600w\" alt=\"\u0110\u1ed9ng c\u01a1 m\u00e1y ch\u1ea1y b\u1ed9 \u0111i\u1ec7n Pro Fitness PF-116\" width=\"700\" height=\"812\" \/><\/p>\n<p><img loading=\"lazy\" class=\"alignnone size-full wp-image-47405\" src=\"https:\/\/thethaominhphu.com\/wp-content\/uploads\/2017\/05\/may-chay-bo-dien-Pro-Fitness-PF116-chi-tiet-3.jpg\" sizes=\"(max-width: 700px) 100vw, 700px\" srcset=\"https:\/\/thethaominhphu.com\/wp-content\/uploads\/2017\/05\/may-chay-bo-dien-Pro-Fitness-PF116-chi-tiet-3.jpg 700w, https:\/\/thethaominhphu.com\/wp-content\/uploads\/2017\/05\/may-chay-bo-dien-Pro-Fitness-PF116-chi-tiet-3-600x2097.jpg 600w, https:\/\/thethaominhphu.com\/wp-content\/uploads\/2017\/05\/may-chay-bo-dien-Pro-Fitness-PF116-chi-tiet-3-43x150.jpg 43w, https:\/\/thethaominhphu.com\/wp-content\/uploads\/2017\/05\/may-chay-bo-dien-Pro-Fitness-PF116-chi-tiet-3-7x24.jpg 7w, https:\/\/thethaominhphu.com\/wp-content\/uploads\/2017\/05\/may-chay-bo-dien-Pro-Fitness-PF116-chi-tiet-3-10x36.jpg 10w, https:\/\/thethaominhphu.com\/wp-content\/uploads\/2017\/05\/may-chay-bo-dien-Pro-Fitness-PF116-chi-tiet-3-14x48.jpg 14w\" alt=\"M\u00e1y ch\u1ea1y b\u1ed9 \u0111i\u1ec7n Pro Fitness PF-116 \u0111i\u1ec1u khi\u1ec3n\" width=\"700\" height=\"2447\" \/><\/p>\n<p><img loading=\"lazy\" class=\"alignnone size-full wp-image-43538\" src=\"https:\/\/thethaominhphu.com\/wp-content\/uploads\/2017\/05\/may-chay-bo-dien-Pro-Fitness-PF116-chi-tiet-2.jpg\" sizes=\"(max-width: 700px) 100vw, 700px\" srcset=\"https:\/\/thethaominhphu.com\/wp-content\/uploads\/2017\/05\/may-chay-bo-dien-Pro-Fitness-PF116-chi-tiet-2.jpg 700w, https:\/\/thethaominhphu.com\/wp-content\/uploads\/2017\/05\/may-chay-bo-dien-Pro-Fitness-PF116-chi-tiet-2-600x526.jpg 600w\" alt=\"\" width=\"700\" height=\"614\" \/><\/p>\n<p><img loading=\"lazy\" class=\"alignnone size-full wp-image-47406\" src=\"https:\/\/thethaominhphu.com\/wp-content\/uploads\/2017\/05\/may-chay-bo-dien-Pro-Fitness-PF116-do-doc-2.jpg\" sizes=\"(max-width: 700px) 100vw, 700px\" srcset=\"https:\/\/thethaominhphu.com\/wp-content\/uploads\/2017\/05\/may-chay-bo-dien-Pro-Fitness-PF116-do-doc-2.jpg 700w, https:\/\/thethaominhphu.com\/wp-content\/uploads\/2017\/05\/may-chay-bo-dien-Pro-Fitness-PF116-do-doc-2-600x479.jpg 600w, https:\/\/thethaominhphu.com\/wp-content\/uploads\/2017\/05\/may-chay-bo-dien-Pro-Fitness-PF116-do-doc-2-150x120.jpg 150w, https:\/\/thethaominhphu.com\/wp-content\/uploads\/2017\/05\/may-chay-bo-dien-Pro-Fitness-PF116-do-doc-2-24x19.jpg 24w, https:\/\/thethaominhphu.com\/wp-content\/uploads\/2017\/05\/may-chay-bo-dien-Pro-Fitness-PF116-do-doc-2-36x29.jpg 36w, https:\/\/thethaominhphu.com\/wp-content\/uploads\/2017\/05\/may-chay-bo-dien-Pro-Fitness-PF116-do-doc-2-48x38.jpg 48w\" alt=\"M\u00e1y ch\u1ea1y b\u1ed9 \u0111i\u1ec7n Pro Fitness PF-116 \u0111\u1ed9 d\u1ed1c\" width=\"700\" height=\"559\" \/><\/p>\n<p><img loading=\"lazy\" class=\"alignnone size-full wp-image-43540\" src=\"https:\/\/thethaominhphu.com\/wp-content\/uploads\/2017\/05\/may-chay-bo-dien-Pro-Fitness-PF-116-ban-chay.jpg\" sizes=\"(max-width: 700px) 100vw, 700px\" srcset=\"https:\/\/thethaominhphu.com\/wp-content\/uploads\/2017\/05\/may-chay-bo-dien-Pro-Fitness-PF-116-ban-chay.jpg 700w, https:\/\/thethaominhphu.com\/wp-content\/uploads\/2017\/05\/may-chay-bo-dien-Pro-Fitness-PF-116-ban-chay-600x487.jpg 600w\" alt=\"\" width=\"700\" height=\"568\" \/><\/p>\n<p><img loading=\"lazy\" class=\"alignnone size-full wp-image-47407\" src=\"https:\/\/thethaominhphu.com\/wp-content\/uploads\/2017\/05\/may-chay-bo-dien-Pro-Fitness-PF116-gap-gon-2.jpg\" sizes=\"(max-width: 700px) 100vw, 700px\" srcset=\"https:\/\/thethaominhphu.com\/wp-content\/uploads\/2017\/05\/may-chay-bo-dien-Pro-Fitness-PF116-gap-gon-2.jpg 700w, https:\/\/thethaominhphu.com\/wp-content\/uploads\/2017\/05\/may-chay-bo-dien-Pro-Fitness-PF116-gap-gon-2-600x664.jpg 600w, https:\/\/thethaominhphu.com\/wp-content\/uploads\/2017\/05\/may-chay-bo-dien-Pro-Fitness-PF116-gap-gon-2-135x150.jpg 135w, https:\/\/thethaominhphu.com\/wp-content\/uploads\/2017\/05\/may-chay-bo-dien-Pro-Fitness-PF116-gap-gon-2-22x24.jpg 22w, https:\/\/thethaominhphu.com\/wp-content\/uploads\/2017\/05\/may-chay-bo-dien-Pro-Fitness-PF116-gap-gon-2-33x36.jpg 33w, https:\/\/thethaominhphu.com\/wp-content\/uploads\/2017\/05\/may-chay-bo-dien-Pro-Fitness-PF116-gap-gon-2-43x48.jpg 43w\" alt=\"M\u00e1y ch\u1ea1y b\u1ed9 \u0111i\u1ec7n Pro Fitness PF-116 g\u1eadp g\u1ecdn\" width=\"700\" height=\"775\" \/><\/p>\n<p><img loading=\"lazy\" class=\"alignnone size-full wp-image-47408\" src=\"https:\/\/thethaominhphu.com\/wp-content\/uploads\/2017\/05\/may-chay-bo-dien-Pro-Fitness-PF116-massage-2.jpg\" sizes=\"(max-width: 700px) 100vw, 700px\" srcset=\"https:\/\/thethaominhphu.com\/wp-content\/uploads\/2017\/05\/may-chay-bo-dien-Pro-Fitness-PF116-massage-2.jpg 700w, https:\/\/thethaominhphu.com\/wp-content\/uploads\/2017\/05\/may-chay-bo-dien-Pro-Fitness-PF116-massage-2-600x771.jpg 600w, https:\/\/thethaominhphu.com\/wp-content\/uploads\/2017\/05\/may-chay-bo-dien-Pro-Fitness-PF116-massage-2-117x150.jpg 117w, https:\/\/thethaominhphu.com\/wp-content\/uploads\/2017\/05\/may-chay-bo-dien-Pro-Fitness-PF116-massage-2-19x24.jpg 19w, https:\/\/thethaominhphu.com\/wp-content\/uploads\/2017\/05\/may-chay-bo-dien-Pro-Fitness-PF116-massage-2-28x36.jpg 28w, https:\/\/thethaominhphu.com\/wp-content\/uploads\/2017\/05\/may-chay-bo-dien-Pro-Fitness-PF116-massage-2-37x48.jpg 37w\" alt=\"M\u00e1y ch\u1ea1y b\u1ed9 \u0111i\u1ec7n Pro Fitness PF-116 massage\" width=\"700\" height=\"900\" \/><\/p>\n<h3>3. L\u00ed do b\u1ea1n n\u00ean ch\u1ecdn n\u00ean ch\u1ecdn m\u00e1y ch\u1ea1y b\u1ed9 \u0111i\u1ec7n Pro Fitness PF-116<\/h3>\n<p>\u2013 Motor DC 4.0 HP si\u00eau kh\u1ecfe, b\u1ea3o h\u00e0nh 5 n\u0103m.<br \/>\n\u2013 Khung m\u00e1y ch\u1eafc ch\u1eafn, thi\u1ebft k\u1ebf hi\u1ec7n \u0111\u1ea1i.<br \/>\n\u2013 M\u00e0n h\u00ecnh c\u1ea3m \u1ee9ng Android si\u00eau nh\u1ea1y.<br \/>\n\u2013 Gi\u00e1 th\u00e0nh t\u1ed1t so v\u1edbi c\u00e1c m\u1eabu t\u01b0\u01a1ng \u0111\u01b0\u01a1ng.<\/p>\n","protected":false},"excerpt":{"rendered":"<p><strong>M\u00e1y ch\u1ea1y b\u1ed9 \u0111i\u1ec7n Pro Fitness PF-116<\/strong>\u00a0l\u00e0 m\u1eabu\u00a0<strong>m\u00e1y ch\u1ea1y b\u1ed9 \u0111i\u1ec7n gia \u0111\u00ecnh<\/strong>\u00a0th\u00f4ng minh mang nhi\u1ec1u ti\u1ec7n \u00edch \u0111\u1ebfn cho ng\u01b0\u1eddi ti\u00eau d\u00f9ng, \u0111ang \u0111\u01b0\u1ee3c y\u00eau th\u00edch tr\u00ean th\u1ecb tr\u01b0\u1eddng hi\u1ec7n nay.<\/p>\n","protected":false},"featured_media":1033,"comment_status":"open","ping_status":"closed","template":"","meta":[],"product_cat":[39],"product_tag":[],"_links":{"self":[{"href":"https:\/\/demo.bmconnect.vn\/dienmay3\/wp-json\/wp\/v2\/product\/1032"}],"collection":[{"href":"https:\/\/demo.bmconnect.vn\/dienmay3\/wp-json\/wp\/v2\/product"}],"about":[{"href":"https:\/\/demo.bmconnect.vn\/dienmay3\/wp-json\/wp\/v2\/types\/product"}],"replies":[{"embeddable":true,"href":"https:\/\/demo.bmconnect.vn\/dienmay3\/wp-json\/wp\/v2\/comments?post=1032"}],"wp:featuredmedia":[{"embeddable":true,"href":"https:\/\/demo.bmconnect.vn\/dienmay3\/wp-json\/wp\/v2\/media\/1033"}],"wp:attachment":[{"href":"https:\/\/demo.bmconnect.vn\/dienmay3\/wp-json\/wp\/v2\/media?parent=1032"}],"wp:term":[{"taxonomy":"product_cat","embeddable":true,"href":"https:\/\/demo.bmconnect.vn\/dienmay3\/wp-json\/wp\/v2\/product_cat?post=1032"},{"taxonomy":"product_tag","embeddable":true,"href":"https:\/\/demo.bmconnect.vn\/dienmay3\/wp-json\/wp\/v2\/product_tag?post=1032"}],"curies":[{"name":"wp","href":"https:\/\/api.w.org\/{rel}","templated":true}]}}