{"id":1030,"date":"2019-04-15T18:09:15","date_gmt":"2019-04-15T11:09:15","guid":{"rendered":"http:\/\/demo.bmconnect.vn\/dienmay3\/?post_type=product&#038;p=1030"},"modified":"2019-04-15T18:09:15","modified_gmt":"2019-04-15T11:09:15","slug":"may-chay-bo-dien-pro-fitness-pf-115","status":"publish","type":"product","link":"https:\/\/demo.bmconnect.vn\/dienmay3\/may-chay-bo-dien-pro-fitness-pf-115\/","title":{"rendered":"M\u00e1y Ch\u1ea1y B\u1ed9 \u0110i\u1ec7n Pro Fitness PF-115"},"content":{"rendered":"<h2>M\u00e1y ch\u1ea1y b\u1ed9 \u0111i\u1ec7n Pro Fitness PF-115<\/h2>\n<p><strong>M\u00e1y t\u1eadp ch\u1ea1y b\u1ed9 t\u1ea1i nh\u00e0<\/strong>\u00a0mang l\u1ea1i l\u1ee3i \u00edch s\u1ee9c kh\u1ecfe r\u1ea5t t\u1ed1t nh\u01b0 t\u0103ng s\u1ee9c b\u1ec1n b\u1ec9, s\u1ee9c \u0111\u1ec1 kh\u00e1ng, r\u00e8n luy\u1ec7n s\u1ee9c kh\u1ecfe tim m\u1ea1ch, h\u1ea1n ch\u1ebf c\u00e1c b\u1ec7nh v\u1ec1 tai bi\u1ebfn, \u0111\u1ed9t qu\u1ef5 c\u1ef1c k\u00ec hi\u1ec7u qu\u1ea3.<\/p>\n<p>B\u1ea1n c\u1ea7n t\u00ecm m\u1ed9t m\u1eabu\u00a0<strong>m\u00e1y ch\u1ea1y b\u1ed9<\/strong>\u00a0c\u00f3 c\u00f4ng su\u1ea5t l\u1edbn, c\u00f3 th\u1ec3 \u0111\u1ea3m b\u1ea3o \u0111\u01b0\u1ee3c nhu c\u1ea7u t\u1eadp cho m\u1ed9t gia \u0111\u00ecnh c\u00f3 nhi\u1ec1u ng\u01b0\u1eddi s\u1eed d\u1ee5ng, nh\u01b0ng l\u1ea1i c\u00f3 m\u1ed9t m\u1ee9c gi\u00e1 h\u1ee3p l\u00ed, \u0111\u1ed9 \u1ed5n \u0111\u1ecbnh c\u1ee7a m\u00e1y cao v\u00e0 m\u1eabu m\u00e3 b\u1eaft m\u1eaft c\u00f3 th\u1ec3 \u0111\u1eb7t ngay ph\u00f2ng kh\u00e1ch hay b\u1ea5t c\u1ee9 \u0111\u00e2u trong nh\u00e0.<\/p>\n<p><strong>M\u00e1y ch\u1ea1y b\u1ed9 \u0111i\u1ec7n Pro Fitness PF-115<\/strong>\u00a0l\u00e0 l\u1ef1a ch\u1ecdn h\u1ee3p l\u00ed nh\u1ea5t kh\u00f4ng th\u1ec3 t\u1ed1t h\u01a1n. L\u00e0 m\u1eabu m\u00e1y m\u1edbi n\u0103m 2017 c\u1ee7a th\u01b0\u01a1ng hi\u1ec7u\u00a0<strong>Pro Fitness<\/strong>\u00a0t\u1eeb \u0110\u00e0i Loan, \u0111\u01b0\u1ee3c s\u1ea3n xu\u1ea5t tr\u00ean c\u00f4ng ngh\u1ec7 hi\u1ec7n \u0111\u1ea1i c\u1ee7a M\u1ef9.<\/p>\n<p>S\u1edf h\u1eefu motor DC 4.0 HP c\u1ef1c kh\u1ecfe, cho t\u1ed1c \u0111\u1ed9 t\u1ed1i \u0111a l\u00ean \u0111\u1ebfn 18.8 km\/h. B\u1ea3o h\u00e0nh ch\u00ednh h\u00e3ng 5 n\u0103m.<br \/>\nKhung m\u00e1y ch\u1eafc ch\u1eafn, ch\u1ecbu l\u1ef1c l\u00ean \u0111\u1ebfn 150 KG, \u0111\u1ea3m b\u1ea3o an to\u00e0n tuy\u1ec7t \u0111\u1ed1i cho m\u1ecdi th\u00e0nh vi\u00ean trong gia \u0111\u00ecnh b\u1ea1n.<br \/>\nTrang b\u1ecb m\u00e0n h\u00ecnh c\u1ea3m \u1ee9ng si\u00eau nh\u1ea1y v\u1edbi \u0111\u1ed9 r\u1ed9ng 10.1\u2033 mang l\u1ea1i tr\u1ea3i nghi\u1ec7m gi\u1ea3i tr\u00ed tuy\u1ec7t v\u1eddi trong qu\u00e1 tr\u00ecnh s\u1eed d\u1ee5ng.<\/p>\n<p><iframe loading=\"lazy\" src=\"https:\/\/www.youtube.com\/embed\/uqrhFxoej9s\" width=\"700\" height=\"460\" frameborder=\"0\" allowfullscreen=\"allowfullscreen\" data-mce-fragment=\"1\"><\/iframe><\/p>\n<p><strong>Video gi\u1edbi thi\u1ec7u m\u00e1y ch\u1ea1y b\u1ed9 \u0111i\u1ec7n PF-115<\/strong><\/p>\n<p>&nbsp;<\/p>\n<p><img loading=\"lazy\" class=\"alignnone size-full wp-image-44593\" src=\"https:\/\/thethaominhphu.com\/wp-content\/uploads\/2017\/07\/may-chay-bo-Pro-Fitness-PF-115-motor.jpg\" sizes=\"(max-width: 700px) 100vw, 700px\" srcset=\"https:\/\/thethaominhphu.com\/wp-content\/uploads\/2017\/07\/may-chay-bo-Pro-Fitness-PF-115-motor.jpg 700w, https:\/\/thethaominhphu.com\/wp-content\/uploads\/2017\/07\/may-chay-bo-Pro-Fitness-PF-115-motor-600x345.jpg 600w\" alt=\"\" width=\"700\" height=\"403\" \/><\/p>\n<h3>1. Th\u00f4ng s\u1ed1 k\u1ef9 thu\u1eadt m\u00e1y ch\u1ea1y b\u1ed9 \u0111i\u1ec7n Pro Fitness PF-115<\/h3>\n<ul>\n<li>S\u1ea3n xu\u1ea5t: Theo c\u00f4ng ngh\u1ec7 M\u1ef9<\/li>\n<li>Th\u01b0\u01a1ng hi\u1ec7u Taiwan:\u00a0<strong>Pro Fitness<\/strong><\/li>\n<li>C\u00f4ng su\u1ea5t motor: DC 4.0 HP<\/li>\n<li>T\u1ed1c \u0111\u1ed9: 0.8 \u2013 18.8 km\/h<\/li>\n<li>\u0110\u1ed9 d\u1ed1c t\u1ef1 \u0111\u1ed9ng: 0 \u2013 15%<\/li>\n<li>K\u00edch th\u01b0\u1edbc b\u0103ng t\u1ea3i: 145 x 52 cm<\/li>\n<li>K\u00edch th\u01b0\u1edbc l\u1eafp \u0111\u1eb7t (DxRxC): 188 x 88 x 127 cm<\/li>\n<li>K\u00edch th\u01b0\u1edbc g\u1eadp g\u1ecdn(DxRxC): 95 x 88 x 152 cm<\/li>\n<li>K\u00edch th\u01b0\u1edbc th\u00f9ng(DxRxC): 183.5 x 90.5 x 38.5 cm<\/li>\n<li>Tr\u1ecdng l\u01b0\u1ee3ng m\u00e1y: 94 KGS<\/li>\n<li>Tr\u1ecdng l\u01b0\u1ee3ng c\u1ea3 th\u00f9ng: 110 Kgs<\/li>\n<li>Tr\u1ecdng l\u01b0\u1ee3ng ng\u01b0\u1eddi t\u1eadp t\u1ed1i \u0111a: 150 Kgs<\/li>\n<li>M\u00e0n h\u00ecnh c\u1ea3m \u1ee9ng hi\u1ec3n th\u1ecb 10.1\u2033.<\/li>\n<\/ul>\n<h3>2. H\u00ecnh \u1ea3nh chi ti\u1ebft v\u00e0 t\u00ednh n\u0103ng m\u00e1y ch\u1ea1y b\u1ed9 \u0111i\u1ec7n Pro Fitness PF-115<\/h3>\n<p>M\u00e0n h\u00ecnh c\u1ea3m \u1ee9ng c\u00f3 k\u00edch th\u01b0\u1edbc c\u1ef1c r\u1ed9ng 10.1\u2033 gi\u00fap thao t\u00e1c \u0111i\u1ec1u khi\u1ec3n d\u1ec5 d\u00e0ng h\u01a1n khi t\u1eadp luy\u1ec7n, ngo\u00e0i ra t\u00ednh n\u0103ng k\u1ebft n\u1ed1i Wifi t\u1ed1c \u0111\u1ed9 cao mang l\u1ea1i tr\u1ea3i nghi\u1ec7m gi\u1ea3i tr\u00ed v\u00f4 c\u00f9ng tuy\u1ec7t v\u1eddi tr\u00ean s\u1ea3n ph\u1ea9m. B\u1ea1n c\u00f3 th\u1ec3 nghe nh\u1ea1c, xem phim, l\u01b0\u1edbt web khi s\u1eed d\u1ee5ng v\u1edbi ch\u1ea5t l\u01b0\u1ee3ng \u00e2m thanh c\u1ef1c t\u1ed1t.<\/p>\n<p><img loading=\"lazy\" class=\"alignnone size-full wp-image-43451\" src=\"https:\/\/thethaominhphu.com\/wp-content\/uploads\/2017\/07\/may-chay-bo-dien-Pro-Fitness-PF-115-man-hinh.jpg\" sizes=\"(max-width: 700px) 100vw, 700px\" srcset=\"https:\/\/thethaominhphu.com\/wp-content\/uploads\/2017\/07\/may-chay-bo-dien-Pro-Fitness-PF-115-man-hinh.jpg 700w, https:\/\/thethaominhphu.com\/wp-content\/uploads\/2017\/07\/may-chay-bo-dien-Pro-Fitness-PF-115-man-hinh-600x767.jpg 600w\" alt=\"\" width=\"700\" height=\"895\" \/><\/p>\n<p><img loading=\"lazy\" class=\"alignnone size-full wp-image-43452\" src=\"https:\/\/thethaominhphu.com\/wp-content\/uploads\/2017\/07\/may-chay-bo-dien-Pro-Fitness-PF-115-ctiet-1.jpg\" sizes=\"(max-width: 700px) 100vw, 700px\" srcset=\"https:\/\/thethaominhphu.com\/wp-content\/uploads\/2017\/07\/may-chay-bo-dien-Pro-Fitness-PF-115-ctiet-1.jpg 700w, https:\/\/thethaominhphu.com\/wp-content\/uploads\/2017\/07\/may-chay-bo-dien-Pro-Fitness-PF-115-ctiet-1-600x480.jpg 600w\" alt=\"\" width=\"700\" height=\"560\" \/><\/p>\n<p><img loading=\"lazy\" class=\"alignnone size-full wp-image-43454\" src=\"https:\/\/thethaominhphu.com\/wp-content\/uploads\/2017\/07\/may-chay-bo-dien-Pro-Fitness-PF-115-ctiet-3.jpg\" sizes=\"(max-width: 700px) 100vw, 700px\" srcset=\"https:\/\/thethaominhphu.com\/wp-content\/uploads\/2017\/07\/may-chay-bo-dien-Pro-Fitness-PF-115-ctiet-3.jpg 700w, https:\/\/thethaominhphu.com\/wp-content\/uploads\/2017\/07\/may-chay-bo-dien-Pro-Fitness-PF-115-ctiet-3-600x474.jpg 600w\" alt=\"\" width=\"700\" height=\"553\" \/><\/p>\n<p><img loading=\"lazy\" class=\"alignnone size-full wp-image-43453\" src=\"https:\/\/thethaominhphu.com\/wp-content\/uploads\/2017\/07\/may-chay-bo-dien-Pro-Fitness-PF-115-ctiet-2.jpg\" sizes=\"(max-width: 700px) 100vw, 700px\" srcset=\"https:\/\/thethaominhphu.com\/wp-content\/uploads\/2017\/07\/may-chay-bo-dien-Pro-Fitness-PF-115-ctiet-2.jpg 700w, https:\/\/thethaominhphu.com\/wp-content\/uploads\/2017\/07\/may-chay-bo-dien-Pro-Fitness-PF-115-ctiet-2-600x485.jpg 600w\" alt=\"\" width=\"700\" height=\"566\" \/><\/p>\n<p><img loading=\"lazy\" class=\"alignnone size-full wp-image-43455\" src=\"https:\/\/thethaominhphu.com\/wp-content\/uploads\/2017\/07\/may-chay-bo-dien-Pro-Fitness-PF-115-kich-thuoc.jpg\" sizes=\"(max-width: 700px) 100vw, 700px\" srcset=\"https:\/\/thethaominhphu.com\/wp-content\/uploads\/2017\/07\/may-chay-bo-dien-Pro-Fitness-PF-115-kich-thuoc.jpg 700w, https:\/\/thethaominhphu.com\/wp-content\/uploads\/2017\/07\/may-chay-bo-dien-Pro-Fitness-PF-115-kich-thuoc-600x667.jpg 600w\" alt=\"\" width=\"700\" height=\"778\" \/><\/p>\n<p><img loading=\"lazy\" class=\"alignnone size-full wp-image-43456\" src=\"https:\/\/thethaominhphu.com\/wp-content\/uploads\/2017\/07\/may-chay-bo-dien-Pro-Fitness-PF-115-kich-thuoc-gon.jpg\" sizes=\"(max-width: 700px) 100vw, 700px\" srcset=\"https:\/\/thethaominhphu.com\/wp-content\/uploads\/2017\/07\/may-chay-bo-dien-Pro-Fitness-PF-115-kich-thuoc-gon.jpg 700w, https:\/\/thethaominhphu.com\/wp-content\/uploads\/2017\/07\/may-chay-bo-dien-Pro-Fitness-PF-115-kich-thuoc-gon-600x651.jpg 600w\" alt=\"\" width=\"700\" height=\"759\" \/><\/p>\n<p>T\u00ednh n\u0103ng thay \u0111\u1ed5i \u0111\u1ed9 d\u1ed1c t\u1ef1 \u0111\u1ed9ng t\u1ed1i \u0111a 15% cho c\u00e1c b\u00e0i t\u1eadp leo n\u00fai, \u0111\u1ed1t ch\u00e1y calo cao, \u0111\u1ea9y nhanh qu\u00e1 tr\u00ecnh t\u1eadp luy\u1ec7n, mang l\u1ea1i hi\u1ec7u qu\u1ea3 gi\u1ea3m c\u00e2n nhanh, r\u00e8n s\u1ee9c b\u1ec1n b\u1ec9 d\u1ebbo dai c\u1ef1c t\u1ed1t.<\/p>\n<p><img loading=\"lazy\" class=\"alignnone size-full wp-image-43457\" src=\"https:\/\/thethaominhphu.com\/wp-content\/uploads\/2017\/07\/may-chay-bo-dien-Pro-Fitness-PF-115-doc.gif\" sizes=\"(max-width: 700px) 100vw, 700px\" srcset=\"https:\/\/thethaominhphu.com\/wp-content\/uploads\/2017\/07\/may-chay-bo-dien-Pro-Fitness-PF-115-doc.gif 700w, https:\/\/thethaominhphu.com\/wp-content\/uploads\/2017\/07\/may-chay-bo-dien-Pro-Fitness-PF-115-doc-600x486.gif 600w\" alt=\"\" width=\"700\" height=\"567\" \/><\/p>\n<p>Motor v\u1eadn h\u00e0nh c\u1ef1c k\u00ec \u00eam \u00e1i, \u0111\u1ed9 \u1ed3n c\u1ef1c th\u1ea5p ngay khi \u0111ang s\u1eed d\u1ee5ng \u1edf t\u1ed1c \u0111\u1ed9 cao, kh\u00f4ng l\u00e0m \u1ea3nh h\u01b0\u1edfng \u0111\u1ebfn ng\u01b0\u1eddi kh\u00e1c, \u0111\u1ea3m b\u1ea3o gi\u1ea5c ng\u1ee7 v\u00e0 ch\u1ebf \u0111\u1ed9 sinh ho\u1ea1t cho gia \u0111\u00ecnh b\u1ea1n.<\/p>\n<p><img loading=\"lazy\" class=\"alignnone size-full wp-image-43458\" src=\"https:\/\/thethaominhphu.com\/wp-content\/uploads\/2017\/07\/may-chay-bo-dien-Pro-Fitness-PF-115-em.jpg\" sizes=\"(max-width: 700px) 100vw, 700px\" srcset=\"https:\/\/thethaominhphu.com\/wp-content\/uploads\/2017\/07\/may-chay-bo-dien-Pro-Fitness-PF-115-em.jpg 700w, https:\/\/thethaominhphu.com\/wp-content\/uploads\/2017\/07\/may-chay-bo-dien-Pro-Fitness-PF-115-em-600x564.jpg 600w\" alt=\"\" width=\"700\" height=\"658\" \/><\/p>\n<p>G\u1eadp g\u1ecdn d\u1ec5 d\u00e0ng b\u1edfi piston th\u1ee7y l\u1ef1c ch\u1eafc ch\u1eafn, h\u1ed7 tr\u1ee3 hi\u1ec7u qu\u1ea3 khi di chuy\u1ec3n v\u1ecb tr\u00ed m\u00e1y.<\/p>\n<p><img loading=\"lazy\" class=\"alignnone size-full wp-image-43459\" src=\"https:\/\/thethaominhphu.com\/wp-content\/uploads\/2017\/07\/may-chay-bo-dien-Pro-Fitness-PF-115-gap-gon.jpg\" sizes=\"(max-width: 700px) 100vw, 700px\" srcset=\"https:\/\/thethaominhphu.com\/wp-content\/uploads\/2017\/07\/may-chay-bo-dien-Pro-Fitness-PF-115-gap-gon.jpg 700w, https:\/\/thethaominhphu.com\/wp-content\/uploads\/2017\/07\/may-chay-bo-dien-Pro-Fitness-PF-115-gap-gon-600x301.jpg 600w\" alt=\"\" width=\"700\" height=\"351\" \/><\/p>\n<p><img loading=\"lazy\" class=\"alignnone size-full wp-image-43460\" src=\"https:\/\/thethaominhphu.com\/wp-content\/uploads\/2017\/07\/may-chay-bo-dien-Pro-Fitness-PF-115-ban-chay.jpg\" sizes=\"(max-width: 700px) 100vw, 700px\" srcset=\"https:\/\/thethaominhphu.com\/wp-content\/uploads\/2017\/07\/may-chay-bo-dien-Pro-Fitness-PF-115-ban-chay.jpg 700w, https:\/\/thethaominhphu.com\/wp-content\/uploads\/2017\/07\/may-chay-bo-dien-Pro-Fitness-PF-115-ban-chay-600x498.jpg 600w\" alt=\"\" width=\"700\" height=\"581\" \/><\/p>\n<p><img loading=\"lazy\" class=\"alignnone size-full wp-image-43461\" src=\"https:\/\/thethaominhphu.com\/wp-content\/uploads\/2017\/07\/may-chay-bo-dien-Pro-Fitness-PF-115-bai-tap.jpg\" sizes=\"(max-width: 700px) 100vw, 700px\" srcset=\"https:\/\/thethaominhphu.com\/wp-content\/uploads\/2017\/07\/may-chay-bo-dien-Pro-Fitness-PF-115-bai-tap.jpg 700w, https:\/\/thethaominhphu.com\/wp-content\/uploads\/2017\/07\/may-chay-bo-dien-Pro-Fitness-PF-115-bai-tap-600x723.jpg 600w\" alt=\"\" width=\"700\" height=\"843\" \/><\/p>\n<h3>3. L\u00ed do b\u1ea1n n\u00ean ch\u1ecdn mua m\u00e1y ch\u1ea1y b\u1ed9 \u0111i\u1ec7n Pro Fitness PF-115<\/h3>\n<ul>\n<li>S\u1ea3n ph\u1ea9m s\u1ea3n xu\u1ea5t tr\u00ean c\u00f4ng ngh\u1ec7 hi\u1ec7n \u0111\u1ea1i<\/li>\n<li>K\u1ebft c\u1ea5u ch\u1eafc ch\u1eafn, cho 4-5 ng\u01b0\u1eddi d\u00f9ng.<\/li>\n<li>Motor DC 4.0 HP si\u00eau kh\u1ecfe, b\u1ea3o h\u00e0nh 5 n\u0103m<\/li>\n<li>M\u00e0n h\u00ecnh c\u1ea3m \u1ee9ng c\u1ef1c nh\u1ea1y, k\u00edch th\u01b0\u1edbc r\u1ed9ng 10.1\u2033<\/li>\n<li>H\u1ec7 th\u1ed1ng gi\u1ea3m ch\u1ea5n \u00eam \u00e1i.<\/li>\n<li>\u0110a d\u1ea1ng b\u00e0i t\u1eadp.<\/li>\n<li>M\u1ee9c gi\u00e1 c\u1ef1c t\u1ed1t so v\u1edbi c\u00e1c s\u1ea3n ph\u1ea9m t\u01b0\u01a1ng \u0111\u01b0\u01a1ng.<\/li>\n<\/ul>\n","protected":false},"excerpt":{"rendered":"<p><strong>M\u00e1y t\u1eadp ch\u1ea1y b\u1ed9 t\u1ea1i nh\u00e0<\/strong>\u00a0mang l\u1ea1i l\u1ee3i \u00edch s\u1ee9c kh\u1ecfe r\u1ea5t t\u1ed1t nh\u01b0 t\u0103ng s\u1ee9c b\u1ec1n b\u1ec9, s\u1ee9c \u0111\u1ec1 kh\u00e1ng, r\u00e8n luy\u1ec7n s\u1ee9c kh\u1ecfe tim m\u1ea1ch, h\u1ea1n ch\u1ebf c\u00e1c b\u1ec7nh v\u1ec1 tai bi\u1ebfn, \u0111\u1ed9t qu\u1ef5 c\u1ef1c k\u00ec hi\u1ec7u qu\u1ea3.<\/p>\n","protected":false},"featured_media":1031,"comment_status":"open","ping_status":"closed","template":"","meta":[],"product_cat":[39],"product_tag":[],"_links":{"self":[{"href":"https:\/\/demo.bmconnect.vn\/dienmay3\/wp-json\/wp\/v2\/product\/1030"}],"collection":[{"href":"https:\/\/demo.bmconnect.vn\/dienmay3\/wp-json\/wp\/v2\/product"}],"about":[{"href":"https:\/\/demo.bmconnect.vn\/dienmay3\/wp-json\/wp\/v2\/types\/product"}],"replies":[{"embeddable":true,"href":"https:\/\/demo.bmconnect.vn\/dienmay3\/wp-json\/wp\/v2\/comments?post=1030"}],"wp:featuredmedia":[{"embeddable":true,"href":"https:\/\/demo.bmconnect.vn\/dienmay3\/wp-json\/wp\/v2\/media\/1031"}],"wp:attachment":[{"href":"https:\/\/demo.bmconnect.vn\/dienmay3\/wp-json\/wp\/v2\/media?parent=1030"}],"wp:term":[{"taxonomy":"product_cat","embeddable":true,"href":"https:\/\/demo.bmconnect.vn\/dienmay3\/wp-json\/wp\/v2\/product_cat?post=1030"},{"taxonomy":"product_tag","embeddable":true,"href":"https:\/\/demo.bmconnect.vn\/dienmay3\/wp-json\/wp\/v2\/product_tag?post=1030"}],"curies":[{"name":"wp","href":"https:\/\/api.w.org\/{rel}","templated":true}]}}