{"id":1028,"date":"2019-04-15T18:04:01","date_gmt":"2019-04-15T11:04:01","guid":{"rendered":"http:\/\/demo.bmconnect.vn\/dienmay3\/?post_type=product&#038;p=1028"},"modified":"2019-04-15T18:04:01","modified_gmt":"2019-04-15T11:04:01","slug":"may-chay-bo-dien-pro-fitness-pf-114","status":"publish","type":"product","link":"https:\/\/demo.bmconnect.vn\/dienmay3\/may-chay-bo-dien-pro-fitness-pf-114\/","title":{"rendered":"M\u00e1y ch\u1ea1y b\u1ed9 \u0111i\u1ec7n Pro Fitness PF-114"},"content":{"rendered":"<h2>M\u00e1y ch\u1ea1y b\u1ed9 \u0111i\u1ec7n Pro Fitness PF-114 gi\u00e1 r\u1ebb<\/h2>\n<p><strong>M\u00e1y ch\u1ea1y b\u1ed9 \u0111i\u1ec7n Pro Fitness PF-114<\/strong>\u00a0l\u00e0 m\u1eabu\u00a0<strong>m\u00e1y ch\u1ea1y b\u1ed9 \u0111i\u1ec7n cho gia \u0111\u00ecnh<\/strong>\u00a0m\u1edbi nh\u1ea5t t\u1ea1i th\u1ecb tr\u01b0\u1eddng Vi\u1ec7t Nam.<br \/>\nV\u1edbi th\u01b0\u01a1ng hi\u1ec7u \u0110\u00e0i Loan \u0111\u01b0\u1ee3c s\u1ea3n xu\u1ea5t tr\u00ean d\u00e2y chuy\u1ec1n c\u00f4ng ngh\u1ec7 ti\u00ean ti\u1ebfn hi\u1ec7n \u0111\u1ea1i nh\u1ea5t c\u1ee7a M\u1ef9,\u00a0<strong>m\u00e1y ch\u1ea1y b\u1ed9 \u0111i\u1ec7n\u00a0PF-114<\/strong>\u00a0ch\u1eafc ch\u1eafn l\u00e0 thi\u1ebft b\u1ecb t\u1eadp th\u1ec3 d\u1ee5c \u0111\u00e1ng \u0111\u1ec3 l\u1ef1a ch\u1ecdn cho gia \u0111\u00ecnh b\u1ea1n.<\/p>\n<p>S\u1edf h\u1eefu motor DC 3.0 HP m\u1ea1nh m\u1ebd c\u00f9ng khung m\u00e1y ch\u1eafc ch\u1eafn, mang l\u1ea1i tr\u1ea3i nghi\u1ec7m t\u1eadp luy\u1ec7n ho\u00e0n to\u00e0n m\u1edbi. Kh\u00f4ng h\u1ec1 c\u00f3 c\u1ea3m gi\u00e1c rung l\u1eafc, m\u00e1y \u0111\u1ea7m, kh\u1ea3 n\u0103ng ch\u1ed1ng \u1ed3n c\u1ef1c t\u1ed1t\u2026 b\u1ea1n s\u1ebd b\u1ecb chinh ph\u1ee5c ngay t\u1eeb l\u1ea7n th\u1eed \u0111\u1ea7u ti\u00ean.<\/p>\n<p>Ngo\u00e0i ra\u00a0<strong>PF-114<\/strong>\u00a0\u0111\u01b0\u1ee3c thi\u1ebft k\u1ebf c\u00f3 ki\u1ec3u d\u00e1ng hi\u1ec7n \u0111\u1ea1i, m\u00e0u s\u1eafc trang nh\u00e3, gi\u00e1 c\u1ea3 h\u1ee3p l\u00fd, v\u1edbi nhi\u1ec1u ch\u1ee9c n\u0103ng l\u00e0m \u0111a d\u1ea1ng c\u00e1c b\u00e0i t\u1eadp: ch\u1ea1y b\u1ed9, \u0111i b\u1ed9, leo n\u00fai, t\u1eadp b\u1ee5ng, massage\u2026 m\u1ecdi th\u00e0nh vi\u00ean trong gia \u0111\u00ecnh \u0111\u1ec1u c\u00f3 th\u1ec3 s\u1eed d\u1ee5ng.<\/p>\n<h3>1. Th\u00f4ng s\u1ed1 k\u1ef9 thu\u1eadt m\u00e1y ch\u1ea1y b\u1ed9 \u0111i\u1ec7n Pro Fitness PF-114<\/h3>\n<ul>\n<li>S\u1ea3n xu\u1ea5t: theo c\u00f4ng ngh\u1ec7 M\u1ef9<\/li>\n<li>Th\u01b0\u01a1ng hi\u1ec7u Taiwan:\u00a0<strong>Pro Fitness\u00a0<\/strong><\/li>\n<li>C\u00f4ng su\u1ea5t motor: DC 3.0 HP<\/li>\n<li>T\u1ed1c \u0111\u1ed9: 0.8 \u2013 16.8 km\/h<\/li>\n<li>\u0110\u1ed9 d\u1ed1c t\u1ef1 \u0111\u1ed9ng: 0 \u2013 15%<\/li>\n<li>K\u00edch th\u01b0\u1edbc b\u0103ng t\u1ea3i: 46 x 126 cm<\/li>\n<li>K\u00edch th\u01b0\u1edbc l\u1eafp \u0111\u1eb7t: 174 x 72 x 134 cm<\/li>\n<li>K\u00edch th\u01b0\u1edbc th\u00f9ng: 175 x 76 x 35 cm<\/li>\n<li>Tr\u1ecdng l\u01b0\u1ee3ng m\u00e1y: 72 KGS<\/li>\n<li>Tr\u1ecdng l\u01b0\u1ee3ng c\u1ea3 th\u00f9ng: 81 Kgs<\/li>\n<li>Tr\u1ecdng l\u01b0\u1ee3ng ng\u01b0\u1eddi t\u1eadp t\u1ed1i \u0111a: 130 Kgs<\/li>\n<li>M\u00e0n h\u00ecnh hi\u1ec3n th\u1ecb LCD 7\u2033.<\/li>\n<\/ul>\n<h3>2. H\u00ecnh \u1ea3nh v\u00e0 t\u00ednh n\u0103ng m\u00e1y ch\u1ea1y b\u1ed9 \u0111i\u1ec7n Pro Fitness PF-114<\/h3>\n<p><img loading=\"lazy\" class=\"alignnone size-full wp-image-47417\" src=\"https:\/\/thethaominhphu.com\/wp-content\/uploads\/2017\/05\/may-chay-bo-dien-gia-dinh-Pro-Fitness-PF-114-5.jpg\" sizes=\"(max-width: 700px) 100vw, 700px\" srcset=\"https:\/\/thethaominhphu.com\/wp-content\/uploads\/2017\/05\/may-chay-bo-dien-gia-dinh-Pro-Fitness-PF-114-5.jpg 700w, https:\/\/thethaominhphu.com\/wp-content\/uploads\/2017\/05\/may-chay-bo-dien-gia-dinh-Pro-Fitness-PF-114-5-360x360.jpg 360w, https:\/\/thethaominhphu.com\/wp-content\/uploads\/2017\/05\/may-chay-bo-dien-gia-dinh-Pro-Fitness-PF-114-5-100x100.jpg 100w, https:\/\/thethaominhphu.com\/wp-content\/uploads\/2017\/05\/may-chay-bo-dien-gia-dinh-Pro-Fitness-PF-114-5-600x600.jpg 600w, https:\/\/thethaominhphu.com\/wp-content\/uploads\/2017\/05\/may-chay-bo-dien-gia-dinh-Pro-Fitness-PF-114-5-150x150.jpg 150w, https:\/\/thethaominhphu.com\/wp-content\/uploads\/2017\/05\/may-chay-bo-dien-gia-dinh-Pro-Fitness-PF-114-5-24x24.jpg 24w, https:\/\/thethaominhphu.com\/wp-content\/uploads\/2017\/05\/may-chay-bo-dien-gia-dinh-Pro-Fitness-PF-114-5-36x36.jpg 36w, https:\/\/thethaominhphu.com\/wp-content\/uploads\/2017\/05\/may-chay-bo-dien-gia-dinh-Pro-Fitness-PF-114-5-48x48.jpg 48w\" alt=\"M\u00e1y ch\u1ea1y b\u1ed9 \u0111i\u1ec7n Pro Fitness PF-114\" width=\"700\" height=\"700\" \/><\/p>\n<p>M\u00e0n h\u00ecnh LCD 7\u2033 hi\u1ec3n th\u1ecb c\u00e1c th\u00f4ng s\u1ed1: Th\u1eddi gian, qu\u00e3ng \u0111\u01b0\u1eddng, nh\u1ecbp tim, calo, t\u1ed1c \u0111\u1ed9, ch\u01b0\u01a1ng tr\u00ecnh\u2026 ti\u1ec7n l\u1ee3i theo d\u00f5i trong qu\u00e1 tr\u00ecnh t\u1eadp luy\u1ec7n.<\/p>\n<p>Thi\u1ebft k\u1ebf h\u1ec7 th\u1ed1ng ph\u00edm \u0111i\u1ec1u khi\u1ec3n nhanh, d\u1ec5 d\u00e0ng thao t\u00e1c khi t\u1eadp luy\u1ec7n.<\/p>\n<p>H\u1ed1c \u0111\u1ef1ng \u0111\u1ed3 ti\u1ec7n l\u1ee3i d\u00f9ng \u0111\u1eb7t b\u00ecnh n\u01b0\u1edbc, \u0111i\u1ec7n tho\u1ea1i\u2026 khi t\u1eadp.<\/p>\n<p>C\u1ea3m bi\u1ebfn nh\u1ecbp tim si\u00eau nh\u1ea1y, gi\u00fap hi\u1ec3n th\u1ecb th\u00f4ng s\u1ed1 huy\u1ebft \u00e1p, t\u1eeb \u0111\u00f3 tr\u00e1nh vi\u1ec7c t\u1eadp qu\u00e1 s\u1ee9c v\u00e0 \u0111\u01b0a ra ch\u1ebf \u0111\u1ed9 t\u1eadp ph\u00f9 h\u1ee3p.<\/p>\n<p>Kh\u00f3a an to\u00e0n gi\u00fap d\u1eebng m\u00e1y ngay l\u1eadp t\u1ee9c, h\u1ea1n ch\u1ebf t\u1ed1i \u0111a ch\u1ea5n th\u01b0\u01a1ng khi b\u1ecb v\u1ea5p ng\u00e3, tr\u01b0\u1ee3t\u2026 trong khi s\u1eed d\u1ee5ng m\u00e1y.<\/p>\n<p><img loading=\"lazy\" class=\"alignnone size-full wp-image-44528\" src=\"https:\/\/thethaominhphu.com\/wp-content\/uploads\/2017\/05\/may-chay-bo-dien-gia-dinh-Pro-Fitness-PF-114-dieu-khien.jpg\" sizes=\"(max-width: 650px) 100vw, 650px\" srcset=\"https:\/\/thethaominhphu.com\/wp-content\/uploads\/2017\/05\/may-chay-bo-dien-gia-dinh-Pro-Fitness-PF-114-dieu-khien.jpg 650w, https:\/\/thethaominhphu.com\/wp-content\/uploads\/2017\/05\/may-chay-bo-dien-gia-dinh-Pro-Fitness-PF-114-dieu-khien-600x462.jpg 600w\" alt=\"\" width=\"650\" height=\"500\" \/><\/p>\n<p><img loading=\"lazy\" class=\"alignnone size-full wp-image-44529\" src=\"https:\/\/thethaominhphu.com\/wp-content\/uploads\/2017\/05\/chi-tiet-may-chay-bo-dien-pro-fitness-pf-114-1.jpg\" sizes=\"(max-width: 698px) 100vw, 698px\" srcset=\"https:\/\/thethaominhphu.com\/wp-content\/uploads\/2017\/05\/chi-tiet-may-chay-bo-dien-pro-fitness-pf-114-1.jpg 698w, https:\/\/thethaominhphu.com\/wp-content\/uploads\/2017\/05\/chi-tiet-may-chay-bo-dien-pro-fitness-pf-114-1-600x736.jpg 600w\" alt=\"\" width=\"698\" height=\"856\" \/><\/p>\n<p><img loading=\"lazy\" class=\"alignnone size-full wp-image-42533\" src=\"https:\/\/thethaominhphu.com\/wp-content\/uploads\/2017\/05\/chi-tiet-may-chay-bo-dien-pf-1142.jpg\" sizes=\"(max-width: 700px) 100vw, 700px\" srcset=\"https:\/\/thethaominhphu.com\/wp-content\/uploads\/2017\/05\/chi-tiet-may-chay-bo-dien-pf-1142.jpg 700w, https:\/\/thethaominhphu.com\/wp-content\/uploads\/2017\/05\/chi-tiet-may-chay-bo-dien-pf-1142-600x724.jpg 600w\" alt=\"Chi ti\u1ebft m\u00e1y ch\u1ea1y b\u1ed9 \u0111i\u1ec7n Pro Fitness PF-114\" width=\"700\" height=\"845\" \/><\/p>\n<p><strong>PF-114<\/strong>\u00a0\u0111\u01b0\u1ee3c l\u00e0m kh\u00f4ng qu\u00e1 to, ph\u00f9 h\u1ee3p v\u1edbi ph\u1ea7n l\u1edbn kh\u00f4ng gian c\u1ee7a gia \u0111\u00ecnh. C\u00f3 th\u1ec3 \u0111\u1eb7t \u1edf ph\u00f2ng kh\u00e1ch, ph\u00f2ng ng\u1ee7 hay t\u1ea7ng th\u01b0\u1ee3ng \u0111\u1ec1u \u0111\u01b0\u1ee3c.<\/p>\n<p><img loading=\"lazy\" class=\"alignnone size-full wp-image-44530\" src=\"https:\/\/thethaominhphu.com\/wp-content\/uploads\/2017\/05\/may-chay-bo-dien-gia-dinh-Pro-Fitness-PF-114-kich-thuoc.jpg\" sizes=\"(max-width: 700px) 100vw, 700px\" srcset=\"https:\/\/thethaominhphu.com\/wp-content\/uploads\/2017\/05\/may-chay-bo-dien-gia-dinh-Pro-Fitness-PF-114-kich-thuoc.jpg 700w, https:\/\/thethaominhphu.com\/wp-content\/uploads\/2017\/05\/may-chay-bo-dien-gia-dinh-Pro-Fitness-PF-114-kich-thuoc-600x341.jpg 600w\" alt=\"\" width=\"700\" height=\"398\" \/><\/p>\n<p>T\u00ednh n\u0103ng g\u1eadp g\u1ecdn nh\u1edd piston th\u1ee7y l\u1ef1c, gi\u00fap ti\u1ebft ki\u1ec7m di\u1ec7n t\u00edch kh\u00f4ng gian c\u0103n ph\u00f2ng.<\/p>\n<p>M\u1eb7t kh\u00e1c g\u1eadp g\u1ecdn m\u00e1y c\u00f2n gi\u00fap di chuy\u1ec3n m\u00e1y d\u1ec5 d\u00e0ng khi thay \u0111\u1ed5i v\u1ecb tr\u00ed \u0111\u1eb7t.<\/p>\n<p><img loading=\"lazy\" class=\"alignnone size-full wp-image-44531\" src=\"https:\/\/thethaominhphu.com\/wp-content\/uploads\/2017\/05\/may-chay-bo-dien-gia-dinh-Pro-Fitness-PF-114-gap-gon.jpg\" sizes=\"(max-width: 650px) 100vw, 650px\" srcset=\"https:\/\/thethaominhphu.com\/wp-content\/uploads\/2017\/05\/may-chay-bo-dien-gia-dinh-Pro-Fitness-PF-114-gap-gon.jpg 650w, https:\/\/thethaominhphu.com\/wp-content\/uploads\/2017\/05\/may-chay-bo-dien-gia-dinh-Pro-Fitness-PF-114-gap-gon-360x360.jpg 360w, https:\/\/thethaominhphu.com\/wp-content\/uploads\/2017\/05\/may-chay-bo-dien-gia-dinh-Pro-Fitness-PF-114-gap-gon-100x100.jpg 100w, https:\/\/thethaominhphu.com\/wp-content\/uploads\/2017\/05\/may-chay-bo-dien-gia-dinh-Pro-Fitness-PF-114-gap-gon-600x600.jpg 600w\" alt=\"\" width=\"650\" height=\"650\" \/><\/p>\n<p><img loading=\"lazy\" class=\"alignnone size-full wp-image-42531\" src=\"https:\/\/thethaominhphu.com\/wp-content\/uploads\/2017\/05\/bang-tai-may-chay-bo-dien-pf-114.jpg\" sizes=\"(max-width: 700px) 100vw, 700px\" srcset=\"https:\/\/thethaominhphu.com\/wp-content\/uploads\/2017\/05\/bang-tai-may-chay-bo-dien-pf-114.jpg 700w, https:\/\/thethaominhphu.com\/wp-content\/uploads\/2017\/05\/bang-tai-may-chay-bo-dien-pf-114-600x445.jpg 600w\" alt=\"B\u00e0n ch\u1ea1y m\u00e1y ch\u1ea1y b\u1ed9 \u0111i\u1ec7n Pro Fitness PF-114\" width=\"700\" height=\"519\" \/><\/p>\n<p><strong>PF-114<\/strong>\u00a0h\u1ed7 tr\u1ee3 \u0111a d\u1ea1ng c\u00e1c b\u00e0i t\u1eadp, mang l\u1ea1i hi\u1ec7u qu\u1ea3 to\u00e0n di\u1ec7n, nhanh ch\u00f3ng cho b\u1ea1n c\u01a1 th\u1ec3 thon g\u1ecdn, s\u0103n ch\u1eafc.<\/p>\n<p><img loading=\"lazy\" class=\"alignnone size-full wp-image-44533\" src=\"https:\/\/thethaominhphu.com\/wp-content\/uploads\/2017\/05\/may-chay-bo-dien-Pro-Fitness-PF-114-bai-tap.jpg\" sizes=\"(max-width: 700px) 100vw, 700px\" srcset=\"https:\/\/thethaominhphu.com\/wp-content\/uploads\/2017\/05\/may-chay-bo-dien-Pro-Fitness-PF-114-bai-tap.jpg 700w, https:\/\/thethaominhphu.com\/wp-content\/uploads\/2017\/05\/may-chay-bo-dien-Pro-Fitness-PF-114-bai-tap-360x360.jpg 360w, https:\/\/thethaominhphu.com\/wp-content\/uploads\/2017\/05\/may-chay-bo-dien-Pro-Fitness-PF-114-bai-tap-100x100.jpg 100w, https:\/\/thethaominhphu.com\/wp-content\/uploads\/2017\/05\/may-chay-bo-dien-Pro-Fitness-PF-114-bai-tap-600x600.jpg 600w\" alt=\"\" width=\"700\" height=\"700\" \/><\/p>\n<p><img loading=\"lazy\" class=\"alignnone size-full wp-image-44532\" src=\"https:\/\/thethaominhphu.com\/wp-content\/uploads\/2017\/05\/may-chay-bo-dien-gia-dinh-Pro-Fitness-PF-114-dien-tich.jpg\" sizes=\"(max-width: 700px) 100vw, 700px\" srcset=\"https:\/\/thethaominhphu.com\/wp-content\/uploads\/2017\/05\/may-chay-bo-dien-gia-dinh-Pro-Fitness-PF-114-dien-tich.jpg 700w, https:\/\/thethaominhphu.com\/wp-content\/uploads\/2017\/05\/may-chay-bo-dien-gia-dinh-Pro-Fitness-PF-114-dien-tich-600x666.jpg 600w\" alt=\"\" width=\"700\" height=\"777\" \/><\/p>\n<h3>L\u00ed do n\u00ean mua m\u00e1y ch\u1ea1y b\u1ed9 \u0111i\u1ec7n Pro Fitness PF-114<\/h3>\n<p>\u2013 Ch\u1ebf \u0111\u1ed9 b\u1ea3o h\u00e0nh t\u1ed1t: Motor 5 n\u0103m. Khung m\u00e1y 1 n\u0103m.<br \/>\n\u2013 Motor kh\u1ecfe: DC 3.0 HP. H\u1ed7 tr\u1ee3 n\u00e2ng \u0111\u1ed9 d\u1ed1c t\u1ef1 \u0111\u1ed9ng 15%<br \/>\n\u2013 Thi\u1ebft k\u1ebf hi\u1ec7n \u0111\u1ea1i, ch\u1eafc ch\u1eafn, \u0111\u1ed9 \u1ed5n \u0111\u1ecbnh cao.<br \/>\n\u2013 Ph\u00f9 h\u1ee3p v\u1edbi t\u1ea5t c\u1ea3 m\u1ecdi \u0111\u1ed1i t\u01b0\u1ee3ng.<br \/>\n\u2013 Gi\u00e1 th\u00e0nh c\u1ef1c t\u1ed1t so v\u1edbi c\u00e1c s\u1ea3n ph\u1ea9m t\u01b0\u01a1ng \u0111\u01b0\u01a1ng.<\/p>\n","protected":false},"excerpt":{"rendered":"<p><strong>M\u00e1y ch\u1ea1y b\u1ed9 \u0111i\u1ec7n Pro Fitness PF-114<\/strong>\u00a0l\u00e0 m\u1eabu\u00a0<strong>m\u00e1y ch\u1ea1y b\u1ed9 \u0111i\u1ec7n cho gia \u0111\u00ecnh<\/strong>\u00a0m\u1edbi nh\u1ea5t t\u1ea1i th\u1ecb tr\u01b0\u1eddng Vi\u1ec7t Nam.<br \/>\nV\u1edbi th\u01b0\u01a1ng hi\u1ec7u \u0110\u00e0i Loan \u0111\u01b0\u1ee3c s\u1ea3n xu\u1ea5t tr\u00ean d\u00e2y chuy\u1ec1n c\u00f4ng ngh\u1ec7 ti\u00ean ti\u1ebfn hi\u1ec7n \u0111\u1ea1i nh\u1ea5t c\u1ee7a M\u1ef9,\u00a0<strong>m\u00e1y ch\u1ea1y b\u1ed9 \u0111i\u1ec7n\u00a0PF-114<\/strong>\u00a0ch\u1eafc ch\u1eafn l\u00e0 thi\u1ebft b\u1ecb t\u1eadp th\u1ec3 d\u1ee5c \u0111\u00e1ng \u0111\u1ec3 l\u1ef1a ch\u1ecdn cho gia \u0111\u00ecnh b\u1ea1n.<\/p>\n","protected":false},"featured_media":1029,"comment_status":"open","ping_status":"closed","template":"","meta":[],"product_cat":[39],"product_tag":[],"_links":{"self":[{"href":"https:\/\/demo.bmconnect.vn\/dienmay3\/wp-json\/wp\/v2\/product\/1028"}],"collection":[{"href":"https:\/\/demo.bmconnect.vn\/dienmay3\/wp-json\/wp\/v2\/product"}],"about":[{"href":"https:\/\/demo.bmconnect.vn\/dienmay3\/wp-json\/wp\/v2\/types\/product"}],"replies":[{"embeddable":true,"href":"https:\/\/demo.bmconnect.vn\/dienmay3\/wp-json\/wp\/v2\/comments?post=1028"}],"wp:featuredmedia":[{"embeddable":true,"href":"https:\/\/demo.bmconnect.vn\/dienmay3\/wp-json\/wp\/v2\/media\/1029"}],"wp:attachment":[{"href":"https:\/\/demo.bmconnect.vn\/dienmay3\/wp-json\/wp\/v2\/media?parent=1028"}],"wp:term":[{"taxonomy":"product_cat","embeddable":true,"href":"https:\/\/demo.bmconnect.vn\/dienmay3\/wp-json\/wp\/v2\/product_cat?post=1028"},{"taxonomy":"product_tag","embeddable":true,"href":"https:\/\/demo.bmconnect.vn\/dienmay3\/wp-json\/wp\/v2\/product_tag?post=1028"}],"curies":[{"name":"wp","href":"https:\/\/api.w.org\/{rel}","templated":true}]}}