{"id":1026,"date":"2019-04-15T17:54:04","date_gmt":"2019-04-15T10:54:04","guid":{"rendered":"http:\/\/demo.bmconnect.vn\/dienmay3\/?post_type=product&#038;p=1026"},"modified":"2019-04-15T17:54:04","modified_gmt":"2019-04-15T10:54:04","slug":"may-chay-bo-dien-pro-fitness-pf-113d","status":"publish","type":"product","link":"https:\/\/demo.bmconnect.vn\/dienmay3\/may-chay-bo-dien-pro-fitness-pf-113d\/","title":{"rendered":"M\u00e1y ch\u1ea1y b\u1ed9 \u0111i\u1ec7n Pro Fitness PF-113D"},"content":{"rendered":"<h2>M\u00e1y ch\u1ea1y b\u1ed9\u00a0\u0111i\u1ec7n\u00a0Pro Fitness PF-113D<\/h2>\n<p>L\u00e0 m\u1eabu\u00a0<strong>m\u00e1y ch\u1ea1y b\u1ed9 gia \u0111\u00ecnh<\/strong>\u00a0c\u1ee7a th\u01b0\u01a1ng hi\u1ec7u<strong>\u00a0Pro Fitness \u2013 \u0110\u00e0i Loan<\/strong>, s\u1edf h\u1eefu motor DC 2.5 HP b\u1ec1n b\u1ec9, ti\u00eau chu\u1ea9n USA b\u1ea3o h\u00e0nh 5 n\u0103m.<\/p>\n<p>Thu\u1ed9c ph\u00e2n kh\u00fac\u00a0<strong>m\u00e1y ch\u1ea1y b\u1ed9 gi\u00e1 r\u1ebb<\/strong>\u00a0nh\u01b0ng\u00a0<strong>PF-113D<\/strong>\u00a0l\u1ea1i s\u1edf h\u1eefu nh\u1eefng t\u00ednh n\u0103ng cao c\u1ea5p nh\u01b0: \u0111\u1ed9ng c\u01a1 l\u1edbn, l\u00f2 xo gi\u1ea3m ch\u1ea5n g\u1eafn v\u00e0o ch\u00e2n \u0111\u1ebf, l\u00f2 xo gi\u1ea3m x\u00f3c d\u01b0\u1edbi \u0111u\u00f4i m\u00e1y\u2026 mang l\u1ea1i tr\u1ea3i nghi\u1ec7m tuy\u1ec7t v\u1eddi, nh\u01b0 \u0111ang s\u1eed d\u1ee5ng m\u1ed9t m\u1eabu m\u00e1y cao c\u1ea5p.<\/p>\n<p>\u0110\u01b0\u1ee3c thi\u1ebft k\u1ebf hi\u1ec7n \u0111\u1ea1i v\u1edbi khung th\u00e9p h\u1ed9p ch\u1ecbu l\u1ef1c, c\u00f3 tr\u1ecdng t\u1ea3i l\u00ean \u0111\u1ebfn 130 Kgs, an to\u00e0n cho ng\u01b0\u1eddi s\u1eed d\u1ee5ng.<br \/>\n<strong>PF-113D<\/strong>\u00a0l\u00e0 m\u1eabu m\u00e1y ph\u00f9 h\u1ee3p cho gia \u0111\u00ecnh c\u00f3 3-4 ng\u01b0\u1eddi t\u1eadp, v\u1edbi di\u1ec7n t\u00edch \u0111\u1eb7t c\u00f3 ph\u1ea7n h\u1ea1n ch\u1ebf.<\/p>\n<p><iframe loading=\"lazy\" src=\"https:\/\/www.youtube.com\/embed\/SX49g7mrvBc\" width=\"560\" height=\"315\" frameborder=\"0\" allowfullscreen=\"allowfullscreen\" data-mce-fragment=\"1\"><\/iframe><\/p>\n<p><strong>Video gi\u1edbi thi\u1ec7u m\u00e1y ch\u1ea1y b\u1ed9 \u0111i\u1ec7n PF-113D<\/strong><\/p>\n<p>&nbsp;<\/p>\n<h3>1. Th\u00f4ng s\u1ed1 k\u1ef9 thu\u1eadt m\u00e1y ch\u1ea1y b\u1ed9 \u0111i\u1ec7n Pro Fitness PF-113D<\/h3>\n<ul>\n<li>S\u1ea3n xu\u1ea5t: Theo c\u00f4ng ngh\u1ec7 M\u1ef9<\/li>\n<li>Th\u01b0\u01a1ng hi\u1ec7u Taiwan:\u00a0<strong>Pro Fitness<\/strong><\/li>\n<li>C\u00f4ng su\u1ea5t motor: DC 2.5 HP<\/li>\n<li>T\u1ed1c \u0111\u1ed9: 0.8-16 km\/h<\/li>\n<li>K\u00edch th\u01b0\u1edbc b\u0103ng t\u1ea3i: 125 x 45 cm<\/li>\n<li>K\u00edch th\u01b0\u1edbc l\u1eafp \u0111\u1eb7t (DxRxC): 170 x 73 x 130 cm<\/li>\n<li>K\u00edch th\u01b0\u1edbc g\u1eadp g\u1ecdn(DxRxC): 72 x 71 x 140 cm<\/li>\n<li>K\u00edch th\u01b0\u1edbc th\u00f9ng(DxRxC): 169 x 73.5 x 32 cm<\/li>\n<li>Tr\u1ecdng l\u01b0\u1ee3ng m\u00e1y: 61 KGS<\/li>\n<li>Tr\u1ecdng l\u01b0\u1ee3ng c\u1ea3 th\u00f9ng: 71 Kgs<\/li>\n<li>Tr\u1ecdng l\u01b0\u1ee3ng ng\u01b0\u1eddi t\u1eadp t\u1ed1i \u0111a: 130 Kgs<\/li>\n<li>M\u00e0n h\u00ecnh LED hi\u1ec3n th\u1ecb c\u00e1c th\u00f4ng s\u1ed1: Th\u1eddi gian, calo, qu\u00e3ng \u0111\u01b0\u1eddng, nh\u1ecbp tim, t\u1ed1c \u0111\u1ed9\u2026<\/li>\n<li>Di chuy\u1ec3n b\u1eb1ng b\u00e1nh xe.<\/li>\n<li>G\u1eadp g\u1ecdn b\u1eb1ng piston th\u1ee7y l\u1ef1c.<\/li>\n<li>T\u00edch h\u1ee3p 2 l\u00f2 xo gi\u1ea3m x\u00f3c.<\/li>\n<li>B\u1ea3o h\u00e0nh: 5 n\u0103m<\/li>\n<\/ul>\n<h3>2. H\u00ecnh \u1ea3nh v\u00e0 t\u00ednh n\u0103ng m\u00e1y ch\u1ea1y b\u1ed9 \u0111i\u1ec7n Pro Fitness PF-113D<\/h3>\n<p><img loading=\"lazy\" class=\"alignnone size-full wp-image-47183\" src=\"https:\/\/thethaominhphu.com\/wp-content\/uploads\/2017\/09\/may-chay-bo-dien-pro-fitness-pf-113D-2.jpg\" sizes=\"(max-width: 700px) 100vw, 700px\" srcset=\"https:\/\/thethaominhphu.com\/wp-content\/uploads\/2017\/09\/may-chay-bo-dien-pro-fitness-pf-113D-2.jpg 700w, https:\/\/thethaominhphu.com\/wp-content\/uploads\/2017\/09\/may-chay-bo-dien-pro-fitness-pf-113D-2-360x360.jpg 360w, https:\/\/thethaominhphu.com\/wp-content\/uploads\/2017\/09\/may-chay-bo-dien-pro-fitness-pf-113D-2-100x100.jpg 100w, https:\/\/thethaominhphu.com\/wp-content\/uploads\/2017\/09\/may-chay-bo-dien-pro-fitness-pf-113D-2-600x600.jpg 600w, https:\/\/thethaominhphu.com\/wp-content\/uploads\/2017\/09\/may-chay-bo-dien-pro-fitness-pf-113D-2-150x150.jpg 150w, https:\/\/thethaominhphu.com\/wp-content\/uploads\/2017\/09\/may-chay-bo-dien-pro-fitness-pf-113D-2-24x24.jpg 24w, https:\/\/thethaominhphu.com\/wp-content\/uploads\/2017\/09\/may-chay-bo-dien-pro-fitness-pf-113D-2-36x36.jpg 36w, https:\/\/thethaominhphu.com\/wp-content\/uploads\/2017\/09\/may-chay-bo-dien-pro-fitness-pf-113D-2-48x48.jpg 48w\" alt=\"M\u00e1y ch\u1ea1y b\u1ed9 \u0111i\u1ec7n Pro Fitness PF-113D\" width=\"700\" height=\"700\" \/><\/p>\n<p>M\u00e0n h\u00ecnh LED hi\u1ec3n th\u1ecb c\u00e1c th\u00f4ng s\u1ed1, ti\u1ec7n l\u1ee3i trong qu\u00e1 tr\u00ecnh theo d\u00f5i l\u00fac t\u1eadp luy\u1ec7n, tr\u00e1nh qu\u00e1 s\u1ee9c, t\u1eeb \u0111\u00f3 \u0111\u01b0a ra \u0111\u01b0\u1ee3c ch\u1ebf \u0111\u1ed9 t\u1eadp ph\u00f9 h\u1ee3p.<\/p>\n<p><img loading=\"lazy\" class=\"alignnone size-full wp-image-44627\" src=\"https:\/\/thethaominhphu.com\/wp-content\/uploads\/2017\/09\/may-chay-bo-dien-pro-fitness-pf-113D-man-hinh.jpg\" sizes=\"(max-width: 700px) 100vw, 700px\" srcset=\"https:\/\/thethaominhphu.com\/wp-content\/uploads\/2017\/09\/may-chay-bo-dien-pro-fitness-pf-113D-man-hinh.jpg 700w, https:\/\/thethaominhphu.com\/wp-content\/uploads\/2017\/09\/may-chay-bo-dien-pro-fitness-pf-113D-man-hinh-600x396.jpg 600w\" alt=\"\" width=\"700\" height=\"462\" \/><\/p>\n<p><img loading=\"lazy\" class=\"alignnone size-full wp-image-44624\" src=\"https:\/\/thethaominhphu.com\/wp-content\/uploads\/2017\/09\/may-chay-bo-dien-pro-fitness-pf-113D-chi-tiet.jpg\" sizes=\"(max-width: 700px) 100vw, 700px\" srcset=\"https:\/\/thethaominhphu.com\/wp-content\/uploads\/2017\/09\/may-chay-bo-dien-pro-fitness-pf-113D-chi-tiet.jpg 700w, https:\/\/thethaominhphu.com\/wp-content\/uploads\/2017\/09\/may-chay-bo-dien-pro-fitness-pf-113D-chi-tiet-600x1269.jpg 600w\" alt=\"\" width=\"700\" height=\"1480\" \/><\/p>\n<p><img loading=\"lazy\" class=\"alignnone size-full wp-image-44625\" src=\"https:\/\/thethaominhphu.com\/wp-content\/uploads\/2017\/09\/may-chay-bo-dien-pro-fitness-pf-113D-gap-gon.jpg\" sizes=\"(max-width: 700px) 100vw, 700px\" srcset=\"https:\/\/thethaominhphu.com\/wp-content\/uploads\/2017\/09\/may-chay-bo-dien-pro-fitness-pf-113D-gap-gon.jpg 700w, https:\/\/thethaominhphu.com\/wp-content\/uploads\/2017\/09\/may-chay-bo-dien-pro-fitness-pf-113D-gap-gon-360x360.jpg 360w, https:\/\/thethaominhphu.com\/wp-content\/uploads\/2017\/09\/may-chay-bo-dien-pro-fitness-pf-113D-gap-gon-100x100.jpg 100w, https:\/\/thethaominhphu.com\/wp-content\/uploads\/2017\/09\/may-chay-bo-dien-pro-fitness-pf-113D-gap-gon-600x600.jpg 600w\" alt=\"\" width=\"700\" height=\"700\" \/><\/p>\n<p>K\u00edch th\u01b0\u1edbc l\u1eafp \u0111\u1eb7t ph\u00f9 h\u1ee3p v\u1edbi \u0111a s\u1ed1 kh\u00f4ng gian gia \u0111\u00ecnh, ti\u1ebft ki\u1ec7m di\u1ec7n t\u00edch.<\/p>\n<p><img loading=\"lazy\" class=\"alignnone size-full wp-image-44626\" src=\"https:\/\/thethaominhphu.com\/wp-content\/uploads\/2017\/09\/may-chay-bo-dien-pro-fitness-pf-113D-kich-thuoc.jpg\" sizes=\"(max-width: 700px) 100vw, 700px\" srcset=\"https:\/\/thethaominhphu.com\/wp-content\/uploads\/2017\/09\/may-chay-bo-dien-pro-fitness-pf-113D-kich-thuoc.jpg 700w, https:\/\/thethaominhphu.com\/wp-content\/uploads\/2017\/09\/may-chay-bo-dien-pro-fitness-pf-113D-kich-thuoc-600x345.jpg 600w\" alt=\"\" width=\"700\" height=\"403\" \/><\/p>\n","protected":false},"excerpt":{"rendered":"<p>Thu\u1ed9c ph\u00e2n kh\u00fac\u00a0<strong>m\u00e1y ch\u1ea1y b\u1ed9 gi\u00e1 r\u1ebb<\/strong>\u00a0nh\u01b0ng\u00a0<strong>PF-113D<\/strong>\u00a0l\u1ea1i s\u1edf h\u1eefu nh\u1eefng t\u00ednh n\u0103ng cao c\u1ea5p nh\u01b0: \u0111\u1ed9ng c\u01a1 l\u1edbn, l\u00f2 xo gi\u1ea3m ch\u1ea5n g\u1eafn v\u00e0o ch\u00e2n \u0111\u1ebf, l\u00f2 xo gi\u1ea3m x\u00f3c d\u01b0\u1edbi \u0111u\u00f4i m\u00e1y\u2026 mang l\u1ea1i tr\u1ea3i nghi\u1ec7m tuy\u1ec7t v\u1eddi, nh\u01b0 \u0111ang s\u1eed d\u1ee5ng m\u1ed9t m\u1eabu m\u00e1y cao c\u1ea5p.<\/p>\n","protected":false},"featured_media":1027,"comment_status":"open","ping_status":"closed","template":"","meta":[],"product_cat":[39],"product_tag":[],"_links":{"self":[{"href":"https:\/\/demo.bmconnect.vn\/dienmay3\/wp-json\/wp\/v2\/product\/1026"}],"collection":[{"href":"https:\/\/demo.bmconnect.vn\/dienmay3\/wp-json\/wp\/v2\/product"}],"about":[{"href":"https:\/\/demo.bmconnect.vn\/dienmay3\/wp-json\/wp\/v2\/types\/product"}],"replies":[{"embeddable":true,"href":"https:\/\/demo.bmconnect.vn\/dienmay3\/wp-json\/wp\/v2\/comments?post=1026"}],"wp:featuredmedia":[{"embeddable":true,"href":"https:\/\/demo.bmconnect.vn\/dienmay3\/wp-json\/wp\/v2\/media\/1027"}],"wp:attachment":[{"href":"https:\/\/demo.bmconnect.vn\/dienmay3\/wp-json\/wp\/v2\/media?parent=1026"}],"wp:term":[{"taxonomy":"product_cat","embeddable":true,"href":"https:\/\/demo.bmconnect.vn\/dienmay3\/wp-json\/wp\/v2\/product_cat?post=1026"},{"taxonomy":"product_tag","embeddable":true,"href":"https:\/\/demo.bmconnect.vn\/dienmay3\/wp-json\/wp\/v2\/product_tag?post=1026"}],"curies":[{"name":"wp","href":"https:\/\/api.w.org\/{rel}","templated":true}]}}