{"id":1018,"date":"2019-04-15T17:46:49","date_gmt":"2019-04-15T10:46:49","guid":{"rendered":"http:\/\/demo.bmconnect.vn\/dienmay3\/?post_type=product&#038;p=1018"},"modified":"2019-04-15T17:46:49","modified_gmt":"2019-04-15T10:46:49","slug":"xe-dap-tap-the-duc-pro-fitness-pf-06","status":"publish","type":"product","link":"https:\/\/demo.bmconnect.vn\/dienmay3\/xe-dap-tap-the-duc-pro-fitness-pf-06\/","title":{"rendered":"Xe \u0111\u1ea1p t\u1eadp th\u1ec3 d\u1ee5c Pro Fitness PF-06"},"content":{"rendered":"<p><strong>Xe \u0111\u1ea1p t\u1eadp th\u1ec3 d\u1ee5c Pro Fitness PF-06<\/strong>\u00a0l\u00e0 m\u1eabu\u00a0<strong>xe \u0111\u1ea1p t\u1eadp li\u00ean ho\u00e0n<\/strong>\u00a0ch\u00e2n tay, ph\u00f9 h\u1ee3p cho t\u1eadp th\u1ec3 l\u1ef1c t\u1ea1i nh\u00e0 v\u00e0 ph\u1ee5c h\u1ed3i ch\u1ee9c n\u0103ng cho ng\u01b0\u1eddi gi\u00e0, ng\u01b0\u1eddi tai bi\u1ebfn hi\u1ec7u qu\u1ea3.<\/p>\n<p>\u0110\u01b0\u1ee3c s\u1ea3n xu\u1ea5t tr\u00ean c\u00f4ng ngh\u1ec7 ti\u00ean ti\u1ebfn \u0111\u1ebfn t\u1eeb \u0110\u00e0i Loan, mang l\u1ea1i ch\u1ea5t l\u01b0\u1ee3ng tuy\u1ec7t v\u1eddi cho s\u1ea3n ph\u1ea9m. Khung xe ch\u1eafc ch\u1eafn t\u1eeb th\u00e9p d\u00e0y 1.5mm, k\u00e8m v\u1edbi s\u01a1n s\u1ea7n ch\u1ed1ng r\u1ec9, l\u00e0m t\u0103ng ph\u1ea7n b\u1ec1n b\u1ec9 cho\u00a0<strong>PF-06<\/strong>.<\/p>\n<p>T\u00ednh n\u0103ng c\u1ed1 \u0111\u1ecbnh tay c\u1ea7m \u0111\u1ed9c \u0111\u00e1o, l\u00e0m \u0111a d\u1ea1ng ch\u1ebf \u0111\u1ed9 t\u1eadp, ph\u1ee5c v\u1ee5 nhi\u1ec1u nhu c\u1ea7u kh\u00e1c nhau cho ng\u01b0\u1eddi s\u1eed d\u1ee5ng.<\/p>\n<p><em><strong>Sau \u0111\u00e2y h\u00e3y c\u00f9ng Th\u1ec3 Thao Minh Ph\u00fa t\u00ecm hi\u1ec3u chi ti\u1ebft v\u1ec1 s\u1ea3n ph\u1ea9m n\u00e0y.<\/strong><\/em><\/p>\n<h2>1. Th\u00f4ng tin xe \u0111\u1ea1p t\u1eadp th\u1ec3 d\u1ee5c Pro Fitness PF-06<\/h2>\n<ul>\n<li>Xu\u1ea5t x\u1ee9: \u0110\u00e0i Loan<\/li>\n<li>M\u00e0u s\u1eafc: \u0110en<\/li>\n<li>V\u1eadt li\u1ec7u ch\u00ednh: \u1ed1ng s\u1eaft, PP, ABS<\/li>\n<li>K\u00edch th\u01b0\u1edbc l\u1eafp \u0111\u1eb7t: 106 x 117 x 47 cm<\/li>\n<li>K\u00edch th\u01b0\u1edbc th\u00f9ng carton: 91 x 18 x 61 cm<\/li>\n<li>Tr\u1ecdng l\u01b0\u1ee3ng xe: 16 kg<\/li>\n<li>Tr\u1ecdng l\u01b0\u1ee3ng c\u1ea3 th\u00f9ng: 19.5 kg<\/li>\n<li>\u0110\u1ed3ng h\u1ed3 hi\u1ec3n th\u1ecb th\u00f4ng s\u1ed1: Th\u1eddi gian, qu\u00e3ng \u0111\u01b0\u1eddng, calo, t\u1ed1c \u0111\u1ed9, nh\u1ecbp tim<\/li>\n<li>T\u00ednh n\u0103ng c\u1ed1 \u0111\u1ecbnh tay c\u1ea7m ti\u1ec7n l\u1ee3i.<\/li>\n<li>\u0110i\u1ec1u ch\u1ec9nh cao th\u1ea5p y\u00ean 8 n\u1ea5c.<\/li>\n<li>C\u1ea3m bi\u1ebfn nh\u1ecbp tim tr\u00ean tay c\u1ea7m<\/li>\n<li>Ch\u1ebf \u0111\u1ed9 kh\u00e1ng l\u1ef1c b\u1eb1ng d\u00e2y h\u00e3m.<\/li>\n<li>H\u1ec7 th\u1ed1ng chuy\u1ec3n \u0111\u1ed9ng b\u1eb1ng x\u00edch.<\/li>\n<li>B\u1ea3o h\u00e0nh: 12 th\u00e1ng<\/li>\n<\/ul>\n<h2>2. H\u00ecnh \u1ea3nh v\u00e0 t\u00ednh n\u0103ng xe \u0111\u1ea1p t\u1eadp th\u1ec3 d\u1ee5c Pro Fitness PF-06<\/h2>\n<p><img loading=\"lazy\" class=\"alignnone size-full wp-image-47421\" src=\"https:\/\/thethaominhphu.com\/wp-content\/uploads\/2018\/04\/xe-dap-tap-the-duc-PRO-FITNESS-PF-06-2.jpg\" sizes=\"(max-width: 700px) 100vw, 700px\" srcset=\"https:\/\/thethaominhphu.com\/wp-content\/uploads\/2018\/04\/xe-dap-tap-the-duc-PRO-FITNESS-PF-06-2.jpg 700w, https:\/\/thethaominhphu.com\/wp-content\/uploads\/2018\/04\/xe-dap-tap-the-duc-PRO-FITNESS-PF-06-2-360x360.jpg 360w, https:\/\/thethaominhphu.com\/wp-content\/uploads\/2018\/04\/xe-dap-tap-the-duc-PRO-FITNESS-PF-06-2-100x100.jpg 100w, https:\/\/thethaominhphu.com\/wp-content\/uploads\/2018\/04\/xe-dap-tap-the-duc-PRO-FITNESS-PF-06-2-600x600.jpg 600w, https:\/\/thethaominhphu.com\/wp-content\/uploads\/2018\/04\/xe-dap-tap-the-duc-PRO-FITNESS-PF-06-2-150x150.jpg 150w, https:\/\/thethaominhphu.com\/wp-content\/uploads\/2018\/04\/xe-dap-tap-the-duc-PRO-FITNESS-PF-06-2-24x24.jpg 24w, https:\/\/thethaominhphu.com\/wp-content\/uploads\/2018\/04\/xe-dap-tap-the-duc-PRO-FITNESS-PF-06-2-36x36.jpg 36w, https:\/\/thethaominhphu.com\/wp-content\/uploads\/2018\/04\/xe-dap-tap-the-duc-PRO-FITNESS-PF-06-2-48x48.jpg 48w\" alt=\"Xe \u0111\u1ea1p t\u1eadp th\u1ec3 d\u1ee5c Pro Fitness PF-06\" width=\"700\" height=\"700\" \/><\/p>\n<p><img loading=\"lazy\" class=\"alignnone size-full wp-image-47525\" src=\"https:\/\/thethaominhphu.com\/wp-content\/uploads\/2018\/04\/xe-dap-tap-the-duc-PRO-FITNESS-PF-06-5.jpg\" sizes=\"(max-width: 700px) 100vw, 700px\" srcset=\"https:\/\/thethaominhphu.com\/wp-content\/uploads\/2018\/04\/xe-dap-tap-the-duc-PRO-FITNESS-PF-06-5.jpg 700w, https:\/\/thethaominhphu.com\/wp-content\/uploads\/2018\/04\/xe-dap-tap-the-duc-PRO-FITNESS-PF-06-5-360x360.jpg 360w, https:\/\/thethaominhphu.com\/wp-content\/uploads\/2018\/04\/xe-dap-tap-the-duc-PRO-FITNESS-PF-06-5-100x100.jpg 100w, https:\/\/thethaominhphu.com\/wp-content\/uploads\/2018\/04\/xe-dap-tap-the-duc-PRO-FITNESS-PF-06-5-600x600.jpg 600w, https:\/\/thethaominhphu.com\/wp-content\/uploads\/2018\/04\/xe-dap-tap-the-duc-PRO-FITNESS-PF-06-5-150x150.jpg 150w, https:\/\/thethaominhphu.com\/wp-content\/uploads\/2018\/04\/xe-dap-tap-the-duc-PRO-FITNESS-PF-06-5-24x24.jpg 24w, https:\/\/thethaominhphu.com\/wp-content\/uploads\/2018\/04\/xe-dap-tap-the-duc-PRO-FITNESS-PF-06-5-36x36.jpg 36w, https:\/\/thethaominhphu.com\/wp-content\/uploads\/2018\/04\/xe-dap-tap-the-duc-PRO-FITNESS-PF-06-5-48x48.jpg 48w\" alt=\"xe \u0111\u1ea1p t\u1eadp th\u1ec3 d\u1ee5c Pro Fitness PF-06\" width=\"700\" height=\"700\" \/><\/p>\n<p><img loading=\"lazy\" class=\"alignnone size-full wp-image-47526\" src=\"https:\/\/thethaominhphu.com\/wp-content\/uploads\/2018\/04\/xe-dap-tap-the-duc-PRO-FITNESS-PF-06-chi-tiet-3.jpg\" sizes=\"(max-width: 600px) 100vw, 600px\" srcset=\"https:\/\/thethaominhphu.com\/wp-content\/uploads\/2018\/04\/xe-dap-tap-the-duc-PRO-FITNESS-PF-06-chi-tiet-3.jpg 600w, https:\/\/thethaominhphu.com\/wp-content\/uploads\/2018\/04\/xe-dap-tap-the-duc-PRO-FITNESS-PF-06-chi-tiet-3-121x150.jpg 121w, https:\/\/thethaominhphu.com\/wp-content\/uploads\/2018\/04\/xe-dap-tap-the-duc-PRO-FITNESS-PF-06-chi-tiet-3-19x24.jpg 19w, https:\/\/thethaominhphu.com\/wp-content\/uploads\/2018\/04\/xe-dap-tap-the-duc-PRO-FITNESS-PF-06-chi-tiet-3-29x36.jpg 29w, https:\/\/thethaominhphu.com\/wp-content\/uploads\/2018\/04\/xe-dap-tap-the-duc-PRO-FITNESS-PF-06-chi-tiet-3-39x48.jpg 39w\" alt=\"Chi ti\u1ebft xe \u0111\u1ea1p t\u1eadp th\u1ec3 d\u1ee5c Pro Fitness PF-06\" width=\"600\" height=\"744\" \/><\/p>\n<p><img loading=\"lazy\" class=\"alignnone size-full wp-image-47424\" src=\"https:\/\/thethaominhphu.com\/wp-content\/uploads\/2018\/04\/xe-dap-tap-the-duc-PRO-FITNESS-PF-06-chi-tiet-1.jpg\" sizes=\"(max-width: 600px) 100vw, 600px\" srcset=\"https:\/\/thethaominhphu.com\/wp-content\/uploads\/2018\/04\/xe-dap-tap-the-duc-PRO-FITNESS-PF-06-chi-tiet-1.jpg 600w, https:\/\/thethaominhphu.com\/wp-content\/uploads\/2018\/04\/xe-dap-tap-the-duc-PRO-FITNESS-PF-06-chi-tiet-1-121x150.jpg 121w, https:\/\/thethaominhphu.com\/wp-content\/uploads\/2018\/04\/xe-dap-tap-the-duc-PRO-FITNESS-PF-06-chi-tiet-1-19x24.jpg 19w, https:\/\/thethaominhphu.com\/wp-content\/uploads\/2018\/04\/xe-dap-tap-the-duc-PRO-FITNESS-PF-06-chi-tiet-1-29x36.jpg 29w, https:\/\/thethaominhphu.com\/wp-content\/uploads\/2018\/04\/xe-dap-tap-the-duc-PRO-FITNESS-PF-06-chi-tiet-1-39x48.jpg 39w\" alt=\"Xe \u0111\u1ea1p t\u1eadp th\u1ec3 d\u1ee5c Pro Fitness PF-06 chi ti\u1ebft\" width=\"600\" height=\"744\" \/><\/p>\n<p><img loading=\"lazy\" class=\"alignnone size-full wp-image-47420\" src=\"https:\/\/thethaominhphu.com\/wp-content\/uploads\/2018\/04\/xe-dap-tap-the-duc-PRO-FITNESS-PF-06.jpg\" sizes=\"(max-width: 700px) 100vw, 700px\" srcset=\"https:\/\/thethaominhphu.com\/wp-content\/uploads\/2018\/04\/xe-dap-tap-the-duc-PRO-FITNESS-PF-06.jpg 700w, https:\/\/thethaominhphu.com\/wp-content\/uploads\/2018\/04\/xe-dap-tap-the-duc-PRO-FITNESS-PF-06-360x360.jpg 360w, https:\/\/thethaominhphu.com\/wp-content\/uploads\/2018\/04\/xe-dap-tap-the-duc-PRO-FITNESS-PF-06-100x100.jpg 100w, https:\/\/thethaominhphu.com\/wp-content\/uploads\/2018\/04\/xe-dap-tap-the-duc-PRO-FITNESS-PF-06-600x600.jpg 600w, https:\/\/thethaominhphu.com\/wp-content\/uploads\/2018\/04\/xe-dap-tap-the-duc-PRO-FITNESS-PF-06-150x150.jpg 150w, https:\/\/thethaominhphu.com\/wp-content\/uploads\/2018\/04\/xe-dap-tap-the-duc-PRO-FITNESS-PF-06-24x24.jpg 24w, https:\/\/thethaominhphu.com\/wp-content\/uploads\/2018\/04\/xe-dap-tap-the-duc-PRO-FITNESS-PF-06-36x36.jpg 36w, https:\/\/thethaominhphu.com\/wp-content\/uploads\/2018\/04\/xe-dap-tap-the-duc-PRO-FITNESS-PF-06-48x48.jpg 48w\" alt=\"Xe \u0111\u1ea1p t\u1eadp th\u1ec3 d\u1ee5c Pro Fitness PF-06\" width=\"700\" height=\"700\" \/><\/p>\n<p><em><strong>Xe \u0111\u1ea1p t\u1eadp th\u1ec3 d\u1ee5c Pro Fitness PF-06 thi\u1ebft k\u1ebf nh\u1ecf g\u1ecdn, ph\u00f9 h\u1ee3p v\u1edbi m\u1ecdi kh\u00f4ng gian<\/strong><\/em><\/p>\n","protected":false},"excerpt":{"rendered":"<p>\u0110\u01b0\u1ee3c s\u1ea3n xu\u1ea5t tr\u00ean c\u00f4ng ngh\u1ec7 ti\u00ean ti\u1ebfn \u0111\u1ebfn t\u1eeb \u0110\u00e0i Loan, mang l\u1ea1i ch\u1ea5t l\u01b0\u1ee3ng tuy\u1ec7t v\u1eddi cho s\u1ea3n ph\u1ea9m. Khung xe ch\u1eafc ch\u1eafn t\u1eeb th\u00e9p d\u00e0y 1.5mm, k\u00e8m v\u1edbi s\u01a1n s\u1ea7n ch\u1ed1ng r\u1ec9, l\u00e0m t\u0103ng ph\u1ea7n b\u1ec1n b\u1ec9 cho\u00a0<strong>PF-06<\/strong>.<\/p>\n<p>T\u00ednh n\u0103ng c\u1ed1 \u0111\u1ecbnh tay c\u1ea7m \u0111\u1ed9c \u0111\u00e1o, l\u00e0m \u0111a d\u1ea1ng ch\u1ebf \u0111\u1ed9 t\u1eadp, ph\u1ee5c v\u1ee5 nhi\u1ec1u nhu c\u1ea7u kh\u00e1c nhau cho ng\u01b0\u1eddi s\u1eed d\u1ee5ng.<\/p>\n","protected":false},"featured_media":1019,"comment_status":"open","ping_status":"closed","template":"","meta":[],"product_cat":[39],"product_tag":[],"_links":{"self":[{"href":"https:\/\/demo.bmconnect.vn\/dienmay3\/wp-json\/wp\/v2\/product\/1018"}],"collection":[{"href":"https:\/\/demo.bmconnect.vn\/dienmay3\/wp-json\/wp\/v2\/product"}],"about":[{"href":"https:\/\/demo.bmconnect.vn\/dienmay3\/wp-json\/wp\/v2\/types\/product"}],"replies":[{"embeddable":true,"href":"https:\/\/demo.bmconnect.vn\/dienmay3\/wp-json\/wp\/v2\/comments?post=1018"}],"wp:featuredmedia":[{"embeddable":true,"href":"https:\/\/demo.bmconnect.vn\/dienmay3\/wp-json\/wp\/v2\/media\/1019"}],"wp:attachment":[{"href":"https:\/\/demo.bmconnect.vn\/dienmay3\/wp-json\/wp\/v2\/media?parent=1018"}],"wp:term":[{"taxonomy":"product_cat","embeddable":true,"href":"https:\/\/demo.bmconnect.vn\/dienmay3\/wp-json\/wp\/v2\/product_cat?post=1018"},{"taxonomy":"product_tag","embeddable":true,"href":"https:\/\/demo.bmconnect.vn\/dienmay3\/wp-json\/wp\/v2\/product_tag?post=1018"}],"curies":[{"name":"wp","href":"https:\/\/api.w.org\/{rel}","templated":true}]}}