{"id":1003,"date":"2019-04-15T17:37:50","date_gmt":"2019-04-15T10:37:50","guid":{"rendered":"http:\/\/demo.bmconnect.vn\/dienmay3\/?post_type=product&#038;p=1003"},"modified":"2019-04-15T17:37:50","modified_gmt":"2019-04-15T10:37:50","slug":"massage-vai-gay","status":"publish","type":"product","link":"https:\/\/demo.bmconnect.vn\/dienmay3\/massage-vai-gay\/","title":{"rendered":"Massage Vai g\u00e1y"},"content":{"rendered":"<div class=\"f-pr-view-info\">\n<p><strong>TH\u00d4NG TIN S\u1ea2N PH\u1ea8M.<\/strong><\/p>\n<table border=\"2\" width=\"310\">\n<tbody>\n<tr>\n<td>M\u00e3 s\u1ea3n ph\u1ea9m<\/td>\n<td>FJ 264K<\/td>\n<\/tr>\n<tr>\n<td>K\u00edch th\u01b0\u1edbc<\/td>\n<td>34x11x21cm<\/td>\n<\/tr>\n<tr>\n<td>N.w\/g.w<\/td>\n<td>2.0kg<\/td>\n<\/tr>\n<tr>\n<td>Ngu\u1ed3n \u0111i\u1ec7n<\/td>\n<td>110v-240w-60Hz<\/td>\n<\/tr>\n<tr>\n<td>\u0110i\u1ec7n n\u0103ng<\/td>\n<td>40W<\/td>\n<\/tr>\n<tr>\n<td>M\u00e0u s\u1eafc<\/td>\n<td>Ghi<\/td>\n<\/tr>\n<tr>\n<td>T\/g ho\u1ea1t \u0111\u1ed9ng<\/td>\n<td>15-30 ph\u00fat<\/td>\n<\/tr>\n<tr>\n<td>Ch\u1ee9c n\u0103ng<\/td>\n<td>Massage vai g\u00e1y<\/td>\n<\/tr>\n<\/tbody>\n<\/table>\n<\/div>\n<div class=\"f-pr-view-info\">\n<p><strong>T\u00ednh n\u0103ng m\u00e1y massage \u0111\u1ea5m l\u01b0ng, vai, c\u1ed5, m\u00e1y \u0111\u1ea5m l\u01b0ng\u00a0<\/strong><br \/>\nD\u00e2y \u0111\u1ea5m l\u01b0ng, vai, c\u1ed5 \u0111\u01b0\u1ee3c thi\u1ebft k\u1ebf d\u1ef1a tr\u00ean \u00fd t\u01b0\u1edfng v\u1ec1 chi\u1ebfc tr\u1ed1ng truy\u1ec1n th\u1ed1ng\u00a0 (nh\u1ecbp \u0111i\u1ec7u \u0111\u1ea5m t\u01b0\u01a1ng t\u1ef1 nh\u01b0 nh\u1ecbp \u0111\u00e1nh tr\u1ed1ng). D\u00e2y \u0111\u1ea5m l\u01b0ng, vai, c\u1ed5 \u00a0l\u00e0 s\u1ef1 k\u1ebft h\u1ee3p c\u1ee7a 2 qu\u1ea3 \u0111\u1ea5m m\u1ea1nh m\u1ebd \u1edf vai tr\u00e1i v\u00e0 ph\u1ea3i, thi\u1ebft k\u1ebf v\u1edbi c\u00e1c \u0111\u01b0\u1eddng cong bao quanh c\u01a1 th\u1ec3, t\u00e1c \u0111\u1ed9ng to\u00e0n di\u1ec7n l\u00ean kh\u1eafp c\u00e1c v\u00f9ng c\u01a1 th\u1ec3, gi\u00fap massage hi\u1ec7u qu\u1ea3 h\u01a1n.<br \/>\n\u2013 C\u00f3 nhi\u1ec1u t\u01b0 th\u1ebf \u0111\u1ea5m b\u00f3p cho ng\u01b0\u1eddi d\u00f9ng l\u1ef1a ch\u1ecdn nh\u01b0 vai, l\u01b0ng, ch\u00e2n, tay, h\u00f4ng,\u2026<br \/>\n\u2013 9 c\u1ea5p \u0111\u1ed9, t\u1ed1c \u0111\u1ed9 \u0111\u1ea5m, c\u00f3 th\u1ec3 \u0111i\u1ec1u ch\u1ec9nh \u0111\u01b0\u1ee3c<br \/>\n\u2013 5 ch\u01b0\u01a1ng tr\u00ecnh massage \u0111\u01b0\u1ee3c c\u00e0i \u0111\u1eb7t s\u1eb3n, th\u01b0\u1eddng xuy\u00ean thay \u0111\u1ed5i nh\u1ecbp \u0111i\u1ec7u massage<br \/>\n\u2013 S\u1eed d\u1ee5ng da PU cao c\u1ea5p, m\u1ec1m m\u1ea1i, sang tr\u1ecdng.<br \/>\n\u2013 C\u00f3 th\u1ec3 g\u1ea5p g\u1ecdn, th\u00edch h\u1ee3p d\u00f9ng trong v\u0103n ph\u00f2ng hay gia \u0111\u00ecnh.<br \/>\n\u2013 Tr\u1ecb \u0111au m\u1ecfi vai, \u0111au m\u1ecfi c\u1ed5, \u0111au m\u1ecfi vai c\u1ed5, \u0111au l\u01b0ng.<\/p>\n<\/div>\n","protected":false},"excerpt":{"rendered":"<div>M\u00e3 SP: FJ &#8211; 264K<\/div>\n<div>T\u00ecnh tr\u1ea1ng: M\u1edbi<\/div>\n","protected":false},"featured_media":1004,"comment_status":"open","ping_status":"closed","template":"","meta":[],"product_cat":[35],"product_tag":[],"_links":{"self":[{"href":"https:\/\/demo.bmconnect.vn\/dienmay3\/wp-json\/wp\/v2\/product\/1003"}],"collection":[{"href":"https:\/\/demo.bmconnect.vn\/dienmay3\/wp-json\/wp\/v2\/product"}],"about":[{"href":"https:\/\/demo.bmconnect.vn\/dienmay3\/wp-json\/wp\/v2\/types\/product"}],"replies":[{"embeddable":true,"href":"https:\/\/demo.bmconnect.vn\/dienmay3\/wp-json\/wp\/v2\/comments?post=1003"}],"wp:featuredmedia":[{"embeddable":true,"href":"https:\/\/demo.bmconnect.vn\/dienmay3\/wp-json\/wp\/v2\/media\/1004"}],"wp:attachment":[{"href":"https:\/\/demo.bmconnect.vn\/dienmay3\/wp-json\/wp\/v2\/media?parent=1003"}],"wp:term":[{"taxonomy":"product_cat","embeddable":true,"href":"https:\/\/demo.bmconnect.vn\/dienmay3\/wp-json\/wp\/v2\/product_cat?post=1003"},{"taxonomy":"product_tag","embeddable":true,"href":"https:\/\/demo.bmconnect.vn\/dienmay3\/wp-json\/wp\/v2\/product_tag?post=1003"}],"curies":[{"name":"wp","href":"https:\/\/api.w.org\/{rel}","templated":true}]}}