{"id":817,"date":"2018-09-30T18:53:08","date_gmt":"2018-09-30T11:53:08","guid":{"rendered":"http:\/\/demo.bmconnect.vn\/dienmay3\/?page_id=817"},"modified":"2019-04-15T19:40:02","modified_gmt":"2019-04-15T12:40:02","slug":"chinh-sach-bao-hanh","status":"publish","type":"page","link":"https:\/\/demo.bmconnect.vn\/dienmay3\/chinh-sach-bao-hanh\/","title":{"rendered":"Ch\u00ednh s\u00e1ch b\u1ea3o h\u00e0nh"},"content":{"rendered":"<p><strong>1<\/strong><strong>.\u00a0<\/strong><strong>\u0110\u1ed0I T\u01af\u1ee2NG \u0110\u01af\u1ee2C B\u1ea2O H\u00c0NH<\/strong>:<\/p>\n<ul>\n<li>Gh\u1ebf massage, m\u00e1y t\u1eadp th\u1ec3 thao, m\u00e1y massage, b\u1ebfp t\u1eeb v\u00e0 c\u00e1c s\u1ea3n ph\u1ea9m kh\u00e1c c\u1ee7a th\u01b0\u01a1ng hi\u1ec7u OKIA .<\/li>\n<\/ul>\n<p><strong>2. TH\u1edcI H\u1ea0N B\u1ea2O H\u00c0NH \u2013 N\u00d3I CHUNG<\/strong><strong>:<\/strong><\/p>\n<ul>\n<li>Th\u1eddi gian b\u1ea3o h\u00e0nh c\u1ee7a gh\u1ebf massage: 24 th\u00e1ng (h\u00e0ng m\u1edbi) v\u00e0 12 th\u00e1ng (h\u00e0ng tr\u01b0ng b\u00e0y) k\u1ec3 t\u1eeb ng\u00e0y mua s\u1ea3n ph\u1ea9m.<\/li>\n<li>Th\u1eddi gian b\u1ea3o h\u00e0nh c\u1ee7a m\u00e1y massage v\u00e0 thi\u1ebft b\u1ecb m\u00e1y t\u1eadp th\u1ec3 thao: 12 th\u00e1ng (h\u00e0ng m\u1edbi) v\u00e0 06 th\u00e1ng (h\u00e0ng tr\u01b0ng b\u00e0y) k\u1ec3 t\u1eeb ng\u00e0y mua s\u1ea3n ph\u1ea9m.<\/li>\n<li>Th\u1eddi gian b\u1ea3o h\u00e0nh c\u1ee7a b\u1ebfp t\u1eeb: 12 th\u00e1ng (h\u00e0ng m\u1edbi) v\u00e0 06 th\u00e1ng (h\u00e0ng tr\u01b0ng b\u00e0y) k\u1ec3 t\u1eeb ng\u00e0y mua s\u1ea3n ph\u1ea9m.<\/li>\n<\/ul>\n<p><strong>3. C\u00c1C TR\u01af\u1edcNG H\u1ee2P S\u1ea2N PH\u1ea8M KH\u00d4NG \u0110\u01af\u1ee2C B\u1ea2O H\u00c0NH<\/strong>\u00a0<strong>:<\/strong><\/p>\n<ul>\n<li>Nh\u1eefng s\u1ea3n ph\u1ea9m Ssano Profitness ch\u1ec9 \u0111\u1ecbnh kh\u00f4ng b\u1ea3o h\u00e0nh.<\/li>\n<li>Kh\u00e1ch h\u00e0ng kh\u00f4ng xu\u1ea5t tr\u00ecnh \u0111\u01b0\u1ee3c phi\u1ebfu b\u1ea3o h\u00e0nh ho\u1eb7c phi\u1ebfu b\u1ea3o h\u00e0nh b\u1ecb t\u1ea9y x\u00f3a, s\u1eeda ch\u1eefa n\u1ed9i dung trong phi\u1ebfu, kh\u00f4ng c\u00f3 \u0111\u00f3ng d\u1ea5u, ch\u1eef k\u00fd c\u1ee7a \u0111\u1ea1i di\u1ec7n b\u00ean b\u00e1n h\u00e0ng.<\/li>\n<li>S\u1ea3n ph\u1ea9m \u0111\u00e3 qu\u00e1 th\u1eddi gian b\u1ea3o h\u00e0nh.<\/li>\n<li>S\u1ea3n ph\u1ea9m h\u01b0 h\u1ecfng do thi\u00ean tai, h\u1ecfa ho\u1ea1n, ch\u1eadp \u0111i\u1ec7n, chu\u1ed9t c\u1eafn, s\u1eed d\u1ee5ng sai quy c\u00e1ch hay qu\u00e1 th\u00f4ng s\u1ed1 k\u1ef9 thu\u1eadt cho ph\u00e9p c\u1ee7a s\u1ea3n ph\u1ea9m.<\/li>\n<li>Kh\u00e1ch h\u00e0ng t\u1ef1 th\u00e1o l\u1eafp, s\u1eeda ch\u1eefa s\u1ea3n ph\u1ea9m.<\/li>\n<\/ul>\n<p><strong>4. NH\u1eeeNG B\u1ed8 PH\u1eacN SAU KH\u00d4NG THU\u1ed8C PH\u1ea0M VI B\u1ea2O H\u00c0NH:<\/strong><\/p>\n<ul>\n<li>L\u1edbp v\u1ea3i, da b\u1ecdc, nh\u1ef1a b\u1ecdc c\u1ee7a s\u1ea3n ph\u1ea9m.<\/li>\n<li>Th\u00e2n v\u00e0 v\u1ecf b\u1ebfp.<\/li>\n<li>L\u1edbp v\u1ecf nh\u1ef1a ph\u1ea7n th\u00e0nh gh\u1ebf, l\u01b0ng gh\u1ebf, ph\u1ea7n b\u1ea3o v\u1ec7 h\u1ed9p m\u1ea1ch v\u00e0 ph\u1ea7n ch\u00e2n gh\u1ebf.<\/li>\n<li>C\u00e1c ph\u1ee5 ki\u1ec7n \u0111i k\u00e8m nh\u01b0 pin, mi\u1ebfng d\u00e1n, d\u00e2y n\u1ed1i (n\u1ebfu c\u00f3). C\u1ee5c \u0111\u1ed5i ngu\u1ed3n (adapter) \u0111\u01b0\u1ee3c b\u1ea3o h\u00e0nh trong v\u00f2ng ba (03) th\u00e1ng k\u1ec3 t\u1eeb ng\u00e0y mua s\u1ea3n ph\u1ea9m.<\/li>\n<\/ul>\n<p><strong>5.\u00a0NH\u1eeeNG TR\u01af\u1edcNG H\u1ee2P S\u1eecA CH\u1eeeA C\u00d3 T\u00cdNH PH\u00cd THEO QUY \u0110\u1ecaNH C\u1ee6A C\u00d4NG TY:<\/strong><\/p>\n<ul>\n<li>S\u1ea3n ph\u1ea9m kh\u00f4ng \u0111\u01b0\u1ee3c b\u1ea3o h\u00e0nh (trong m\u1ee5c 3).<\/li>\n<li>Ph\u1ee5 ki\u1ec7n \u0111i c\u00f9ng s\u1ea3n ph\u1ea9m.<\/li>\n<li>Nh\u1eefng b\u1ed9 ph\u1eadn kh\u00f4ng thu\u1ed9c ph\u1ea1m vi b\u1ea3o h\u00e0nh.<\/li>\n<\/ul>\n<p><strong><em><u>* L\u01b0u \u00fd:<\/u><\/em><\/strong>\u00a0\u00a0Kh\u00e1ch h\u00e0ng kh\u00f4ng xu\u1ea5t tr\u00ecnh \u0111\u01b0\u1ee3c phi\u1ebfu b\u1ea3o h\u00e0nh th\u00ec to\u00e0n b\u1ed9 c\u00e1c n\u1ed9i dung b\u1ea3o h\u00e0nh s\u1ebd b\u1ecb t\u00ednh ph\u00ed khi s\u1eeda ch\u1eefa.<\/p>\n","protected":false},"excerpt":{"rendered":"<p>1.\u00a0\u0110\u1ed0I T\u01af\u1ee2NG \u0110\u01af\u1ee2C B\u1ea2O H\u00c0NH: Gh\u1ebf massage, m\u00e1y t\u1eadp th\u1ec3 thao, m\u00e1y massage, b\u1ebfp t\u1eeb v\u00e0 c\u00e1c s\u1ea3n ph\u1ea9m kh\u00e1c c\u1ee7a th\u01b0\u01a1ng hi\u1ec7u OKIA . 2. TH\u1edcI H\u1ea0N B\u1ea2O H\u00c0NH \u2013 N\u00d3I CHUNG: Th\u1eddi gian b\u1ea3o h\u00e0nh c\u1ee7a gh\u1ebf massage: 24 th\u00e1ng (h\u00e0ng m\u1edbi) v\u00e0 12 th\u00e1ng (h\u00e0ng tr\u01b0ng b\u00e0y) k\u1ec3 t\u1eeb ng\u00e0y mua s\u1ea3n&#8230;<\/p>\n","protected":false},"author":1,"featured_media":0,"parent":0,"menu_order":0,"comment_status":"closed","ping_status":"closed","template":"page-right-sidebar.php","meta":[],"_links":{"self":[{"href":"https:\/\/demo.bmconnect.vn\/dienmay3\/wp-json\/wp\/v2\/pages\/817"}],"collection":[{"href":"https:\/\/demo.bmconnect.vn\/dienmay3\/wp-json\/wp\/v2\/pages"}],"about":[{"href":"https:\/\/demo.bmconnect.vn\/dienmay3\/wp-json\/wp\/v2\/types\/page"}],"author":[{"embeddable":true,"href":"https:\/\/demo.bmconnect.vn\/dienmay3\/wp-json\/wp\/v2\/users\/1"}],"replies":[{"embeddable":true,"href":"https:\/\/demo.bmconnect.vn\/dienmay3\/wp-json\/wp\/v2\/comments?post=817"}],"version-history":[{"count":3,"href":"https:\/\/demo.bmconnect.vn\/dienmay3\/wp-json\/wp\/v2\/pages\/817\/revisions"}],"predecessor-version":[{"id":1130,"href":"https:\/\/demo.bmconnect.vn\/dienmay3\/wp-json\/wp\/v2\/pages\/817\/revisions\/1130"}],"wp:attachment":[{"href":"https:\/\/demo.bmconnect.vn\/dienmay3\/wp-json\/wp\/v2\/media?parent=817"}],"curies":[{"name":"wp","href":"https:\/\/api.w.org\/{rel}","templated":true}]}}