{"id":736,"date":"2018-09-29T00:30:28","date_gmt":"2018-09-28T17:30:28","guid":{"rendered":"http:\/\/demo.bmconnect.vn\/dienmay3\/?page_id=736"},"modified":"2019-04-15T19:42:48","modified_gmt":"2019-04-15T12:42:48","slug":"chinh-sach-ban-hang-2","status":"publish","type":"page","link":"https:\/\/demo.bmconnect.vn\/dienmay3\/chinh-sach-ban-hang-2\/","title":{"rendered":"Ch\u00ednh s\u00e1ch b\u00e1n h\u00e0ng"},"content":{"rendered":"\r\n<p>QU\u00dd KH\u00c1CH H\u00c0NG TH\u00c2N M\u1ebeN<\/p>\r\n<p>Ch\u00ednh s\u00e1ch b\u00e1n h\u00e0ng t\u1ea1i Asano Profitness \u0111\u01b0\u1ee3c x\u00e2y d\u1ef1ng d\u1ef1a tr\u00ean uy t\u00edn v\u00e0 s\u1ee9 m\u1ec7nh mang \u0111\u1ebfn s\u1ea3n ph\u1ea9m t\u1ed1t nh\u1ea5t, giao d\u1ecbch thu\u1eadn ti\u1ec7n nh\u1ea5t cho kh\u00e1ch h\u00e0ng.<\/p>\r\n<p>1. CAM K\u1ebeT B\u00c1N H\u00c0NG Asano Profitness Nhanh ch\u00f3ng gi\u1ea3i \u0111\u00e1p c\u00e1c th\u1eafc m\u1eafc, cung c\u1ea5p th\u00f4ng tin ch\u00ednh x\u00e1c v\u1ec1 c\u00e1c v\u1ea5n \u0111\u1ec1 li\u00ean quan \u0111\u1ebfn s\u1ea3n ph\u1ea9m, \u0111\u01a1n h\u00e0ng v\u00e0 c\u1eeda h\u00e0ng.<\/p>\r\n<p>Cung c\u1ea5p th\u00f4ng tin v\u1ec1 c\u00e1c ch\u01b0\u01a1ng tr\u00ecnh khuy\u1ebfn m\u00e3i khi mua online ho\u1eb7c mua t\u1ea1i c\u1eeda h\u00e0ng m\u1ed9t c\u00e1ch r\u00f5 r\u00e0ng, \u0111\u1ea3m b\u1ea3o quy\u1ec1n l\u1ee3i cho kh\u00e1ch h\u00e0ng. Lu\u00f4n cung c\u1ea5p s\u1ea3n ph\u1ea9m m\u1edbi \u0111\u00fang ch\u1ea5t l\u01b0\u1ee3ng, \u0111\u00fang nh\u01b0 h\u00ecnh \u1ea3nh v\u00e0 th\u00f4ng tin \u0111\u0103ng t\u1ea3i. Gi\u1eef b\u00ed m\u1eadt tuy\u1ec7t \u0111\u1ed1i th\u00f4ng tin c\u1ee7a kh\u00e1ch h\u00e0ng. Kh\u00f4ng chia s\u1ebb cho c\u00e1c c\u00e1 nh\u00e2n v\u00e0 t\u1ed5 ch\u1ee9c kh\u00e1c.<\/p>\r\n<p>2. CAM K\u1ebeT V\u1ec0 HO\u00c1N \u0110\u1ed4I H\u00c0NG H\u00d3A \u0110i\u1ec1u ki\u1ec7n: Trong v\u00f2ng 7 ng\u00e0y k\u1ec3 t\u1eeb ng\u00e0y mua s\u1ea3n ph\u1ea9m. S\u1ea3n ph\u1ea9m \u0111\u1ed5i tr\u1ea3 l\u00e0 do l\u1ed7i nh\u00e0 s\u1ea3n su\u1ea5t.<\/p>\r\n<p>M\u1ed7i s\u1ea3n ph\u1ea9m ch\u1ec9 \u0111\u01b0\u1ee3c \u0111\u1ed5i m\u1ed9t l\u1ea7n duy nh\u1ea5t. C\u00f2n \u0111\u1ea7y \u0111\u1ee7 h\u00f3a \u0111\u01a1n mua h\u00e0ng v\u00e0 nh\u00e3n m\u00e1c. S\u1ea3n ph\u1ea9m c\u00f2n nguy\u00ean t\u00ecnh tr\u1ea1ng nh\u01b0 ban \u0111\u1ea7u, ch\u01b0a b\u1ecb h\u01b0 h\u1ecfng, tr\u1ea7y x\u01b0\u1edbc. GHI CH\u00da: Tr\u01b0\u1eddng h\u1ee3p kh\u00e1ch c\u00f3 nhu c\u1ea7u \u0111\u1ed5i s\u1ea3n ph\u1ea9m m\u00e0 kh\u00f4ng ph\u1ea3i do l\u1ed7i c\u1ee7a nh\u00e0 s\u1ea3n xu\u1ea5t: Asano Profitness ch\u1ec9 \u00e1p d\u1ee5ng \u0111\u1ed1i v\u1edbi s\u1ea3n ph\u1ea9m c\u00f3 gi\u00e1 b\u00e1n t\u1eeb 35,000,000 VN\u0110 v\u00e0 s\u1ea3n ph\u1ea9m \u0111\u1ed5i ph\u1ea3i c\u00f3 gi\u00e1 b\u00e1n l\u1edbn h\u01a1n s\u1ea3n ph\u1ea9m \u0111\u00e3 mua.<\/p>\r\n","protected":false},"excerpt":{"rendered":"<p>QU\u00dd KH\u00c1CH H\u00c0NG TH\u00c2N M\u1ebeN Ch\u00ednh s\u00e1ch b\u00e1n h\u00e0ng t\u1ea1i Asano Profitness \u0111\u01b0\u1ee3c x\u00e2y d\u1ef1ng d\u1ef1a tr\u00ean uy t\u00edn v\u00e0 s\u1ee9 m\u1ec7nh mang \u0111\u1ebfn s\u1ea3n ph\u1ea9m t\u1ed1t nh\u1ea5t, giao d\u1ecbch thu\u1eadn ti\u1ec7n nh\u1ea5t cho kh\u00e1ch h\u00e0ng. 1. CAM K\u1ebeT B\u00c1N H\u00c0NG Asano Profitness Nhanh ch\u00f3ng gi\u1ea3i \u0111\u00e1p c\u00e1c th\u1eafc m\u1eafc, cung c\u1ea5p th\u00f4ng tin ch\u00ednh&#8230;<\/p>\n","protected":false},"author":1,"featured_media":0,"parent":0,"menu_order":0,"comment_status":"closed","ping_status":"closed","template":"page-right-sidebar.php","meta":[],"_links":{"self":[{"href":"https:\/\/demo.bmconnect.vn\/dienmay3\/wp-json\/wp\/v2\/pages\/736"}],"collection":[{"href":"https:\/\/demo.bmconnect.vn\/dienmay3\/wp-json\/wp\/v2\/pages"}],"about":[{"href":"https:\/\/demo.bmconnect.vn\/dienmay3\/wp-json\/wp\/v2\/types\/page"}],"author":[{"embeddable":true,"href":"https:\/\/demo.bmconnect.vn\/dienmay3\/wp-json\/wp\/v2\/users\/1"}],"replies":[{"embeddable":true,"href":"https:\/\/demo.bmconnect.vn\/dienmay3\/wp-json\/wp\/v2\/comments?post=736"}],"version-history":[{"count":4,"href":"https:\/\/demo.bmconnect.vn\/dienmay3\/wp-json\/wp\/v2\/pages\/736\/revisions"}],"predecessor-version":[{"id":1136,"href":"https:\/\/demo.bmconnect.vn\/dienmay3\/wp-json\/wp\/v2\/pages\/736\/revisions\/1136"}],"wp:attachment":[{"href":"https:\/\/demo.bmconnect.vn\/dienmay3\/wp-json\/wp\/v2\/media?parent=736"}],"curies":[{"name":"wp","href":"https:\/\/api.w.org\/{rel}","templated":true}]}}