{"id":572,"date":"2017-08-08T17:19:58","date_gmt":"2017-08-08T10:19:58","guid":{"rendered":"https:\/\/demo.bmconnect.vn\/dienmay\/?post_type=product&#038;p=572"},"modified":"2017-08-08T17:21:05","modified_gmt":"2017-08-08T10:21:05","slug":"dien-thoai-lg-optimus-g-e975","status":"publish","type":"product","link":"https:\/\/demo.bmconnect.vn\/dienmay\/cua-hang\/dien-thoai-lg-optimus-g-e975\/","title":{"rendered":"\u0110i\u1ec7n tho\u1ea1i LG OPTIMUS G E975"},"content":{"rendered":"<p align=\"\">C\u00f9ng v\u1edbi Samsung, LG l\u00e0 m\u1ed9t h\u00e3ng \u0111i\u1ec7n t\u1eed l\u1edbn c\u1ee7a H\u00e0n Qu\u1ed1c. M\u1eb7c d\u00f9 v\u1eady, h\u00e3ng v\u1eabn ch\u01b0a c\u00f3 m\u1ed9t chi\u1ebfc \u0111i\u1ec7n tho\u1ea1i cao c\u1ea5p n\u00e0o th\u1ef1c s\u1ef1 \u1ea5n t\u01b0\u1ee3ng, v\u01b0\u1ee3t xa c\u00e1c \u0111\u1ed1i th\u1ee7 kh\u00e1c. \u0110\u1ebfn nay, \u0111i\u1ec1u \u0111\u00f3 \u0111\u00e3 thay \u0111\u1ed5i v\u1edbi s\u1ef1 xu\u1ea5t hi\u1ec7n c\u1ee7a\u00a0<strong>LG Optimus G<\/strong>, m\u1ed9t chi\u1ebfc \u0111i\u1ec7n tho\u1ea1i c\u00f3 chip x\u1eed l\u00fd b\u1ed1n nh\u00e2n theo c\u00f4ng ngh\u1ec7 m\u1edbi nh\u1ea5t m\u1ea1nh m\u1ebd h\u01a1n h\u1eb3n c\u00e1c d\u00f2ng chip x\u1eed l\u00fd hi\u1ec7n nay.<\/p>\n<h3>Thi\u1ebft k\u1ebf s\u1eafc s\u1ea3o<\/h3>\n<p align=\"\">Trong n\u0103m 2012, LG li\u00ean t\u1ee5c cho ra m\u1eaft nh\u1eefng m\u1eabu \u0111i\u1ec7n tho\u1ea1i trung c\u1ea5p v\u00e0 cao c\u1ea5p v\u1edbi m\u00e3 hi\u1ec7u L nh\u01b0 L3, L5, L9. Tuy nhi\u00ean\u00a0<strong>LG Optimus G<\/strong>\u00a0l\u00e0 m\u1ed9t ngo\u1ea1i l\u1ec7 khi s\u1ed1 hi\u1ec7u c\u1ee7a m\u00e1y kh\u00f4ng ph\u1ea3i L, nguy\u00ean nh\u00e2n l\u00e0 do thi\u1ebft k\u1ebf c\u1ee7a m\u00e1y kh\u00e1 kh\u00e1c so v\u1edbi c\u00e1c m\u1eabu \u0111i\u1ec7n tho\u1ea1i c\u00f3 m\u00e3 L.<\/p>\n<p align=\"\"><strong><\/p>\n<p>Optimus G<\/strong>\u00a0c\u00f3 d\u1ea1ng thanh trong kh\u00e1 vu\u00f4ng v\u1eafn v\u00e0 c\u00e1c c\u1ea1nh m\u00e1y \u0111\u01b0\u1ee3c bo tr\u00f2n kh\u00e1 m\u1ec1m m\u1ea1i. M\u1eb7c d\u00f9 \u0111\u01b0\u1ee3c l\u00e0m t\u1eeb nh\u1ef1a nh\u01b0ng l\u1edbp v\u1ecf c\u1ee7a m\u00e1y ch\u1eafc ch\u1eafn ch\u1ee9 kh\u00f4ng \u1ecdp \u1eb9p, m\u00e1y kh\u00e1 m\u1ecfng, ch\u1ec9 d\u00e0y c\u00f3 8.45 mm. M\u1eb7t tr\u01b0\u1edbc m\u00e1y l\u00e0 m\u00e0n h\u00ecnh c\u1ea3m \u1ee9ng 4.7 inch c\u00f9ng v\u1edbi c\u00e1c ph\u00edm c\u1ea3m \u1ee9ng c\u01a1 b\u1ea3n c\u1ee7a Android \u0111\u01b0\u1ee3c b\u1ed1 tr\u00ed kh\u00e1 r\u1ed9ng r\u00e3i gi\u00fap ng\u01b0\u1eddi d\u00f9ng d\u1ec5 d\u00e0ng thao t\u00e1c. Nh\u00ecn t\u1ed5ng quan th\u00ec m\u00e1y mang v\u1ebb sang tr\u1ecdng v\u00e0 qu\u00fd ph\u00e1i, c\u1ea3m gi\u00e1c c\u1ea7m LG Optimus G kh\u00e1 \u0111\u1ea7m v\u00e0 tho\u1ea3i m\u00e1i so v\u1edbi nh\u1eefng m\u1eabu \u0111i\u1ec7n tho\u1ea1i c\u00f3 k\u00edch th\u01b0\u1edbc l\u1edbn kh\u00e1c.<\/p>\n","protected":false},"excerpt":{"rendered":"<p>C\u00f9ng v\u1edbi Samsung, LG l\u00e0 m\u1ed9t h\u00e3ng \u0111i\u1ec7n t\u1eed l\u1edbn c\u1ee7a H\u00e0n Qu\u1ed1c. M\u1eb7c d\u00f9 v\u1eady, h\u00e3ng v\u1eabn ch\u01b0a c\u00f3 m\u1ed9t chi\u1ebfc \u0111i\u1ec7n tho\u1ea1i cao c\u1ea5p n\u00e0o th\u1ef1c s\u1ef1 \u1ea5n t\u01b0\u1ee3ng, v\u01b0\u1ee3t xa c\u00e1c \u0111\u1ed1i th\u1ee7 kh\u00e1c. \u0110\u1ebfn nay, \u0111i\u1ec1u \u0111\u00f3 \u0111\u00e3 thay \u0111\u1ed5i v\u1edbi s\u1ef1 xu\u1ea5t hi\u1ec7n c\u1ee7a\u00a0<strong>LG Optimus G<\/strong>, m\u1ed9t chi\u1ebfc \u0111i\u1ec7n tho\u1ea1i c\u00f3 chip x\u1eed l\u00fd b\u1ed1n nh\u00e2n theo c\u00f4ng ngh\u1ec7 m\u1edbi nh\u1ea5t m\u1ea1nh m\u1ebd h\u01a1n h\u1eb3n c\u00e1c d\u00f2ng chip x\u1eed l\u00fd hi\u1ec7n nay.<\/p>\n","protected":false},"featured_media":573,"comment_status":"open","ping_status":"closed","template":"","meta":[],"product_cat":[19,25],"product_tag":[29],"_links":{"self":[{"href":"https:\/\/demo.bmconnect.vn\/dienmay\/wp-json\/wp\/v2\/product\/572"}],"collection":[{"href":"https:\/\/demo.bmconnect.vn\/dienmay\/wp-json\/wp\/v2\/product"}],"about":[{"href":"https:\/\/demo.bmconnect.vn\/dienmay\/wp-json\/wp\/v2\/types\/product"}],"replies":[{"embeddable":true,"href":"https:\/\/demo.bmconnect.vn\/dienmay\/wp-json\/wp\/v2\/comments?post=572"}],"wp:featuredmedia":[{"embeddable":true,"href":"https:\/\/demo.bmconnect.vn\/dienmay\/wp-json\/wp\/v2\/media\/573"}],"wp:attachment":[{"href":"https:\/\/demo.bmconnect.vn\/dienmay\/wp-json\/wp\/v2\/media?parent=572"}],"wp:term":[{"taxonomy":"product_cat","embeddable":true,"href":"https:\/\/demo.bmconnect.vn\/dienmay\/wp-json\/wp\/v2\/product_cat?post=572"},{"taxonomy":"product_tag","embeddable":true,"href":"https:\/\/demo.bmconnect.vn\/dienmay\/wp-json\/wp\/v2\/product_tag?post=572"}],"curies":[{"name":"wp","href":"https:\/\/api.w.org\/{rel}","templated":true}]}}