{"id":9,"date":"2017-08-05T23:50:37","date_gmt":"2017-08-05T16:50:37","guid":{"rendered":"https:\/\/demo.bmconnect.vn\/dienmay\/?page_id=9"},"modified":"2017-08-09T13:12:29","modified_gmt":"2017-08-09T06:12:29","slug":"khuyen-mai","status":"publish","type":"page","link":"https:\/\/demo.bmconnect.vn\/dienmay\/khuyen-mai\/","title":{"rendered":"Khuy\u1ebfn m\u1ea1i"},"content":{"rendered":"<p><strong>Y\u00eau c\u1ea7u \u0111\u1eb7c tr\u01b0ng<\/strong>\u00a0c\u1ee7a c\u00e1c website b\u00e1n h\u00e0ng l\u00e0 \u0111\u1ea7y \u0111\u1ee7 c\u00e1c ch\u1ee9c n\u0103ng c\u1ea7n thi\u1ebft cho ho\u1ea1t \u0111\u1ed9ng kinh doanh online nh\u01b0: \u0111\u0103ng s\u1ea3n ph\u1ea9m, h\u00ecnh \u1ea3nh s\u1ea3n ph\u1ea9m, gi\u00e1 b\u00e1n, gi\u00e1 khuy\u1ebfn m\u1ea1i, t\u00ecnh tr\u1ea1ng c\u00f2n h\u00e0ng hay h\u1ebft h\u00e0ng, m\u00e3 s\u1ea3n ph\u1ea9m, th\u00f4ng tin khuy\u1ebfn m\u00e3i, th\u00f4ng tin li\u00ean h\u1ec7, \u0111\u1eb7t h\u00e0ng, gi\u1ecf h\u00e0ng,\u2026<\/p>\n<p>T\u1ea1i\u00a0<a href=\"http:\/\/webdesign.com\/\">WEBDESIGN<\/a>, m\u00ecnh cung c\u1ea5p d\u1ecbch v\u1ee5 thi\u1ebft k\u1ebf website v\u1edbi\u00a0<strong>m\u1ee9c gi\u00e1 r\u1ea5t h\u1ea5p d\u1eabn<\/strong>.<\/p>\n<p><strong>Quy tr\u00ecnh thi\u1ebft k\u1ebf website gi\u1edbi thi\u1ec7u s\u1ea3n ph\u1ea9m t\u1ea1i Webdesign.com nh\u01b0 sau:<\/strong><\/p>\n<ul>\n<li><strong>B\u01b0\u1edbc 1:<\/strong>\u00a0Trao \u0111\u1ed5i th\u00f4ng tin, y\u00eau c\u1ea7u v\u1edbi kh\u00e1ch h\u00e0ng<\/li>\n<li><strong>B\u01b0\u1edbc 2:<\/strong>\u00a0Mua t\u00ean mi\u1ec1n cho kh\u00e1ch (kh\u00e1ch c\u00f3 th\u1ec3 t\u1ef1 mua)<\/li>\n<li><strong>B\u01b0\u1edbc 3:<\/strong>\u00a0Tr\u1ecf t\u00ean mi\u1ec1n v\u1ec1 hosting cho kh\u00e1ch (d\u00f9ng hosting c\u1ee7a Webdesign ho\u1eb7c d\u00f9ng hosting c\u1ee7a kh\u00e1ch)<\/li>\n<li><strong>B\u01b0\u1edbc 4:<\/strong>\u00a0Th\u1ef1c hi\u1ec7n x\u00e2y d\u1ef1ng website tr\u00ean hosting (ch\u1eb7n index)<\/li>\n<li><strong>B\u01b0\u1edbc 5:<\/strong>\u00a0G\u1eedi link website cho kh\u00e1ch duy\u1ec7t v\u00e0 trao \u0111\u1ed5i ch\u1ec9nh s\u1eeda tr\u1ef1c ti\u1ebfp tr\u00ean website theo \u00fd kh\u00e1ch.<\/li>\n<li><strong>B\u01b0\u1edbc 6:<\/strong>\u00a0H\u01b0\u1edbng d\u1eabn kh\u00e1ch s\u1eed d\u1ee5ng, qu\u1ea3n tr\u1ecb, \u0111\u0103ng b\u00e0i vi\u1ebft, \u0111\u0103ng s\u1ea3n ph\u1ea9m v\u00e0 c\u00e1c th\u00f4ng tin kh\u00e1c c\u00f3 li\u00ean quan\u2026<\/li>\n<li><strong>B\u01b0\u1edbc 7:<\/strong>\u00a0M\u1edf index<\/li>\n<li><strong>B\u01b0\u1edbc 8:<\/strong>\u00a0B\u00e0n giao website cho kh\u00e1ch<\/li>\n<\/ul>\n<p>Trong m\u1ed9t s\u1ed1 tr\u01b0\u1eddng h\u1ee3p kh\u00e1ch c\u1ea7n xem demo tr\u01b0\u1edbc khi duy\u1ec7t l\u00e0m website, m\u00ecnh\u00a0s\u1ebd th\u1ef1c hi\u1ec7n d\u1ef1ng website demo tr\u01b0\u1edbc v\u00e0 g\u1eedi cho kh\u00e1ch duy\u1ec7t tr\u01b0\u1edbc khi upload source code l\u00ean hosting.<\/p>\n<p><strong>Th\u00f4ng tin li\u00ean h\u1ec7:<\/strong><\/p>\n<p>+ Li\u00ean h\u1ec7: LeNam<\/p>\n<p>+ Phone: 0909.009.009<\/p>\n<p>+ Email:\u00a0webdesign@gmail.com<\/p>\n<p>+ Website: www.webdesign.com<\/p>\n<p>+ Flickr:\u00a0<a href=\"http:\/\/www.WEBDESIGN\">www.WEBDESIGN<\/a><\/p>\n<p>+ Behance:\u00a0<a href=\"https:\/\/www.behance.net\/WEBDESIGN\">https:\/\/www.behance.net\/WEBDESIGN<\/a><\/p>\n<p>+ Pintesest:\u00a0<a href=\"https:\/\/www.pinterest.com\/WEBDESIGN\/pins\/\">https:\/\/www.pinterest.com\/WEBDESIGN\/pins\/<\/a><\/p>\n","protected":false},"excerpt":{"rendered":"<p>Y\u00eau c\u1ea7u \u0111\u1eb7c tr\u01b0ng\u00a0c\u1ee7a c\u00e1c website b\u00e1n h\u00e0ng l\u00e0 \u0111\u1ea7y \u0111\u1ee7 c\u00e1c ch\u1ee9c n\u0103ng c\u1ea7n thi\u1ebft cho ho\u1ea1t \u0111\u1ed9ng kinh doanh online nh\u01b0: \u0111\u0103ng s\u1ea3n ph\u1ea9m, h\u00ecnh \u1ea3nh s\u1ea3n ph\u1ea9m, gi\u00e1 b\u00e1n, gi\u00e1 khuy\u1ebfn m\u1ea1i, t\u00ecnh tr\u1ea1ng c\u00f2n h\u00e0ng hay h\u1ebft h\u00e0ng, m\u00e3 s\u1ea3n ph\u1ea9m, th\u00f4ng tin khuy\u1ebfn m\u00e3i, th\u00f4ng tin li\u00ean h\u1ec7, \u0111\u1eb7t h\u00e0ng, [&#8230;]\n","protected":false},"author":1,"featured_media":0,"parent":0,"menu_order":0,"comment_status":"closed","ping_status":"closed","template":"page-right-sidebar.php","meta":[],"_links":{"self":[{"href":"https:\/\/demo.bmconnect.vn\/dienmay\/wp-json\/wp\/v2\/pages\/9"}],"collection":[{"href":"https:\/\/demo.bmconnect.vn\/dienmay\/wp-json\/wp\/v2\/pages"}],"about":[{"href":"https:\/\/demo.bmconnect.vn\/dienmay\/wp-json\/wp\/v2\/types\/page"}],"author":[{"embeddable":true,"href":"https:\/\/demo.bmconnect.vn\/dienmay\/wp-json\/wp\/v2\/users\/1"}],"replies":[{"embeddable":true,"href":"https:\/\/demo.bmconnect.vn\/dienmay\/wp-json\/wp\/v2\/comments?post=9"}],"version-history":[{"count":2,"href":"https:\/\/demo.bmconnect.vn\/dienmay\/wp-json\/wp\/v2\/pages\/9\/revisions"}],"predecessor-version":[{"id":1043,"href":"https:\/\/demo.bmconnect.vn\/dienmay\/wp-json\/wp\/v2\/pages\/9\/revisions\/1043"}],"wp:attachment":[{"href":"https:\/\/demo.bmconnect.vn\/dienmay\/wp-json\/wp\/v2\/media?parent=9"}],"curies":[{"name":"wp","href":"https:\/\/api.w.org\/{rel}","templated":true}]}}