{"id":244,"date":"2019-04-22T07:51:05","date_gmt":"2019-04-22T07:51:05","guid":{"rendered":"http:\/\/demo.bmconnect.vn\/daytrangdiem\/?post_type=product&#038;p=244"},"modified":"2019-04-22T08:17:13","modified_gmt":"2019-04-22T08:17:13","slug":"bo-duong-da-toan-dien-collagen-3w-clinic","status":"publish","type":"product","link":"https:\/\/demo.bmconnect.vn\/daytrangdiem\/san-pham\/bo-duong-da-toan-dien-collagen-3w-clinic\/","title":{"rendered":"B\u1ed9 d\u01b0\u1ee1ng da to\u00e0n di\u1ec7n Collagen 3W Clinic"},"content":{"rendered":"<div id=\"ProductDescription\" class=\"Block Moveable Panel ProductDescription\">\n<div class=\"ProductDescriptionContainer\">\n<p><strong>B\u1ed9 d\u01b0\u1ee1ng da 3W CLINIC<\/strong>\u00a0ch\u1ee9a nh\u1eefng th\u00e0nh ph\u1ea7n l\u00e0m \u0111\u1eb9p t\u1ef1 nhi\u00ean gi\u00fap \u0111em l\u1ea1i s\u1ee9c s\u1ed1ng cho l\u00e0n da m\u1ed9t c\u00e1ch hi\u1ec7u qu\u1ea3 v\u00e0 an to\u00e0n.<\/p>\n<p><span id=\"ctl00_ContentMain_ucProductDetails1_lblDescription\">Collagen l\u00e0 protein quan tr\u1ecdng trong c\u01a1 th\u1ec3 ng\u01b0\u1eddi, chi\u1ebfm g\u1ea7n 80% c\u1ea5u tr\u00fac da. C\u01a1 c\u1ea5u h\u1ed7 tr\u1ee3 c\u1ee7a collagen s\u1ebd tr\u1edf n\u00ean y\u1ebfu d\u1eabn theo tu\u1ed5i t\u00e1c. \u0110\u00f3 l\u00e0 bi\u1ec3u hi\u1ec7n c\u1ee7a d\u1ea5u hi\u1ec7u l\u00e3o h\u00f3a. Da nh\u0103n v\u00e0 m\u1ea5t t\u00ednh \u0111\u00e0n h\u1ed3i l\u00e0 d\u1ea5u hi\u1ec7u r\u00f5 r\u00e0ng nh\u1ea5t c\u1ee7a l\u00e3o h\u00f3a. Do \u0111\u00f3 s\u1ea3n ph\u1ea9m b\u1ed5 sung collagen c\u0169ng l\u00e0 m\u1ed9t gi\u1ea3i ph\u00e1p h\u1eefu hi\u1ec7u. Collagen l\u00e0 s\u1ea3n ph\u1ea9m ch\u0103m s\u00f3c da ch\u1ed1ng l\u00e3o h\u00f3a th\u00edch h\u1ee3p v\u1edbi m\u1ecdi lo\u1ea1i da( \u0111\u1eb7c bi\u1ec7t l\u00e0 da h\u1ed7n h\u1ee3p) v\u00e0 m\u1ecdi l\u1ee9a tu\u1ed5i.<\/span><\/p>\n<\/div>\n<\/div>\n<div id=\"ProductDescription\" class=\"Block Moveable Panel ProductDescription\">\n<div class=\"ProductDescriptionContainer\">\n<p>\u0110\u00e2y l\u00e0 s\u1ea3n ph\u1ea9m ch\u0103m s\u00f3c da s\u1eed d\u1ee5ng celulo t\u1ef1 nhi\u00ean c\u00f3 t\u00e1c d\u1ee5ng lo\u1ea1i b\u1ecf t\u1ebf b\u00e0o ch\u1ea5t s\u1eebng \u0111\u00e3 l\u00e3o h\u00f3a, gi\u00fap cho da s\u00e1ng \u0111\u1eb9p. Sau khi t\u1ea9y t\u1ebf b\u00e0o ch\u1ebft, \u0111\u1ec3 tr\u00e1nh t\u00ecnh tr\u1ea1ng da b\u1ecb kh\u00f4, n\u00ean d\u00f9ng kem d\u01b0\u1ee1ng \u1ea9m \u0111\u1ec3 l\u00e0n da \u0111\u01b0\u1ee3c m\u1ec1m m\u1ea1i v\u00e0 t\u01b0\u01a1i tr\u1ebb.<\/p>\n<p><strong><span id=\"ctl00_ContentMain_ucProductDetails1_lblDescription\">C\u00e1ch s\u1eed d\u1ee5ng<\/span>:<\/strong>\u00a0L\u1ea5y m\u1ed9t l\u01b0\u1ee3ng th\u00edch h\u1ee3p, thoa \u0111\u1ec1u to\u00e0n b\u1ed9 khu\u00f4n m\u1eb7t tr\u1eeb v\u00f9ng da quanh m\u1eaft, sau \u0111\u00f3 d\u00f9ng ng\u00f3n tay, m\u00e1t- xa th\u1eadt nh\u1eb9 nh\u00e0ng. Khi t\u1ebf b\u00e0o ch\u1ebft bong ra nh\u1eb9 nh\u00e0ng th\u00ec r\u1eeda s\u1ea1ch m\u1eb7t v\u1edbi n\u01b0\u1edbc \u1ea5m.<\/p>\n<p><strong><span id=\"ctl00_ContentMain_ucProductDetails1_lblDescription\">Th\u00e0nh ph\u1ea7n<\/span>:\u00a0<\/strong>N\u01b0\u1edbc tinh khi\u1ebft, tinh ch\u1ea5t tr\u00e0 xanh, c\u00e1m g\u1ea1o,\u2026<\/p>\n<\/div>\n<\/div>\n","protected":false},"excerpt":{"rendered":"<p>\u0110\u00e2y l\u00e0 s\u1ea3n ph\u1ea9m ch\u0103m s\u00f3c da s\u1eed d\u1ee5ng celulo t\u1ef1 nhi\u00ean c\u00f3 t\u00e1c d\u1ee5ng lo\u1ea1i b\u1ecf t\u1ebf b\u00e0o ch\u1ea5t s\u1eebng \u0111\u00e3 l\u00e3o h\u00f3a, gi\u00fap cho da s\u00e1ng \u0111\u1eb9p. Sau khi t\u1ea9y t\u1ebf b\u00e0o ch\u1ebft, \u0111\u1ec3 tr\u00e1nh t\u00ecnh tr\u1ea1ng da b\u1ecb kh\u00f4, n\u00ean d\u00f9ng kem d\u01b0\u1ee1ng \u1ea9m \u0111\u1ec3 l\u00e0n da \u0111\u01b0\u1ee3c m\u1ec1m m\u1ea1i v\u00e0 t\u01b0\u01a1i tr\u1ebb.<\/p>\n","protected":false},"featured_media":245,"comment_status":"open","ping_status":"closed","template":"","meta":[],"product_cat":[18,19],"product_tag":[],"_links":{"self":[{"href":"https:\/\/demo.bmconnect.vn\/daytrangdiem\/wp-json\/wp\/v2\/product\/244"}],"collection":[{"href":"https:\/\/demo.bmconnect.vn\/daytrangdiem\/wp-json\/wp\/v2\/product"}],"about":[{"href":"https:\/\/demo.bmconnect.vn\/daytrangdiem\/wp-json\/wp\/v2\/types\/product"}],"replies":[{"embeddable":true,"href":"https:\/\/demo.bmconnect.vn\/daytrangdiem\/wp-json\/wp\/v2\/comments?post=244"}],"wp:featuredmedia":[{"embeddable":true,"href":"https:\/\/demo.bmconnect.vn\/daytrangdiem\/wp-json\/wp\/v2\/media\/245"}],"wp:attachment":[{"href":"https:\/\/demo.bmconnect.vn\/daytrangdiem\/wp-json\/wp\/v2\/media?parent=244"}],"wp:term":[{"taxonomy":"product_cat","embeddable":true,"href":"https:\/\/demo.bmconnect.vn\/daytrangdiem\/wp-json\/wp\/v2\/product_cat?post=244"},{"taxonomy":"product_tag","embeddable":true,"href":"https:\/\/demo.bmconnect.vn\/daytrangdiem\/wp-json\/wp\/v2\/product_tag?post=244"}],"curies":[{"name":"wp","href":"https:\/\/api.w.org\/{rel}","templated":true}]}}