{"id":240,"date":"2019-04-22T07:48:44","date_gmt":"2019-04-22T07:48:44","guid":{"rendered":"http:\/\/demo.bmconnect.vn\/daytrangdiem\/?post_type=product&#038;p=240"},"modified":"2019-04-22T07:48:44","modified_gmt":"2019-04-22T07:48:44","slug":"mat-na-ngu-laneige-chinh-hang-nhap-khau-15ml","status":"publish","type":"product","link":"https:\/\/demo.bmconnect.vn\/daytrangdiem\/san-pham\/mat-na-ngu-laneige-chinh-hang-nhap-khau-15ml\/","title":{"rendered":"M\u1eb7t n\u1ea1 ng\u1ee7 Laneige ch\u00ednh h\u00e3ng nh\u1eadp kh\u1ea9u 15ml"},"content":{"rendered":"<div id=\"ProductDescription\" class=\"Block Moveable Panel ProductDescription\">\n<div class=\"ProductDescriptionContainer\">\n<p>M\u1ed9t trong nh\u1eefng d\u00f2ng s\u1ea3n ph\u1ea9m \u0111\u01b0\u1ee3c \u0111\u00e1nh gi\u00e1 l\u00e0 m\u1ed9t trong nh\u1eefng s\u1ea3n ph\u1ea9m l\u00e0m \u0111\u1eb9p hot c\u1ee7a n\u0103m 2015, m\u1eb7t n\u1ea1 ng\u1ee7 Laniege\u00a0\u0111\u01b0\u1ee3c ch\u1ecb em \u0111\u1eb7c bi\u1ec7t y\u00eau th\u00edch v\u00ec t\u00ednh t\u00ednh ti\u1ec7n l\u1ee3i v\u00e0 hi\u1ec7u qu\u1ea3 cao trong vi\u1ec7c ch\u0103m s\u00f3c da.\u00a0Tuy nhi\u00ean c\u0169ng nh\u01b0 c\u00e1c s\u1ea3n ph\u1ea9m l\u00e0m \u0111\u1eb9p kh\u00e1c tr\u00ean th\u1ecb tr\u01b0\u1eddng, \u0111\u00e2y c\u00f3 nhi\u1ec1u ch\u1ecb em \u0111\u01b0a ra v\u00e0i c\u00e2u h\u1ecfi v\u1ec1 s\u1ea3n ph\u1ea9m m\u1eb7t n\u1ea1 ng\u1ee7 laneige c\u00f3 t\u1ed1t kh\u00f4ng.V\u1eady\u00a0<strong>m\u1eb7t n\u1ea1 ng\u1ee7 laneige c\u00f3 t\u1ed1t kh\u00f4ng<\/strong>?<\/p>\n<\/div>\n<\/div>\n<div id=\"ProductDescription\" class=\"Block Moveable Panel ProductDescription\">\n<div class=\"ProductDescriptionContainer\">\n<h2>S\u1eed d\u1ee5ng ph\u1ee7 h\u1ee3p v\u1edbi m\u1ecdi lo\u1ea1i da<\/h2>\n<\/div>\n<\/div>\n<div id=\"ProductDescription\" class=\"Block Moveable Panel ProductDescription\">\n<div class=\"ProductDescriptionContainer\">\n<p>\u0110\u00fang nh\u01b0 t\u00ean g\u1ecdi c\u1ee7a m\u1eb7t n\u1ea1 ng\u1ee7 l\u00e0 m\u1ed9t lo\u1ea1i s\u1ea3n ph\u1ea9m c\u00f3 th\u1ec3 d\u00f9ng qua \u0111\u00eam\u00a0\u00a0m\u00e0 kh\u1ecfi lo l\u1eafng v\u1ec1 vi\u1ec7c b\u1ebft d\u00ednh v\u00e0o g\u1ed1i,v\u00ec s\u1ea3n ph\u1ea9m thu\u1ed9c d\u1ea1ng gel v\u00e0 c\u00f3 kh\u1ea3 n\u0103ng th\u1ea9m th\u1ea5u r\u1ea5t nhanh, V\u1edbi kh\u1ea3 n\u0103ng d\u01b0\u1ee1ng \u1ea9m, h\u1ea5p th\u1ee5 ch\u1ea5t dinh d\u01b0\u1ee1ng phuc h\u1ed3i v\u00e0 t\u00e1i t\u1ea1o l\u00e0n da r\u00e2t t\u1ed1t m\u1eb7t n\u1ea1 ng\u1ee7 \u0111\u1eb7c bi\u1ec7t y\u00eau th\u00edch trong n\u0103m 2015.<\/p>\n<\/div>\n<\/div>\n<div id=\"ProductDescription\" class=\"Block Moveable Panel ProductDescription\">\n<div class=\"ProductDescriptionContainer\">\n<p>Chi\u1ebft xu\u1ea5t t\u1eeb Kiwi nho v\u00e0 qu\u1ea3 m\u1eadn\u2026 v\u00f9ng Hunza c\u00f3 hi\u1ec7u qu\u1ea3 ch\u1ed1ng oxy h\u00f3a, l\u00e0m tr\u1ebb h\u00f3a l\u00e0n da v\u00e0 xua tan s\u1ef1 m\u1ec7t m\u1ecfi, c\u0103ng th\u1eb3ng cho da sau m\u1ed9t ng\u00e0y ti\u1ebfp x\u00fac v\u1edbi n\u1eafng gi\u00f3 kh\u00f3i b\u1ee5i, m\u00e1y lanh n\u01a1i l\u00e0m vi\u1ec7c<\/p>\n<p>Chi\u1ebft xu\u1ea5t t\u1eeb h\u1ea1t d\u1ebb t\u0103ng c\u01b0\u1eddng gi\u1eef \u1ea9m, c\u1ea3i thi\u1ec7n s\u1eafc da, \u0111\u1ed3ng th\u1eddi gi\u00fap lo\u1ea1i b\u1ecf t\u1ebf b\u00e0o ch\u1ebft v\u00e0 t\u00e1i t\u1ea1o m\u1ed9t l\u00e0n da t\u01b0\u01a1i m\u1edbi h\u1eb3n ch\u1ec9 sau m\u1ed9t \u0111\u00eam.<\/p>\n<p>H\u01b0\u01a1ng th\u01a1m Sleepscrent TM gi\u00fap xua tan m\u1ec7t m\u1ecfi m\u00e1t d\u1ecbu, c\u0103ng th\u1eb3ng v\u00e0 mang l\u1ea1i gi\u1ea5c ng\u1ee7 s\u00e2u, ngon v\u00e0 d\u1ec5 ch\u1ecbu. V\u1edbi c\u00e1c th\u00e0nh ph\u1ea7n chi\u1ebft xu\u1ea5t t\u1eeb thi\u00ean nhi\u00ean v\u00e0 k\u1ebft c\u00e2u th\u00e2n thi\u1ec7n v\u1edbi da, m\u1eb7t n\u1ea1 ng\u1ee7 c\u0169ng r\u1ea5t th\u00edch h\u1ee3p cho l\u00e0n da nh\u1ea1y c\u1ea3m. M\u1ed9t loaij m\u1eb7t n\u1ea1 ng\u1ee7 \u0111\u1ed9c \u0111\u00e1o d\u1ea1ng n\u01b0\u1edbc, m\u1ecfng,\u00a0<strong>Collagne Teana<\/strong>\u00a0tho\u00e1ng, gi\u00fap cho da \u0111\u01b0\u1ee3c \u201cth\u1edf\u201d r\u1ea5t t\u1ed1t, \u0111\u1ed3ng th\u1eddi b\u1ea1n c\u00f3 th\u1ec3 c\u1eed d\u1ed9ng tho\u1ea3i m\u00e1i trong l\u00fac \u0111\u1eafp m\u1eb7t n\u1ea1.<\/p>\n<div id=\"ProductDescription\" class=\"Block Moveable Panel ProductDescription\">\n<div class=\"ProductDescriptionContainer\">\n<h2>C\u00e1ch s\u1eed d\u1ee5ng m\u1eb7t n\u1ea1 ng\u1ee7 Laneige:<\/h2>\n<div id=\"ProductDescription\" class=\"Block Moveable Panel ProductDescription\">\n<div class=\"ProductDescriptionContainer\">\n<p>S\u1eed d\u1ee5ng 1-2 l\u1ea7n\/tu\u1ea7n v\u00e0o bu\u1ed5i t\u1ed1i tr\u01b0\u1edbc khi \u0111i ng\u1ee7 sau khi r\u1eeda m\u1eb7t v\u00e0 d\u01b0\u1ee1ng da.<\/p>\n<p>Water Sleeping Pack cho b\u1ea1n m\u1ed9t l\u00e0n da c\u0103ng m\u1ecdng v\u00e0o s\u00e1ng h\u00f4m sau ch\u1ec9 sau 1 l\u1ea7n s\u1eed d\u1ee5ng.\u0110\u00f3 l\u00e0 chia s\u1ebb c\u1ee7a r\u1ea5t nhi\u1ec1u kh\u00e1ch h\u00e0ng<\/p>\n<\/div>\n<\/div>\n<\/div>\n<\/div>\n<\/div>\n<\/div>\n","protected":false},"excerpt":{"rendered":"<p>T\u1ec9nh kh\u00e1c:\u00a0MI\u1ec4N PH\u00cd \u0111\u01a1n h\u00e0ng cho \u0111\u01a1n h\u00e0ng tr\u00ean 200k chuy\u1ec3n ti\u1ec1n tr\u01b0\u1edbc.\u00a0MI\u1ec4N PH\u00cd \u0111\u01a1n h\u00e0ng khi mua 2 s\u1ea3n ph\u1ea9m nh\u1ecf h\u01a1n 20g.\u00a0MI\u1ec4N PH\u00cd \u0111\u01a1n h\u00e0ng \u00e1p d\u1ee5ng \u0111\u01a1n h\u00e0ng tr\u00ean 500<\/p>\n","protected":false},"featured_media":241,"comment_status":"open","ping_status":"closed","template":"","meta":[],"product_cat":[18,19],"product_tag":[],"_links":{"self":[{"href":"https:\/\/demo.bmconnect.vn\/daytrangdiem\/wp-json\/wp\/v2\/product\/240"}],"collection":[{"href":"https:\/\/demo.bmconnect.vn\/daytrangdiem\/wp-json\/wp\/v2\/product"}],"about":[{"href":"https:\/\/demo.bmconnect.vn\/daytrangdiem\/wp-json\/wp\/v2\/types\/product"}],"replies":[{"embeddable":true,"href":"https:\/\/demo.bmconnect.vn\/daytrangdiem\/wp-json\/wp\/v2\/comments?post=240"}],"wp:featuredmedia":[{"embeddable":true,"href":"https:\/\/demo.bmconnect.vn\/daytrangdiem\/wp-json\/wp\/v2\/media\/241"}],"wp:attachment":[{"href":"https:\/\/demo.bmconnect.vn\/daytrangdiem\/wp-json\/wp\/v2\/media?parent=240"}],"wp:term":[{"taxonomy":"product_cat","embeddable":true,"href":"https:\/\/demo.bmconnect.vn\/daytrangdiem\/wp-json\/wp\/v2\/product_cat?post=240"},{"taxonomy":"product_tag","embeddable":true,"href":"https:\/\/demo.bmconnect.vn\/daytrangdiem\/wp-json\/wp\/v2\/product_tag?post=240"}],"curies":[{"name":"wp","href":"https:\/\/api.w.org\/{rel}","templated":true}]}}