{"id":234,"date":"2019-04-22T07:45:40","date_gmt":"2019-04-22T07:45:40","guid":{"rendered":"http:\/\/demo.bmconnect.vn\/daytrangdiem\/?post_type=product&#038;p=234"},"modified":"2019-04-22T07:45:40","modified_gmt":"2019-04-22T07:45:40","slug":"nuoc-hoa-vung-kin-dionel-secret-love","status":"publish","type":"product","link":"https:\/\/demo.bmconnect.vn\/daytrangdiem\/san-pham\/nuoc-hoa-vung-kin-dionel-secret-love\/","title":{"rendered":"N\u01b0\u1edbc hoa v\u00f9ng k\u00edn Dionel Secret Love"},"content":{"rendered":"<h2>\u0110\u1eb7c \u0111i\u1ec3m<\/h2>\n<p>Dionel secret love \u0111ang l\u00e0 n\u01b0\u1edbc hoa v\u00f9ng k\u00edn \u0111a n\u0103ng v\u1edbi 2 c\u00f4ng d\u1ee5ng ch\u1ec9 c\u1ea7n 1 -2 gi\u1ecdt v\u1eeba l\u00e0m s\u1ea1ch, v\u1eeba mang l\u1ea1i h\u01b0\u01a1ng th\u01a1m d\u1ecbu nh\u1eb9, quy\u1ebfn r\u0169. V\u1edbi chi\u1ebft xu\u1ea5t t\u1eeb c\u00e1c th\u00e0nh ph\u1ea7n thi\u00ean nhi\u00ean nh\u01b0 tinh d\u1ea7u hoa anh th\u1ea3o, chi\u1ebft xu\u1ea5t ho\u1eafc h\u01b0\u01a1ng \u2026 n\u01b0\u1edbc hoa v\u00f9ng k\u00edn Dionel secret love an to\u00e0n v\u1edbi m\u1ecdi lo\u1ea1i da. S\u1ea3n ph\u1ea9m \u0111\u01b0\u1ee3c b\u1ed9 y t\u1ebf H\u00e0n Qu\u1ed1c c\u1ea5p gi\u1ea5y ph\u00e9p \u0111\u01b0a v\u00e0o s\u1eed d\u1ee5ng<\/p>\n<p>\u0110\u1eb7c \u0111i\u1ec3m n\u01b0\u1edbc hoa v\u00f9ng k\u00edn Dionel secret love<br \/>\n\u2013 N\u01b0\u1edbc hoa v\u00f9ng k\u00edn Dionel secret love \u0111\u01b0\u1ee3c chi\u1ebft xu\u1ea5t t\u1eeb c\u00e1c th\u00e0nh ph\u1ea7n t\u1eeb thi\u00ean nhi\u00ean nh\u01b0: d\u00e2\u0300u c\u00e2y anh th\u1ea3o, d\u00e2\u0300u h\u1ea1t h\u01b0\u1edbng d\u01b0\u01a1ng, Anisaldehyde (th\u00e0nh ph\u00e2\u0300n quan tr\u1ecdng c\u1ee7a c\u00e2y ho\u1eafc h\u01b0\u01a1ng), Squalane<\/p>\n<p>\u2013 S\u1ea3n ph\u1ea9m n\u01b0\u1edbc hoa v\u00f9ng k\u00edn \u0111\u01b0\u1ee3c b\u1ed9 Y t\u1ebf H\u00e0n Qu\u1ed1c c\u1ea5p ph\u00e9p<\/p>\n<p>\u2013 Mang l\u1ea1i h\u01b0\u01a1ng th\u01a1m nh\u1eb9 nh\u00e0ng, tinh t\u1ebf v\u1edbi ch\u1ec9 1 \u2013 2 gi\u1ecdt m\u1ed7i ng\u00e0y<\/p>\n<p>\u2013 S\u1eed d\u1ee5ng si\u00eau ti\u1ebft ki\u1ec7m c\u00f3 th\u1ec3 d\u00f9ng trong 10 \u2013 12 th\u00e1ng<\/p>\n<p>\u2013 \u0110\u01b0\u1ee3c \u0111\u00f3ng g\u00f3i trong 1 chi\u1ebfc l\u1ecd nh\u1ecf xinh, d\u1ec5 d\u00e0ng mang theo m\u1ed9t c\u00e1ch k\u00edn \u0111\u00e1o<\/p>\n<p>\u2013 C\u00f3 2 phi\u00ean b\u1ea3n: Secret Love Black Edition v\u00e0 Secret Love White Edition<\/p>\n<p>+ Secret Love Black Edition: N\u01b0\u1edbc hoa Secret Love phi\u00ean b\u1ea3n Black l\u00e0 s\u1ef1 k\u00ea\u0301t h\u1ee3p ng\u1ecdt ng\u00e0o c\u1ee7a h\u01b0\u01a1ng hoa cam, lan Nam Phi, cam \u0111\u00e0o v\u00e0 s\u1ef1 quy\u00ea\u0301n r\u0169 c\u1ee7a hoa h\u00f4\u0300ng, hoa nh\u00e0i v\u00e0 hoa m\u00f4\u0323c lan.<\/p>\n<p>+ Secret Love White Edition: Phi\u00ean b\u1ea3n White c\u1ee7a Secret Love mang \u0111\u00ea\u0301n h\u01b0\u01a1ng th\u01a1m trong s\u1ea1ch, m\u1ecbn m\u00e0ng v\u00e0 ng\u1ecdt ng\u00e0o c\u1ee7a x\u1ea1 h\u01b0\u01a1ng tr\u1eafng c\u00f9ng s\u1ef1 ph\u1ea3ng ph\u00e2\u0301t v\u1eeba nh\u1eb9 nh\u00e0ng v\u1eeba s\u1eafc s\u1ea3o c\u1ee7a h\u01b0\u01a1ng hoa.<\/p>\n<p>+ Secret Love m\u00e0u xanh: h\u01b0\u01a1ng b\u1ea1c h\u00e0 th\u01a1m m\u00e1t<\/p>\n<p>C\u00f4ng d\u1ee5ng n\u01b0\u1edbc hoa v\u00f9ng k\u00edn Dionel secret love<br \/>\n\u2013 \u0110em l\u1ea1i h\u01b0\u01a1ng th\u01a1m d\u1ecbu nh\u1eb9, quy\u1ebfn r\u0169 cho v\u00f9ng k\u00edn<\/p>\n<p>\u2013 Gi\u00fap l\u00e0m s\u1ea1ch v\u00e0 lo\u1ea1i b\u1ecf m\u00f9i g\u00e2y kh\u00f3 ch\u1ecbu<\/p>\n<p>\u2013 Kh\u1eed tr\u00f9ng v\u00e0 c\u00e2n b\u1eb1ng \u0111\u1ed9 PH<\/p>\n<p>\u2013 Ph\u00f9 h\u1ee3p v\u1edbi m\u1ecdi lo\u1ea1i da<\/p>\n<h2>So s\u00e1nh 3 m\u00f9i<\/h2>\n<ul>\n<li class=\"bullet-star\"><strong>M\u00c0U TR\u1eaeNG:<\/strong>\u00a0M\u00f9i ki\u1ec3u quy\u1ebfn r\u0169 ng\u1ecdt ng\u00e0o \u00fd<\/li>\n<li class=\"bullet-star\"><strong>M<\/strong><strong>\u00c0U \u0110EN:<\/strong>\u00a0L\u1ecd \u0111en th\u00ec m\u1ea1nh m\u1ebd sexy h\u01a1n. M\u00f9i m\u1ea1nh h\u01a1n x\u00edu xiu<\/li>\n<li class=\"bullet-star\"><strong>M\u00c0U XANH:<\/strong>\u00a0Clean Cotton h\u01b0\u01a1ng b\u1ea1c h\u00e0 m\u00e1t l\u1ea1nh kh\u1eed m\u00f9i kh\u00f3 ch\u1ecbu, di\u1ec7t vi khu\u1ea9n r\u1ea5t t\u1ed1t nh\u00e9.<\/li>\n<\/ul>\n<p>C\u00e1ch s\u1eed d\u1ee5ng n\u01b0\u1edbc hoa v\u00f9ng k\u00edn Dionel secret love<\/p>\n<p>\u2013 Nh\u1ecf 1-2 gi\u1ecdt v\u00e0o qu\u1ea7n l\u00f3t m\u1ed7i ng\u00e0y, dung d\u1ecbch s\u1ebd h\u00fat \u0111i m\u00f9i kh\u00f3 ch\u1ecbu v\u00e0 t\u1ecfa ra h\u01b0\u01a1ng d\u1ec5 ch\u1ecbu m\u1ed9t c\u00e1ch nhanh ch\u00f3ng<\/p>\n<p>\u2013 Khi t\u1eafm b\u1ed3n: nh\u1ecf 3~4 gi\u1ecdt v\u00e0o n\u01b0\u1edbc. M\u00f9i h\u01b0\u01a1ng d\u1ec5 ch\u1ecbu c\u1ee7a n\u01b0\u1edbc hoa s\u1ebd lan t\u1ecfa gi\u00fap b\u1ea1n th\u01b0 th\u00e1i<\/p>\n<p>\u2013 Khi \u0111\u1ebfn k\u1ef3 kinh nguy\u1ec7t: Nh\u1ecf 1-2 gi\u1ecdt v\u00e0o b\u0103ng v\u1ec7 sinh, gi\u00fap kh\u1eed m\u00f9i kh\u00f3 ch\u1ecbu v\u00e0 c\u00e2n b\u1eb1ng \u0111\u1ed9 PH<\/p>\n<p>\u2013 Trong ng\u00e0y h\u1eb9n h\u00f2: Nh\u1ecf 1~2 gi\u1ecdt l\u00ean qu\u1ea7n l\u00f3t, c\u1ed5 tay, c\u1ed5, g\u00e1y. M\u00f9i h\u01b0\u01a1ng c\u1ee7a Secret Love s\u1ebd t\u1ea1o cho b\u1ea1n m\u1ed9t b\u1ea7u kh\u00f4ng kh\u00ed l\u00e3ng m\u1ea1n, ng\u1ecdt ng\u00e0<\/p>\n","protected":false},"excerpt":{"rendered":"<p>Dionel secret love \u0111ang l\u00e0 n\u01b0\u1edbc hoa v\u00f9ng k\u00edn \u0111a n\u0103ng v\u1edbi 2 c\u00f4ng d\u1ee5ng ch\u1ec9 c\u1ea7n 1 -2 gi\u1ecdt v\u1eeba l\u00e0m s\u1ea1ch, v\u1eeba mang l\u1ea1i h\u01b0\u01a1ng th\u01a1m d\u1ecbu nh\u1eb9, quy\u1ebfn r\u0169. V\u1edbi chi\u1ebft xu\u1ea5t t\u1eeb c\u00e1c th\u00e0nh ph\u1ea7n thi\u00ean nhi\u00ean nh\u01b0 tinh d\u1ea7u hoa anh th\u1ea3o, chi\u1ebft xu\u1ea5t ho\u1eafc h\u01b0\u01a1ng \u2026 n\u01b0\u1edbc hoa v\u00f9ng k\u00edn Dionel secret love an to\u00e0n v\u1edbi m\u1ecdi lo\u1ea1i da. S\u1ea3n ph\u1ea9m \u0111\u01b0\u1ee3c b\u1ed9 y t\u1ebf H\u00e0n Qu\u1ed1c c\u1ea5p gi\u1ea5y ph\u00e9p \u0111\u01b0a v\u00e0o s\u1eed d\u1ee5ng<\/p>\n","protected":false},"featured_media":235,"comment_status":"open","ping_status":"closed","template":"","meta":[],"product_cat":[18,19],"product_tag":[],"_links":{"self":[{"href":"https:\/\/demo.bmconnect.vn\/daytrangdiem\/wp-json\/wp\/v2\/product\/234"}],"collection":[{"href":"https:\/\/demo.bmconnect.vn\/daytrangdiem\/wp-json\/wp\/v2\/product"}],"about":[{"href":"https:\/\/demo.bmconnect.vn\/daytrangdiem\/wp-json\/wp\/v2\/types\/product"}],"replies":[{"embeddable":true,"href":"https:\/\/demo.bmconnect.vn\/daytrangdiem\/wp-json\/wp\/v2\/comments?post=234"}],"wp:featuredmedia":[{"embeddable":true,"href":"https:\/\/demo.bmconnect.vn\/daytrangdiem\/wp-json\/wp\/v2\/media\/235"}],"wp:attachment":[{"href":"https:\/\/demo.bmconnect.vn\/daytrangdiem\/wp-json\/wp\/v2\/media?parent=234"}],"wp:term":[{"taxonomy":"product_cat","embeddable":true,"href":"https:\/\/demo.bmconnect.vn\/daytrangdiem\/wp-json\/wp\/v2\/product_cat?post=234"},{"taxonomy":"product_tag","embeddable":true,"href":"https:\/\/demo.bmconnect.vn\/daytrangdiem\/wp-json\/wp\/v2\/product_tag?post=234"}],"curies":[{"name":"wp","href":"https:\/\/api.w.org\/{rel}","templated":true}]}}