{"id":232,"date":"2019-04-22T07:44:31","date_gmt":"2019-04-22T07:44:31","guid":{"rendered":"http:\/\/demo.bmconnect.vn\/daytrangdiem\/?post_type=product&#038;p=232"},"modified":"2019-04-22T07:44:31","modified_gmt":"2019-04-22T07:44:31","slug":"tay-te-bao-chet-dang-hu-stives-hang-nhap-khau","status":"publish","type":"product","link":"https:\/\/demo.bmconnect.vn\/daytrangdiem\/san-pham\/tay-te-bao-chet-dang-hu-stives-hang-nhap-khau\/","title":{"rendered":"T\u1ea9y t\u1ebf b\u00e0o ch\u1ebft d\u1ea1ng h\u0169 Stives h\u00e0ng nh\u1eadp kh\u1ea9u"},"content":{"rendered":"<div id=\"ProductDescription\" class=\"Block Moveable Panel ProductDescription\">\n<div class=\"ProductDescriptionContainer\">\n<p>H\u1eb1ng ng\u00e0y, c\u01a1 th\u1ec3 ch\u00fang ta ti\u1ebfp x\u00fac v\u1edbi r\u1ea5t nhi\u1ec1u b\u1ee5i b\u1ea9n, kh\u00f3i \u0111\u1ed9c\u2026c\u1ee9 th\u1ebf t\u00edch t\u1ee5 l\u1ea1i l\u00e0m cho l\u00e0n da b\u1ecb x\u1ec9n m\u00e0u v\u00e0 s\u1ea1m \u0111en. D\u00f9 cho s\u1eed d\u1ee5ng d\u01b0\u1ee1ng th\u1ec3 hay c\u00e1c lo\u1ea1i kem tr\u1eafng da th\u00ec tone da b\u1ea1n v\u1eabn kh\u00f4ng kh\u00e1 h\u01a1n tr\u01b0\u1edbc. \u0110\u00f3 l\u00e0 v\u00ec b\u1ea1n \u0111\u00e3 b\u1ecf qua b\u01b0\u1edbc t\u1ea9y t\u1ebf b\u00e0o ch\u1ebft cho c\u01a1 th\u1ec3, m\u1ed9t c\u00f4ng \u0111o\u1ea1n c\u1ef1c k\u00ec quan tr\u1ecdng trong qu\u00e1 tr\u00ecnh d\u01b0\u1ee1ng da th\u00f4ng th\u01b0\u1eddng<\/p>\n<\/div>\n<\/div>\n<div id=\"ProductDescription\" class=\"Block Moveable Panel ProductDescription\">\n<div class=\"ProductDescriptionContainer\">\n<ul>\n<li class=\"bullet-star\"><strong>Dung l\u01b0\u1ee3ng<\/strong>: 283g<\/li>\n<li class=\"bullet-star\"><strong>Nh\u00e3n hi\u1ec7u<\/strong>:\u00a0St.Ives<\/li>\n<li class=\"bullet-star\"><strong>Xu\u1ea5t x\u1ee9<\/strong>: USA<\/li>\n<\/ul>\n<div id=\"ProductDescription\" class=\"Block Moveable Panel ProductDescription\">\n<div class=\"ProductDescriptionContainer\">\n<p>T\u1ea9y t\u1ebf b\u00e0o ch\u1ebft d\u1ea1ng h\u0169 StIves \u2013\u00a0Scrub StIves\u00a0l\u00e0 t\u1ea9y t\u1ebf b\u00e0o ch\u1ebft s\u1ed1 1 c\u1ee7a M\u1ef9 (\u0111\u01b0\u1ee3c t\u1ea1p ch\u00ed Allure b\u00ecnh ch\u1ecdn), t\u1ea9y da ch\u1ebft nh\u1eb9 nh\u00e0ng d\u00f9ng 100% h\u1ea1t t\u1ea9y l\u1ea5y t\u1eeb thi\u00ean nhi\u00ean l\u00e0m da m\u1ec1m m\u1ea1i s\u00e1ng kh\u1ecfe.<\/p>\n<\/div>\n<\/div>\n<\/div>\n<\/div>\n<h2>H\u01b0\u1edbng d\u1eabn s\u1eed d\u1ee5ng<\/h2>\n<div id=\"ProductDescription\" class=\"Block Moveable Panel ProductDescription\">\n<div class=\"ProductDescriptionContainer\">\n<ul>\n<li class=\"bullet-checkmark\">L\u00e0m \u1ea9m m\u1eb7t.<\/li>\n<li class=\"bullet-checkmark\">B\u00f4i s\u1ea3n ph\u1ea9m l\u00ean l\u00f2ng b\u00e0n tay v\u00e0 xoa b\u00f3p tr\u00ean m\u1eb7t.<\/li>\n<li class=\"bullet-checkmark\">R\u1eeda s\u1ea1ch v\u1edbi n\u01b0\u1edbc.<\/li>\n<li class=\"bullet-checkmark\">Tr\u00e1nh ti\u1ebfp x\u00fac tr\u1ef1c ti\u1ebfp v\u1edbi m\u1eaft.<\/li>\n<li class=\"bullet-checkmark\">Trong tr\u01b0\u1eddng h\u1ee3p ti\u1ebfp x\u00fac v\u1edbi m\u1eaft, r\u1eeda k\u1ef9 b\u1eb1ng n\u01b0\u1edbc.<\/li>\n<li class=\"bullet-checkmark\">\u0110\u1ec3 c\u00f3 k\u1ebft qu\u1ea3 t\u1ed1t nh\u1ea5t s\u1eed d\u1ee5ng 3-4 l\u1ea7n\/tu\u1ea7n<\/li>\n<\/ul>\n<\/div>\n<\/div>\n","protected":false},"excerpt":{"rendered":"<p>MI\u1ec4N PH\u00cd \u0111\u01a1n h\u00e0ng cho \u0111\u01a1n h\u00e0ng tr\u00ean 200k chuy\u1ec3n ti\u1ec1n tr\u01b0\u1edbc. MI\u1ec4N PH\u00cd \u0111\u01a1n h\u00e0ng khi mua 2 s\u1ea3n ph\u1ea9m nh\u1ecf h\u01a1n 20g. MI\u1ec4N PH\u00cd \u0111\u01a1n h\u00e0ng \u00e1p d\u1ee5ng \u0111\u01a1n h\u00e0ng tr\u00ean 500k<\/p>\n","protected":false},"featured_media":233,"comment_status":"open","ping_status":"closed","template":"","meta":[],"product_cat":[18,19],"product_tag":[],"_links":{"self":[{"href":"https:\/\/demo.bmconnect.vn\/daytrangdiem\/wp-json\/wp\/v2\/product\/232"}],"collection":[{"href":"https:\/\/demo.bmconnect.vn\/daytrangdiem\/wp-json\/wp\/v2\/product"}],"about":[{"href":"https:\/\/demo.bmconnect.vn\/daytrangdiem\/wp-json\/wp\/v2\/types\/product"}],"replies":[{"embeddable":true,"href":"https:\/\/demo.bmconnect.vn\/daytrangdiem\/wp-json\/wp\/v2\/comments?post=232"}],"wp:featuredmedia":[{"embeddable":true,"href":"https:\/\/demo.bmconnect.vn\/daytrangdiem\/wp-json\/wp\/v2\/media\/233"}],"wp:attachment":[{"href":"https:\/\/demo.bmconnect.vn\/daytrangdiem\/wp-json\/wp\/v2\/media?parent=232"}],"wp:term":[{"taxonomy":"product_cat","embeddable":true,"href":"https:\/\/demo.bmconnect.vn\/daytrangdiem\/wp-json\/wp\/v2\/product_cat?post=232"},{"taxonomy":"product_tag","embeddable":true,"href":"https:\/\/demo.bmconnect.vn\/daytrangdiem\/wp-json\/wp\/v2\/product_tag?post=232"}],"curies":[{"name":"wp","href":"https:\/\/api.w.org\/{rel}","templated":true}]}}