{"id":230,"date":"2019-04-22T07:43:33","date_gmt":"2019-04-22T07:43:33","guid":{"rendered":"http:\/\/demo.bmconnect.vn\/daytrangdiem\/?post_type=product&#038;p=230"},"modified":"2019-04-22T07:43:33","modified_gmt":"2019-04-22T07:43:33","slug":"bo-duong-chong-lao-hoa-therapy-the-faceshop","status":"publish","type":"product","link":"https:\/\/demo.bmconnect.vn\/daytrangdiem\/san-pham\/bo-duong-chong-lao-hoa-therapy-the-faceshop\/","title":{"rendered":"B\u1ed9 d\u01b0\u1ee1ng ch\u1ed1ng l\u00e3o h\u00f3a Therapy The Faceshop"},"content":{"rendered":"<p>Set d\u01b0\u1ee1ng da ch\u1ed1ng l\u00e3o h\u00f3a Mini The Therapy The Face Shop l\u00e0 m\u1ed9t gi\u1ea3i ph\u00e1p ch\u1ed1ng l\u00e3o h\u00f3a hi\u1ec7u qu\u1ea3, duy tr\u00ec s\u1ef1 t\u01b0\u01a1i tr\u1ebb c\u1ee7a l\u00e0n da, m\u1ed9t trong nh\u1eefng \u201csi\u00eau ph\u1ea9m\u201d c\u1ee7a H\u00e0n Qu\u1ed1c.<\/p>\n<div>The Therapy \u0111\u01b0\u1ee3c t\u1ea1o ra t\u1eeb vi\u1ec7c t\u1ec9 m\u1ec9 ch\u1ecdn l\u1ecdc v\u00e0 pha tr\u1ed9n b\u1eb1ng tay ( handmade blending ) nh\u1eefng c\u00f4ng th\u1ee9c d\u01b0\u1ee1ng da v\u00e0 nguy\u00ean li\u1ec7u qu\u00fd b\u00e1u t\u1eeb ch\u00e2u \u00c2u:<\/div>\n<div>Ch\u1ea5t men d\u01b0\u1ee1ng h\u01a1n 200 n\u0103m tu\u1ed5i t\u1eeb \u00dd.<\/div>\n<div>C\u00e1c th\u00e0nh ph\u1ea7n v\u00e0 nguy\u00ean li\u1ec7u tr\u1ea3i qua 135 c\u00f4ng \u0111o\u1ea1n pha tr\u1ed9n k\u1ebft h\u1ee3p th\u1ee7 c\u00f4ng \u0111\u1ec3 t\u1ea1o n\u00ean s\u1ea3n ph\u1ea9m.<\/div>\n<div>C\u00f4ng th\u1ee9c pha tr\u1ed9n v\u00e0 b\u1ea3o qu\u1ea3n ho\u00e0n to\u00e0n to\u00e0n t\u1ef1 nhi\u00ean, kh\u00f4ng ch\u1ee9a ch\u1ea5t b\u1ea3o qu\u1ea3n h\u00f3a h\u1ecdc, kh\u00f4ng ch\u1ee9a ch\u1ea5t l\u00e0m tr\u1eafng nh\u00e2n t\u1ea1o.<\/div>\n<div>\n<div id=\"ProductDescription\" class=\"Block Moveable Panel ProductDescription\">\n<div class=\"ProductDescriptionContainer\">\n<div>B\u1ed9 d\u01b0\u1ee1ng The Therapy mini g\u1ed3m: toner, serum, cream, cleansing foarm:<\/div>\n<ul>\n<li class=\"bullet-star\"><strong>Toner:\u00a0<\/strong>N\u01b0\u1edbc c\u00e2n b\u1eb1ng v\u1edbi k\u1ebft c\u1ea5u d\u1ea1ng gel gi\u00fap l\u00e0m m\u1ec1m m\u1ecbn b\u1ec1 m\u1eb7t da th\u00f4 s\u1ea7n v\u00e0 k\u00edch ho\u1ea1t kh\u1ea3 n\u0103ng h\u1ea5p th\u1ee5 d\u01b0\u1ee1ng ch\u1ea5t cho l\u00e0n da. C\u00f4ng th\u1ee9c d\u01b0\u1ee1ng da \u0111\u01b0\u1ee3c k\u1ebft h\u1ee3p t\u1eeb nh\u1eefng c\u00e1nh hoa c\u00fac, l\u00e1 nguy\u1ec7t qu\u1ebf v\u00e0 qu\u1ea3 \u00f4liu theo m\u1ed9t t\u1ec9 l\u1ec7 v\u00e0ng \u0111\u1ec3 t\u1ed1i \u0111a h\u00f3a kh\u1ea3 n\u0103ng ch\u1ed1ng l\u00e3o h\u00f3a cho da.<\/li>\n<li class=\"bullet-star\"><strong>Serum:<\/strong>\u00a0Ch\u1ed1ng l\u00e3o h\u00f3a kem d\u01b0\u1ee1ng \u1ea9m v\u1edbi c\u00f4ng th\u1ee9c pha tr\u1ed9n \u1ea9m v\u00e0 k\u1ebft c\u1ea5u v\u1eefng ch\u1eafc cho vi\u1ec7c ch\u1ed1ng l\u00e3o h\u00f3a da. Ph\u01b0\u01a1ng ph\u00e1p khu\u1ea5y ch\u1eadm trong c\u00f4ng th\u1ee9c pha tr\u1ed9n n\u01b0\u1edbc l\u1ea1nh gi\u00fap c\u1ea3i thi\u1ec7n n\u1ebfp nh\u0103n ch\u1ed1ng l\u00e3o h\u00f3a da.<\/li>\n<li class=\"bullet-star\"><strong>Cream:\u00a0<\/strong>K\u1ebft c\u1ea5u kem d\u1ea1ng x\u1ed1p m\u1ecbn mang l\u1ea1i kh\u1ea3 n\u0103ng th\u1ea9m th\u1ea5u c\u1ef1c nhanh v\u00e0 ho\u00e0n to\u00e0n kh\u00f4ng g\u00e2y c\u1ea3m gi\u00e1c d\u00ednh r\u00edt b\u00ed b\u00e1ch n\u1eb7ng n\u1ec1 cho da.<\/li>\n<li class=\"bullet-star\"><strong>Cleansing Foarm:\u00a0<\/strong>S\u1eefa r\u1eeda m\u1eb7t d\u1ea1ng kem gi\u00fap l\u00e0m s\u1ea1ch v\u00e0 m\u1ec1m m\u1ecbn b\u1ec1 m\u1eb7t da.<\/li>\n<\/ul>\n<\/div>\n<\/div>\n<\/div>\n","protected":false},"excerpt":{"rendered":"<p>C\u00e1c s\u1ea3n ph\u1ea9m d\u01b0\u1ee1ng da t\u1eeb Ph\u00e1p lu\u00f4n \u0111\u01b0\u1ee3c c\u00e1c n\u00e0ng tin t\u01b0\u1edfng, ngay c\u1ea3 nh\u1eefng b\u1ea1n kh\u00f3 t\u00ednh nh\u1ea5t b\u1edfi ch\u1ea5t l\u01b0\u1ee3ng v\u00e0 \u0111\u1ed9 an to\u00e0n, do \u0111\u01b0\u1ee3c ki\u1ec3m \u0111\u1ecbnh v\u00f4 c\u00f9ng g\u1eaft gao<\/p>\n","protected":false},"featured_media":231,"comment_status":"open","ping_status":"closed","template":"","meta":[],"product_cat":[18,19],"product_tag":[],"_links":{"self":[{"href":"https:\/\/demo.bmconnect.vn\/daytrangdiem\/wp-json\/wp\/v2\/product\/230"}],"collection":[{"href":"https:\/\/demo.bmconnect.vn\/daytrangdiem\/wp-json\/wp\/v2\/product"}],"about":[{"href":"https:\/\/demo.bmconnect.vn\/daytrangdiem\/wp-json\/wp\/v2\/types\/product"}],"replies":[{"embeddable":true,"href":"https:\/\/demo.bmconnect.vn\/daytrangdiem\/wp-json\/wp\/v2\/comments?post=230"}],"wp:featuredmedia":[{"embeddable":true,"href":"https:\/\/demo.bmconnect.vn\/daytrangdiem\/wp-json\/wp\/v2\/media\/231"}],"wp:attachment":[{"href":"https:\/\/demo.bmconnect.vn\/daytrangdiem\/wp-json\/wp\/v2\/media?parent=230"}],"wp:term":[{"taxonomy":"product_cat","embeddable":true,"href":"https:\/\/demo.bmconnect.vn\/daytrangdiem\/wp-json\/wp\/v2\/product_cat?post=230"},{"taxonomy":"product_tag","embeddable":true,"href":"https:\/\/demo.bmconnect.vn\/daytrangdiem\/wp-json\/wp\/v2\/product_tag?post=230"}],"curies":[{"name":"wp","href":"https:\/\/api.w.org\/{rel}","templated":true}]}}