{"id":226,"date":"2019-04-22T07:41:31","date_gmt":"2019-04-22T07:41:31","guid":{"rendered":"http:\/\/demo.bmconnect.vn\/daytrangdiem\/?post_type=product&#038;p=226"},"modified":"2019-04-22T07:50:09","modified_gmt":"2019-04-22T07:50:09","slug":"226","status":"publish","type":"product","link":"https:\/\/demo.bmconnect.vn\/daytrangdiem\/san-pham\/226\/","title":{"rendered":"M\u1eb7t n\u1ea1 ng\u1ee7 Opaeng Omija Snail Sleeping Pack 100ml"},"content":{"rendered":"<div id=\"ProductDescription\" class=\"Block Moveable Panel ProductDescription\">\n<div class=\"ProductDescriptionContainer\">\n<h2>M\u1eb7t n\u1ea1 ng\u1ee7 Opaeng Omija Snail Sleeping Pack 100ml<\/h2>\n<p>M\u1eb7t n\u1ea1 ng\u1ee7\u00a0Opaeng Omija Snail Sleeping Pack ch\u1ee9a chi\u1ebft xu\u1ea5t tr\u00e1i Omija l\u00e0m s\u00e1ng da v\u00e0 thu nh\u1ecf l\u1ed7 ch\u00e2n l\u00f4ng, duy tr\u00ec \u0111\u1ed9 \u1ea9m v\u00e0 cung c\u1ea5p th\u00eam c\u00e1c lo\u1ea1i Vitamin cho l\u00e0n da. \u0110\u1ed3ng th\u1eddi chi\u1ebft xu\u1ea5t \u1ed1c s\u00ean gi\u00fap gi\u1ea3m nh\u0103n, ch\u1ed1ng l\u00e3o h\u00f3a v\u00e0 t\u00e1i t\u1ea1o t\u1ebf b\u00e0o da gi\u00fap da s\u0103n ch\u1eafc, gi\u00fap ng\u0103n ng\u1eeba s\u1ef1 h\u00ecnh th\u00e0nh s\u1eafc t\u1ed1 Melanin g\u00e2y s\u1ea1m n\u00e1m da, b\u1ed5 sung n\u01b0\u1edbc gi\u00fap kh\u1eafc ph\u1ee5c t\u00ecnh tr\u1ea1ng da kh\u00f4 thi\u1ebfu s\u1ee9c s\u1ed1ng.<\/p>\n<div id=\"ProductDescription\" class=\"Block Moveable Panel ProductDescription\">\n<div class=\"ProductDescriptionContainer\">\n<p>N\u1eafng n\u00f3ng v\u00e0 \u00e1nh s\u00e1ng m\u1eb7t tr\u1eddi khi\u00ean da b\u1ea1n s\u1ea1m \u0111i v\u00e0 m\u1ea5t n\u01b0\u1edbc? B\u1ea1n ng\u1ea1i ch\u0103m s\u00f3c da nhi\u1ec1u b\u01b0\u1edbc v\u00ec kh\u00f4ng c\u00f3 th\u1eddi gian v\u00e0 e ng\u1ea1i l\u1ed7 ch\u00e2n l\u00f4ng d\u1ec5 b\u1ecb b\u00edt t\u1eafc?<\/p>\n<\/div>\n<\/div>\n<\/div>\n<\/div>\n<div id=\"ProductDescription\" class=\"Block Moveable Panel ProductDescription\">\n<div class=\"ProductDescriptionContainer\">\n<ul>\n<li class=\"bullet-star\">L\u00e0m da s\u00e1ng h\u1ed3ng v\u00e0 thu nh\u1ecf l\u1ed7 ch\u00e2n l\u00f4ng v\u1edbi chi\u1ebft xu\u1ea5t qu\u1ea3 Omija<\/li>\n<li class=\"bullet-star\">Gi\u1ea3m nh\u0103n v\u00e0 ch\u1ed1ng l\u00e3o h\u00f3a v\u1edbi chi\u1ebft xu\u1ea5t \u1ed1c s\u00ean<\/li>\n<li class=\"bullet-star\">D\u01b0\u1ee1ng da m\u1ec1m m\u1ecbn v\u00e0 cung c\u1ea5p \u0111\u1ed9 \u1ea9m c\u1ea7n thi\u1ebft<\/li>\n<\/ul>\n<div id=\"ProductDescription\" class=\"Block Moveable Panel ProductDescription\">\n<div class=\"ProductDescriptionContainer\">\n<p>Qu\u1ea3 Omija t\u1eeb l\u00e2u \u0111\u00e3 \u0111\u01b0\u1ee3c bi\u1ebft \u0111\u1ebfn v\u1edbi c\u00f4ng d\u1ee5ng l\u00e0m s\u00e1ng da v\u00e0 thu nh\u1ecf l\u1ed7 ch\u00e2n l\u00f4ng. Kh\u00f4ng nh\u1eefng th\u1ebf, n\u00f3 c\u00f2n gi\u00fap duy tr\u00ec \u0111\u1ed9 \u1ea9m v\u00e0 cung c\u1ea5p th\u00eam c\u00e1c lo\u1ea1i vitamin cho l\u00e0n da.<\/p>\n<p>Chi\u1ebft xu\u1ea5t d\u1ecbch nh\u1eddn c\u1ee7a \u1ed1c s\u00ean n\u1ed5i ti\u1ebfng v\u1edbi c\u00f4ng d\u1ee5ng gi\u1ea3m nh\u0103n, ch\u1ed1ng l\u00e3o h\u00f3a v\u00e0 t\u00e1i t\u1ea1o t\u1ebf b\u00e0o da gi\u00fap da s\u0103n ch\u1eafc, gi\u00fap ng\u0103n ng\u1eeba s\u1ef1 h\u00ecnh th\u00e0nh s\u1eafc t\u1ed1 melanin g\u00e2y s\u1ea1m n\u00e1m da, b\u1ed5 sung n\u01b0\u1edbc gi\u00fap kh\u1eafc ph\u1ee5c t\u00ecnh tr\u1ea1ng da kh\u00f4 thi\u1ebfu s\u1ee9c s\u1ed1ng.<\/p>\n<div id=\"ProductDescription\" class=\"Block Moveable Panel ProductDescription\">\n<div class=\"ProductDescriptionContainer\">\n<h2><strong>H\u01b0\u1edbng d\u1eabn s\u1eed d\u1ee5ng v\u00e0 b\u1ea3o qu\u1ea3n:\u00a0<\/strong><\/h2>\n<div id=\"ProductDescription\" class=\"Block Moveable Panel ProductDescription\">\n<div class=\"ProductDescriptionContainer\">\n<ul>\n<li class=\"bullet-star\">L\u1ea5y m\u1ed9t l\u01b0\u1ee3ng v\u1eeba \u0111\u1ee7 thoa \u0111\u1ec1u l\u00ean da tr\u01b0\u1edbc khi \u0111i ng\u1ee7<\/li>\n<li class=\"bullet-star\">D\u00f9ng c\u00e1ch ng\u00e0y<\/li>\n<li class=\"bullet-star\">C\u00f3 th\u1ec3 d\u00f9ng k\u1ebft h\u1ee3p v\u1edbi c\u00e1c s\u1ea3n ph\u1ea9m d\u01b0\u1ee1ng da kh\u00e1c<\/li>\n<li class=\"bullet-star\">B\u1ea3o qu\u1ea3n n\u01a1i kh\u00f4 r\u00e1o, tho\u00e1ng m\u00e1t, tr\u00e1nh \u00e1nh n\u1eafng tr\u1ef1c ti\u1ebfp v\u00e0 nhi\u1ec7t \u0111\u1ed9 cao<\/li>\n<\/ul>\n<\/div>\n<\/div>\n<\/div>\n<\/div>\n<\/div>\n<\/div>\n<\/div>\n<\/div>\n","protected":false},"excerpt":{"rendered":"<p>C\u00e1c s\u1ea3n ph\u1ea9m d\u01b0\u1ee1ng da t\u1eeb Ph\u00e1p lu\u00f4n \u0111\u01b0\u1ee3c c\u00e1c n\u00e0ng tin t\u01b0\u1edfng, ngay c\u1ea3 nh\u1eefng b\u1ea1n kh\u00f3 t\u00ednh nh\u1ea5t b\u1edfi ch\u1ea5t l\u01b0\u1ee3ng v\u00e0 \u0111\u1ed9 an to\u00e0n, do \u0111\u01b0\u1ee3c ki\u1ec3m \u0111\u1ecbnh v\u00f4 c\u00f9ng g\u1eaft gao. Toner Melvita \u2013 s\u1ea3n ph\u1ea9m tr\u1ee9 danh c\u1ee7a Melvita, h\u00e3ng d\u01b0\u1ee3c ph\u1ea9m organic \u0111\u01b0\u1ee3c th\u00e0nh l\u1eadp t\u1eeb n\u0103m 1983 s\u1ebd khi\u1ebfn b\u1ea1n h\u00e0i l\u00f2ng.<\/p>\n","protected":false},"featured_media":227,"comment_status":"open","ping_status":"closed","template":"","meta":[],"product_cat":[18,19],"product_tag":[],"_links":{"self":[{"href":"https:\/\/demo.bmconnect.vn\/daytrangdiem\/wp-json\/wp\/v2\/product\/226"}],"collection":[{"href":"https:\/\/demo.bmconnect.vn\/daytrangdiem\/wp-json\/wp\/v2\/product"}],"about":[{"href":"https:\/\/demo.bmconnect.vn\/daytrangdiem\/wp-json\/wp\/v2\/types\/product"}],"replies":[{"embeddable":true,"href":"https:\/\/demo.bmconnect.vn\/daytrangdiem\/wp-json\/wp\/v2\/comments?post=226"}],"wp:featuredmedia":[{"embeddable":true,"href":"https:\/\/demo.bmconnect.vn\/daytrangdiem\/wp-json\/wp\/v2\/media\/227"}],"wp:attachment":[{"href":"https:\/\/demo.bmconnect.vn\/daytrangdiem\/wp-json\/wp\/v2\/media?parent=226"}],"wp:term":[{"taxonomy":"product_cat","embeddable":true,"href":"https:\/\/demo.bmconnect.vn\/daytrangdiem\/wp-json\/wp\/v2\/product_cat?post=226"},{"taxonomy":"product_tag","embeddable":true,"href":"https:\/\/demo.bmconnect.vn\/daytrangdiem\/wp-json\/wp\/v2\/product_tag?post=226"}],"curies":[{"name":"wp","href":"https:\/\/api.w.org\/{rel}","templated":true}]}}