{"id":45,"date":"2019-04-22T05:36:40","date_gmt":"2019-04-22T05:36:40","guid":{"rendered":"http:\/\/demo.bmconnect.vn\/daytrangdiem\/?page_id=45"},"modified":"2019-04-22T10:01:13","modified_gmt":"2019-04-22T10:01:13","slug":"lop-beauty-blogger","status":"publish","type":"page","link":"https:\/\/demo.bmconnect.vn\/daytrangdiem\/lop-beauty-blogger\/","title":{"rendered":"L\u1edbp Beauty Blogger"},"content":{"rendered":"<div class=\"container section-title-container\">\n<h2 class=\"section-title section-title-normal\"><span class=\"section-title-main\">Gi\u1edbi thi\u1ec7u<\/span><\/h2>\n<\/div>\n<p>\u0110\u00fang nh\u01b0 t\u00ean g\u1ecdi, sau khi ho\u00e0n th\u00e0nh l\u1edbp n\u00e0y ngh\u0129a l\u00e0 b\u1ea1n \u0111ang \u0111i tr\u00ean con \u0111\u01b0\u1eddng tr\u1edf th\u00e0nh beauty blogger.<\/p>\n<p>Nhi\u1ec1u b\u1ea1n c\u00f3 n\u0103ng khi\u1ebfu, y\u00eau th\u00edch l\u00e0m \u0111\u1eb9p v\u00e0 chia s\u1ebd, mong mu\u1ed1n tr\u1edf th\u00e0nh beauty blogger nh\u01b0ng kh\u00f4ng bi\u1ebft ph\u1ea3i b\u1eaft \u0111\u1ea7u t\u1eeb \u0111\u00e2u, th\u00ec l\u1edbp h\u1ecdc n\u00e0y ch\u00ednh l\u00e0 b\u1ec7 ph\u00f3ng \u0111\u01b0a b\u1ea1n tr\u1edf th\u00e0nh 1 beauty blogger th\u1ef1c th\u1ee5.<\/p>\n<div class=\"container section-title-container\">\n<h2 class=\"section-title section-title-normal\"><span class=\"section-title-main\">Ai n\u00ean h\u1ecdc<\/span><\/h2>\n<\/div>\n<p>\u0110\u1ec3 tr\u1edf th\u00e0nh beauty blogger, b\u1ea1n b\u1eaft bu\u1ed9c c\u1ea7n c\u00f3 c\u00e1c y\u1ebfu t\u1ed1 sau:<\/p>\n<p>\u2013 Gia \u0111\u00ecnh c\u00f3 \u0111i\u1ec1u ki\u1ec7n: b\u1ea1n c\u1ea7n \u0111\u1ea7u t\u01b0 thi\u1ebft b\u1ecb, m\u1ef9 ph\u1ea9m, chi ph\u00ed l\u00e0m marketing.<\/p>\n<p>\u2013 Kh\u1ea3 n\u0103ng \u0103n n\u00f3i l\u01b0u lo\u00e1t, ho\u1ea1t b\u00e1t v\u00e0 bi\u1ebft pha tr\u00f2 l\u00e0 l\u1ee3i th\u1ebf.<\/p>\n<p>\u2013 Ph\u1ea3i c\u00f3 t\u00ednh ki\u00ean nh\u1eabn, kh\u00f4ng ph\u1ea3i l\u00e0m l\u00e0 th\u00e0nh c\u00f4ng li\u1ec1n, c\u1ea7n ph\u1ea3i c\u00f3 s\u1ef1 ki\u00ean tr\u00ec.<\/p>\n<p>C\u00e1i n\u00e0y xem nh\u01b0 l\u00e0 v\u1ed1n \u0111\u1ea7u t\u01b0, sau n\u00e0y thu l\u1ea1i nh\u00e9 ^^.<\/p>\n<div class=\"container section-title-container\">\n<h2 class=\"section-title section-title-normal\"><span class=\"section-title-main\">N\u1ed9i dung<\/span><\/h2>\n<\/div>\n<p>L\u1edbp h\u1ecdc n\u00e0y c\u00f3 g\u00ec \u0111\u1eb7c bi\u1ec7t:<\/p>\n<p>\u2013 B\u1ea1n s\u1ebd \u0111\u01b0\u1ee3c V\u00e2n h\u01b0\u1edbng d\u1eabn c\u00e1ch n\u00f3i chuy\u1ec7n, di\u1ec5n \u0111\u1ea1t tr\u01b0\u1edbc \u1ed1ng k\u00ednh sao cho t\u1ef1 nhi\u00ean v\u00e0 cu\u1ed1n h\u00fat.<\/p>\n<p>\u2013 H\u1ecdc c\u00e1ch ch\u0103m s\u00f3c da \u0111\u1ec3 c\u00f3 l\u00e0n da \u0111\u1eb9p, l\u00ean video l\u00fac n\u00e0o c\u0169ng t\u01b0\u01a1i kh\u00f4ng c\u1ea7n t\u01b0\u1edbi.<\/p>\n<p>\u2013 H\u1ecdc c\u00e1ch trang \u0111i\u1ec3m cho b\u1ea3n th\u00e2n v\u00e0 ng\u01b0\u1eddi kh\u00e1c.<\/p>\n<p>\u2013 H\u1ecdc c\u00e1ch t\u1ebft t\u00f3c chuy\u00ean nghi\u1ec7p.<\/p>\n<p>\u2013 C\u00e1ch ch\u1ecdn trang ph\u1ee5c, ph\u1ee5 ki\u1ec7n, phong c\u00e1ch ph\u00f9 h\u1ee3p.<\/p>\n<p>\u2013 L\u1ef1a ch\u1ecdn thi\u1ebft b\u1ecb quay ph\u00f9 h\u1ee3p.<\/p>\n<p>\u2013 C\u00e1ch setup ph\u00f2ng quay.<\/p>\n<p>\u2013 C\u00e1ch l\u00ean k\u1ecbch b\u1ea3n, edit, d\u1ee5ng v\u00e0 xu\u1ea5t video.<\/p>\n<p>\u2013 L\u1eadp k\u00eanh, fanpage, c\u00e1ch qu\u1ea3n l\u00fd.<\/p>\n<p>\u2013 L\u00ean k\u1ebf ho\u1ea1ch n\u1ed9i dung cho k\u00eanh v\u00e0 fanpage.<\/p>\n<p>\u2013 T\u1ed1i \u01b0u v\u00e0 ph\u00e1t tri\u1ec3n k\u00eanh, fanpage.<\/p>\n<p>\u2013 C\u00e1ch l\u1ef1a ch\u1ecdn v\u00e0 l\u00e0m vi\u1ec7c v\u1edbi nh\u00e3n h\u00e0ng.<\/p>\n<p>\u2013 X\u00e2y d\u1ef1ng h\u00ecnh \u1ea3nh c\u00e1 nh\u00e2n.<\/p>\n<p>\u2013 L\u00ean s\u00f3ng c\u00f9ng V\u00e2n trong 3-5 video.<\/p>\n<div class=\"container section-title-container\">\n<h2 class=\"section-title section-title-normal\"><span class=\"section-title-main\">Th\u1eddi gian<\/span><\/h2>\n<\/div>\n<p>L\u1edbp beauty blogger h\u1ecdc trong 3 th\u00e1ng.<\/p>\n<ul>\n<li>L\u1edbp: T\u1ed1i 2-4-6, th\u1eddi gian: 17-19h.<\/li>\n<li>L\u1edbp: T\u1ed1i 3-5-7, th\u1eddi gian: 17-19h.<\/li>\n<\/ul>\n<div class=\"container section-title-container\">\n<h2 class=\"section-title section-title-normal\"><span class=\"section-title-main\">\u0110\u1ecba \u0111i\u1ec3m<\/span><\/h2>\n<p>Vanmiu Beauty \u2013 4 \u0110\u01b0\u1eddng 17, P. Linh T\u00e2y, Q. Th\u1ee7 \u0110\u1ee9c, TP.HCM<\/p>\n<div class=\"container section-title-container\">\n<h2 class=\"section-title section-title-normal\"><span class=\"section-title-main\">H\u1ecdc ph\u00ed<\/span><\/h2>\n<\/div>\n<p>\u2013 H\u1ecdc ph\u00ed l\u1edbp beauty blogger: 50 tri\u1ec7u\/kh\u00f3a\/h\u1ecdc vi\u00ean<\/p>\n<p>\u2013 H\u1ecdc ph\u00ed \u0111\u00f3ng 2 l\u1ea7n:<\/p>\n<p>+ L\u1ea7n 1: 1.5 tri\u1ec7u, chuy\u1ec3n kho\u1ea3n ngay sau khi \u0111\u0103ng k\u00fd \u0111\u1ec3 \u0111\u1ec3 \u0111\u01b0\u1ee3c s\u1eafp l\u1edbp.<\/p>\n<p>+ L\u1ea7n 2: 48.5 tri\u1ec7u, chuy\u1ec3n kho\u1ea3n ho\u1eb7c \u0111\u00f3ng tr\u1ef1c ti\u1ebfp sau bu\u1ed5i h\u1ecdc th\u1ee9 3.<\/p>\n<p>N\u1ebfu so v\u1edbi chi ph\u00ed v\u00e0 th\u1eddi gian b\u1ecf ra \u0111\u1ec3 h\u1ecdc \u0111\u1ea1i h\u1ecdc th\u00ec \u0111\u00e2y ch\u1ec9 l\u00e0 1 ph\u1ea7n r\u1ea5t nh\u1ecf nh\u01b0ng gi\u00e1 tr\u1ecb mang l\u1ea1i th\u00ec v\u00f4 c\u00f9ng l\u1edbn.<\/p>\n<div class=\"container section-title-container\">\n<h2 class=\"section-title section-title-normal\"><span class=\"section-title-main\">Th\u00f4ng tin chuy\u1ec3n kho\u1ea3n<\/span><\/h2>\n<\/div>\n<p>Ch\u1ee7 t\u00e0i kho\u1ea3n: Dao Cam Van<\/p>\n<p>STK: 0381000460584<\/p>\n<p>Ng\u00e2n h\u00e0ng Vietcombank \u2013 Chi nh\u00e1nh Th\u1ee7 \u0110\u1ee9c<\/p>\n<p>Ch\u00fa \u00fd: ph\u1ea7n n\u1ed9i dung chuy\u1ec3n kho\u1ea3n c\u00e1c b\u1ea1n ph\u1ea3i ghi nh\u01b0 th\u00f4ng tin b\u00ean d\u01b0\u1edbi th\u00ec V\u00e2n m\u1edbi bi\u1ebft c\u1ee7a b\u1ea1n n\u00e0o \u0111\u1ec3 s\u1eafp l\u1edbp nh\u00e9.<\/p>\n<p>N\u1ed9i dung chuy\u1ec3n kho\u1ea3n ghi: lop bb \u2013 T\u00ean \u2013 S\u0110T<\/p>\n<\/div>\n","protected":false},"excerpt":{"rendered":"<p>Gi\u1edbi thi\u1ec7u \u0110\u00fang nh\u01b0 t\u00ean g\u1ecdi, sau khi ho\u00e0n th\u00e0nh l\u1edbp n\u00e0y ngh\u0129a l\u00e0 b\u1ea1n \u0111ang \u0111i tr\u00ean con \u0111\u01b0\u1eddng tr\u1edf th\u00e0nh beauty blogger. Nhi\u1ec1u b\u1ea1n c\u00f3 n\u0103ng khi\u1ebfu, y\u00eau th\u00edch l\u00e0m \u0111\u1eb9p v\u00e0 chia s\u1ebd, mong mu\u1ed1n tr\u1edf th\u00e0nh beauty blogger nh\u01b0ng kh\u00f4ng bi\u1ebft ph\u1ea3i b\u1eaft \u0111\u1ea7u t\u1eeb \u0111\u00e2u, th\u00ec l\u1edbp h\u1ecdc n\u00e0y ch\u00ednh &#8230;<\/p>\n","protected":false},"author":1,"featured_media":0,"parent":0,"menu_order":0,"comment_status":"closed","ping_status":"closed","template":"page-right-sidebar.php","meta":[],"_links":{"self":[{"href":"https:\/\/demo.bmconnect.vn\/daytrangdiem\/wp-json\/wp\/v2\/pages\/45"}],"collection":[{"href":"https:\/\/demo.bmconnect.vn\/daytrangdiem\/wp-json\/wp\/v2\/pages"}],"about":[{"href":"https:\/\/demo.bmconnect.vn\/daytrangdiem\/wp-json\/wp\/v2\/types\/page"}],"author":[{"embeddable":true,"href":"https:\/\/demo.bmconnect.vn\/daytrangdiem\/wp-json\/wp\/v2\/users\/1"}],"replies":[{"embeddable":true,"href":"https:\/\/demo.bmconnect.vn\/daytrangdiem\/wp-json\/wp\/v2\/comments?post=45"}],"version-history":[{"count":2,"href":"https:\/\/demo.bmconnect.vn\/daytrangdiem\/wp-json\/wp\/v2\/pages\/45\/revisions"}],"predecessor-version":[{"id":465,"href":"https:\/\/demo.bmconnect.vn\/daytrangdiem\/wp-json\/wp\/v2\/pages\/45\/revisions\/465"}],"wp:attachment":[{"href":"https:\/\/demo.bmconnect.vn\/daytrangdiem\/wp-json\/wp\/v2\/media?parent=45"}],"curies":[{"name":"wp","href":"https:\/\/api.w.org\/{rel}","templated":true}]}}