{"id":41,"date":"2019-04-22T05:36:19","date_gmt":"2019-04-22T05:36:19","guid":{"rendered":"http:\/\/demo.bmconnect.vn\/daytrangdiem\/?page_id=41"},"modified":"2019-04-22T09:56:56","modified_gmt":"2019-04-22T09:56:56","slug":"lop-trang-diem-ca-nhan-quan-10","status":"publish","type":"page","link":"https:\/\/demo.bmconnect.vn\/daytrangdiem\/lop-trang-diem-ca-nhan-quan-10\/","title":{"rendered":"L\u1edbp trang \u0111i\u1ec3m c\u00e1 nh\u00e2n qu\u1eadn 10"},"content":{"rendered":"<div class=\"container section-title-container\">\n<h2 class=\"section-title section-title-normal\"><span class=\"section-title-main\">L\u00fd do b\u1ea1n n\u00ean h\u1ecdc trang \u0111i\u1ec3m\u00a0<\/span><\/h2>\n<\/div>\n<p>\u201cT\u00f4i \u0111\u1eb9p, t\u00f4i c\u00f3 quy\u1ec1n.\u201d<br \/>\nC\u00e2u n\u00f3i ng\u1eafn g\u1ecdn nh\u01b0ng n\u00f3i l\u00ean t\u1ea5t c\u1ea3:<br \/>\n\u2013 \u0110\u1eb9p l\u00e0m g\u00ec c\u0169ng d\u1ec5: \u0111\u1ed3ng nghi\u1ec7p, \u0111\u1ed1i t\u00e1c, s\u1ebfp\u2026 lu\u00f4n d\u00e0nh s\u1ef1 \u01b0u \u00e1i cho b\u1ea1n.<br \/>\n\u2013 Ph\u1ecfng v\u1ea5n xin vi\u1ec7c c\u0169ng d\u1ec5 d\u00e0ng h\u01a1n.<br \/>\n\u2013 Xinh \u0111\u1eb9p th\u00ec c\u00f3 nhi\u1ec1u s\u1ef1 l\u1ef1a ch\u1ecdn \u0111\u1ec3 t\u00ecm ra ng\u01b0\u1eddi iu, ng\u01b0\u1eddi ch\u1ed3ng t\u01b0\u01a1ng lai ph\u00f9 h\u1ee3p nh\u1ea5t.<br \/>\n\u2013 \u0110i ti\u1ec7c b\u1ea1n b\u00e8 xung quanh ai c\u0169ng t\u1eafm t\u1eafc khen.<br \/>\n\u2013 \u0110i ch\u01a1i b\u1ecdn con trai l\u00e1t m\u1eaft nh\u00ecn b\u1ea1n, b\u1ea1n l\u00e0 t\u00e2m \u0111i\u1ec3m c\u1ee7a \u0111\u00e1m \u0111\u00f4ng.<br \/>\nN\u00f3i \u0111\u01a1n gi\u1ea3n l\u00e0 b\u1ea1n s\u1ebd t\u1ef1 tin v\u1edbi b\u1ea3n th\u00e2n m\u00ecnh h\u01a1n, b\u1ea1n s\u1ebd n\u1ed7i b\u1eadt gi\u1eefa \u0111\u00e1m \u0111\u00f4ng v\u00e0 b\u1ea1n ch\u1ee7 \u0111\u1ed9ng t\u1ef1 trang \u0111i\u1ec3m \u0111i ch\u01a1i, \u0111i h\u1ecdc, \u0111i l\u00e0m\u2026theo\u00a0phong c\u00e1ch m\u00ecnh th\u00edch.<\/p>\n<div>\n<div class=\"container section-title-container\">\n<h2 class=\"section-title section-title-normal\"><span class=\"section-title-main\">B\u1ea1n \u0111\u01b0\u1ee3c h\u1ecdc g\u00ec?<\/span><\/h2>\n<\/div>\n<div>\u2013 \u0110\u1ea7u gi\u1edd: giao l\u01b0u v\u00e0 chu\u1ea9n b\u1ecb.<\/div>\n<div>\u2013 Bu\u1ed5i 1: H\u1ecdc v\u1ec1 k\u1ef9 n\u0103ng \u0111\u00e1nh n\u1ec1n, c\u00e1ch t\u1ea1o kh\u1ed1i cho g\u01b0\u01a1ng m\u1eb7t, m\u00e1 h\u1ed3ng.<\/div>\n<div>\u2013 Bu\u1ed5i 2: H\u1ecdc x\u00e1c \u0111\u1ecbnh form ch\u00e2n m\u00e0y, c\u00e1ch k\u1ebb ch\u00e2n m\u00e0y, \u0111\u00e1nh m\u1eaft ki\u1ec3u 1 (fan shape).<\/div>\n<div>\u2013 Bu\u1ed5i 3: H\u1ecdc c\u00e1ch \u0111\u00e1nh m\u1eaft ki\u1ec3u 2 (Snow Globe) + K\u1ebb eyeliner cho t\u1eebng d\u00e1ng m\u1eaft.<\/div>\n<div>\u2013 Bu\u1ed5i 4: H\u1ecdc \u0111\u00e1nh m\u1eaft ki\u1ec3u 3 (smokey eyes) + G\u1eafn l\u00f4ng mi gi\u1ea3.<\/div>\n<div>\u2013\u00a0Cu\u1ed1i gi\u1edd: T\u1ed5ng k\u1ebft, ch\u1ecdn ra h\u1ecdc vi\u00ean xu\u1ea5t s\u1eafc t\u1eb7ng qu\u00e0, ch\u1ee5p h\u00ecnh l\u01b0u ni\u1ec7m v\u1edbi l\u1edbp.<\/div>\n<div>* ph\u1ea7n qu\u00e0 l\u00e0 1 su\u1ea5t h\u1ecdc b\u1ed5ng kh\u00f3a trang \u0111i\u1ec3m chuy\u00ean nghi\u1ec7p tr\u1ecb gi\u00e1 30 tri\u1ec7u.(Qu\u00e0 kh\u00f4ng c\u00f3 gi\u00e1 tr\u1ecb quy \u0111\u1ed5i hi\u1ec7n kim ho\u1eb7c b\u00e1n, cho, t\u1eb7ng ng\u01b0\u1eddi kh\u00e1c.)<\/div>\n<div>\n<div class=\"container section-title-container\">\n<h2 class=\"section-title section-title-normal\"><span class=\"section-title-main\">Th\u1eddi gian<\/span><\/h2>\n<\/div>\n<p>L\u1edbp trang \u0111i\u1ec3m c\u00e1 nh\u00e2n h\u1ecdc trong 2 ng\u00e0y (4 bu\u1ed5i, m\u1ed7i bu\u1ed5i 3 ti\u1ebfng).<\/p>\n<p>Th\u1eddi gian:<br \/>\n\u2013 Th\u1ee9 7, ng\u00e0y 11\/11\/2017, s\u00e1ng: 9h-12h, chi\u1ec1u: 13h30 \u2013 16h30<br \/>\n\u2013 Ch\u1ee7 nh\u1eadt, ng\u00e0y 12\/11\/2017, s\u00e1ng: 9h-12h, chi\u1ec1u: 13h30 \u2013 16h30, t\u1ed5ng k\u1ebft: 16h30-17h.<br \/>\n\u2013 \u0110\u1ecba \u0111i\u1ec3m: 171 Cao Th\u1eafng, Ph\u01b0\u1eddng 12, Qu\u1eadn 10 \u2013 Tp.HCM.<br \/>\nL\u01b0u \u00fd:<br \/>\n\u2013 B\u1ea1n n\u00e0o ch\u01b0a c\u00f3 c\u1ecd, m\u1ef9 ph\u1ea9m c\u00f3 th\u1ec3 mua t\u1ea1i l\u1edbp: b\u1ed9 c\u1ecd 900k , b\u1ed9 m\u1ef9 ph\u1ea9m 990k.<\/p>\n<div class=\"container section-title-container\">\n<h2 class=\"section-title section-title-normal\"><span class=\"section-title-main\">\u0110\u1ecba \u0111i\u1ec3m h\u1ecdc t\u1ea1i qu\u1eadn 10<\/span><\/h2>\n<\/div>\n<p>Ph\u00f2ng 308, s\u1ed1 171 Cao Th\u1eafng, ph\u01b0\u1eddng 12, qu\u1eadn 10, TP. H\u1ed3 Ch\u00ed Minh.<br \/>\n<em>( T\u00f2a nh\u00e0 Duy T\u00e2n Plaza, ngay ng\u00e3 t\u01b0 \u0111\u01b0\u1eddng 3\/2 v\u00e0 Cao Th\u1eafng k\u00e9o d\u00e0i )<\/em><\/p>\n<div class=\"container section-title-container\">\n<h2 class=\"section-title section-title-normal\"><span class=\"section-title-main\">H\u1ecdc ph\u00ed<\/span><\/h2>\n<\/div>\n<p>\u2013 H\u1ecdc ph\u00ed l\u1edbp c\u00e1 nh\u00e2n: 1.5 tri\u1ec7u\/kh\u00f3a\/h\u1ecdc vi\u00ean<br \/>\n\u2013 H\u1ecdc ph\u00ed \u0111\u00f3ng 1 l\u1ea7n,\u00a0chuy\u1ec3n kho\u1ea3n ngay sau khi \u0111\u0103ng k\u00fd \u0111\u1ec3 \u0111\u1ec3 \u0111\u01b0\u1ee3c \u01b0u ti\u00ean s\u1eafp l\u1edbp.<\/p>\n<div class=\"container section-title-container\">\n<h2 class=\"section-title section-title-normal\"><span class=\"section-title-main\">Th\u00f4ng tin chuy\u1ec3n kho\u1ea3n<\/span><\/h2>\n<\/div>\n<p>Ch\u1ee7 t\u00e0i kho\u1ea3n: Dao Cam Van<br \/>\nSTK: 0381000460584<br \/>\nNg\u00e2n h\u00e0ng Vietcombank \u2013 Chi nh\u00e1nh Th\u1ee7 \u0110\u1ee9c<br \/>\nCh\u00fa \u00fd: ph\u1ea7n n\u1ed9i dung chuy\u1ec3n kho\u1ea3n c\u00e1c b\u1ea1n ph\u1ea3i ghi nh\u01b0 th\u00f4ng tin b\u00ean d\u01b0\u1edbi th\u00ec V\u00e2n m\u1edbi bi\u1ebft c\u1ee7a b\u1ea1n n\u00e0o \u0111\u1ec3 s\u1eafp l\u1edbp nh\u00e9.<\/p>\n<p>N\u1ed9i dung chuy\u1ec3n kho\u1ea3n ghi: lop ca nhan Quan 10 \u2013 T\u00ean \u2013 S\u0110T<\/p>\n<\/div>\n<\/div>\n","protected":false},"excerpt":{"rendered":"<p>L\u00fd do b\u1ea1n n\u00ean h\u1ecdc trang \u0111i\u1ec3m\u00a0 \u201cT\u00f4i \u0111\u1eb9p, t\u00f4i c\u00f3 quy\u1ec1n.\u201d C\u00e2u n\u00f3i ng\u1eafn g\u1ecdn nh\u01b0ng n\u00f3i l\u00ean t\u1ea5t c\u1ea3: \u2013 \u0110\u1eb9p l\u00e0m g\u00ec c\u0169ng d\u1ec5: \u0111\u1ed3ng nghi\u1ec7p, \u0111\u1ed1i t\u00e1c, s\u1ebfp\u2026 lu\u00f4n d\u00e0nh s\u1ef1 \u01b0u \u00e1i cho b\u1ea1n. \u2013 Ph\u1ecfng v\u1ea5n xin vi\u1ec7c c\u0169ng d\u1ec5 d\u00e0ng h\u01a1n. \u2013 Xinh \u0111\u1eb9p th\u00ec c\u00f3 nhi\u1ec1u s\u1ef1 &#8230;<\/p>\n","protected":false},"author":1,"featured_media":0,"parent":0,"menu_order":0,"comment_status":"closed","ping_status":"closed","template":"page-right-sidebar.php","meta":[],"_links":{"self":[{"href":"https:\/\/demo.bmconnect.vn\/daytrangdiem\/wp-json\/wp\/v2\/pages\/41"}],"collection":[{"href":"https:\/\/demo.bmconnect.vn\/daytrangdiem\/wp-json\/wp\/v2\/pages"}],"about":[{"href":"https:\/\/demo.bmconnect.vn\/daytrangdiem\/wp-json\/wp\/v2\/types\/page"}],"author":[{"embeddable":true,"href":"https:\/\/demo.bmconnect.vn\/daytrangdiem\/wp-json\/wp\/v2\/users\/1"}],"replies":[{"embeddable":true,"href":"https:\/\/demo.bmconnect.vn\/daytrangdiem\/wp-json\/wp\/v2\/comments?post=41"}],"version-history":[{"count":4,"href":"https:\/\/demo.bmconnect.vn\/daytrangdiem\/wp-json\/wp\/v2\/pages\/41\/revisions"}],"predecessor-version":[{"id":462,"href":"https:\/\/demo.bmconnect.vn\/daytrangdiem\/wp-json\/wp\/v2\/pages\/41\/revisions\/462"}],"wp:attachment":[{"href":"https:\/\/demo.bmconnect.vn\/daytrangdiem\/wp-json\/wp\/v2\/media?parent=41"}],"curies":[{"name":"wp","href":"https:\/\/api.w.org\/{rel}","templated":true}]}}