{"id":39,"date":"2019-04-22T05:36:08","date_gmt":"2019-04-22T05:36:08","guid":{"rendered":"http:\/\/demo.bmconnect.vn\/daytrangdiem\/?page_id=39"},"modified":"2019-04-22T09:54:10","modified_gmt":"2019-04-22T09:54:10","slug":"lop-trang-diem-ca-nhan","status":"publish","type":"page","link":"https:\/\/demo.bmconnect.vn\/daytrangdiem\/lop-trang-diem-ca-nhan\/","title":{"rendered":"L\u1edbp trang \u0111i\u1ec3m c\u00e1 nh\u00e2n"},"content":{"rendered":"<h2>Gi\u1edbi thi\u1ec7u<\/h2>\n<p><em><strong>V\u1edbi Vanmiu Beauty \u2013 \u201cKh\u00f4ng c\u00f3 ng\u01b0\u1eddi ph\u1ee5 n\u1eef x\u1ea5u, ch\u1ec9 c\u00f3 ng\u01b0\u1eddi ph\u1ee5 n\u1eef ch\u01b0a bi\u1ebft l\u00e0m \u0111\u1eb9p\u201d.<\/strong><\/em><\/p>\n<ul>\n<li>N\u1ebfu b\u1ea1n ch\u01b0a t\u1ef1 tin v\u1edbi b\u1ea3n th\u00e2n<\/li>\n<li>N\u1ebfu b\u1ea1n mu\u1ed1n n\u1ed5i b\u1eadt gi\u1eefa \u0111\u00e1m \u0111\u00f4ng.<\/li>\n<li>Ho\u1eb7c \u0111\u01a1n gi\u1ea3n l\u00e0 b\u1ea1n mu\u1ed1n t\u1ef1 trang \u0111i\u1ec3m \u0111\u1ec3 \u0111i ch\u01a1i, \u0111i h\u1ecdc, \u0111i l\u00e0m, \u0111i d\u1ef1 ti\u1ec7c\u2026<\/li>\n<\/ul>\n<p>-->Th\u00ec \u0111\u00e2y ch\u00ednh l\u00e0 l\u1edbp trang \u0111i\u1ec3m c\u00e1 nh\u00e2n b\u1ea1n n\u00ean h\u1ecdc.<\/p>\n<div class=\"video video-fit mb\"><iframe loading=\"lazy\" class=\"     lazyloaded\" src=\"https:\/\/www.youtube.com\/embed\/Yzy07iZbPRQ?feature=oembed\" width=\"1020\" height=\"574\" frameborder=\"0\" allowfullscreen=\"allowfullscreen\" data-lazy-src=\"https:\/\/www.youtube.com\/embed\/Yzy07iZbPRQ?feature=oembed\" data-mce-fragment=\"1\"><\/iframe><\/div>\n<div><\/div>\n<h2>Quy\u1ec1n l\u1ee3i<\/h2>\n<div>\n<p>\u2013 L\u1edbp h\u1ecdc do V\u00e2n tr\u1ef1c ti\u1ebfp \u0111\u1ee9ng l\u1edbp h\u01b0\u1edbng d\u1eabn.<\/p>\n<p>\u2013 M\u1ed7i l\u1edbp ch\u1ec9 5 h\u1ecdc vi\u00ean, \u0111\u1ea3m b\u1ea3o ch\u1ea5t l\u01b0\u1ee3ng l\u1edbp h\u1ecdc cao nh\u1ea5t.<\/p>\n<p>\u2013 L\u1edbp h\u1ecdc \u0111\u01b0\u1ee3c trang b\u1ecb s\u1eb5n m\u1ef9 ph\u1ea9m, c\u00e1c n\u00e0ng ch\u1ec9 c\u1ea7n \u0111\u1ebfn v\u00e0 h\u1ecdc th\u00f4i.<\/p>\n<p>\u2013 K\u1ebft th\u00fac kh\u00f3a h\u1ecdc c\u00e1c n\u00e0ng c\u00f3 th\u1ec3 t\u1ef1 trang \u0111i\u1ec3m cho m\u00ecnh theo c\u00e1ch c\u00e1c n\u00e0ng th\u00edch.<\/p>\n<p>\u2013 C\u00e1c n\u00e0ng lu\u00f4n \u0111\u01b0\u1ee3c h\u1ed7 tr\u1ee3 t\u1ed1t nh\u1ea5t th\u00f4ng qua group:\u00a0<a href=\"https:\/\/www.facebook.com\/groups\/hocvienmakeup\/\">https:\/\/www.facebook.com\/groups\/hocvienmakeup\/<\/a>.<\/p>\n<h2>N\u1ed9i dung<\/h2>\n<div>\u2013 Bu\u1ed5i 1: H\u1ecdc v\u1ec1 k\u1ef9 n\u0103ng \u0111\u00e1nh n\u1ec1n, c\u00e1ch t\u1ea1o kh\u1ed1i cho g\u01b0\u01a1ng m\u1eb7t, m\u00e1 h\u1ed3ng<\/div>\n<div>\u2013 Bu\u1ed5i 2: H\u1ecdc x\u00e1c \u0111\u1ecbnh form ch\u00e2n m\u00e0y, c\u00e1ch k\u1ebb ch\u00e2n m\u00e0y, \u0111\u00e1nh m\u1eaft ki\u1ec3u 1 (fan shape)<\/div>\n<div>\u2013 Bu\u1ed5i 3: H\u1ecdc c\u00e1ch \u0111\u00e1nh m\u1eaft ki\u1ec3u 2 (Snow Globe) + K\u1ebb eyeliner cho t\u1eebng d\u00e1ng m\u1eaft<\/div>\n<div>\u2013 Bu\u1ed5i 4: H\u1ecdc \u0111\u00e1nh m\u1eaft ki\u1ec3u 3 (smokey eyes) + G\u1eafn l\u00f4ng mi gi\u1ea3.<\/div>\n<div>\u2013 Bu\u1ed5i 5: Th\u1ef1c h\u00e0nh trang \u0111i\u1ec3m to\u00e0n di\u1ec7n v\u00e0 \u0111\u00e1nh gi\u00e1 c\u1ee7a gi\u00e1o vi\u00ean.<\/div>\n<div>\u2013\u00a0Bu\u1ed5i 6: Th\u1ef1c h\u00e0nh trang \u0111i\u1ec3m to\u00e0n di\u1ec7n v\u00e0 t\u1ed5ng k\u1ebft.<\/div>\n<h2>Y\u00eau c\u1ea7u<\/h2>\n<div>\u2013 M\u1ed7i h\u1ecdc vi\u00ean ph\u1ea3i c\u00f3 1 b\u1ed9 c\u1ecd ri\u00eang \u0111\u1ec3 gi\u1eef v\u1ec7 sinh c\u00e1 nh\u00e2n (n\u1ebfu ch\u01b0a c\u00f3 th\u00ec c\u00f3 th\u1ec3 mua t\u1ea1i l\u1edbp).<br \/>\n\u2013 Ph\u1ea3i th\u1ef1c h\u00e0nh b\u00e0i t\u1eadp v\u1ec1 nh\u00e0 \u0111\u1ea7y \u0111\u1ee7.<\/div>\n<div>Th\u1eddi gian &amp; h\u1ecdc ph\u00ed<\/div>\n<div>\n<div class=\"container section-title-container\">\n<h2 class=\"section-title section-title-normal\"><span class=\"section-title-main\">Th\u1eddi gian<\/span><\/h2>\n<\/div>\n<p>Khai gi\u1ea3ng l\u1edbp T9: Th\u1ee9 2, ng\u00e0y 04\/9\/2017<\/p>\n<p>L\u1edbp trang \u0111i\u1ec3m c\u00e1 nh\u00e2n h\u1ecdc trong 6 bu\u1ed5i.<\/p>\n<ul>\n<li>L\u1edbp: chi\u1ec1u 2-4-6, th\u1eddi gian: 14h-16h.<\/li>\n<li>L\u1edbp: chi\u1ec1u 3-5-7, th\u1eddi gian: 14h-16h.<\/li>\n<li>L\u1edbp T\u1ed1i th\u1ee9 7 (18h-20h) \u2013 S\u00e1ng CN (10h-12h)<\/li>\n<li>Vanmiu Beauty \u2013 52\/9 Cao Th\u1eafng, P.5, Q.3, TP.HCM<\/li>\n<\/ul>\n<div class=\"container section-title-container\">\n<h2 class=\"section-title section-title-normal\"><span class=\"section-title-main\">H\u1ecdc ph\u00ed<\/span><\/h2>\n<\/div>\n<p>\u2013 H\u1ecdc ph\u00ed l\u1edbp c\u00e1 nh\u00e2n: 2 tri\u1ec7u\/kh\u00f3a\/h\u1ecdc vi\u00ean<\/p>\n<p>\u2013 H\u1ecdc ph\u00ed \u0111\u00f3ng 1 l\u1ea7n,\u00a0chuy\u1ec3n kho\u1ea3n ngay sau khi \u0111\u0103ng k\u00fd \u0111\u1ec3 \u0111\u1ec3 \u0111\u01b0\u1ee3c s\u1eafp l\u1edbp.<\/p>\n<div class=\"container section-title-container\">\n<h2 class=\"section-title section-title-normal\"><span class=\"section-title-main\">Th\u00f4ng tin chuy\u1ec3n kho\u1ea3n<\/span><\/h2>\n<\/div>\n<p>Ch\u1ee7 t\u00e0i kho\u1ea3n: Dao Cam Van<\/p>\n<p>STK: 0381000460584<\/p>\n<p>Ng\u00e2n h\u00e0ng Vietcombank \u2013 Chi nh\u00e1nh Th\u1ee7 \u0110\u1ee9c<\/p>\n<p>Ch\u00fa \u00fd: ph\u1ea7n n\u1ed9i dung chuy\u1ec3n kho\u1ea3n c\u00e1c b\u1ea1n ph\u1ea3i ghi nh\u01b0 th\u00f4ng tin b\u00ean d\u01b0\u1edbi th\u00ec V\u00e2n m\u1edbi bi\u1ebft c\u1ee7a b\u1ea1n n\u00e0o \u0111\u1ec3 s\u1eafp l\u1edbp nh\u00e9.<\/p>\n<p>N\u1ed9i dung chuy\u1ec3n kho\u1ea3n ghi: lop ca nhan \u2013 T\u00ean \u2013 S\u0110T<\/p>\n<\/div>\n<\/div>\n","protected":false},"excerpt":{"rendered":"<p>Gi\u1edbi thi\u1ec7u V\u1edbi Vanmiu Beauty \u2013 \u201cKh\u00f4ng c\u00f3 ng\u01b0\u1eddi ph\u1ee5 n\u1eef x\u1ea5u, ch\u1ec9 c\u00f3 ng\u01b0\u1eddi ph\u1ee5 n\u1eef ch\u01b0a bi\u1ebft l\u00e0m \u0111\u1eb9p\u201d. N\u1ebfu b\u1ea1n ch\u01b0a t\u1ef1 tin v\u1edbi b\u1ea3n th\u00e2n N\u1ebfu b\u1ea1n mu\u1ed1n n\u1ed5i b\u1eadt gi\u1eefa \u0111\u00e1m \u0111\u00f4ng. Ho\u1eb7c \u0111\u01a1n gi\u1ea3n l\u00e0 b\u1ea1n mu\u1ed1n t\u1ef1 trang \u0111i\u1ec3m \u0111\u1ec3 \u0111i ch\u01a1i, \u0111i h\u1ecdc, \u0111i l\u00e0m, \u0111i d\u1ef1 &#8230;<\/p>\n","protected":false},"author":1,"featured_media":0,"parent":0,"menu_order":0,"comment_status":"closed","ping_status":"closed","template":"page-right-sidebar.php","meta":[],"_links":{"self":[{"href":"https:\/\/demo.bmconnect.vn\/daytrangdiem\/wp-json\/wp\/v2\/pages\/39"}],"collection":[{"href":"https:\/\/demo.bmconnect.vn\/daytrangdiem\/wp-json\/wp\/v2\/pages"}],"about":[{"href":"https:\/\/demo.bmconnect.vn\/daytrangdiem\/wp-json\/wp\/v2\/types\/page"}],"author":[{"embeddable":true,"href":"https:\/\/demo.bmconnect.vn\/daytrangdiem\/wp-json\/wp\/v2\/users\/1"}],"replies":[{"embeddable":true,"href":"https:\/\/demo.bmconnect.vn\/daytrangdiem\/wp-json\/wp\/v2\/comments?post=39"}],"version-history":[{"count":3,"href":"https:\/\/demo.bmconnect.vn\/daytrangdiem\/wp-json\/wp\/v2\/pages\/39\/revisions"}],"predecessor-version":[{"id":458,"href":"https:\/\/demo.bmconnect.vn\/daytrangdiem\/wp-json\/wp\/v2\/pages\/39\/revisions\/458"}],"wp:attachment":[{"href":"https:\/\/demo.bmconnect.vn\/daytrangdiem\/wp-json\/wp\/v2\/media?parent=39"}],"curies":[{"name":"wp","href":"https:\/\/api.w.org\/{rel}","templated":true}]}}