{"id":29,"date":"2019-04-22T05:33:58","date_gmt":"2019-04-22T05:33:58","guid":{"rendered":"http:\/\/demo.bmconnect.vn\/daytrangdiem\/?page_id=29"},"modified":"2019-04-22T09:39:01","modified_gmt":"2019-04-22T09:39:01","slug":"giao-nhan","status":"publish","type":"page","link":"https:\/\/demo.bmconnect.vn\/daytrangdiem\/giao-nhan\/","title":{"rendered":"Giao &#8211; nh\u1eadn"},"content":{"rendered":"<h3><strong>Ch\u00ednh S\u00e1ch Giao Nh\u1eadn<\/strong><\/h3>\n<div>\u2013 Ph\u01b0\u01a1ng th\u1ee9c giao h\u00e0ng ho\u1eb7c cung \u1ee9ng d\u1ecbch v\u1ee5 do hai b\u00ean th\u1ecfa thu\u1eadn v\u00e0 th\u1ef1c hi\u1ec7n tr\u00ean tinh th\u1ea7n h\u1ee3p t\u00e1c, thi\u1ec7n ch\u00ed.<\/div>\n<div>\n<p>\u2013 Ch\u00fang t\u00f4i \u0111\u00e3 \u0111\u0103ng k\u00ed h\u1ee3p \u0111\u1ed3ng s\u1eed d\u1ee5ng d\u1ecbch v\u1ee5 Chuy\u1ec3n Ph\u00e1t Nhanh c\u1ee7a Giaohangtietkiem.vn \u0111\u1ec3 \u0111\u1ea3m b\u1ea3o h\u00e0ng t\u1edbi tay nhanh v\u00e0 an to\u00e0n nh\u1ea5t.<\/p>\n<div>\u2013 Kh\u00e1ch h\u00e0ng c\u00f3 th\u1ec3 \u0111\u1ebfn nh\u1eadn h\u00e0ng h\u00f3a tr\u1ef1c ti\u1ebfp t\u1ea1i c\u1eeda h\u00e0ng<\/div>\n<div><\/div>\n<div>\u2013 Ho\u1eb7c ch\u00fang t\u00f4i s\u1ebd c\u1eed nh\u00e2n vi\u00ean giao h\u00e0ng theo \u0111\u00fang \u0111\u1ecba ch\u1ec9 kh\u00e1ch h\u00e0ng cung c\u1ea5p.<\/div>\n<div><\/div>\n<div>\u2013 Th\u1eddi h\u1ea1n \u01b0\u1edbc t\u00ednh vi\u1ec7c giao h\u00e0ng ho\u1eb7c cung \u1ee9ng d\u1ecbch v\u1ee5: Trong v\u00f2ng 2-5 ng\u00e0y k\u1ec3 t\u1eeb sau khi nh\u1eadn \u0111\u01b0\u1ee3c x\u00e1c nh\u1eadn \u0111\u01a1n h\u00e0ng trong tr\u01b0\u1eddng h\u1ee3p \u1edf t\u1ec9nh\/th\u00e0nh kh\u00e1c. Trong v\u00f2ng 24h k\u1ec3 t\u1eeb khi x\u00e1c nh\u1eadn \u0111\u01a1n h\u00e0ng t\u1ea1i TP. HCM.<\/div>\n<div><\/div>\n<div>M\u1ecdi th\u00f4ng tin v\u1ec1 thanh to\u00e1n v\u00e0 giao h\u00e0ng Qu\u00fd kh\u00e1ch h\u00e0ng vui l\u00f2ng li\u00ean h\u1ec7:<\/div>\n<div><\/div>\n<div><strong>Vanmiu Beauty<\/strong><\/div>\n<div><\/div>\n<div><strong>Facebook:<\/strong>\u00a0http:\/\/m.me\/vanmiubeauty<\/div>\n<p><strong>Hotline:<\/strong>\u00a0028.38358815 \u2013 0911.768.365<\/p>\n<p><strong>Email:<\/strong>\u00a0vanmiubeauty@gmail.com<\/p>\n<p>\u0110\u1ecba ch\u1ec9 mua h\u00e0ng: 52\/9 Cao Th\u1eafng, Ph\u01b0\u1eddng 5, Qu\u1eadn 3, TP. HCM<\/p>\n<\/div>\n","protected":false},"excerpt":{"rendered":"<p>Ch\u00ednh S\u00e1ch Giao Nh\u1eadn \u2013 Ph\u01b0\u01a1ng th\u1ee9c giao h\u00e0ng ho\u1eb7c cung \u1ee9ng d\u1ecbch v\u1ee5 do hai b\u00ean th\u1ecfa thu\u1eadn v\u00e0 th\u1ef1c hi\u1ec7n tr\u00ean tinh th\u1ea7n h\u1ee3p t\u00e1c, thi\u1ec7n ch\u00ed. \u2013 Ch\u00fang t\u00f4i \u0111\u00e3 \u0111\u0103ng k\u00ed h\u1ee3p \u0111\u1ed3ng s\u1eed d\u1ee5ng d\u1ecbch v\u1ee5 Chuy\u1ec3n Ph\u00e1t Nhanh c\u1ee7a Giaohangtietkiem.vn \u0111\u1ec3 \u0111\u1ea3m b\u1ea3o h\u00e0ng t\u1edbi tay nhanh v\u00e0 an &#8230;<\/p>\n","protected":false},"author":1,"featured_media":0,"parent":0,"menu_order":0,"comment_status":"closed","ping_status":"closed","template":"page-right-sidebar.php","meta":[],"_links":{"self":[{"href":"https:\/\/demo.bmconnect.vn\/daytrangdiem\/wp-json\/wp\/v2\/pages\/29"}],"collection":[{"href":"https:\/\/demo.bmconnect.vn\/daytrangdiem\/wp-json\/wp\/v2\/pages"}],"about":[{"href":"https:\/\/demo.bmconnect.vn\/daytrangdiem\/wp-json\/wp\/v2\/types\/page"}],"author":[{"embeddable":true,"href":"https:\/\/demo.bmconnect.vn\/daytrangdiem\/wp-json\/wp\/v2\/users\/1"}],"replies":[{"embeddable":true,"href":"https:\/\/demo.bmconnect.vn\/daytrangdiem\/wp-json\/wp\/v2\/comments?post=29"}],"version-history":[{"count":2,"href":"https:\/\/demo.bmconnect.vn\/daytrangdiem\/wp-json\/wp\/v2\/pages\/29\/revisions"}],"predecessor-version":[{"id":426,"href":"https:\/\/demo.bmconnect.vn\/daytrangdiem\/wp-json\/wp\/v2\/pages\/29\/revisions\/426"}],"wp:attachment":[{"href":"https:\/\/demo.bmconnect.vn\/daytrangdiem\/wp-json\/wp\/v2\/media?parent=29"}],"curies":[{"name":"wp","href":"https:\/\/api.w.org\/{rel}","templated":true}]}}